{"id":146708,"date":"2021-03-12T13:11:05","date_gmt":"2021-03-12T18:11:05","guid":{"rendered":"https:\/\/www.acrartex.com\/luftfart\/"},"modified":"2025-07-07T05:55:35","modified_gmt":"2025-07-07T10:55:35","slug":"luftfart","status":"publish","type":"page","link":"https:\/\/www.acrartex.com\/no\/luftfart\/","title":{"rendered":"Luftfart"},"content":{"rendered":"\n<div class=\"wp-block-group hero-block js-hero\"><div class=\"wp-block-group__inner-container is-layout-flow wp-block-group-is-layout-flow\">\n<div class=\"wp-block-cover is-light hero-block__slide js-hero-block-slide\"><span aria-hidden=\"true\" class=\"wp-block-cover__background has-background-dim\"><\/span><video class=\"wp-block-cover__video-background intrinsic-ignore\" autoplay muted loop playsinline src=\"https:\/\/www.acrartex.com\/wp-content\/uploads\/2023\/12\/ARTEX-Video-Montage.mp4\" data-object-fit=\"cover\"><\/video><div class=\"wp-block-cover__inner-container is-layout-flow wp-block-cover-is-layout-flow\">\n<h2 class=\"wp-block-heading\" id=\"h-the-future-is-here\">FREMTIDEN ER HER<\/h2>\n\n\n\n<p>AVANSERT N\u00d8DSPORSING ER HER MED DEN NYE ELT 5000<\/p>\n\n\n\n<div class=\"wp-block-buttons is-layout-flex wp-block-buttons-is-layout-flex\">\n<div class=\"wp-block-button\"><a class=\"wp-block-button__link wp-element-button\" href=\"https:\/\/www.acrartex.com\/products\/elt-5000-distress-tracking-dt-for-gadss-compliance\/\">OPPDAG ELT 5000<\/a><\/div>\n<\/div>\n<\/div><\/div>\n\n\n\n<div class=\"wp-block-cover is-light hero-block__slide js-hero-block-slide\"><span aria-hidden=\"true\" class=\"wp-block-cover__background has-background-dim\"><\/span><img loading=\"lazy\" decoding=\"async\" width=\"1600\" height=\"1000\" class=\"wp-block-cover__image-background wp-image-83675\" alt=\"\" src=\"https:\/\/www.acrartex.com\/wp-content\/uploads\/2023\/11\/ACR_slider-ELT-4000S-2.jpg\" style=\"object-position:53% 69%\" data-object-fit=\"cover\" data-object-position=\"53% 69%\" srcset=\"https:\/\/www.acrartex.com\/wp-content\/uploads\/2023\/11\/ACR_slider-ELT-4000S-2.jpg 1600w, https:\/\/www.acrartex.com\/wp-content\/uploads\/2023\/11\/ACR_slider-ELT-4000S-2-300x188.jpg 300w, https:\/\/www.acrartex.com\/wp-content\/uploads\/2023\/11\/ACR_slider-ELT-4000S-2-1024x640.jpg 1024w, https:\/\/www.acrartex.com\/wp-content\/uploads\/2023\/11\/ACR_slider-ELT-4000S-2-768x480.jpg 768w, https:\/\/www.acrartex.com\/wp-content\/uploads\/2023\/11\/ACR_slider-ELT-4000S-2-1536x960.jpg 1536w, https:\/\/www.acrartex.com\/wp-content\/uploads\/2023\/11\/ACR_slider-ELT-4000S-2-600x375.jpg 600w\" sizes=\"auto, (max-width: 1600px) 100vw, 1600px\" \/><div class=\"wp-block-cover__inner-container is-layout-flow wp-block-cover-is-layout-flow\">\n<h2 class=\"wp-block-heading\" id=\"h-built-for-survival\">BYGD FOR OVERLEVELSE<\/h2>\n\n\n\n<p>V\u00c5RE LITIUMFRI ELT 4000S TILBYR INNEBYGD OPPDREEVNE, GPS SPORING OG MER<\/p>\n\n\n\n<div class=\"wp-block-buttons is-layout-flex wp-block-buttons-is-layout-flex\">\n<div class=\"wp-block-button\"><a class=\"wp-block-button__link wp-element-button\" href=\"https:\/\/www.acrartex.com\/product-tag\/elt-4000s\/\">L\u00c6R MER<\/a><\/div>\n<\/div>\n<\/div><\/div>\n\n\n\n<div class=\"wp-block-cover is-light hero-block__slide js-hero-block-slide\"><span aria-hidden=\"true\" class=\"wp-block-cover__background has-background-dim\"><\/span><video class=\"wp-block-cover__video-background intrinsic-ignore\" autoplay muted loop playsinline src=\"https:\/\/www.acrartex.com\/wp-content\/uploads\/2023\/11\/da3b360b-9bfd-4360-9951-785f7a6fab94.mp4\" style=\"object-position:37% 30%\" data-object-fit=\"cover\" data-object-position=\"37% 30%\"><\/video><div class=\"wp-block-cover__inner-container is-layout-flow wp-block-cover-is-layout-flow\">\n<h2 class=\"wp-block-heading\" id=\"h-fly-with-confidence\">FLY MED TILLIT<\/h2>\n\n\n\n<p>SE V\u00c5R N\u00d8DL\u00d8SNING FOR ALLMENNTLIG LUFTFART.<\/p>\n\n\n\n<div class=\"wp-block-buttons is-layout-flex wp-block-buttons-is-layout-flex\">\n<div class=\"wp-block-button\"><a class=\"wp-block-button__link wp-element-button\" href=\"https:\/\/www.acrartex.com\/product-category\/aviation\/\">HANDLE GENERELL LUFTFART<\/a><\/div>\n<\/div>\n<\/div><\/div>\n\n\n\n<div class=\"wp-block-cover is-light hero-block__slide js-hero-block-slide\"><span aria-hidden=\"true\" class=\"wp-block-cover__background has-background-dim\"><\/span><img loading=\"lazy\" decoding=\"async\" width=\"1920\" height=\"1282\" class=\"wp-block-cover__image-background wp-image-170\" alt=\"\" src=\"https:\/\/www.acrartex.com\/wp-content\/uploads\/2020\/12\/shutterstock_1447177895.jpg\" data-object-fit=\"cover\" srcset=\"https:\/\/www.acrartex.com\/wp-content\/uploads\/2020\/12\/shutterstock_1447177895.jpg 1920w, https:\/\/www.acrartex.com\/wp-content\/uploads\/2020\/12\/shutterstock_1447177895-600x401.jpg 600w, https:\/\/www.acrartex.com\/wp-content\/uploads\/2020\/12\/shutterstock_1447177895-300x200.jpg 300w, https:\/\/www.acrartex.com\/wp-content\/uploads\/2020\/12\/shutterstock_1447177895-1024x684.jpg 1024w, https:\/\/www.acrartex.com\/wp-content\/uploads\/2020\/12\/shutterstock_1447177895-768x513.jpg 768w, https:\/\/www.acrartex.com\/wp-content\/uploads\/2020\/12\/shutterstock_1447177895-1536x1026.jpg 1536w\" sizes=\"auto, (max-width: 1920px) 100vw, 1920px\" \/><div class=\"wp-block-cover__inner-container is-layout-flow wp-block-cover-is-layout-flow\">\n<h2 class=\"wp-block-heading\" id=\"h-explore-the-unexplored\">UTFORSK DET UUTFORSKT<\/h2>\n\n\n\n<p>TA TIL HIMMELEN OG S\u00d8R FOR SIKKERHETEN MED ET ACR -S\u00d8K- OG REDNINGSSENDRAG.<\/p>\n\n\n\n<div class=\"wp-block-buttons is-layout-flex wp-block-buttons-is-layout-flex\">\n<div class=\"wp-block-button\"><a class=\"wp-block-button__link wp-element-button\" href=\"https:\/\/www.acrartex.com\/product-category\/aviation\/\">KJ\u00d8P LUFTFARTSVARN<\/a><\/div>\n<\/div>\n<\/div><\/div>\n<\/div><\/div>\n\n<div class=\"wp-block-group new-product-block\"><div class=\"wp-block-group__inner-container is-layout-flow wp-block-group-is-layout-flow\">\n<div class=\"wp-block-cover is-light new-product-block__left\"><span aria-hidden=\"true\" class=\"wp-block-cover__background has-background-dim-0 has-background-dim\"><\/span><img loading=\"lazy\" decoding=\"async\" width=\"779\" height=\"712\" class=\"wp-block-cover__image-background wp-image-175\" alt=\"\" src=\"https:\/\/www.acrartex.com\/wp-content\/uploads\/2020\/12\/yellow-arrow.png\" data-object-fit=\"cover\" srcset=\"https:\/\/www.acrartex.com\/wp-content\/uploads\/2020\/12\/yellow-arrow.png 779w, https:\/\/www.acrartex.com\/wp-content\/uploads\/2020\/12\/yellow-arrow-600x548.png 600w, https:\/\/www.acrartex.com\/wp-content\/uploads\/2020\/12\/yellow-arrow-300x274.png 300w, https:\/\/www.acrartex.com\/wp-content\/uploads\/2020\/12\/yellow-arrow-768x702.png 768w\" sizes=\"auto, (max-width: 779px) 100vw, 779px\" \/><div class=\"wp-block-cover__inner-container is-layout-flow wp-block-cover-is-layout-flow\">\n<figure class=\"wp-block-image size-full is-style-default\"><img loading=\"lazy\" decoding=\"async\" width=\"750\" height=\"750\" src=\"https:\/\/www.acrartex.com\/wp-content\/uploads\/2023\/11\/ARTEX-ELT-5000-Right-Angle-1.png\" alt=\"\" class=\"wp-image-83657\" srcset=\"https:\/\/www.acrartex.com\/wp-content\/uploads\/2023\/11\/ARTEX-ELT-5000-Right-Angle-1.png 750w, https:\/\/www.acrartex.com\/wp-content\/uploads\/2023\/11\/ARTEX-ELT-5000-Right-Angle-1-300x300.png 300w, https:\/\/www.acrartex.com\/wp-content\/uploads\/2023\/11\/ARTEX-ELT-5000-Right-Angle-1-150x150.png 150w, https:\/\/www.acrartex.com\/wp-content\/uploads\/2023\/11\/ARTEX-ELT-5000-Right-Angle-1-600x600.png 600w, https:\/\/www.acrartex.com\/wp-content\/uploads\/2023\/11\/ARTEX-ELT-5000-Right-Angle-1-100x100.png 100w\" sizes=\"auto, (max-width: 750px) 100vw, 750px\" \/><\/figure>\n<\/div><\/div>\n\n\n\n<div class=\"wp-block-group new-product-block__right\"><div class=\"wp-block-group__inner-container is-layout-flow wp-block-group-is-layout-flow\">\n<h3 class=\"wp-block-heading\" id=\"h-new\">NY<\/h3>\n\n\n\n<h2 class=\"wp-block-heading\" id=\"h-elt-5000\">ELT 5000<\/h2>\n\n\n\n<p>ARTEX ELT 5000 tilbyr den neste utviklingen av ELT Distress Tracking , og tilbyr b\u00e5de sporing under flyvning og lokalisering etter flyvning i \u00e9n krasjsikker enhet.<\/p>\n\n\n\n<div class=\"wp-block-group new-product-block__right__icons\"><div class=\"wp-block-group__inner-container is-layout-flow wp-block-group-is-layout-flow\">\n<figure class=\"wp-block-image size-full is-resized is-style-default\"><img loading=\"lazy\" decoding=\"async\" width=\"100\" height=\"100\" src=\"https:\/\/www.acrartex.com\/wp-content\/uploads\/2023\/11\/Artboard-1-copy.png\" alt=\"\" class=\"wp-image-83659\"\/><figcaption class=\"wp-element-caption\">Litiumkompatibel<\/figcaption><\/figure>\n\n\n\n<figure class=\"wp-block-image size-full is-resized is-style-default\"><img loading=\"lazy\" decoding=\"async\" width=\"100\" height=\"100\" src=\"https:\/\/www.acrartex.com\/wp-content\/uploads\/2023\/11\/Artboard-1.png\" alt=\"\" class=\"wp-image-83658\"\/><figcaption class=\"wp-element-caption\">GADSS aktivert<\/figcaption><\/figure>\n\n\n\n<figure class=\"wp-block-image size-full is-resized is-style-default\"><img loading=\"lazy\" decoding=\"async\" width=\"100\" height=\"100\" src=\"https:\/\/www.acrartex.com\/wp-content\/uploads\/2023\/11\/Artboard-1-copy-2.png\" alt=\"\" class=\"wp-image-83660\"\/><figcaption class=\"wp-element-caption\">GNSS-posisjon aktivert<\/figcaption><\/figure>\n\n\n\n<figure class=\"wp-block-image size-full is-resized is-style-default\"><img loading=\"lazy\" decoding=\"async\" width=\"100\" height=\"100\" src=\"https:\/\/www.acrartex.com\/wp-content\/uploads\/2023\/11\/Artboard-1-copy-3.png\" alt=\"\" class=\"wp-image-83661\"\/><figcaption class=\"wp-element-caption\">Flere frekvenser<\/figcaption><\/figure>\n<\/div><\/div>\n\n\n\n<div class=\"wp-block-buttons is-layout-flex wp-block-buttons-is-layout-flex\">\n<div class=\"wp-block-button\"><a class=\"wp-block-button__link wp-element-button\" href=\"https:\/\/www.acrartex.com\/products\/elt-5000-distress-tracking-dt-for-gadss-compliance\/\">HANDLE N\u00c5<\/a><\/div>\n<\/div>\n<\/div><\/div>\n<\/div><\/div>\n\n<div class=\"wp-block-group categories-block\"><div class=\"wp-block-group__inner-container is-layout-flow wp-block-group-is-layout-flow\">\n<div class=\"wp-block-cover is-light categories-block__left\"><span aria-hidden=\"true\" class=\"wp-block-cover__background has-background-dim\"><\/span><img loading=\"lazy\" decoding=\"async\" width=\"1270\" height=\"460\" class=\"wp-block-cover__image-background wp-image-22264\" alt=\"\" src=\"https:\/\/www.acrartex.com\/wp-content\/uploads\/2021\/05\/ARTEX_general-aviation-1.png\" data-object-fit=\"cover\" srcset=\"https:\/\/www.acrartex.com\/wp-content\/uploads\/2021\/05\/ARTEX_general-aviation-1.png 1270w, https:\/\/www.acrartex.com\/wp-content\/uploads\/2021\/05\/ARTEX_general-aviation-1-300x109.png 300w, https:\/\/www.acrartex.com\/wp-content\/uploads\/2021\/05\/ARTEX_general-aviation-1-1024x371.png 1024w, https:\/\/www.acrartex.com\/wp-content\/uploads\/2021\/05\/ARTEX_general-aviation-1-768x278.png 768w, https:\/\/www.acrartex.com\/wp-content\/uploads\/2021\/05\/ARTEX_general-aviation-1-600x217.png 600w\" sizes=\"auto, (max-width: 1270px) 100vw, 1270px\" \/><div class=\"wp-block-cover__inner-container is-layout-flow wp-block-cover-is-layout-flow\">\n<div class=\"wp-block-buttons is-layout-flex wp-block-buttons-is-layout-flex\">\n<div class=\"wp-block-button\"><a class=\"wp-block-button__link wp-element-button\" href=\"https:\/\/www.acrartex.com\/product-category\/aviation\/\">GENERELL LUFTFART<\/a><\/div>\n<\/div>\n<\/div><\/div>\n\n\n\n<div class=\"wp-block-cover is-light categories-block__right\"><span aria-hidden=\"true\" class=\"wp-block-cover__background has-background-dim\"><\/span><img loading=\"lazy\" decoding=\"async\" width=\"1270\" height=\"460\" class=\"wp-block-cover__image-background wp-image-22265\" alt=\"\" src=\"https:\/\/www.acrartex.com\/wp-content\/uploads\/2021\/05\/ARTEX_commercial-aviation-1.png\" data-object-fit=\"cover\" srcset=\"https:\/\/www.acrartex.com\/wp-content\/uploads\/2021\/05\/ARTEX_commercial-aviation-1.png 1270w, https:\/\/www.acrartex.com\/wp-content\/uploads\/2021\/05\/ARTEX_commercial-aviation-1-300x109.png 300w, https:\/\/www.acrartex.com\/wp-content\/uploads\/2021\/05\/ARTEX_commercial-aviation-1-1024x371.png 1024w, https:\/\/www.acrartex.com\/wp-content\/uploads\/2021\/05\/ARTEX_commercial-aviation-1-768x278.png 768w, https:\/\/www.acrartex.com\/wp-content\/uploads\/2021\/05\/ARTEX_commercial-aviation-1-600x217.png 600w\" sizes=\"auto, (max-width: 1270px) 100vw, 1270px\" \/><div class=\"wp-block-cover__inner-container is-layout-flow wp-block-cover-is-layout-flow\">\n<div class=\"wp-block-buttons is-layout-flex wp-block-buttons-is-layout-flex\">\n<div class=\"wp-block-button\"><a class=\"wp-block-button__link wp-element-button\" href=\"https:\/\/www.acrartex.com\/product-category\/aviation\/\">KOMMERSIELL LUFTFART<\/a><\/div>\n<\/div>\n<\/div><\/div>\n<\/div><\/div>\n<div class=\"latest-news-block\">\n\t<div class=\"c-container\">\n\n\t\t\t\t<h2>Siste nytt<\/h2>\n\n\t\t<div class=\"latest-news-block__divider\"><\/div>\n\n\t\t\t\t<div class=\"latest-news-block__posts\">\n\t\t\t\t\t\t\t<div class=\"latest-news-block__item\">\n\n\t\t<a href=\"https:\/\/www.acrartex.com\/no\/news\/acr-electronics-over-manen-med-angel-personlig-lokasjonsbeacon-pa-artemis-oppdrag\/\">\n\t\t<div class=\"latest-news-block__item__image\"\n\t\t\t style=\"background-image: url('https:\/\/www.acrartex.com\/wp-content\/uploads\/2026\/03\/ACR-Electronics-designed-the-ANGEL-Personal-Locator-Beacon-specifically-for-NASA-768x546.jpg')\">\n\t\t<\/div>\n\t<\/a>\n\n\t\t<div class=\"latest-news-block__item__content\">\n\n\t\t\t\t<a href=\"https:\/\/www.acrartex.com\/no\/news\/acr-electronics-over-manen-med-angel-personlig-lokasjonsbeacon-pa-artemis-oppdrag\/\">\n\t\t\t<h3>ACR Electronics over m\u00e5nen med ANGEL personlig lokaliseringssignal p\u00e5 Artemis-oppdrag<\/h3>\n\t\t<\/a>\n\n\t\t\t\t<p><\/p>\n\n\t<\/div>\n\n<\/div>\n\t\t\t\t\t\t\t<div class=\"latest-news-block__item\">\n\n\t\t<a href=\"https:\/\/www.acrartex.com\/no\/news\/juridiske-krav-for-elektroniske-batbluss\/\">\n\t\t<div class=\"latest-news-block__item__image\"\n\t\t\t style=\"background-image: url('https:\/\/www.acrartex.com\/wp-content\/uploads\/2026\/03\/Word-Press-Banner-Blog-M-1200x628-8-768x402.jpg')\">\n\t\t<\/div>\n\t<\/a>\n\n\t\t<div class=\"latest-news-block__item__content\">\n\n\t\t\t\t<a href=\"https:\/\/www.acrartex.com\/no\/news\/juridiske-krav-for-elektroniske-batbluss\/\">\n\t\t\t<h3>Juridiske krav for elektroniske b\u00e5tbluss<\/h3>\n\t\t<\/a>\n\n\t\t\t\t<p>N\u00e5r det gjelder samsvar med juridiske standarder, tilbyr elektroniske b\u00e5tbluss klare fordeler i forhold til tradisjonelle pyrotekniske bluss. I motsetning til sine pyrotekniske motparter, har elektroniske bluss ingen utl\u00f8psdato, noe som sikrer beredskap n\u00e5r det trengs som mest. <\/p>\n\n\t<\/div>\n\n<\/div>\n\t\t\t\t\t\t\t<div class=\"latest-news-block__item\">\n\n\t\t<a href=\"https:\/\/www.acrartex.com\/no\/news\/viktig-sikkerhetsutstyr-alle-batforere-bor-ha\/\">\n\t\t<div class=\"latest-news-block__item__image\"\n\t\t\t style=\"background-image: url('https:\/\/www.acrartex.com\/wp-content\/uploads\/2026\/02\/Word-Press-Banner-Blog-M-1200x628-7-768x402.jpg')\">\n\t\t<\/div>\n\t<\/a>\n\n\t\t<div class=\"latest-news-block__item__content\">\n\n\t\t\t\t<a href=\"https:\/\/www.acrartex.com\/no\/news\/viktig-sikkerhetsutstyr-alle-batforere-bor-ha\/\">\n\t\t\t<h3>Viktig sikkerhetsutstyr alle b\u00e5tf\u00f8rere b\u00f8r ha<\/h3>\n\t\t<\/a>\n\n\t\t\t\t<p>\nI den ultimate guiden til viktige sikkerhetsutstyr for b\u00e5ter, beskriver ACR Artex viktig utstyr alle b\u00e5tf\u00f8rere b\u00f8r ha om bord, fra signalutstyr til f\u00f8rstehjelpsutstyr, som sikrer beredskap for enhver n\u00f8dsituasjon. Med fokus p\u00e5 sikkerhet og beredskap, gir denne omfattende ressursen b\u00e5tf\u00f8rere muligheten til \u00e5 navigere i vannet med trygghet og ro i sinnet. <\/p>\n\n\t<\/div>\n\n<\/div>\n\t\t\t\t\t<\/div>\n\n\t<\/div>\n<\/div>\n<div class=\"dealer-locator-block\">\n\n\t\t<div class=\"dealer-locator-block__left\">\n\t\t<div class=\"dealer-locator-block__left__container\">\n\n\t\t\t\t\t\t<h2>Forhandlers\u00f8k<\/h2>\n\n\t\t\t\t\t\t<p>\n\t\t\t\tHvor i verden er du?\n\t\t\t\t<br>\n\t\t\t\tGi oss beskjed, slik at vi kan anbefale lokale ACR forhandlere.\n\t\t\t<\/p>\n\n\t\t\t\t\t\t<form action=\"\/support\/dealer-locator\" id=\"dealer-locator\" class=\"dealer-locator-block__left__container__input\">\n\t\t\t\t<input type=\"text\" id=\"pac-input\" name=\"address\" placeholder=\"Skriv inn plassering\">\n\t\t\t\t<input type=\"hidden\" name=\"lat\">\n\t\t\t\t<input type=\"hidden\" name=\"lng\">\n\t\t\t\t\t\t\t\t\t<input type=\"hidden\" name=\"dealer\" value=\"artex\">\n\t\t\t\t\t\t\t\t<div class=\"dealer-locator-block__left__container__input__compass\"><\/div>\n\t\t\t<\/form>\n\t\t\t<button type=\"submit\" class=\"c-button\" form=\"dealer-locator\">Finn en forhandler<\/button>\n\n\t\t\t\t\t\t<a class=\"js-dealer-locator-block-current\" href=\"#\">Bruk min n\u00e5v\u00e6rende posisjon<\/a>\n\n\t\t<\/div>\n\t<\/div>\n\n\t\t<div class=\"dealer-locator-block__right\"><\/div>\n\n<\/div>\n\n<div class=\"wp-block-cover is-light preplikeapro-block\"><span aria-hidden=\"true\" class=\"wp-block-cover__background has-background-dim-10 has-background-dim\"><\/span><img loading=\"lazy\" decoding=\"async\" width=\"1921\" height=\"720\" class=\"wp-block-cover__image-background wp-image-22263\" alt=\"\" src=\"https:\/\/www.acrartex.com\/wp-content\/uploads\/2021\/05\/ARTEX_prep-like-a-pro-1.png\" data-object-fit=\"cover\" srcset=\"https:\/\/www.acrartex.com\/wp-content\/uploads\/2021\/05\/ARTEX_prep-like-a-pro-1.png 1921w, https:\/\/www.acrartex.com\/wp-content\/uploads\/2021\/05\/ARTEX_prep-like-a-pro-1-300x112.png 300w, https:\/\/www.acrartex.com\/wp-content\/uploads\/2021\/05\/ARTEX_prep-like-a-pro-1-1024x384.png 1024w, https:\/\/www.acrartex.com\/wp-content\/uploads\/2021\/05\/ARTEX_prep-like-a-pro-1-768x288.png 768w, https:\/\/www.acrartex.com\/wp-content\/uploads\/2021\/05\/ARTEX_prep-like-a-pro-1-1536x576.png 1536w, https:\/\/www.acrartex.com\/wp-content\/uploads\/2021\/05\/ARTEX_prep-like-a-pro-1-600x225.png 600w\" sizes=\"auto, (max-width: 1921px) 100vw, 1921px\" \/><div class=\"wp-block-cover__inner-container is-layout-flow wp-block-cover-is-layout-flow\"><div class=\"wp-block-image preplikeapro-block__top is-style-default\">\n<figure class=\"aligncenter size-large\"><img loading=\"lazy\" decoding=\"async\" width=\"58\" height=\"58\" src=\"https:\/\/www.acrartex.com\/wp-content\/uploads\/2020\/12\/IG.png\" alt=\"\" class=\"wp-image-158\"\/><figcaption class=\"wp-element-caption\"><span style=\"background-color:rgba(0, 0, 0, 0)\" class=\"has-inline-color has-white-color\">#PREPLIKEAPRO<\/span><\/figcaption><\/figure>\n<\/div>\n\n\n<div class=\"wp-block-group preplikeapro-block__bottom\"><div class=\"wp-block-group__inner-container is-layout-flow wp-block-group-is-layout-flow\">\n<p>Del eventyrene dine @ACRARTEX ved \u00e5 bruke #PrepLikeAPro #StaySafeOutThere #HowDoYouRoam<\/p>\n\n\n\n<div class=\"wp-block-buttons is-horizontal is-content-justification-center is-layout-flex wp-container-core-buttons-is-layout-499968f5 wp-block-buttons-is-layout-flex\">\n<div class=\"wp-block-button social-yt\"><a class=\"wp-block-button__link wp-element-button\" href=\"https:\/\/www.youtube.com\/user\/ACR406\" target=\"_blank\" rel=\"noreferrer noopener\">YouTube<\/a><\/div>\n\n\n\n<div class=\"wp-block-button social-tw\"><a class=\"wp-block-button__link wp-element-button\" href=\"https:\/\/twitter.com\/acrartex\" target=\"_blank\" rel=\"noreferrer noopener\">TW<\/a><\/div>\n\n\n\n<div class=\"wp-block-button social-ig\"><a class=\"wp-block-button__link wp-element-button\" href=\"https:\/\/www.instagram.com\/acrartex\/\" target=\"_blank\" rel=\"noreferrer noopener\">IG<\/a><\/div>\n\n\n\n<div class=\"wp-block-button social-fb\"><a class=\"wp-block-button__link wp-element-button\" href=\"https:\/\/www.facebook.com\/ACRARTEX\" target=\"_blank\" rel=\"noreferrer noopener\">FB<\/a><\/div>\n<\/div>\n<\/div><\/div>\n<\/div><\/div>\n","protected":false},"excerpt":{"rendered":"<p>NY ELT 5000 ARTEX ELT 5000 tilbyr den neste utviklingen av ELT Distress Tracking , og tilbyr b\u00e5de sporing under flyvning og lokalisering etter flyvning i \u00e9n krasjsikker enhet.<\/p>\n","protected":false},"author":1,"featured_media":0,"parent":0,"menu_order":0,"comment_status":"closed","ping_status":"closed","template":"","meta":{"_acf_changed":false,"om_disable_all_campaigns":false,"footnotes":""},"class_list":["post-146708","page","type-page","status-publish","hentry"],"acf":[],"_links":{"self":[{"href":"https:\/\/www.acrartex.com\/no\/wp-json\/wp\/v2\/pages\/146708","targetHints":{"allow":["GET"]}}],"collection":[{"href":"https:\/\/www.acrartex.com\/no\/wp-json\/wp\/v2\/pages"}],"about":[{"href":"https:\/\/www.acrartex.com\/no\/wp-json\/wp\/v2\/types\/page"}],"author":[{"embeddable":true,"href":"https:\/\/www.acrartex.com\/no\/wp-json\/wp\/v2\/users\/1"}],"replies":[{"embeddable":true,"href":"https:\/\/www.acrartex.com\/no\/wp-json\/wp\/v2\/comments?post=146708"}],"version-history":[{"count":1,"href":"https:\/\/www.acrartex.com\/no\/wp-json\/wp\/v2\/pages\/146708\/revisions"}],"predecessor-version":[{"id":146733,"href":"https:\/\/www.acrartex.com\/no\/wp-json\/wp\/v2\/pages\/146708\/revisions\/146733"}],"wp:attachment":[{"href":"https:\/\/www.acrartex.com\/no\/wp-json\/wp\/v2\/media?parent=146708"}],"curies":[{"name":"wp","href":"https:\/\/api.w.org\/{rel}","templated":true}]}}