{"id":146676,"date":"2021-06-08T23:12:50","date_gmt":"2021-06-09T04:12:50","guid":{"rendered":"https:\/\/www.acrartex.com\/registrer-beacon\/"},"modified":"2025-07-07T05:50:55","modified_gmt":"2025-07-07T10:50:55","slug":"registrer-beacon","status":"publish","type":"page","link":"https:\/\/www.acrartex.com\/no\/registrer-beacon\/","title":{"rendered":"Registrer beacon"},"content":{"rendered":"\n<p>Det er avgj\u00f8rende \u00e5 registrere din 406 MHz EPIRB , Personal Locator Beacon ( PLB ) og Emergency Locator Transmitter ( ELT ) for \u00e5 maksimere effektiviteten deres i n\u00f8dsituasjoner. Registrering sikrer at viktig informasjon om deg og fart\u00f8yet ditt, eller personlige opplysninger, er lett tilgjengelig for redningsmyndigheter i tilfelle en n\u00f8dsituasjon. Dette inkluderer kontaktinformasjon, fart\u00f8yets egenskaper og n\u00f8dkontakter, noe som muliggj\u00f8r en raskere og mer n\u00f8yaktig respons. Dessuten bidrar registrering til \u00e5 forhindre falske alarmer ved \u00e5 la myndighetene raskt verifisere n\u00f8dsignaler og prioritere responser. Ved \u00e5 ta det enkle trinnet \u00e5 registrere n\u00f8dpeilesenderen din, \u00f8ker du sannsynligheten for en vellykket redningsaksjon betydelig og bidrar til sj\u00f8sikkerheten generelt.    <\/p>\n","protected":false},"excerpt":{"rendered":"<p>Det er avgj\u00f8rende \u00e5 registrere din 406 MHz EPIRB , Personal Locator Beacon ( PLB ) og Emergency Locator Transmitter ( ELT ) for \u00e5 maksimere effektiviteten deres i n\u00f8dsituasjoner. Registrering sikrer at viktig informasjon om deg og fart\u00f8yet ditt, eller personlige opplysninger, er lett tilgjengelig for redningsmyndigheter i tilfelle en n\u00f8dsituasjon. Dette inkluderer kontaktinformasjon, [&hellip;]<\/p>\n","protected":false},"author":8,"featured_media":0,"parent":0,"menu_order":0,"comment_status":"closed","ping_status":"closed","template":"","meta":{"_acf_changed":false,"om_disable_all_campaigns":false,"footnotes":""},"class_list":["post-146676","page","type-page","status-publish","hentry"],"acf":[],"_links":{"self":[{"href":"https:\/\/www.acrartex.com\/no\/wp-json\/wp\/v2\/pages\/146676","targetHints":{"allow":["GET"]}}],"collection":[{"href":"https:\/\/www.acrartex.com\/no\/wp-json\/wp\/v2\/pages"}],"about":[{"href":"https:\/\/www.acrartex.com\/no\/wp-json\/wp\/v2\/types\/page"}],"author":[{"embeddable":true,"href":"https:\/\/www.acrartex.com\/no\/wp-json\/wp\/v2\/users\/8"}],"replies":[{"embeddable":true,"href":"https:\/\/www.acrartex.com\/no\/wp-json\/wp\/v2\/comments?post=146676"}],"version-history":[{"count":1,"href":"https:\/\/www.acrartex.com\/no\/wp-json\/wp\/v2\/pages\/146676\/revisions"}],"predecessor-version":[{"id":146677,"href":"https:\/\/www.acrartex.com\/no\/wp-json\/wp\/v2\/pages\/146676\/revisions\/146677"}],"wp:attachment":[{"href":"https:\/\/www.acrartex.com\/no\/wp-json\/wp\/v2\/media?parent=146676"}],"curies":[{"name":"wp","href":"https:\/\/api.w.org\/{rel}","templated":true}]}}