{"id":146437,"date":"2021-11-11T11:07:00","date_gmt":"2021-11-11T16:07:00","guid":{"rendered":"https:\/\/www.acrartex.com\/aislink-mob-programmering\/"},"modified":"2025-07-07T05:44:58","modified_gmt":"2025-07-07T10:44:58","slug":"aislink-mob-programmering","status":"publish","type":"page","link":"https:\/\/www.acrartex.com\/no\/aislink-mob-programmering\/","title":{"rendered":"AISLink MOB programmering"},"content":{"rendered":"\n<p>Denne siden viser tilgjengelige nedlastinger.<\/p>\n\n<p><\/p>\n\n<p>Bruk nedlastingslenken nedenfor for \u00e5 installere programmet p\u00e5 Windows-datamaskinen din, eller bruk alternativt Start-lenken nedenfor for \u00e5 kj\u00f8re programmet som en nettside p\u00e5 datamaskiner, nettbrett eller telefoner.<\/p>\n\n<p>MERK: Hvis du har problemer med \u00e5 programmere AISLink MOB , kan du se feils\u00f8kingsveiledningen, som du finner p\u00e5 programmets \u00e5pningsside ved \u00e5 trykke p\u00e5 F1-tasten i det nedlastbare programmet eller ved \u00e5 klikke p\u00e5 \u00abHjelp meg\u00bb i det nettbaserte programmet. Den vanligste \u00e5rsaken til at AISLink MOB ikke programmeres, er skjermens lysstyrke. S\u00f8rg for at skjermen er satt til maksimal lysstyrke ved \u00e5 bruke tastene p\u00e5 tastaturet p\u00e5 den b\u00e6rbare datamaskinen eller skjermen.  <\/p>\n\n<p>Den nedlastbare eller nettbaserte programvareversjonen som er tilgjengelig nedenfor, er spesifikk for de tillatte DSC-funksjonene i landet der du bes\u00f8ker denne nettsiden fra.<\/p>\n\n<p><\/p>\n\n<h3 class=\"wp-block-heading\" id=\"h-downloadable-pc-software\">NEDLASTBAR PC-PROGRAMVARE<a href=\"https:\/\/www.acrartex.com\/zone1-pc-software.zip\"><\/a><\/h3>\n\n<div class=\"wp-block-buttons is-layout-flex wp-block-buttons-is-layout-flex\">\n<div class=\"wp-block-button\"><a class=\"wp-block-button__link has-black-color has-text-color has-background\" href=\"https:\/\/www.dropbox.com\/s\/fo2qcyw0rx2l7ss\/zone1-pc-software.zip?dl=1\" style=\"background-color:#defa00\">Last ned programmeringsprogramvare (sone 1)<\/a><\/div>\n<\/div>\n\n<h3 class=\"wp-block-heading\">LANSER PROGRAMVARE FOR NETTPROGRAMMERING<\/h3>\n\n<div class=\"wp-block-buttons is-layout-flex wp-block-buttons-is-layout-flex\">\n<div class=\"wp-block-button\"><a class=\"wp-block-button__link has-black-color has-text-color has-background\" href=\"https:\/\/old.acrartex.com\/support\/configure-aislink-mob\/program\" style=\"background-color:#defa00\">Start webprogrammeringsprogramvare (sone 1)<\/a><\/div>\n<\/div>\n\n<p><a href=\"https:\/\/www.acrartex.com\/support\/configure-aislink-mob\/program\"><\/a><\/p>\n","protected":false},"excerpt":{"rendered":"<p>Denne siden viser tilgjengelige nedlastinger. Bruk nedlastingslenken nedenfor for \u00e5 installere programmet p\u00e5 Windows-datamaskinen din, eller bruk alternativt Start-lenken nedenfor for \u00e5 kj\u00f8re programmet som en nettside p\u00e5 datamaskiner, nettbrett eller telefoner. MERK: Hvis du har problemer med \u00e5 programmere AISLink MOB , kan du se feils\u00f8kingsveiledningen, som du finner p\u00e5 programmets \u00e5pningsside ved \u00e5 [&hellip;]<\/p>\n","protected":false},"author":22,"featured_media":0,"parent":0,"menu_order":0,"comment_status":"closed","ping_status":"closed","template":"","meta":{"_acf_changed":false,"om_disable_all_campaigns":false,"footnotes":""},"class_list":["post-146437","page","type-page","status-publish","hentry"],"acf":[],"_links":{"self":[{"href":"https:\/\/www.acrartex.com\/no\/wp-json\/wp\/v2\/pages\/146437","targetHints":{"allow":["GET"]}}],"collection":[{"href":"https:\/\/www.acrartex.com\/no\/wp-json\/wp\/v2\/pages"}],"about":[{"href":"https:\/\/www.acrartex.com\/no\/wp-json\/wp\/v2\/types\/page"}],"author":[{"embeddable":true,"href":"https:\/\/www.acrartex.com\/no\/wp-json\/wp\/v2\/users\/22"}],"replies":[{"embeddable":true,"href":"https:\/\/www.acrartex.com\/no\/wp-json\/wp\/v2\/comments?post=146437"}],"version-history":[{"count":1,"href":"https:\/\/www.acrartex.com\/no\/wp-json\/wp\/v2\/pages\/146437\/revisions"}],"predecessor-version":[{"id":146442,"href":"https:\/\/www.acrartex.com\/no\/wp-json\/wp\/v2\/pages\/146437\/revisions\/146442"}],"wp:attachment":[{"href":"https:\/\/www.acrartex.com\/no\/wp-json\/wp\/v2\/media?parent=146437"}],"curies":[{"name":"wp","href":"https:\/\/api.w.org\/{rel}","templated":true}]}}