{"id":145504,"date":"2022-02-07T19:36:22","date_gmt":"2022-02-08T00:36:22","guid":{"rendered":"https:\/\/www.acrartex.com\/artex-hangar\/"},"modified":"2025-07-07T05:41:10","modified_gmt":"2025-07-07T10:41:10","slug":"artex-hangar","status":"publish","type":"page","link":"https:\/\/www.acrartex.com\/no\/artex-hangar\/","title":{"rendered":"ARTEX HANGAR"},"content":{"rendered":"\n<p>Nye produkter, kunngj\u00f8ringer og mer. Sjekk ut hva som er nytt denne sesongen med ARTEX . Din beste siste sjanse!  <\/p>\n\n<h1 class=\"wp-block-heading\" id=\"h-product-highlights\">Produkth\u00f8ydepunkter<\/h1>\n\n<div class=\"wp-block-cover alignfull has-background-dim-70 has-background-dim has-parallax is-repeated\" style=\"background-image:url(https:\/\/www.acrartex.com\/wp-content\/uploads\/2022\/02\/iStock_000011186688XLarge.png);background-color:#000000;min-height:25vh;aspect-ratio:unset;\"><div class=\"wp-block-cover__inner-container is-layout-flow wp-block-cover-is-layout-flow\">\n<div class=\"wp-block-columns is-layout-flex wp-container-core-columns-is-layout-9d6595d7 wp-block-columns-is-layout-flex\">\n<div class=\"wp-block-column is-layout-flow wp-block-column-is-layout-flow\" style=\"flex-basis:66.66%\">\n<div class=\"wp-block-image\"><figure class=\"alignleft size-full\"><img loading=\"lazy\" decoding=\"async\" width=\"500\" height=\"200\" src=\"https:\/\/www.acrartex.com\/wp-content\/uploads\/2022\/02\/ARTEX-ELT-4000-Logo.png\" alt=\"\" class=\"wp-image-27672\" srcset=\"https:\/\/www.acrartex.com\/wp-content\/uploads\/2022\/02\/ARTEX-ELT-4000-Logo.png 500w, https:\/\/www.acrartex.com\/wp-content\/uploads\/2022\/02\/ARTEX-ELT-4000-Logo-300x120.png 300w\" sizes=\"auto, (max-width: 500px) 100vw, 500px\" \/><\/figure><\/div>\n<\/div>\n\n\n\n<div class=\"wp-block-column is-layout-flow wp-block-column-is-layout-flow\" style=\"flex-basis:33.33%\"><\/div>\n<\/div>\n\n\n\n<div class=\"wp-block-columns alignwide is-layout-flex wp-container-core-columns-is-layout-9d6595d7 wp-block-columns-is-layout-flex\">\n<div class=\"wp-block-column is-layout-flow wp-block-column-is-layout-flow\" style=\"flex-basis:60%\">\n<p class=\"has-text-color\" style=\"color:#ffffff\">En Emergency Locator Transmitter ( ELT ) i transportkvalitet som bruker alkaliske batterier. Denne innovative str\u00f8mkilden betyr at ELT 4000 er <strong>fullstendig unntatt fra FAAs spesielle tilstandskrav<\/strong> . I tilfelle en n\u00f8dsituasjon kan ELT 4000 aktiveres manuelt eller automatisk for raskt \u00e5 varsle lokale s\u00f8k- og redningsteam om situasjonen din. V\u00e6r forberedt p\u00e5 det uforutsigbare: \u2013 Lavere batterikostnader per syklus \u2013 Ingen frakt av farlig gods \u2013 Enkel avhending \u2013 Integrert NAV-grensesnitt (ARINC429)   <\/p>\n\n\n\n<div class=\"wp-block-buttons is-content-justification-left is-layout-flex wp-block-buttons-is-layout-flex\">\n<div class=\"wp-block-button is-style-fill\"><a class=\"wp-block-button__link has-black-color has-electric-grass-gradient-background has-text-color has-background\" href=\"https:\/\/www.acrartex.com\/products\/elt-4000-emergency-locator-transmitter\/\">L\u00e6r mer<\/a><\/div>\n<\/div>\n<\/div>\n\n\n\n<div class=\"wp-block-column is-layout-flow wp-block-column-is-layout-flow\">\n<div class=\"wp-block-image\"><figure class=\"aligncenter size-full is-resized\"><img loading=\"lazy\" decoding=\"async\" src=\"https:\/\/www.acrartex.com\/wp-content\/uploads\/2021\/04\/ELT_4000-ARTEX-Front-1300x1300-3.png\" alt=\"\" class=\"wp-image-11300\" width=\"294\" height=\"294\" srcset=\"https:\/\/www.acrartex.com\/wp-content\/uploads\/2021\/04\/ELT_4000-ARTEX-Front-1300x1300-3.png 600w, https:\/\/www.acrartex.com\/wp-content\/uploads\/2021\/04\/ELT_4000-ARTEX-Front-1300x1300-3-300x300.png 300w, https:\/\/www.acrartex.com\/wp-content\/uploads\/2021\/04\/ELT_4000-ARTEX-Front-1300x1300-3-150x150.png 150w, https:\/\/www.acrartex.com\/wp-content\/uploads\/2021\/04\/ELT_4000-ARTEX-Front-1300x1300-3-100x100.png 100w\" sizes=\"auto, (max-width: 294px) 100vw, 294px\" \/><\/figure><\/div>\n<\/div>\n<\/div>\n\n\n\n<figure class=\"wp-block-embed is-type-video is-provider-youtube wp-block-embed-youtube wp-embed-aspect-16-9 wp-has-aspect-ratio\"><div class=\"wp-block-embed__wrapper\">\n<iframe loading=\"lazy\" title=\"ARTEX ELT 4000 | World&#039;s Only Transport Grade 406 MHz Lithium-Free Emergency Locator Transmitter\" width=\"500\" height=\"281\" src=\"https:\/\/www.youtube.com\/embed\/JxPlb8op78w?feature=oembed\" frameborder=\"0\" allow=\"accelerometer; autoplay; clipboard-write; encrypted-media; gyroscope; picture-in-picture; web-share\" referrerpolicy=\"strict-origin-when-cross-origin\" allowfullscreen><\/iframe>\n<\/div><\/figure>\n<\/div><\/div>\n\n<div style=\"height:50px\" aria-hidden=\"true\" class=\"wp-block-spacer\"><\/div>\n\n<!-- CSS Code -->\n<style>\n.GeneratedMarquee {\nfont-family:Helvetica, sans-serif;\nfont-size:4em;\nfont-weight:bold;\nline-height:.1em;\ncolor:#FFFFFF;\nbackground-color:#66CC99;\npadding:.5em;\n\n}\n<\/style>\n\n<!-- HTML Code -->\n<marquee class=\"GeneratedMarquee\" direction=\"left\" scrollamount=\"16\" behavior=\"scroll\">ARTEX \u2013 NYTT FOR 2022<\/marquee>\n\n<div class=\"wp-block-cover has-background-dim-60 has-black-background-color has-background-dim\" style=\"min-height:200px;aspect-ratio:unset;\"><video class=\"wp-block-cover__video-background intrinsic-ignore\" autoplay muted loop playsinline src=\"https:\/\/www.acrartex.com\/wp-content\/uploads\/2022\/02\/ELT-5000-Sizzle_1.mp4\" style=\"object-position:39% 40%\" data-object-fit=\"cover\" data-object-position=\"39% 40%\"><\/video><div class=\"wp-block-cover__inner-container is-layout-flow wp-block-cover-is-layout-flow\">\n<div class=\"wp-block-columns is-layout-flex wp-container-core-columns-is-layout-9d6595d7 wp-block-columns-is-layout-flex\">\n<div class=\"wp-block-column is-layout-flow wp-block-column-is-layout-flow\" style=\"flex-basis:66.66%\">\n<div class=\"wp-block-image\"><figure class=\"alignleft size-full\"><img loading=\"lazy\" decoding=\"async\" width=\"500\" height=\"200\" src=\"https:\/\/www.acrartex.com\/wp-content\/uploads\/2022\/02\/ARTEX-ELT-4000S-Logo.png\" alt=\"\" class=\"wp-image-27671\" srcset=\"https:\/\/www.acrartex.com\/wp-content\/uploads\/2022\/02\/ARTEX-ELT-4000S-Logo.png 500w, https:\/\/www.acrartex.com\/wp-content\/uploads\/2022\/02\/ARTEX-ELT-4000S-Logo-300x120.png 300w\" sizes=\"auto, (max-width: 500px) 100vw, 500px\" \/><\/figure><\/div>\n<\/div>\n\n\n\n<div class=\"wp-block-column is-layout-flow wp-block-column-is-layout-flow\" style=\"flex-basis:33.33%\">\n<div class=\"wp-block-image\"><figure class=\"aligncenter size-full is-resized\"><img loading=\"lazy\" decoding=\"async\" src=\"https:\/\/www.acrartex.com\/wp-content\/uploads\/2022\/02\/ELT-4000S-with-Bracket-Top-Detail.png\" alt=\"ELT 4000S Topp med brakett\" class=\"wp-image-27641\" width=\"198\" height=\"198\" srcset=\"https:\/\/www.acrartex.com\/wp-content\/uploads\/2022\/02\/ELT-4000S-with-Bracket-Top-Detail.png 480w, https:\/\/www.acrartex.com\/wp-content\/uploads\/2022\/02\/ELT-4000S-with-Bracket-Top-Detail-300x300.png 300w, https:\/\/www.acrartex.com\/wp-content\/uploads\/2022\/02\/ELT-4000S-with-Bracket-Top-Detail-150x150.png 150w, https:\/\/www.acrartex.com\/wp-content\/uploads\/2022\/02\/ELT-4000S-with-Bracket-Top-Detail-100x100.png 100w\" sizes=\"auto, (max-width: 198px) 100vw, 198px\" \/><\/figure><\/div>\n<\/div>\n<\/div>\n<\/div><\/div>\n\n<div class=\"wp-block-columns is-layout-flex wp-container-core-columns-is-layout-9d6595d7 wp-block-columns-is-layout-flex\">\n<div class=\"wp-block-column is-layout-flow wp-block-column-is-layout-flow\" style=\"flex-basis:33.33%\">\n<div class=\"wp-block-image\"><figure class=\"aligncenter size-full is-resized\"><img loading=\"lazy\" decoding=\"async\" src=\"https:\/\/www.acrartex.com\/wp-content\/uploads\/2022\/02\/ELT-4000S-with-Bracket-Front-edited-2.png\" alt=\"ELT 4000S Front med bakstykke\" class=\"wp-image-27645\" width=\"278\" height=\"445\" srcset=\"https:\/\/www.acrartex.com\/wp-content\/uploads\/2022\/02\/ELT-4000S-with-Bracket-Front-edited-2.png 300w, https:\/\/www.acrartex.com\/wp-content\/uploads\/2022\/02\/ELT-4000S-with-Bracket-Front-edited-2-188x300.png 188w\" sizes=\"auto, (max-width: 278px) 100vw, 278px\" \/><\/figure><\/div>\n<\/div>\n\n\n\n<div class=\"wp-block-column is-layout-flow wp-block-column-is-layout-flow\" style=\"flex-basis:66.66%\">\n<p><meta charset=\"utf-8\"\/><strong>ARTEX ELT 4000S<\/strong> er en b\u00e6rbar overlevelses ELT (S) som sender p\u00e5 121,5 og 406 MHz. ELT senderen er basert p\u00e5 ARTEX ELT 4000-systemet og representerer den nyeste ELT senderteknologien med et litiumfritt batteri i en overlevelsesfyr. ARTEX ELT 4000S har <strong>flyteevne og aktiveres automatisk n\u00e5r den brukes i vann<\/strong> . En manuell aktiveringsbryter er ogs\u00e5 inkludert for bruk p\u00e5 land. En intern GPS (GNSS) vil innhente posisjonsdata for inkludering i 406 MHz-overf\u00f8ringen, og en snor muliggj\u00f8r feste til en redningsfl\u00e5te.    <\/p>\n\n\n\n<div class=\"wp-block-buttons is-content-justification-left is-layout-flex wp-block-buttons-is-layout-flex\">\n<div class=\"wp-block-button is-style-fill\"><a class=\"wp-block-button__link has-black-color has-text-color has-background\" href=\"https:\/\/www.acrartex.com\/products\/elt-4000s\/\" style=\"background:linear-gradient(135deg,rgb(195,255,71) 0%,rgb(113,206,126) 100%)\">L\u00e6r mer<\/a><\/div>\n<\/div>\n\n\n\n<ul class=\"wp-block-list\"><li>Robust design med innebygd oppdrift (ingen flytekrage)<\/li><li>Integrert GPS<\/li><li>Alkalisk batteri (unntatt fra TSO C142\/DO-227-godkjenning)<\/li><li>Fem \u00e5rs brukerutskiftbart alkalisk batterisystem (p\u00e5 vingen)<\/li><li>Unntatt fra spesielle betingelser, ingen frakt av farlig gods<\/li><li>Enkel brakett for enkel utplassering med \u00e9n h\u00e5nd<\/li><li>Kompatibel med eksisterende h\u00e5ndholdte ARTEX -programmerere<\/li><li>Venstre- og h\u00f8yrehendte brakettkonfigurasjoner tilgjengelig<\/li><\/ul>\n<\/div>\n<\/div>\n\n<p class=\"has-small-font-size\"><em>Denne enheten er ikke godkjent av reglene til Federal Communications Commission, FAA, EASA eller Cospas-Sarsat . Denne enheten er ikke, og kan ikke, tilbys for salg eller leasing, eller selges eller leases f\u00f8r godkjenning er innhentet. <\/em><\/p>\n\n<div style=\"height:50px\" aria-hidden=\"true\" class=\"wp-block-spacer\"><\/div>\n\n<div class=\"wp-block-cover alignfull has-background-dim-70 has-background-dim has-parallax is-repeated\" style=\"background-image:url(https:\/\/www.acrartex.com\/wp-content\/uploads\/2022\/02\/iStock_000011186688XLarge.png);background-color:#000000;min-height:50px;aspect-ratio:unset;\"><div class=\"wp-block-cover__inner-container is-layout-flow wp-block-cover-is-layout-flow\">\n<div class=\"wp-block-columns is-layout-flex wp-container-core-columns-is-layout-9d6595d7 wp-block-columns-is-layout-flex\">\n<div class=\"wp-block-column is-layout-flow wp-block-column-is-layout-flow\" style=\"flex-basis:66.66%\">\n<figure class=\"wp-block-image size-full\"><img loading=\"lazy\" decoding=\"async\" width=\"500\" height=\"200\" src=\"https:\/\/www.acrartex.com\/wp-content\/uploads\/2022\/02\/ARTEX-ELT-5000-Logo.png\" alt=\"\" class=\"wp-image-27670\" srcset=\"https:\/\/www.acrartex.com\/wp-content\/uploads\/2022\/02\/ARTEX-ELT-5000-Logo.png 500w, https:\/\/www.acrartex.com\/wp-content\/uploads\/2022\/02\/ARTEX-ELT-5000-Logo-300x120.png 300w\" sizes=\"auto, (max-width: 500px) 100vw, 500px\" \/><\/figure>\n\n\n\n<p><\/p>\n<\/div>\n\n\n\n<div class=\"wp-block-column is-layout-flow wp-block-column-is-layout-flow\" style=\"flex-basis:33.33%\"><\/div>\n<\/div>\n\n\n\n<p class=\"has-text-color\" style=\"color:#ffffff\">Den neste utviklingen av ELT Distress Tracking for \u00e5 m\u00f8te de nye kravene fra ICAO Global Aeronautical Safety System (GADSS). ELT 5000 tilbyr <strong>b\u00e5de sporing under flyvning og lokalisering etter flyvning i \u00e9n enkelt krasjsikker enhet<\/strong> . N\u00e5r den integreres som en del av et autonomt Distress Tracking , som ARTEX ADT 5000, oppfyller konfigurasjonen alle ICAO- og EASA GADSS-kravene.  <\/p>\n\n\n\n<div class=\"wp-block-columns is-layout-flex wp-container-core-columns-is-layout-9d6595d7 wp-block-columns-is-layout-flex\">\n<div class=\"wp-block-column is-layout-flow wp-block-column-is-layout-flow\" style=\"flex-basis:20px\"><\/div>\n\n\n\n<div class=\"wp-block-column is-layout-flow wp-block-column-is-layout-flow\" style=\"flex-basis:240px\">\n<p class=\"has-text-color\" style=\"color:#ffffff\"><em>Den nye Distress Tracking<\/em><\/p>\n\n\n\n<p class=\"has-text-color has-medium-font-size\" style=\"color:#ffffff\"><strong>ARTEX ELT 5000<\/strong> (DT) med krasjoverlevelsesevne er den foretrukne l\u00f8sningen blant bransjeledere verden over.<\/p>\n\n\n\n<div class=\"wp-block-buttons is-content-justification-left is-layout-flex wp-block-buttons-is-layout-flex\">\n<div class=\"wp-block-button is-style-fill\"><a class=\"wp-block-button__link has-black-color has-electric-grass-gradient-background has-text-color has-background\" href=\"https:\/\/www.acrartex.com\/products\/elt-5000-distress-tracking-dt-for-gadss-compliance\/\">L\u00e6r mer<\/a><\/div>\n<\/div>\n<\/div>\n\n\n\n<div class=\"wp-block-column is-layout-flow wp-block-column-is-layout-flow\">\n<div class=\"wp-block-image\"><figure class=\"aligncenter size-full is-resized\"><img decoding=\"async\" src=\"https:\/\/www.acrartex.com\/wp-content\/uploads\/2022\/02\/ARTEX-ELT-5000-Front-edited.png\" alt=\"\" class=\"wp-image-27677\" width=\"512\" srcset=\"https:\/\/www.acrartex.com\/wp-content\/uploads\/2022\/02\/ARTEX-ELT-5000-Front-edited.png 725w, https:\/\/www.acrartex.com\/wp-content\/uploads\/2022\/02\/ARTEX-ELT-5000-Front-edited-300x200.png 300w, https:\/\/www.acrartex.com\/wp-content\/uploads\/2022\/02\/ARTEX-ELT-5000-Front-edited-600x400.png 600w\" sizes=\"(max-width: 725px) 100vw, 725px\" \/><\/figure><\/div>\n<\/div>\n<\/div>\n\n\n\n<p class=\"has-text-color has-small-font-size\" style=\"color:#ffffff\"><em>Denne enheten er ikke godkjent av reglene til Federal Communications Commission, FAA, EASA eller Cospas-Sarsat . Denne enheten er ikke, og kan ikke, tilbys for salg eller leasing, eller selges eller leases f\u00f8r godkjenning er innhentet. <\/em><\/p>\n<\/div><\/div>\n\n<div style=\"height:50px\" aria-hidden=\"true\" class=\"wp-block-spacer\"><\/div>\n\n<h1 class=\"wp-block-heading\" id=\"h-travels-flight-log\">Reise- og flylogg<\/h1>\n\n<div class=\"wp-block-columns is-layout-flex wp-container-core-columns-is-layout-9d6595d7 wp-block-columns-is-layout-flex\">\n<div class=\"wp-block-column is-layout-flow wp-block-column-is-layout-flow\" style=\"flex-basis:33.33%\">\n<div class=\"wp-block-image\"><figure class=\"aligncenter size-full is-resized\"><img loading=\"lazy\" decoding=\"async\" src=\"https:\/\/www.acrartex.com\/wp-content\/uploads\/2022\/02\/SAS-Logo_Primary-with-Details_Stacked.jpeg\" alt=\"\" class=\"wp-image-27682\" width=\"234\" height=\"234\" srcset=\"https:\/\/www.acrartex.com\/wp-content\/uploads\/2022\/02\/SAS-Logo_Primary-with-Details_Stacked.jpeg 534w, https:\/\/www.acrartex.com\/wp-content\/uploads\/2022\/02\/SAS-Logo_Primary-with-Details_Stacked-300x300.jpeg 300w, https:\/\/www.acrartex.com\/wp-content\/uploads\/2022\/02\/SAS-Logo_Primary-with-Details_Stacked-150x150.jpeg 150w, https:\/\/www.acrartex.com\/wp-content\/uploads\/2022\/02\/SAS-Logo_Primary-with-Details_Stacked-100x100.jpeg 100w\" sizes=\"auto, (max-width: 234px) 100vw, 234px\" \/><\/figure><\/div>\n<\/div>\n\n\n\n<div class=\"wp-block-column is-layout-flow wp-block-column-is-layout-flow\" style=\"flex-basis:66.66%\">\n<p class=\"has-medium-font-size\">Bes\u00f8k oss p\u00e5 Singapore Airshow. Vi er der fra <strong>15. til 18. februar 2020.<\/strong> Sp\u00f8r oss om v\u00e5re kommende sikkerhetsl\u00f8sninger for fly, nye sett og ekspertise. <\/p>\n\n\n\n<p class=\"has-vivid-green-cyan-color has-text-color has-large-font-size\"><strong>HALL C \u2013 Stand C-M87<\/strong><\/p>\n<\/div>\n<\/div>\n\n<div class=\"wp-block-columns is-layout-flex wp-container-core-columns-is-layout-9d6595d7 wp-block-columns-is-layout-flex\">\n<div class=\"wp-block-column is-layout-flow wp-block-column-is-layout-flow\" style=\"flex-basis:33.33%\">\n<div class=\"wp-block-image\"><figure class=\"aligncenter size-full is-resized\"><img loading=\"lazy\" decoding=\"async\" src=\"https:\/\/www.acrartex.com\/wp-content\/uploads\/2022\/02\/MRO-Middle-East.png\" alt=\"\" class=\"wp-image-27683\" width=\"226\" height=\"113\" srcset=\"https:\/\/www.acrartex.com\/wp-content\/uploads\/2022\/02\/MRO-Middle-East.png 539w, https:\/\/www.acrartex.com\/wp-content\/uploads\/2022\/02\/MRO-Middle-East-300x151.png 300w\" sizes=\"auto, (max-width: 226px) 100vw, 226px\" \/><\/figure><\/div>\n\n\n\n<p><\/p>\n<\/div>\n\n\n\n<div class=\"wp-block-column is-layout-flow wp-block-column-is-layout-flow\" style=\"flex-basis:66.66%\">\n<p class=\"has-medium-font-size\">Du kan ogs\u00e5 se produktene v\u00e5re p\u00e5 MRO DUBAI 2022, fra <strong>22. til 23. februar 2020<\/strong> .<\/p>\n\n\n\n<p class=\"has-vivid-green-cyan-color has-text-color has-large-font-size\">ABL SRL-avdeling \u2013 Stand 438<\/p>\n<\/div>\n<\/div>\n\n<div class=\"wp-block-image\"><figure class=\"aligncenter size-full is-resized\"><img loading=\"lazy\" decoding=\"async\" src=\"https:\/\/www.acrartex.com\/wp-content\/uploads\/2022\/02\/ARTEX_Chartruese.png\" alt=\"\" class=\"wp-image-27679\" width=\"310\" height=\"155\" srcset=\"https:\/\/www.acrartex.com\/wp-content\/uploads\/2022\/02\/ARTEX_Chartruese.png 432w, https:\/\/www.acrartex.com\/wp-content\/uploads\/2022\/02\/ARTEX_Chartruese-300x150.png 300w\" sizes=\"auto, (max-width: 310px) 100vw, 310px\" \/><\/figure><\/div>\n\n<div class=\"wp-block-image\"><figure class=\"aligncenter size-full is-resized\"><img loading=\"lazy\" decoding=\"async\" src=\"https:\/\/www.acrartex.com\/wp-content\/uploads\/2022\/02\/ARTEX-600x150-Sales-Banner.gif\" alt=\"\" class=\"wp-image-27678\" width=\"840\" height=\"210\"\/><\/figure><\/div>\n\n<p class=\"has-medium-font-size\">Vil du l\u00e6re mer om produktene v\u00e5re? Ta kontakt med ARTEX teamet v\u00e5rt, s\u00e5 samarbeider vi med deg for \u00e5 utvikle en sikkerhetsl\u00f8sning for fly som tilfredsstiller dine krav til samsvar. <\/p>\n\n<div style=\"height:25px\" aria-hidden=\"true\" class=\"wp-block-spacer\"><\/div>\n\n<div class=\"wp-block-columns is-layout-flex wp-container-core-columns-is-layout-9d6595d7 wp-block-columns-is-layout-flex\">\n<div class=\"wp-block-column is-layout-flow wp-block-column-is-layout-flow\" style=\"flex-basis:150px\"><\/div>\n\n\n\n<div class=\"wp-block-column is-layout-flow wp-block-column-is-layout-flow\" style=\"flex-basis:200px\">\n<div class=\"wp-block-image\"><figure class=\"aligncenter size-full is-resized\"><img loading=\"lazy\" decoding=\"async\" src=\"https:\/\/www.acrartex.com\/wp-content\/uploads\/2022\/02\/ACR-Marc-Medeiros-Portrait.png\" alt=\"\" class=\"wp-image-27681\" width=\"189\" height=\"189\" srcset=\"https:\/\/www.acrartex.com\/wp-content\/uploads\/2022\/02\/ACR-Marc-Medeiros-Portrait.png 493w, https:\/\/www.acrartex.com\/wp-content\/uploads\/2022\/02\/ACR-Marc-Medeiros-Portrait-300x300.png 300w, https:\/\/www.acrartex.com\/wp-content\/uploads\/2022\/02\/ACR-Marc-Medeiros-Portrait-150x150.png 150w, https:\/\/www.acrartex.com\/wp-content\/uploads\/2022\/02\/ACR-Marc-Medeiros-Portrait-100x100.png 100w\" sizes=\"auto, (max-width: 189px) 100vw, 189px\" \/><\/figure><\/div>\n<\/div>\n\n\n\n<div class=\"wp-block-column is-layout-flow wp-block-column-is-layout-flow\">\n<p class=\"has-large-font-size\"><strong>Marc Medeiros<\/strong><\/p>\n\n\n\n<p class=\"has-medium-font-size\">Visepresident, ARTEX<\/p>\n\n\n\n<p><\/p>\n\n\n\n<p class=\"has-normal-font-size\">+1 954-612-9592<\/p>\n\n\n\n<p class=\"has-normal-font-size\"><a href=\"mailto:marc.medeiros@acrartex.com?subject=Kommersiell %20Aviation% 20Foresp&#xF8;rsel\">marc.medeiros@acrartex.com<\/a><\/p>\n<\/div>\n<\/div>\n\n<p><\/p>\n","protected":false},"excerpt":{"rendered":"<p>Nye produkter, kunngj\u00f8ringer og mer. Sjekk ut hva som er nytt denne sesongen med ARTEX . Din beste siste sjanse! Produkth\u00f8ydepunkter ARTEX \u2013 NYTT FOR 2022 ARTEX ELT 4000S er en b\u00e6rbar overlevelses ELT (S) som sender p\u00e5 121,5 og 406 MHz. ELT senderen er basert p\u00e5 ARTEX ELT 4000-systemet og representerer den nyeste ELT [&hellip;]<\/p>\n","protected":false},"author":22,"featured_media":0,"parent":0,"menu_order":0,"comment_status":"closed","ping_status":"closed","template":"","meta":{"_acf_changed":false,"om_disable_all_campaigns":false,"footnotes":""},"class_list":["post-145504","page","type-page","status-publish","hentry"],"acf":[],"_links":{"self":[{"href":"https:\/\/www.acrartex.com\/no\/wp-json\/wp\/v2\/pages\/145504","targetHints":{"allow":["GET"]}}],"collection":[{"href":"https:\/\/www.acrartex.com\/no\/wp-json\/wp\/v2\/pages"}],"about":[{"href":"https:\/\/www.acrartex.com\/no\/wp-json\/wp\/v2\/types\/page"}],"author":[{"embeddable":true,"href":"https:\/\/www.acrartex.com\/no\/wp-json\/wp\/v2\/users\/22"}],"replies":[{"embeddable":true,"href":"https:\/\/www.acrartex.com\/no\/wp-json\/wp\/v2\/comments?post=145504"}],"version-history":[{"count":1,"href":"https:\/\/www.acrartex.com\/no\/wp-json\/wp\/v2\/pages\/145504\/revisions"}],"predecessor-version":[{"id":145522,"href":"https:\/\/www.acrartex.com\/no\/wp-json\/wp\/v2\/pages\/145504\/revisions\/145522"}],"wp:attachment":[{"href":"https:\/\/www.acrartex.com\/no\/wp-json\/wp\/v2\/media?parent=145504"}],"curies":[{"name":"wp","href":"https:\/\/api.w.org\/{rel}","templated":true}]}}