{"id":145380,"date":"2022-02-23T13:04:02","date_gmt":"2022-02-23T18:04:02","guid":{"rendered":"https:\/\/www.acrartex.com\/resqlink-personal-locator-beacon-serie\/"},"modified":"2025-07-07T05:39:05","modified_gmt":"2025-07-07T10:39:05","slug":"resqlink-personal-locator-beacon-serie","status":"publish","type":"page","link":"https:\/\/www.acrartex.com\/no\/resqlink-personal-locator-beacon-serie\/","title":{"rendered":"ResQLink Personal Locator Beacon -serie"},"content":{"rendered":"\n<div class=\"wp-block-cover has-background-dim\" style=\"min-height:748px;aspect-ratio:unset;\"><img loading=\"lazy\" decoding=\"async\" width=\"900\" height=\"2250\" class=\"wp-block-cover__image-background wp-image-28017\" alt=\"\" src=\"https:\/\/www.acrartex.com\/wp-content\/uploads\/2022\/02\/ResQLink-Lifestyle-Cover-V-1.jpg\" style=\"object-position:41% 22%\" data-object-fit=\"cover\" data-object-position=\"41% 22%\" srcset=\"https:\/\/www.acrartex.com\/wp-content\/uploads\/2022\/02\/ResQLink-Lifestyle-Cover-V-1.jpg 900w, https:\/\/www.acrartex.com\/wp-content\/uploads\/2022\/02\/ResQLink-Lifestyle-Cover-V-1-120x300.jpg 120w, https:\/\/www.acrartex.com\/wp-content\/uploads\/2022\/02\/ResQLink-Lifestyle-Cover-V-1-410x1024.jpg 410w, https:\/\/www.acrartex.com\/wp-content\/uploads\/2022\/02\/ResQLink-Lifestyle-Cover-V-1-768x1920.jpg 768w, https:\/\/www.acrartex.com\/wp-content\/uploads\/2022\/02\/ResQLink-Lifestyle-Cover-V-1-614x1536.jpg 614w, https:\/\/www.acrartex.com\/wp-content\/uploads\/2022\/02\/ResQLink-Lifestyle-Cover-V-1-819x2048.jpg 819w, https:\/\/www.acrartex.com\/wp-content\/uploads\/2022\/02\/ResQLink-Lifestyle-Cover-V-1-600x1500.jpg 600w\" sizes=\"auto, (max-width: 900px) 100vw, 900px\" \/><div class=\"wp-block-cover__inner-container is-layout-flow wp-block-cover-is-layout-flow\">\n<div class=\"wp-block-image\"><figure class=\"aligncenter size-large is-resized\"><img loading=\"lazy\" decoding=\"async\" src=\"https:\/\/www.acrartex.com\/wp-content\/uploads\/2022\/02\/ResQLink-400-Logo-White-1024x279.png\" alt=\"\" class=\"wp-image-28014\" width=\"500\" height=\"136\" srcset=\"https:\/\/www.acrartex.com\/wp-content\/uploads\/2022\/02\/ResQLink-400-Logo-White-1024x279.png 1024w, https:\/\/www.acrartex.com\/wp-content\/uploads\/2022\/02\/ResQLink-400-Logo-White-300x82.png 300w, https:\/\/www.acrartex.com\/wp-content\/uploads\/2022\/02\/ResQLink-400-Logo-White-768x209.png 768w, https:\/\/www.acrartex.com\/wp-content\/uploads\/2022\/02\/ResQLink-400-Logo-White-600x163.png 600w, https:\/\/www.acrartex.com\/wp-content\/uploads\/2022\/02\/ResQLink-400-Logo-White.png 1057w\" sizes=\"auto, (max-width: 500px) 100vw, 500px\" \/><\/figure><\/div>\n\n\n\n<div class=\"wp-block-image\"><figure class=\"aligncenter size-large is-resized\"><a href=\"https:\/\/www.acrartex.com\/wp-content\/uploads\/2022\/02\/PLB-400-Series-Side-to-Side-2.png\"><img loading=\"lazy\" decoding=\"async\" src=\"https:\/\/www.acrartex.com\/wp-content\/uploads\/2022\/02\/PLB-400-Series-Side-to-Side-2-1024x755.png\" alt=\"\" class=\"wp-image-28055\" width=\"530\" height=\"390\" srcset=\"https:\/\/www.acrartex.com\/wp-content\/uploads\/2022\/02\/PLB-400-Series-Side-to-Side-2-1024x755.png 1024w, https:\/\/www.acrartex.com\/wp-content\/uploads\/2022\/02\/PLB-400-Series-Side-to-Side-2-300x221.png 300w, https:\/\/www.acrartex.com\/wp-content\/uploads\/2022\/02\/PLB-400-Series-Side-to-Side-2-768x566.png 768w, https:\/\/www.acrartex.com\/wp-content\/uploads\/2022\/02\/PLB-400-Series-Side-to-Side-2-1536x1133.png 1536w, https:\/\/www.acrartex.com\/wp-content\/uploads\/2022\/02\/PLB-400-Series-Side-to-Side-2-600x443.png 600w, https:\/\/www.acrartex.com\/wp-content\/uploads\/2022\/02\/PLB-400-Series-Side-to-Side-2.png 2000w\" sizes=\"auto, (max-width: 530px) 100vw, 530px\" \/><\/a><\/figure><\/div>\n\n\n\n<div class=\"wp-block-buttons is-content-justification-center is-layout-flex wp-block-buttons-is-layout-flex\">\n<div class=\"wp-block-button\"><a class=\"wp-block-button__link has-black-color has-text-color has-background\" href=\"https:\/\/www.acrartex.com\/products\/resqlink-view\/\" style=\"background:linear-gradient(224deg,rgb(167,237,55) 0%,rgb(80,255,156) 100%)\" target=\"_blank\" rel=\"noreferrer noopener\"><meta charset=\"utf-8\"\/><strong>Kj\u00f8p personlige lokaliseringssignaler<\/strong><\/a><\/div>\n<\/div>\n\n\n\n<p><\/p>\n<\/div><\/div>\n\n<figure class=\"wp-block-video aligncenter\"><video height=\"1080\" style=\"aspect-ratio: 1920 \/ 1080;\" width=\"1920\" autoplay=\"\" loop=\"\" muted=\"\" src=\"https:\/\/www.acrartex.com\/wp-content\/uploads\/2022\/02\/ACR-How-Does-it-Work-15-sec.mp4\" playsinline=\"\"><\/video><\/figure>\n\n<p>Med tre niv\u00e5er av integrert signalteknologi \u2013 GPS posisjonering, et kraftig 406 MHz-signal og 121,5 MHz-m\u00e5ls\u00f8kingsfunksjon \u2013 formidler ResQLink View raskt og n\u00f8yaktig posisjonen din til et verdensomspennende nettverk av s\u00f8k- og redningssatellitter. I tillegg forenkler en innebygd strobe og infrar\u00f8d strobe redningsaksjoner om natten eller ved andre redningsoppdrag i lav sikt. <\/p>\n\n<p>Takket v\u00e6re innovative designelementer kan multifunksjonsklips brukes sammen med beaconen, noe som gir en rekke bruksmuligheter som dekker en rekke nyttige bruksomr\u00e5der. Den \u00f8kte enkelheten med \u00e5 integrere ResQLink View p\u00e5 deg, eller med utstyret ditt, gjorde alle eventyrene dine ikke bare tryggere, men ogs\u00e5 mer praktiske. <\/p>\n\n<div class=\"wp-block-media-text alignwide is-image-fill\" style=\"grid-template-columns:53% auto\"><figure class=\"wp-block-media-text__media\" style=\"background-image:url(https:\/\/www.acrartex.com\/wp-content\/uploads\/2022\/02\/IMG_0199-1024x768.jpg);background-position:20% 49%\"><img loading=\"lazy\" decoding=\"async\" width=\"1024\" height=\"768\" src=\"https:\/\/www.acrartex.com\/wp-content\/uploads\/2022\/02\/IMG_0199-1024x768.jpg\" alt=\"\" class=\"wp-image-28038 size-full\" srcset=\"https:\/\/www.acrartex.com\/wp-content\/uploads\/2022\/02\/IMG_0199-1024x768.jpg 1024w, https:\/\/www.acrartex.com\/wp-content\/uploads\/2022\/02\/IMG_0199-300x225.jpg 300w, https:\/\/www.acrartex.com\/wp-content\/uploads\/2022\/02\/IMG_0199-768x576.jpg 768w, https:\/\/www.acrartex.com\/wp-content\/uploads\/2022\/02\/IMG_0199-1536x1152.jpg 1536w, https:\/\/www.acrartex.com\/wp-content\/uploads\/2022\/02\/IMG_0199-2048x1536.jpg 2048w, https:\/\/www.acrartex.com\/wp-content\/uploads\/2022\/02\/IMG_0199-600x450.jpg 600w\" sizes=\"auto, (max-width: 1024px) 100vw, 1024px\" \/><\/figure><div class=\"wp-block-media-text__content\">\n<p style=\"font-size:50px\"><strong>Arv av overlevelse<\/strong><\/p>\n\n\n\n<p style=\"font-size:25px\"><meta charset=\"utf-8\"\/>Som en leder innen livreddende produkter for b\u00e5de profesjonell og fritidsbruk, tilbyr ACR enest\u00e5ende sikkerhet og trygghet med ResQLink View Personal Locator Beacon .<\/p>\n<\/div><\/div>\n\n<p><\/p>\n\n<figure class=\"wp-block-image size-large\"><a href=\"https:\/\/www.reddyyeti.com\/blog\/adventure-outdoors-may22\"><img loading=\"lazy\" decoding=\"async\" width=\"1024\" height=\"410\" src=\"https:\/\/www.acrartex.com\/wp-content\/uploads\/2022\/05\/ACR-ReddyYeti-Giveaway-Banner-1024x410.jpg\" alt=\"\" class=\"wp-image-29878\" srcset=\"https:\/\/www.acrartex.com\/wp-content\/uploads\/2022\/05\/ACR-ReddyYeti-Giveaway-Banner-1024x410.jpg 1024w, https:\/\/www.acrartex.com\/wp-content\/uploads\/2022\/05\/ACR-ReddyYeti-Giveaway-Banner-300x120.jpg 300w, https:\/\/www.acrartex.com\/wp-content\/uploads\/2022\/05\/ACR-ReddyYeti-Giveaway-Banner-768x307.jpg 768w, https:\/\/www.acrartex.com\/wp-content\/uploads\/2022\/05\/ACR-ReddyYeti-Giveaway-Banner-1536x614.jpg 1536w, https:\/\/www.acrartex.com\/wp-content\/uploads\/2022\/05\/ACR-ReddyYeti-Giveaway-Banner-600x240.jpg 600w, https:\/\/www.acrartex.com\/wp-content\/uploads\/2022\/05\/ACR-ReddyYeti-Giveaway-Banner.jpg 2000w\" sizes=\"auto, (max-width: 1024px) 100vw, 1024px\" \/><\/a><figcaption>Inkludert en ACR ResQLink View Personal Locator Beacon verdi av 389,95 dollar.<\/figcaption><\/figure>\n\n<div class=\"wp-block-image\"><figure class=\"aligncenter size-medium\"><img loading=\"lazy\" decoding=\"async\" width=\"300\" height=\"300\" src=\"https:\/\/www.acrartex.com\/wp-content\/uploads\/2022\/02\/ACR-ResQLink-400-Pair-Front-300x300.png\" alt=\"\" class=\"wp-image-27526\" srcset=\"https:\/\/www.acrartex.com\/wp-content\/uploads\/2022\/02\/ACR-ResQLink-400-Pair-Front-300x300.png 300w, https:\/\/www.acrartex.com\/wp-content\/uploads\/2022\/02\/ACR-ResQLink-400-Pair-Front-150x150.png 150w, https:\/\/www.acrartex.com\/wp-content\/uploads\/2022\/02\/ACR-ResQLink-400-Pair-Front-100x100.png 100w, https:\/\/www.acrartex.com\/wp-content\/uploads\/2022\/02\/ACR-ResQLink-400-Pair-Front.png 500w\" sizes=\"auto, (max-width: 300px) 100vw, 300px\" \/><\/figure><\/div>\n\n<div class=\"wp-block-image\"><figure class=\"aligncenter size-medium\"><img loading=\"lazy\" decoding=\"async\" width=\"300\" height=\"82\" src=\"https:\/\/www.acrartex.com\/wp-content\/uploads\/2022\/02\/ResQLink-400-Logo-300x82.png\" alt=\"\" class=\"wp-image-27530\" srcset=\"https:\/\/www.acrartex.com\/wp-content\/uploads\/2022\/02\/ResQLink-400-Logo-300x82.png 300w, https:\/\/www.acrartex.com\/wp-content\/uploads\/2022\/02\/ResQLink-400-Logo-1024x279.png 1024w, https:\/\/www.acrartex.com\/wp-content\/uploads\/2022\/02\/ResQLink-400-Logo-768x209.png 768w, https:\/\/www.acrartex.com\/wp-content\/uploads\/2022\/02\/ResQLink-400-Logo-600x163.png 600w, https:\/\/www.acrartex.com\/wp-content\/uploads\/2022\/02\/ResQLink-400-Logo.png 1057w\" sizes=\"auto, (max-width: 300px) 100vw, 300px\" \/><\/figure><\/div>\n\n<div class=\"wp-block-image\"><figure class=\"aligncenter size-full is-resized\"><img loading=\"lazy\" decoding=\"async\" src=\"https:\/\/www.acrartex.com\/wp-content\/uploads\/2022\/02\/425-Features.png\" alt=\"\" class=\"wp-image-28015\" width=\"542\" height=\"271\" srcset=\"https:\/\/www.acrartex.com\/wp-content\/uploads\/2022\/02\/425-Features.png 700w, https:\/\/www.acrartex.com\/wp-content\/uploads\/2022\/02\/425-Features-300x150.png 300w, https:\/\/www.acrartex.com\/wp-content\/uploads\/2022\/02\/425-Features-600x300.png 600w\" sizes=\"auto, (max-width: 542px) 100vw, 542px\" \/><\/figure><\/div>\n\n<h1 class=\"wp-block-heading\" id=\"h-shop-all-personal-locator-beacons\">Se alle personlige lokaliseringssignaler<\/h1>\n<div data-block-name=\"woocommerce\/handpicked-products\" data-content-visibility=\"{&quot;title&quot;:true,&quot;price&quot;:false,&quot;rating&quot;:false,&quot;button&quot;:true}\" data-edit-mode=\"false\" data-products=\"[156421,156501,9720]\" class=\"wc-block-grid wp-block-handpicked-products wp-block-woocommerce-handpicked-products wc-block-handpicked-products has-3-columns has-multiple-rows\"><ul class=\"wc-block-grid__products\"><li class=\"wc-block-grid__product\">\n\t\t\t\t<a href=\"https:\/\/www.acrartex.com\/no\/products\/resqlink-view-personal-locator-beacon\/\" class=\"wc-block-grid__product-link\">\n\t\t\t\t\t\n\t\t\t\t\t<div class=\"wc-block-grid__product-image\"><img loading=\"lazy\" decoding=\"async\" width=\"300\" height=\"300\" src=\"https:\/\/www.acrartex.com\/wp-content\/uploads\/2021\/04\/ACR_-_Product_-_ResQLink_425_-_Front-4-300x300.png\" class=\"attachment-woocommerce_thumbnail size-woocommerce_thumbnail\" alt=\"ResQLink\u2122 View personlig lokasjonssignal\" srcset=\"https:\/\/www.acrartex.com\/wp-content\/uploads\/2021\/04\/ACR_-_Product_-_ResQLink_425_-_Front-4-300x300.png 300w, https:\/\/www.acrartex.com\/wp-content\/uploads\/2021\/04\/ACR_-_Product_-_ResQLink_425_-_Front-4-1024x1024.png 1024w, https:\/\/www.acrartex.com\/wp-content\/uploads\/2021\/04\/ACR_-_Product_-_ResQLink_425_-_Front-4-150x150.png 150w, https:\/\/www.acrartex.com\/wp-content\/uploads\/2021\/04\/ACR_-_Product_-_ResQLink_425_-_Front-4-768x768.png 768w, https:\/\/www.acrartex.com\/wp-content\/uploads\/2021\/04\/ACR_-_Product_-_ResQLink_425_-_Front-4-600x600.png 600w, https:\/\/www.acrartex.com\/wp-content\/uploads\/2021\/04\/ACR_-_Product_-_ResQLink_425_-_Front-4-100x100.png 100w, https:\/\/www.acrartex.com\/wp-content\/uploads\/2021\/04\/ACR_-_Product_-_ResQLink_425_-_Front-4.png 1300w\" sizes=\"auto, (max-width: 300px) 100vw, 300px\" \/><\/div>\n\t\t\t\t\t<div class=\"wc-block-grid__product-title\">ResQLink\u2122 View personlig lokasjonssignal<\/div>\n\t\t\t\t<\/a>\n\t\t\t\t\n\t\t\t\t\n\t\t\t\t<div class=\"wp-block-button wc-block-grid__product-add-to-cart\"><a href=\"https:\/\/www.acrartex.com\/no\/products\/resqlink-view-personal-locator-beacon\/\" aria-label=\"Velg innstillinger for \u00abResQLink\u2122 View personlig lokasjonssignal\u00bb\" data-quantity=\"1\" data-product_id=\"156421\" data-product_sku=\"2922\" data-price=\"504.95\" rel=\"nofollow\" class=\"wp-block-button__link  add_to_cart_button\">Velg alternativer<\/a><\/div>\n\t\t\t<\/li><li class=\"wc-block-grid__product\">\n\t\t\t\t<a href=\"https:\/\/www.acrartex.com\/no\/products\/resqlink-400-personal-locator-beacon\/\" class=\"wc-block-grid__product-link\">\n\t\t\t\t\t\n\t\t\t\t\t<div class=\"wc-block-grid__product-image\"><img loading=\"lazy\" decoding=\"async\" width=\"300\" height=\"300\" src=\"https:\/\/www.acrartex.com\/wp-content\/uploads\/2021\/03\/PLB-400-Front-300x300.png\" class=\"attachment-woocommerce_thumbnail size-woocommerce_thumbnail\" alt=\"ResQLink \u2122 400 Personal Locator Beacon\" srcset=\"https:\/\/www.acrartex.com\/wp-content\/uploads\/2021\/03\/PLB-400-Front-300x300.png 300w, https:\/\/www.acrartex.com\/wp-content\/uploads\/2021\/03\/PLB-400-Front-150x150.png 150w, https:\/\/www.acrartex.com\/wp-content\/uploads\/2021\/03\/PLB-400-Front-600x600.png 600w, https:\/\/www.acrartex.com\/wp-content\/uploads\/2021\/03\/PLB-400-Front-100x100.png 100w, https:\/\/www.acrartex.com\/wp-content\/uploads\/2021\/03\/PLB-400-Front.png 720w\" sizes=\"auto, (max-width: 300px) 100vw, 300px\" \/><\/div>\n\t\t\t\t\t<div class=\"wc-block-grid__product-title\">ResQLink \u2122 400 Personal Locator Beacon<\/div>\n\t\t\t\t<\/a>\n\t\t\t\t\n\t\t\t\t\n\t\t\t\t<div class=\"wp-block-button wc-block-grid__product-add-to-cart\"><a href=\"https:\/\/www.acrartex.com\/no\/products\/resqlink-400-personal-locator-beacon\/\" aria-label=\"Velg innstillinger for \u00abResQLink \u2122 400 Personal Locator Beacon\u00bb\" data-quantity=\"1\" data-product_id=\"156501\" data-product_sku=\"2921\" data-price=\"459.95\" rel=\"nofollow\" class=\"wp-block-button__link  add_to_cart_button\">Velg alternativer<\/a><\/div>\n\t\t\t<\/li><\/ul><\/div>\n<h2 class=\"has-text-align-center wp-block-heading\" id=\"h-learn-how-an-acr-personal-locator-beacon-saved-these-6-lives\">L\u00e6r hvordan en personlig ACR Personal Locator Beacon reddet disse seks livene<\/h2>\n\n<figure class=\"wp-block-embed is-type-video is-provider-youtube wp-block-embed-youtube wp-embed-aspect-16-9 wp-has-aspect-ratio\"><div class=\"wp-block-embed__wrapper\">\n<iframe loading=\"lazy\" title=\"Lifeline - High-Seas PLB Rescue\" width=\"500\" height=\"281\" src=\"https:\/\/www.youtube.com\/embed\/e7_ajr8wqTY?list=PL3EG27yUgoy34-3GQowJiEN1Iyd9dRYSQ\" frameborder=\"0\" allow=\"accelerometer; autoplay; clipboard-write; encrypted-media; gyroscope; picture-in-picture; web-share\" referrerpolicy=\"strict-origin-when-cross-origin\" allowfullscreen><\/iframe>\n<\/div><\/figure>\n\n<div class=\"wp-block-media-text alignwide has-media-on-the-right\" style=\"grid-template-columns:auto 52%\"><figure class=\"wp-block-media-text__media\"><img loading=\"lazy\" decoding=\"async\" width=\"430\" height=\"430\" src=\"https:\/\/www.acrartex.com\/wp-content\/uploads\/2021\/09\/ResQLink-View-RLS-360.gif\" alt=\"\" class=\"wp-image-25357 size-full\"\/><\/figure><div class=\"wp-block-media-text__content\">\n<p class=\"has-large-font-size\"><strong><meta charset=\"utf-8\"\/>Hvorfor velge en Personal Locator Beacon<\/strong><\/p>\n\n\n\n<ul class=\"wp-block-list\"><li>Ingen abonnement kreves<\/li><li>Global dedikert s\u00f8k- og redningssatellittdekning<\/li><li>GPS og Galileo GNSS<\/li><li>Innebygd oppdrift<\/li><li>Strobe og infrar\u00f8d strobe<\/li><li>Liten og lett<\/li><li>5 \u00e5rs batterilevetid<\/li><li>Over 24 timers driftslevetid<\/li><li>Multifunksjonelt klipssystem inkludert<\/li><\/ul>\n<\/div><\/div>\n\n<h2 class=\"has-text-align-center has-large-font-size wp-block-heading\" id=\"h-what-s-the-difference\">Hva er forskjellen?<\/h2>\n\n<div class=\"wp-block-image\"><figure class=\"aligncenter size-full is-resized\"><img loading=\"lazy\" decoding=\"async\" src=\"https:\/\/www.acrartex.com\/wp-content\/uploads\/2022\/02\/PLB-Series-Comparison-Chart-Digital-scaled.jpg\" alt=\"\" class=\"wp-image-28021\" width=\"603\" height=\"1280\" srcset=\"https:\/\/www.acrartex.com\/wp-content\/uploads\/2022\/02\/PLB-Series-Comparison-Chart-Digital-scaled.jpg 1206w, https:\/\/www.acrartex.com\/wp-content\/uploads\/2022\/02\/PLB-Series-Comparison-Chart-Digital-141x300.jpg 141w, https:\/\/www.acrartex.com\/wp-content\/uploads\/2022\/02\/PLB-Series-Comparison-Chart-Digital-483x1024.jpg 483w, https:\/\/www.acrartex.com\/wp-content\/uploads\/2022\/02\/PLB-Series-Comparison-Chart-Digital-768x1630.jpg 768w, https:\/\/www.acrartex.com\/wp-content\/uploads\/2022\/02\/PLB-Series-Comparison-Chart-Digital-724x1536.jpg 724w, https:\/\/www.acrartex.com\/wp-content\/uploads\/2022\/02\/PLB-Series-Comparison-Chart-Digital-965x2048.jpg 965w, https:\/\/www.acrartex.com\/wp-content\/uploads\/2022\/02\/PLB-Series-Comparison-Chart-Digital-600x1273.jpg 600w\" sizes=\"auto, (max-width: 603px) 100vw, 603px\" \/><\/figure><\/div>\n","protected":false},"excerpt":{"rendered":"<p>Med tre niv\u00e5er av integrert signalteknologi \u2013 GPS posisjonering, et kraftig 406 MHz-signal og 121,5 MHz-m\u00e5ls\u00f8kingsfunksjon \u2013 formidler ResQLink View raskt og n\u00f8yaktig posisjonen din til et verdensomspennende nettverk av s\u00f8k- og redningssatellitter. I tillegg forenkler en innebygd strobe og infrar\u00f8d strobe redningsaksjoner om natten eller ved andre redningsoppdrag i lav sikt. Takket v\u00e6re innovative [&hellip;]<\/p>\n","protected":false},"author":22,"featured_media":145396,"parent":0,"menu_order":0,"comment_status":"closed","ping_status":"closed","template":"","meta":{"_acf_changed":false,"om_disable_all_campaigns":false,"footnotes":""},"class_list":["post-145380","page","type-page","status-publish","has-post-thumbnail","hentry"],"acf":[],"_links":{"self":[{"href":"https:\/\/www.acrartex.com\/no\/wp-json\/wp\/v2\/pages\/145380","targetHints":{"allow":["GET"]}}],"collection":[{"href":"https:\/\/www.acrartex.com\/no\/wp-json\/wp\/v2\/pages"}],"about":[{"href":"https:\/\/www.acrartex.com\/no\/wp-json\/wp\/v2\/types\/page"}],"author":[{"embeddable":true,"href":"https:\/\/www.acrartex.com\/no\/wp-json\/wp\/v2\/users\/22"}],"replies":[{"embeddable":true,"href":"https:\/\/www.acrartex.com\/no\/wp-json\/wp\/v2\/comments?post=145380"}],"version-history":[{"count":1,"href":"https:\/\/www.acrartex.com\/no\/wp-json\/wp\/v2\/pages\/145380\/revisions"}],"predecessor-version":[{"id":145398,"href":"https:\/\/www.acrartex.com\/no\/wp-json\/wp\/v2\/pages\/145380\/revisions\/145398"}],"wp:featuredmedia":[{"embeddable":true,"href":"https:\/\/www.acrartex.com\/no\/wp-json\/wp\/v2\/media\/145396"}],"wp:attachment":[{"href":"https:\/\/www.acrartex.com\/no\/wp-json\/wp\/v2\/media?parent=145380"}],"curies":[{"name":"wp","href":"https:\/\/api.w.org\/{rel}","templated":true}]}}