{"id":144272,"date":"2024-06-03T11:04:25","date_gmt":"2024-06-03T16:04:25","guid":{"rendered":"https:\/\/www.acrartex.com\/kundedata\/"},"modified":"2025-07-07T05:18:23","modified_gmt":"2025-07-07T10:18:23","slug":"kundedata","status":"publish","type":"page","link":"https:\/\/www.acrartex.com\/no\/kundedata\/","title":{"rendered":"Kundedata"},"content":{"rendered":"\n<p><strong>For garantiregistrering, produktkonfigurasjon og tilgang til testdata lagrer ACR Electronics begrensede kundedata som legges inn via dette nettstedet eller ved hjelp av mobilapper.<\/strong><\/p>\n\n<p>For alle mobilapplikasjoner som tilh\u00f8rer <strong>\u00ab ACR Electronics \u00bb<\/strong><\/p>\n\n<p>Send en e-post til <a href=\"mailto:help@oceansignal.com\">marketing@acrartex.com<\/a> med emnefeltet \u00abSletting av appkonto\u00bb og oppgi e-postadressen din for \u00e5 be om sletting av kontoen.<\/p>\n\n<p>V\u00e6r oppmerksom p\u00e5 at n\u00e5r kontoen din er slettet, vil alle personopplysninger, som e-postadressen din og all informasjon vi har om deg, dine preferanser, AIS konfigurasjoner og eide beacons bli slettet, i tillegg til alle andre registrerte produkter.<\/p>\n\n<p>Garantiinformasjon vil bli beholdt, i tillegg til tidligere konfigurasjons-, selvtest- og GNSS-testdata fra beacon-produkter.<\/p>\n","protected":false},"excerpt":{"rendered":"<p>For garantiregistrering, produktkonfigurasjon og tilgang til testdata lagrer ACR Electronics begrensede kundedata som legges inn via dette nettstedet eller ved hjelp av mobilapper. For alle mobilapplikasjoner som tilh\u00f8rer \u00ab ACR Electronics \u00bb Send en e-post til marketing@acrartex.com med emnefeltet \u00abSletting av appkonto\u00bb og oppgi e-postadressen din for \u00e5 be om sletting av kontoen. V\u00e6r oppmerksom [&hellip;]<\/p>\n","protected":false},"author":23,"featured_media":0,"parent":0,"menu_order":0,"comment_status":"closed","ping_status":"closed","template":"","meta":{"_acf_changed":false,"om_disable_all_campaigns":false,"footnotes":""},"class_list":["post-144272","page","type-page","status-publish","hentry"],"acf":[],"_links":{"self":[{"href":"https:\/\/www.acrartex.com\/no\/wp-json\/wp\/v2\/pages\/144272","targetHints":{"allow":["GET"]}}],"collection":[{"href":"https:\/\/www.acrartex.com\/no\/wp-json\/wp\/v2\/pages"}],"about":[{"href":"https:\/\/www.acrartex.com\/no\/wp-json\/wp\/v2\/types\/page"}],"author":[{"embeddable":true,"href":"https:\/\/www.acrartex.com\/no\/wp-json\/wp\/v2\/users\/23"}],"replies":[{"embeddable":true,"href":"https:\/\/www.acrartex.com\/no\/wp-json\/wp\/v2\/comments?post=144272"}],"version-history":[{"count":1,"href":"https:\/\/www.acrartex.com\/no\/wp-json\/wp\/v2\/pages\/144272\/revisions"}],"predecessor-version":[{"id":144273,"href":"https:\/\/www.acrartex.com\/no\/wp-json\/wp\/v2\/pages\/144272\/revisions\/144273"}],"wp:attachment":[{"href":"https:\/\/www.acrartex.com\/no\/wp-json\/wp\/v2\/media?parent=144272"}],"curies":[{"name":"wp","href":"https:\/\/api.w.org\/{rel}","templated":true}]}}