{"id":144090,"date":"2024-03-23T12:33:11","date_gmt":"2024-03-23T17:33:11","guid":{"rendered":"https:\/\/www.acrartex.com\/batteribytte-for-din-epirb-personal-locator-beacon-eller-elt\/"},"modified":"2025-07-07T04:57:15","modified_gmt":"2025-07-07T09:57:15","slug":"batteribytte-for-din-epirb-personal-locator-beacon-eller-elt","status":"publish","type":"page","link":"https:\/\/www.acrartex.com\/no\/batteribytte-for-din-epirb-personal-locator-beacon-eller-elt\/","title":{"rendered":"Batteribytte for din EPIRB , Personal Locator Beacon eller ELT"},"content":{"rendered":"\n<p>En EPIRB , eller Personal Locator Beacon er en viktig sikkerhetsenhet som brukes til \u00e5 sende n\u00f8dsignaler til redningsmyndigheter i n\u00f8dstilfeller. Det er viktig \u00e5 merke seg at batterier i signalene har en begrenset levetid p\u00e5 rundt 5\u201310 \u00e5r, og m\u00e5 byttes ut med jevne mellomrom for \u00e5 sikre at enheten fungerer som den skal n\u00e5r det trengs. Utskiftingsintervallet kan variere avhengig av type og modell av signalet, samt produsentens anbefalinger.  <\/p>\n\n<figure class=\"wp-block-embed is-type-video is-provider-youtube wp-block-embed-youtube wp-embed-aspect-16-9 wp-has-aspect-ratio\"><div class=\"wp-block-embed__wrapper\">\n<iframe loading=\"lazy\" title=\"Battery Replacement | ACR ARTEX\" width=\"500\" height=\"281\" src=\"https:\/\/www.youtube.com\/embed\/fcXReqeFNSo?feature=oembed\" frameborder=\"0\" allow=\"accelerometer; autoplay; clipboard-write; encrypted-media; gyroscope; picture-in-picture; web-share\" referrerpolicy=\"strict-origin-when-cross-origin\" allowfullscreen><\/iframe>\n<\/div><\/figure>\n\n<p>Utskifting av et EPIRB eller PLB -batteri b\u00f8r kun utf\u00f8res av en sertifisert tekniker eller et autorisert servicesenter for \u00e5 sikre at enheten blir riktig vedlikeholdt og testet etter batteribytte. Batteribytte er ikke som \u00e5 bytte batterier i TV-fjernkontrollen din. Dette produktet har ett form\u00e5l, og det er \u00e5 redde livet ditt. Derfor har vi et fullt oppl\u00e6rt nettverk av batteribyttesentre over hele verden som har gjennomg\u00e5tt all ACR -oppl\u00e6ring og er fullforsikret, slik at de kan hjelpe deg med disse batteribyttene. <\/p>\n\n<p>De vil sjekke varselsignalhuset og antennen din for sprekker eller slitasje. De vil ikke bare erstatte batteripakken med et nytt, ferskt batteri fra ACR , men de vil deretter sette sammen varselsignalet med helt nye O-ringer, pakninger og maskinvare, og la varselsignalet gjennomg\u00e5 en rekke tester for \u00e5 sikre at det sender riktig, er vanntett og klart til bruk f\u00f8r de returnerer det tilbake til deg. <\/p>\n\n<p>S\u00e5 hva trenger du \u00e5 gj\u00f8re?<\/p>\n\n<p>G\u00e5 til nettsiden v\u00e5r og <a href=\"https:\/\/www.acrartex.com\/support\/dealer-locator\/\">klikk p\u00e5 lenken for \u00e5 finne forhandleren v\u00e5r<\/a> . Bruk filteret for batteribytte og skriv inn postnummeret ditt for \u00e5 finne det n\u00e6rmeste autoriserte batteribyttesenteret.   <\/p>\n\n<div class=\"wp-block-buttons is-horizontal is-content-justification-center is-layout-flex wp-container-core-buttons-is-layout-499968f5 wp-block-buttons-is-layout-flex\">\n<div class=\"wp-block-button is-style-outline is-style-outline--1\"><a class=\"wp-block-button__link wp-element-button\" href=\"https:\/\/www.acrartex.com\/support\/dealer-locator\/\">Finn ditt lokale batteribyttesenter<\/a><\/div>\n<\/div>\n\n<p>Hvis du har en lokalt, b\u00f8r du kunne levere EPIRB din og f\u00e5 servicen utf\u00f8rt i l\u00f8pet av noen f\u00e5 dager.<\/p>\n\n<p>Dessverre m\u00e5 noen av dere sende beaconen deres til dem for \u00e5 f\u00e5 utf\u00f8rt servicen, men begynn f\u00f8rst med \u00e5 ringe dem og f\u00e5 et pristilbud. V\u00e5rt nettverk for batteribytte vil hjelpe deg med hvordan du sender beaconen til dem.   <\/p>\n\n<p>P\u00e5 grunn av stor ettersp\u00f8rsel etter nye produkter tilbyr ikke ACR Electronics hovedkontor i Fort Lauderdale batteribyttetjeneste for \u00f8yeblikket. Alle batteribytter m\u00e5 planlegges og utf\u00f8res av en av v\u00e5re h\u00f8yt kvalifiserte, trente batteribyttepartnere.   <\/p>\n\n<div class=\"wp-block-buttons is-horizontal is-content-justification-center is-layout-flex wp-container-core-buttons-is-layout-499968f5 wp-block-buttons-is-layout-flex\">\n<div class=\"wp-block-button is-style-outline is-style-outline--2\"><a class=\"wp-block-button__link wp-element-button\" href=\"https:\/\/www.acrartex.com\/support\/dealer-locator\/\">Finn ditt lokale batteribyttesenter<\/a><\/div>\n<\/div>\n","protected":false},"excerpt":{"rendered":"<p>En EPIRB , eller Personal Locator Beacon er en viktig sikkerhetsenhet som brukes til \u00e5 sende n\u00f8dsignaler til redningsmyndigheter i n\u00f8dstilfeller. Det er viktig \u00e5 merke seg at batterier i signalene har en begrenset levetid p\u00e5 rundt 5\u201310 \u00e5r, og m\u00e5 byttes ut med jevne mellomrom for \u00e5 sikre at enheten fungerer som den skal [&hellip;]<\/p>\n","protected":false},"author":5,"featured_media":144091,"parent":0,"menu_order":0,"comment_status":"closed","ping_status":"closed","template":"","meta":{"_acf_changed":false,"om_disable_all_campaigns":false,"footnotes":""},"class_list":["post-144090","page","type-page","status-publish","has-post-thumbnail","hentry"],"acf":[],"_links":{"self":[{"href":"https:\/\/www.acrartex.com\/no\/wp-json\/wp\/v2\/pages\/144090","targetHints":{"allow":["GET"]}}],"collection":[{"href":"https:\/\/www.acrartex.com\/no\/wp-json\/wp\/v2\/pages"}],"about":[{"href":"https:\/\/www.acrartex.com\/no\/wp-json\/wp\/v2\/types\/page"}],"author":[{"embeddable":true,"href":"https:\/\/www.acrartex.com\/no\/wp-json\/wp\/v2\/users\/5"}],"replies":[{"embeddable":true,"href":"https:\/\/www.acrartex.com\/no\/wp-json\/wp\/v2\/comments?post=144090"}],"version-history":[{"count":1,"href":"https:\/\/www.acrartex.com\/no\/wp-json\/wp\/v2\/pages\/144090\/revisions"}],"predecessor-version":[{"id":144092,"href":"https:\/\/www.acrartex.com\/no\/wp-json\/wp\/v2\/pages\/144090\/revisions\/144092"}],"wp:featuredmedia":[{"embeddable":true,"href":"https:\/\/www.acrartex.com\/no\/wp-json\/wp\/v2\/media\/144091"}],"wp:attachment":[{"href":"https:\/\/www.acrartex.com\/no\/wp-json\/wp\/v2\/media?parent=144090"}],"curies":[{"name":"wp","href":"https:\/\/api.w.org\/{rel}","templated":true}]}}