{"id":144062,"date":"2023-01-04T17:34:34","date_gmt":"2023-01-04T22:34:34","guid":{"rendered":"https:\/\/www.acrartex.com\/gadss-elt-dt-konsultasjonsforesporsel\/"},"modified":"2025-07-07T04:55:27","modified_gmt":"2025-07-07T09:55:27","slug":"gadss-elt-dt-konsultasjonsforesporsel","status":"publish","type":"page","link":"https:\/\/www.acrartex.com\/no\/gadss-elt-dt-konsultasjonsforesporsel\/","title":{"rendered":"GADSS ELT DT KONSULTASJONSFORESP\u00d8RSEL"},"content":{"rendered":"\n<p>Trenger du \u00e5 l\u00e6re mer om GADSS og hvordan dette vil p\u00e5virke dine fremtidige flybestillinger? V\u00e5re GADSS-eksperter er tilgjengelige for \u00e5 hjelpe deg.<\/p>\n\n<p>ARTEX kontaktinformasjon:<\/p>\n\n<p>Salgskontakt: <a href=\"Jeff.Geraci@acrartex.com\">Jeff Geraci<\/a> p\u00e5 +1 954-612-9592 eller <a href=\"mailto:Jeff.Geraci@acrartex.com\">Jeff.Geraci@acrartex.com<\/a><\/p>\n\n<p>Markedsf\u00f8ringskontakt: Mikele D&#8217;Arcangelo p\u00e5 +1 954-614-6703 eller <a href=\"mailto:mikele.darcangelo@acrartex.com\" target=\"_blank\" rel=\"noreferrer noopener\">mikele.darcangelo@acrartex.com<\/a><\/p>\n\n<p><\/p>\n\n<iframe loading=\"lazy\" src=\"https:\/\/forms.monday.com\/forms\/embed\/bb05362e9314db80adc186100ed2cb7b?r=use1\" width=\"650\" height=\"500\" style=\"border: 0; box-shadow: 5px 5px 56px 0px rgba(0,0,0,0.25);\"><\/iframe>\n\n<p><\/p>\n","protected":false},"excerpt":{"rendered":"<p>Trenger du \u00e5 l\u00e6re mer om GADSS og hvordan dette vil p\u00e5virke dine fremtidige flybestillinger? V\u00e5re GADSS-eksperter er tilgjengelige for \u00e5 hjelpe deg. ARTEX kontaktinformasjon: Salgskontakt: Jeff Geraci p\u00e5 +1 954-612-9592 eller Jeff.Geraci@acrartex.com Markedsf\u00f8ringskontakt: Mikele D&#8217;Arcangelo p\u00e5 +1 954-614-6703 eller mikele.darcangelo@acrartex.com<\/p>\n","protected":false},"author":5,"featured_media":0,"parent":0,"menu_order":0,"comment_status":"closed","ping_status":"closed","template":"","meta":{"_acf_changed":false,"om_disable_all_campaigns":false,"footnotes":""},"class_list":["post-144062","page","type-page","status-publish","hentry"],"acf":[],"_links":{"self":[{"href":"https:\/\/www.acrartex.com\/no\/wp-json\/wp\/v2\/pages\/144062","targetHints":{"allow":["GET"]}}],"collection":[{"href":"https:\/\/www.acrartex.com\/no\/wp-json\/wp\/v2\/pages"}],"about":[{"href":"https:\/\/www.acrartex.com\/no\/wp-json\/wp\/v2\/types\/page"}],"author":[{"embeddable":true,"href":"https:\/\/www.acrartex.com\/no\/wp-json\/wp\/v2\/users\/5"}],"replies":[{"embeddable":true,"href":"https:\/\/www.acrartex.com\/no\/wp-json\/wp\/v2\/comments?post=144062"}],"version-history":[{"count":1,"href":"https:\/\/www.acrartex.com\/no\/wp-json\/wp\/v2\/pages\/144062\/revisions"}],"predecessor-version":[{"id":144064,"href":"https:\/\/www.acrartex.com\/no\/wp-json\/wp\/v2\/pages\/144062\/revisions\/144064"}],"wp:attachment":[{"href":"https:\/\/www.acrartex.com\/no\/wp-json\/wp\/v2\/media?parent=144062"}],"curies":[{"name":"wp","href":"https:\/\/api.w.org\/{rel}","templated":true}]}}