{"id":144033,"date":"2020-12-03T12:41:26","date_gmt":"2020-12-03T17:41:26","guid":{"rendered":"https:\/\/www.acrartex.com\/stotte\/retur-bytte-og-kampanjer\/"},"modified":"2025-07-08T10:41:17","modified_gmt":"2025-07-08T15:41:17","slug":"retur-bytte-og-kampanjer","status":"publish","type":"page","link":"https:\/\/www.acrartex.com\/no\/stotte\/retur-bytte-og-kampanjer\/","title":{"rendered":"Retur, bytte og kampanjer"},"content":{"rendered":"\n<h2 class=\"wp-block-heading\" id=\"h-return-policy\">Returpolicy  <\/h2>\n\n<h4 class=\"wp-block-heading\" id=\"h-purchases-made-online-at-www-acrartex-com\">Kj\u00f8p gjort p\u00e5 nett p\u00e5 www.ACRARTEX.com<\/h4>\n\n<p>Vi st\u00e5r bak produktene v\u00e5re. Hvis kj\u00f8pet ditt p\u00e5 www.ACRARTEX.com ikke oppfyller forventningene dine, kan du returnere det for refusjon (eksklusive fraktkostnader og et potensielt gebyr p\u00e5 20 % for lagerf\u00f8ring) innen 30 dager etter kj\u00f8psdatoen, med unntak av det som er angitt nedenfor. Vennligst last ned en kopi av kj\u00f8pskvitteringen og legg den ved den returnerte varen ved hjelp av v\u00e5rt returautorisasjonsskjema for e-handels-RMA.  <\/p>\n\n<p>N\u00f8dposisjonsindikerende radiofyr (EPIRB), personlige lokaliseringsfyr (PLB) og n\u00f8dlokaliseringsutstyr<br\/> Sendere (ELT-er) kan kun returneres for full refusjon innen 30 dager etter kj\u00f8psdatoen hvis forseglingen ikke er blitt<br\/> \u00f8delagt p\u00e5 esken. I tillegg m\u00e5 den ikke ha v\u00e6rt registrert hos den nasjonale registreringsmyndigheten. Ethvert produkt<br\/> kvalifisert for et kampanjetilbud (kontantrabatter eller gratis varer) som har blitt innl\u00f8st, er ikke kvalifisert.  <\/p>\n\n<p>Returinstruksjoner:<\/p>\n\n<p>Etter at du har f\u00e5tt et returautorisasjonsnummer for e-handels-RMA, pakk varen tilbake i originalemballasjen og send den tilbake til oss med RMA-nummeret tydelig skrevet p\u00e5 utsiden av pakken til adressen som er oppgitt p\u00e5 RMA-skjemaet. Varer som inneholder farlig materiale kan kun returneres til ACR med bakkeforsendelser og m\u00e5 merkes med riktig dokumentasjon for frakt av farlig materiale (bes\u00f8k produktsiden for \u00e5 se om produktet ditt kvalifiserer). <\/p>\n\n<p>Med unntak av tilfeller der returen skyldes en feil fra ACR , eller varen ankommer skadet eller defekt, refunderes ikke de opprinnelige fraktkostnadene, og du er ansvarlig for alle returfraktkostnader. ACR er ikke ansvarlig for returer som g\u00e5r tapt under transport eller returneres til feil adresse. Vennligst behold sporingsinformasjonen for returen. <\/p>\n\n<p><\/p>\n\n<p class=\"has-vivid-cyan-blue-color has-text-color\"><strong><a href=\"https:\/\/www.dropbox.com\/s\/lpd25ezounpckok\/2023%20RMA%20Policy.pdf?dl=1\">View v\u00e5r fullstendige policy for retur av materiale her<\/a><\/strong><\/p>\n\n<h4 class=\"wp-block-heading\" id=\"h-purchases-not-made-acrartex-com\">Kj\u00f8p som ikke er gjort ACRARTEX.com<\/h4>\n\n<p>Kj\u00f8p som ikke er gjort p\u00e5 denne nettsiden (www.acrartex.com) kan kun returneres til forhandleren du fikk fra<br\/> kj\u00f8pte produktet og ikke til ACR .  <\/p>\n\n<p>Hvis produktet m\u00e5 returneres for garantireparasjon, bruk lenken nedenfor for \u00e5 laste ned RMA-foresp\u00f8rselsskjemaet. Utfylte skjemaer skal sendes til <a href=\"mailto:returns@acrartex.com\">returns@acrartex.com<\/a>   <br\/><\/p>\n\n<p>Ikke fyll ut RMA-skjemaet for ACR batteribyttetjeneste (EPIRB-er og PLB-er) \u2013 <a href=\"https:\/\/www.acrartex.com\/no\/stotte\/forhandlersok\/\">finn et lokalt servicesenter her<\/a> .  <\/p>\n\n<p><br\/><strong><a href=\"https:\/\/www.dropbox.com\/s\/rrz1jhjz55p1bjz\/RMA%20Form%202020.pdf?dl=1\"><span class=\"has-inline-color has-vivid-cyan-blue-color\">Skjema for foresp\u00f8rsel om retur av materiale<\/span><\/a><\/strong> <\/p>\n\n<p><strong>Du trenger f\u00f8lgende informasjon for \u00e5 fullf\u00f8re RMA-foresp\u00f8rselen din;<\/strong><br\/> 1. Produktmodellnummer<br\/> 2. Produktets delenummer<br\/> 3. Produktets serienummer<br\/> 4. Produksjonsdato<\/p>\n\n<p>Ved \u00e5 returnere eller sende produkter tilbake til ACR Electronics , Inc., gj\u00f8r du det i samsvar med v\u00e5r policy for retur av materiale.<\/p>\n\n<p><strong>For hjelp med RMA-foresp\u00f8rselen din,<\/strong> kontakt oss p\u00e5 954-981-3333 alternativ 4 eller send oss \u200b\u200ben e-post p\u00e5 <a href=\"mailto:returns@acrartex.com\" target=\"_blank\" rel=\"noreferrer noopener\">returns@acrartex.com<\/a><\/p>\n\n<p><\/p>\n\n<h2 class=\"wp-block-heading\" id=\"h-refund-methods\">Refusjonsmetoder<\/h2>\n\n<p>Returer gjort innen 30 dager etter kj\u00f8pet vil bli refundert med den betalingsm\u00e5ten som ble brukt i det opprinnelige salget. Vennligst beregn opptil 14 virkedager f\u00f8r en refusjon blir registrert p\u00e5 kredittkortkontoen din fra datoen refusjonen er behandlet. <\/p>\n\n<h2 class=\"wp-block-heading\" id=\"h-order-status\">Ordrestatus<\/h2>\n\n<p>Du vil kunne bekrefte bestillingen din f\u00f8r du sender den inn. Etter at du har sendt inn bestillingen, vil du motta en e-postbekreftelse. Hvis noen av varene ikke kan sendes, vil du bli varslet av kundeserviceteamet v\u00e5rt om hvordan du g\u00e5r frem. For \u00e5 sjekke statusen til bestillingen din, logg inn p\u00e5 kontoen din p\u00e5 nettstedet, g\u00e5 til ordrehistorikk og klikk p\u00e5 den spesifikke bestillingen.   <\/p>\n\n<h2 class=\"wp-block-heading\" id=\"h-chargeback-policy\">Tilbakef\u00f8ringspolicy<\/h2>\n\n<p>ACR Electronics vil gj\u00f8re sitt ytterste for \u00e5 forlike eventuelle uredelige kj\u00f8p med v\u00e5re verdsatte kunder. Ethvert beacon-kj\u00f8p som er bestridt med en tilbakef\u00f8ring som enten: (1) ikke er l\u00f8st ved \u00e5 varsle banken din om \u00e5 avslutte tilbakef\u00f8ringen; eller (2) varene returneres til ACR i samsvar med v\u00e5r returpolicy, vil ACR rapportere det\/de omstridte produktet\/produktenes unike identifikasjonsnummer og serienummer som stj\u00e5let til den nasjonale myndighetenes registreringsdatabase inntil tilbakef\u00f8ringen er l\u00f8st p\u00e5 registreringslisten. <\/p>\n\n<h2 class=\"wp-block-heading\" id=\"h-\"><\/h2>\n\n<p><\/p>\n\n<h2 class=\"wp-block-heading\" id=\"h-\"><\/h2>\n","protected":false},"excerpt":{"rendered":"<p>Returpolicy Kj\u00f8p gjort p\u00e5 nett p\u00e5 www.ACRARTEX.com Vi st\u00e5r bak produktene v\u00e5re. Hvis kj\u00f8pet ditt p\u00e5 www.ACRARTEX.com ikke oppfyller forventningene dine, kan du returnere det for refusjon (eksklusive fraktkostnader og et potensielt gebyr p\u00e5 20 % for lagerf\u00f8ring) innen 30 dager etter kj\u00f8psdatoen, med unntak av det som er angitt nedenfor. Vennligst last ned en [&hellip;]<\/p>\n","protected":false},"author":1,"featured_media":0,"parent":143996,"menu_order":0,"comment_status":"closed","ping_status":"closed","template":"","meta":{"_acf_changed":false,"om_disable_all_campaigns":false,"footnotes":""},"class_list":["post-144033","page","type-page","status-publish","hentry"],"acf":[],"_links":{"self":[{"href":"https:\/\/www.acrartex.com\/no\/wp-json\/wp\/v2\/pages\/144033","targetHints":{"allow":["GET"]}}],"collection":[{"href":"https:\/\/www.acrartex.com\/no\/wp-json\/wp\/v2\/pages"}],"about":[{"href":"https:\/\/www.acrartex.com\/no\/wp-json\/wp\/v2\/types\/page"}],"author":[{"embeddable":true,"href":"https:\/\/www.acrartex.com\/no\/wp-json\/wp\/v2\/users\/1"}],"replies":[{"embeddable":true,"href":"https:\/\/www.acrartex.com\/no\/wp-json\/wp\/v2\/comments?post=144033"}],"version-history":[{"count":3,"href":"https:\/\/www.acrartex.com\/no\/wp-json\/wp\/v2\/pages\/144033\/revisions"}],"predecessor-version":[{"id":160912,"href":"https:\/\/www.acrartex.com\/no\/wp-json\/wp\/v2\/pages\/144033\/revisions\/160912"}],"up":[{"embeddable":true,"href":"https:\/\/www.acrartex.com\/no\/wp-json\/wp\/v2\/pages\/143996"}],"wp:attachment":[{"href":"https:\/\/www.acrartex.com\/no\/wp-json\/wp\/v2\/media?parent=144033"}],"curies":[{"name":"wp","href":"https:\/\/api.w.org\/{rel}","templated":true}]}}