{"id":143945,"date":"2020-12-21T19:18:06","date_gmt":"2020-12-22T00:18:06","guid":{"rendered":"https:\/\/www.acrartex.com\/evne\/"},"modified":"2025-07-07T04:44:29","modified_gmt":"2025-07-07T09:44:29","slug":"evne","status":"publish","type":"page","link":"https:\/\/www.acrartex.com\/no\/evne\/","title":{"rendered":"Evne"},"content":{"rendered":"\n<p>ACR \/Artex har over 60 \u00e5rs erfaring med \u00e5 utvikle, produsere og st\u00f8tte livreddende produkter, inkludert EPIRB-er, n\u00f8dsendere (ELT-er), personlige peilingsentraler, s\u00f8k- og redningstranspondere (SART-er), redningsstrobelys og mer.<\/p>\n\n<p>Ved \u00e5 bruke v\u00e5r kundefokuserte ledelsesfilosofi f\u00f8lger v\u00e5re ansatte AS9100 \/ ISO 9001-registrerte prosedyrer for \u00e5 tilby l\u00f8sninger som dekker kundenes behov.<\/p>\n\n<p>En sterk forpliktelse til implementering av lean-prinsipper for produksjon, kommunikasjon og andre forretningssystemer startet sommeren 2004 for \u00e5 bygge et grunnlag for forbedret ytelse med m\u00e5l om 100 % punktlig levering av perfekte produkter. V\u00e5r lean-transformasjon er en integrert del av det kontinuerlige forbedringsprogrammet, en konstant gjennomgang av prosessene v\u00e5re for \u00e5 forbedre v\u00e5re viktigste balanserte m\u00e5lstyringsm\u00e5l, eliminere svinn og forbedre kundetilfredsheten. <\/p>\n\n<p>Ved \u00e5 utvide kjernekompetansen v\u00e5r gjennom kontinuerlige oppl\u00e6ringsprogrammer kan vi utvikle oss fra \u00e5 v\u00e6re en produsent av livreddende utstyr til en verdsatt partner med fleksibiliteten til \u00e5 utvide merkevaren sin til nye forretningsomr\u00e5der.<\/p>\n\n<p>N\u00e5v\u00e6rende muligheter inkluderer:<\/p>\n\n<p>3D-modellering for \u00e5 designe og spesifisere v\u00e5re plast- (spr\u00f8ytest\u00f8peformer) og metallhus<br\/> Finite Element Analysis for \u00e5 analysere designene v\u00e5re mot milj\u00f8kriterier spesifisert av FAA og RTCO<br\/> Intern PCB- og PCA-design ved hjelp av den nyeste CAD-programvaren<br\/> EMI-probleml\u00f8sning i RF-design<br\/> Design av tilpassede batteripakker for t\u00f8ffe milj\u00f8applikasjoner (milit\u00e6r, medisinsk,&#8230;)<br\/> Tilpassede fjernbryterdesign med eller uten kompatibilitet med nattsynbriller for kommersielle, forretningsmessige og milit\u00e6re plattformprodusenter<br\/> Konform belegg av kretskort for \u00e5 forhindre EMI, forlenge produktets levetid og beskytte kortet mot vann og\/eller smuss dersom husdekselet skulle bli kompromittert.<\/p>\n","protected":false},"excerpt":{"rendered":"<p>ACR \/Artex har over 60 \u00e5rs erfaring med \u00e5 utvikle, produsere og st\u00f8tte livreddende produkter, inkludert EPIRB-er, n\u00f8dsendere (ELT-er), personlige peilingsentraler, s\u00f8k- og redningstranspondere (SART-er), redningsstrobelys og mer. Ved \u00e5 bruke v\u00e5r kundefokuserte ledelsesfilosofi f\u00f8lger v\u00e5re ansatte AS9100 \/ ISO 9001-registrerte prosedyrer for \u00e5 tilby l\u00f8sninger som dekker kundenes behov. En sterk forpliktelse til implementering [&hellip;]<\/p>\n","protected":false},"author":2,"featured_media":0,"parent":0,"menu_order":0,"comment_status":"closed","ping_status":"closed","template":"","meta":{"_acf_changed":false,"om_disable_all_campaigns":false,"footnotes":""},"class_list":["post-143945","page","type-page","status-publish","hentry"],"acf":[],"_links":{"self":[{"href":"https:\/\/www.acrartex.com\/no\/wp-json\/wp\/v2\/pages\/143945","targetHints":{"allow":["GET"]}}],"collection":[{"href":"https:\/\/www.acrartex.com\/no\/wp-json\/wp\/v2\/pages"}],"about":[{"href":"https:\/\/www.acrartex.com\/no\/wp-json\/wp\/v2\/types\/page"}],"author":[{"embeddable":true,"href":"https:\/\/www.acrartex.com\/no\/wp-json\/wp\/v2\/users\/2"}],"replies":[{"embeddable":true,"href":"https:\/\/www.acrartex.com\/no\/wp-json\/wp\/v2\/comments?post=143945"}],"version-history":[{"count":1,"href":"https:\/\/www.acrartex.com\/no\/wp-json\/wp\/v2\/pages\/143945\/revisions"}],"predecessor-version":[{"id":143947,"href":"https:\/\/www.acrartex.com\/no\/wp-json\/wp\/v2\/pages\/143945\/revisions\/143947"}],"wp:attachment":[{"href":"https:\/\/www.acrartex.com\/no\/wp-json\/wp\/v2\/media?parent=143945"}],"curies":[{"name":"wp","href":"https:\/\/api.w.org\/{rel}","templated":true}]}}