{"id":143928,"date":"2020-12-21T19:25:44","date_gmt":"2020-12-22T00:25:44","guid":{"rendered":"https:\/\/www.acrartex.com\/reparasjoner\/"},"modified":"2025-07-07T04:51:04","modified_gmt":"2025-07-07T09:51:04","slug":"reparasjoner","status":"publish","type":"page","link":"https:\/\/www.acrartex.com\/no\/stotte\/reparasjoner\/","title":{"rendered":"Reparasjoner"},"content":{"rendered":"\n<h3 class=\"wp-block-heading\" id=\"h-repairs-and-battery-replacement\">REPARASJONER OG BATTERIUTSKIFTING<\/h3>\n\n<p>Hvis du har produkter som trenger reparasjon, er vi her for \u00e5 hjelpe. Batterier kan byttes p\u00e5 et hvilket som helst av v\u00e5re batteribyttesentre (BRC) i n\u00e6rheten av deg, eller du kan kontakte oss p\u00e5 nummeret nedenfor.   <\/p>\n\n<figure class=\"wp-block-embed is-type-video is-provider-youtube wp-block-embed-youtube wp-embed-aspect-16-9 wp-has-aspect-ratio\"><div class=\"wp-block-embed__wrapper\">\n<iframe loading=\"lazy\" title=\"Battery Replacement | ACR ARTEX\" width=\"500\" height=\"281\" src=\"https:\/\/www.youtube.com\/embed\/fcXReqeFNSo?feature=oembed\" frameborder=\"0\" allow=\"accelerometer; autoplay; clipboard-write; encrypted-media; gyroscope; picture-in-picture; web-share\" referrerpolicy=\"strict-origin-when-cross-origin\" allowfullscreen><\/iframe>\n<\/div><\/figure>\n\n<p>L\u00e6r mer om <a href=\"https:\/\/www.acrartex.com\/battery\/\">batteribytte ACR EPRIB og PLB her<\/a><\/p>\n\n<p>(954) 981-3333<\/p>\n\n<p>For service av G-Switch, se v\u00e5r <a href=\"https:\/\/www.dropbox.com\/s\/ap48w250ar7c3xz\/AUTHORIZED%20SERVICE%20CENTER%20LIST%202022.pdf?dl=1\">liste over autoriserte ARTEX servicesentre<\/a> .<\/p>\n\n<h2 class=\"wp-block-heading\" id=\"h-rmas-return-material-authorization\">RMA-er (Return Material Authorization):<\/h2>\n\n<p>Vennligst bes\u00f8k f\u00f8lgende side:<span class=\"has-inline-color has-pale-cyan-blue-color\"> <\/span><a href=\"https:\/\/www.acrartex.com\/support\/return-and-exchanges\/\">Retur \/ RMA \/ Bytte<\/a><\/p>\n\n<p>Se mer informasjon om batteribytte i v\u00e5re <a href=\"https:\/\/stg.acrelectronics.com\/support\/faqs\/\">vanlige sp\u00f8rsm\u00e5l<\/a> .<\/p>\n\n<h2 class=\"wp-block-heading\" id=\"h-hours\">Timer<\/h2>\n\n<p>Mandag \u2013 fredag<br\/> 07:30\u201316:30 (EST)<\/p>\n","protected":false},"excerpt":{"rendered":"<p>REPARASJONER OG BATTERIUTSKIFTING Hvis du har produkter som trenger reparasjon, er vi her for \u00e5 hjelpe. Batterier kan byttes p\u00e5 et hvilket som helst av v\u00e5re batteribyttesentre (BRC) i n\u00e6rheten av deg, eller du kan kontakte oss p\u00e5 nummeret nedenfor. L\u00e6r mer om batteribytte ACR EPRIB og PLB her (954) 981-3333 For service av G-Switch, [&hellip;]<\/p>\n","protected":false},"author":5,"featured_media":0,"parent":143996,"menu_order":0,"comment_status":"closed","ping_status":"closed","template":"","meta":{"_acf_changed":false,"om_disable_all_campaigns":false,"footnotes":""},"class_list":["post-143928","page","type-page","status-publish","hentry"],"acf":[],"_links":{"self":[{"href":"https:\/\/www.acrartex.com\/no\/wp-json\/wp\/v2\/pages\/143928","targetHints":{"allow":["GET"]}}],"collection":[{"href":"https:\/\/www.acrartex.com\/no\/wp-json\/wp\/v2\/pages"}],"about":[{"href":"https:\/\/www.acrartex.com\/no\/wp-json\/wp\/v2\/types\/page"}],"author":[{"embeddable":true,"href":"https:\/\/www.acrartex.com\/no\/wp-json\/wp\/v2\/users\/5"}],"replies":[{"embeddable":true,"href":"https:\/\/www.acrartex.com\/no\/wp-json\/wp\/v2\/comments?post=143928"}],"version-history":[{"count":1,"href":"https:\/\/www.acrartex.com\/no\/wp-json\/wp\/v2\/pages\/143928\/revisions"}],"predecessor-version":[{"id":143930,"href":"https:\/\/www.acrartex.com\/no\/wp-json\/wp\/v2\/pages\/143928\/revisions\/143930"}],"up":[{"embeddable":true,"href":"https:\/\/www.acrartex.com\/no\/wp-json\/wp\/v2\/pages\/143996"}],"wp:attachment":[{"href":"https:\/\/www.acrartex.com\/no\/wp-json\/wp\/v2\/media?parent=143928"}],"curies":[{"name":"wp","href":"https:\/\/api.w.org\/{rel}","templated":true}]}}