{"id":166532,"date":"2025-11-06T04:46:44","date_gmt":"2025-11-06T09:46:44","guid":{"rendered":"https:\/\/www.acrartex.com\/products\/bivy-go-plan-bivy-stick-onbeperkt-data\/"},"modified":"2025-11-06T04:46:44","modified_gmt":"2025-11-06T09:46:44","slug":"bivy-go-plan-bivy-stick-onbeperkt-data","status":"publish","type":"product","link":"https:\/\/www.acrartex.com\/nl\/products\/bivy-go-plan-bivy-stick-onbeperkt-data\/","title":{"rendered":"Bivy Go Plan \u2013 Bivy Stick + Onbeperkt Data"},"content":{"rendered":"<p>Blijf overal ter wereld verbonden en veilig met de Bivy Stick: een compact, krachtig apparaat dat je smartphone transformeert in een wereldwijde satellietcommunicator. Dankzij het Iridium-satellietnetwerk garandeert de Bivy Stick 100% wereldwijde dekking, zelfs in de meest afgelegen en ruige omgevingen. <\/p>\n<p>De Bivy Stick is ontworpen voor avonturiers, ontdekkers en noodsituaties en maakt tweewegs satellietcommunicatie, het delen van GPS-locaties en weersupdates mogelijk \u2013 allemaal toegankelijk via de Bivy-app op iOS of Android. De unieke GroupTrack\u2122-functie stelt je in staat om tot 12 Bivy Stick-gebruikers tegelijkertijd berichten te sturen en hun locatie te volgen, waardoor teams, gidsen en families gemakkelijk verbonden en zichtbaar blijven op een gedeelde groepskaart. <\/p>\n<p>In geval van nood drukt u eenvoudig op de speciale SOS-knop om Global Rescue direct te alarmeren. Zo heeft u 24\/7 toegang tot hulpdiensten, waar ook ter wereld. Of u nu offline kaarten downloadt, onbekende paden verkent of contact opneemt met dierbaren, de Bivy Stick biedt gemoedsrust en essenti\u00eble communicatie wanneer dat het meest nodig is. <\/p>\n<p><b>De rol van Bivy -app<\/b><\/p>\n<p>Ontdek meer dan 50.000 outdooravonturen met de Bivy-app \u2013 jouw alles-in-\u00e9\u00e9n tool om de wildernis te verkennen. Of je nu houdt van wandelen, fietsen, kano\u00ebn, klimmen of een van de 20 ondersteunde avontuursoorten, Bivy helpt je de perfecte plek te vinden en er vol vertrouwen te navigeren. <\/p>\n<p>Houd je tempo, afstand, hoogte en meer bij tijdens je ontdekkingstochten en registreer elke reis om een \u200b\u200bpersoonlijk overzicht van je avonturen bij te houden. Dankzij de toegang tot gedetailleerde, wereldwijde offline kaarten weet je altijd precies waar je bent, zelfs zonder mobiel bereik. <\/p>\n<p>In combinatie met ACR&#8217;s Bivy Stick biedt de Bivy-app navigatie, routeplanning en betrouwbare satellietcommunicatie, en zorgt zo voor betaalbare veiligheid en gemoedsrust voor iedereen, van weekendavonturiers tot doorgewinterde professionals.<\/p>\n<p><b>Kenmerken en voordelen:<\/b><\/p>\n<ul>\n<li><b>Betrouwbare tweewegsberichten<\/b> : Blijf verbonden, ook buiten het bereik van je mobiele telefoon, met tweewegs sms-berichten via het wereldwijde Iridium\u00ae-satellietnetwerk.<\/li>\n<li><b>Eigen telefoonnummer en e-mailadres<\/b> : Stuur berichten met uw eigen telefoonnummer en e-mailadres voor vlotte communicatie.<\/li>\n<li><b>Groepsberichten en locatiebepaling met GroupTrack\u2122<\/b> : Communiceer en deel locaties met maximaal 12 Bivy Stick-gebruikers. Vrienden en familie kunnen je reis volgen en deelnemen aan groepschats via een gedeelde webpagina. <\/li>\n<li><b>Onbeperkt aantal gepersonaliseerde check-ins<\/b> : verstuur GPS-check-inberichten met uw exacte locatie. Onbeperkt aantal check-ins is inbegrepen bij een abonnement.* <\/li>\n<li><b>Realtime tracking en locatie delen<\/b> : Op de webpagina Locatie delen worden uw incheckgeschiedenis, berichtgeschiedenis met antwoorden en gedeelde routes overzichtelijk weergegeven.<\/li>\n<li><b>24\/7 SOS-monitoring door Global Rescue\u2122<\/b> : Activeer noodmeldingen via de app of de SOS-knop op uw apparaat. Communiceer direct met de hulpdiensten en annuleer SOS-meldingen via het apparaat of de app. <\/li>\n<li><b>Geavanceerde navigatie- en avonturentools<\/b> : download offline kaarten en ontdek duizenden avonturen die door de community zijn ingediend, waaronder wandelroutes, klimroutes en waterwegen.<\/li>\n<li><b>Robuust en waterdicht ontwerp<\/b> : met een IPX7-classificatie.<\/li>\n<li><b>GoPro-compatibel<\/b> : Volledig compatibel met GoPro-bevestigingen en inclusief een GoPro-accessoireadapter voor eenvoudige integratie.<\/li>\n<li><b>Complete set inbegrepen \u2013<\/b> Inclusief USB-C-oplaadkabel, karabijnhaak, draagkoord, snelstartgids en GoPro-adapter \u2013 alles wat je nodig hebt om aan de slag te gaan.<\/li>\n<li><b>Gemaakt in de VS \u2013<\/b> Met 1 jaar fabrieksgarantie voor extra gemoedsrust.<\/li>\n<li>* <a href=\"https:\/\/bivystick.com\/plans\/\" data-cke-saved-href=\"https:\/\/www.bivy.com\/data-plans\">Maandelijks abonnement vereist<\/a> . Raadpleeg de website van de fabrikant voor meer informatie. <\/li>\n<\/ul>\n<p>&nbsp;<\/p>\n<p>Nood-SOS geactiveerd in de app of op de knop van het apparaat. Aangeboden door GlobalRescue\u2122 <\/p>\n<p><a href=\"https:\/\/www.acrartex.com\/wp-content\/uploads\/2021\/06\/ProductOverview.png\"><img loading=\"lazy\" decoding=\"async\" class=\"alignnone size-medium wp-image-37736\" src=\"https:\/\/www.acrartex.com\/wp-content\/uploads\/2021\/06\/ProductOverview-300x300.png\" alt=\"\" width=\"300\" height=\"300\" srcset=\"https:\/\/www.acrartex.com\/wp-content\/uploads\/2021\/06\/ProductOverview-300x300.png 300w, https:\/\/www.acrartex.com\/wp-content\/uploads\/2021\/06\/ProductOverview-1024x1024.png 1024w, https:\/\/www.acrartex.com\/wp-content\/uploads\/2021\/06\/ProductOverview-150x150.png 150w, https:\/\/www.acrartex.com\/wp-content\/uploads\/2021\/06\/ProductOverview-768x768.png 768w, https:\/\/www.acrartex.com\/wp-content\/uploads\/2021\/06\/ProductOverview-1536x1536.png 1536w, https:\/\/www.acrartex.com\/wp-content\/uploads\/2021\/06\/ProductOverview-600x600.png 600w, https:\/\/www.acrartex.com\/wp-content\/uploads\/2021\/06\/ProductOverview-100x100.png 100w, https:\/\/www.acrartex.com\/wp-content\/uploads\/2021\/06\/ProductOverview.png 1601w\" sizes=\"auto, (max-width: 300px) 100vw, 300px\" \/><\/a> <a href=\"https:\/\/www.acrartex.com\/wp-content\/uploads\/2021\/06\/2_ProductOverview-04.png\"><img loading=\"lazy\" decoding=\"async\" class=\"alignnone size-medium wp-image-37732\" src=\"https:\/\/www.acrartex.com\/wp-content\/uploads\/2021\/06\/2_ProductOverview-04-300x300.png\" alt=\"\" width=\"300\" height=\"300\" srcset=\"https:\/\/www.acrartex.com\/wp-content\/uploads\/2021\/06\/2_ProductOverview-04-300x300.png 300w, https:\/\/www.acrartex.com\/wp-content\/uploads\/2021\/06\/2_ProductOverview-04-1024x1024.png 1024w, https:\/\/www.acrartex.com\/wp-content\/uploads\/2021\/06\/2_ProductOverview-04-150x150.png 150w, https:\/\/www.acrartex.com\/wp-content\/uploads\/2021\/06\/2_ProductOverview-04-768x768.png 768w, https:\/\/www.acrartex.com\/wp-content\/uploads\/2021\/06\/2_ProductOverview-04-1536x1536.png 1536w, https:\/\/www.acrartex.com\/wp-content\/uploads\/2021\/06\/2_ProductOverview-04-2048x2048.png 2048w, https:\/\/www.acrartex.com\/wp-content\/uploads\/2021\/06\/2_ProductOverview-04-600x600.png 600w, https:\/\/www.acrartex.com\/wp-content\/uploads\/2021\/06\/2_ProductOverview-04-100x100.png 100w\" sizes=\"auto, (max-width: 300px) 100vw, 300px\" \/><\/a> <a href=\"https:\/\/www.acrartex.com\/wp-content\/uploads\/2021\/06\/SOS.png\"><img loading=\"lazy\" decoding=\"async\" class=\"alignnone size-medium wp-image-37734\" src=\"https:\/\/www.acrartex.com\/wp-content\/uploads\/2021\/06\/SOS-300x300.png\" alt=\"\" width=\"300\" height=\"300\" srcset=\"https:\/\/www.acrartex.com\/wp-content\/uploads\/2021\/06\/SOS-300x300.png 300w, https:\/\/www.acrartex.com\/wp-content\/uploads\/2021\/06\/SOS-1024x1024.png 1024w, https:\/\/www.acrartex.com\/wp-content\/uploads\/2021\/06\/SOS-150x150.png 150w, https:\/\/www.acrartex.com\/wp-content\/uploads\/2021\/06\/SOS-768x768.png 768w, https:\/\/www.acrartex.com\/wp-content\/uploads\/2021\/06\/SOS-1536x1536.png 1536w, https:\/\/www.acrartex.com\/wp-content\/uploads\/2021\/06\/SOS-600x600.png 600w, https:\/\/www.acrartex.com\/wp-content\/uploads\/2021\/06\/SOS-100x100.png 100w, https:\/\/www.acrartex.com\/wp-content\/uploads\/2021\/06\/SOS.png 1601w\" sizes=\"auto, (max-width: 300px) 100vw, 300px\" \/><\/a><a href=\"https:\/\/www.acrartex.com\/wp-content\/uploads\/2021\/06\/2_ProductOverview-06.png\"><img loading=\"lazy\" decoding=\"async\" class=\"alignnone size-medium wp-image-37733\" src=\"https:\/\/www.acrartex.com\/wp-content\/uploads\/2021\/06\/2_ProductOverview-06-300x300.png\" alt=\"\" width=\"300\" height=\"300\" srcset=\"https:\/\/www.acrartex.com\/wp-content\/uploads\/2021\/06\/2_ProductOverview-06-300x300.png 300w, https:\/\/www.acrartex.com\/wp-content\/uploads\/2021\/06\/2_ProductOverview-06-1024x1024.png 1024w, https:\/\/www.acrartex.com\/wp-content\/uploads\/2021\/06\/2_ProductOverview-06-150x150.png 150w, https:\/\/www.acrartex.com\/wp-content\/uploads\/2021\/06\/2_ProductOverview-06-768x768.png 768w, https:\/\/www.acrartex.com\/wp-content\/uploads\/2021\/06\/2_ProductOverview-06-1536x1536.png 1536w, https:\/\/www.acrartex.com\/wp-content\/uploads\/2021\/06\/2_ProductOverview-06-2048x2048.png 2048w, https:\/\/www.acrartex.com\/wp-content\/uploads\/2021\/06\/2_ProductOverview-06-600x600.png 600w, https:\/\/www.acrartex.com\/wp-content\/uploads\/2021\/06\/2_ProductOverview-06-100x100.png 100w\" sizes=\"auto, (max-width: 300px) 100vw, 300px\" \/><\/a><\/p>\n","protected":false},"excerpt":{"rendered":"<p><span class=\"TextRun SCXW244057555 BCX0\" lang=\"EN-US\" data-contrast=\"none\" xml:lang=\"EN-US\"><span class=\"NormalTextRun SCXW244057555 BCX0\">Geniet van het leven met Bivy Stick.<\/span><span class=\"NormalTextRun SCXW244057555 BCX0\"> <\/span><span class=\"NormalTextRun SCXW244057555 BCX0\">betrouwbaar<\/span><span class=\"NormalTextRun SCXW244057555 BCX0\"> <\/span><\/span><span class=\"TextRun SCXW244057555 BCX0\" lang=\"EN-US\" data-contrast=\"none\"><span class=\"NormalTextRun SCXW244057555 BCX0\">2-<\/span><\/span> <span class=\"TextRun SCXW244057555 BCX0\" lang=\"EN-US\" data-contrast=\"auto\"><span class=\"NormalTextRun SCXW244057555 BCX0\">weg<\/span> <span class=\"NormalTextRun SCXW244057555 BCX0\">satellietcommunicatie<\/span><\/span><span class=\"TextRun SCXW244057555 BCX0\" lang=\"EN-US\" data-contrast=\"none\" xml:lang=\"EN-US\"><span class=\"NormalTextRun SCXW244057555 BCX0\">,  <\/span><\/span><span class=\"TextRun SCXW244057555 BCX0\" lang=\"EN-US\" data-contrast=\"none\" xml:lang=\"EN-US\"><span class=\"NormalTextRun SCXW244057555 BCX0\">groepsberichten<\/span><\/span><span class=\"TextRun SCXW244057555 BCX0\" lang=\"EN-US\" data-contrast=\"none\" xml:lang=\"EN-US\"><span class=\"NormalTextRun SCXW244057555 BCX0\">,  <\/span><\/span><span class=\"TextRun SCXW244057555 BCX0\" lang=\"EN-US\" data-contrast=\"none\" xml:lang=\"EN-US\"><span class=\"NormalTextRun SCXW244057555 BCX0\">24\/7 SOS-ondersteuning<\/span><\/span><span class=\"TextRun SCXW244057555 BCX0\" lang=\"EN-US\" data-contrast=\"none\" xml:lang=\"EN-US\"><span class=\"NormalTextRun SCXW244057555 BCX0\">,  <\/span><\/span><span class=\"TextRun SCXW244057555 BCX0\" lang=\"EN-US\" data-contrast=\"none\" xml:lang=\"EN-US\"><span class=\"NormalTextRun SCXW244057555 BCX0\">GPS tracking<\/span><\/span><span class=\"TextRun SCXW244057555 BCX0\" lang=\"EN-US\" data-contrast=\"none\" xml:lang=\"EN-US\"><span class=\"NormalTextRun SCXW244057555 BCX0\">, En  <\/span><\/span><span class=\"TextRun SCXW244057555 BCX0\" lang=\"EN-US\" data-contrast=\"none\" xml:lang=\"EN-US\"><span class=\"NormalTextRun SCXW244057555 BCX0\">locatie delen  <\/span><\/span><span class=\"TextRun SCXW244057555 BCX0\" lang=\"EN-US\" data-contrast=\"none\" xml:lang=\"EN-US\"><span class=\"NormalTextRun SCXW244057555 BCX0\">alles in \u00e9\u00e9n  <\/span><\/span><span class=\"TextRun SCXW244057555 BCX0\" lang=\"EN-US\" data-contrast=\"none\" xml:lang=\"EN-US\"><span class=\"NormalTextRun SCXW244057555 BCX0\">compact<\/span><\/span><span class=\"TextRun SCXW244057555 BCX0\" lang=\"EN-US\" data-contrast=\"none\" xml:lang=\"EN-US\"><span class=\"NormalTextRun SCXW244057555 BCX0\">  En  <\/span><\/span><span class=\"TextRun SCXW244057555 BCX0\" lang=\"EN-US\" data-contrast=\"none\" xml:lang=\"EN-US\"><span class=\"NormalTextRun SCXW244057555 BCX0\">lichtgewicht<\/span><\/span><span class=\"TextRun SCXW244057555 BCX0\" lang=\"EN-US\" data-contrast=\"none\" xml:lang=\"EN-US\"><span class=\"NormalTextRun SCXW244057555 BCX0\">  apparaat. Het geeft je de   <\/span><\/span><span class=\"TextRun SCXW244057555 BCX0\" lang=\"EN-US\" data-contrast=\"none\"><span class=\"NormalTextRun SCXW244057555 BCX0\">Vrijheid van communicatie buiten het elektriciteitsnet<\/span><\/span> <span class=\"TextRun SCXW244057555 BCX0\" lang=\"EN-US\" data-contrast=\"none\"><span class=\"NormalTextRun SCXW244057555 BCX0\">tegen de<\/span><\/span> <span class=\"TextRun SCXW244057555 BCX0\" lang=\"EN-US\" data-contrast=\"none\"><span class=\"NormalTextRun SCXW244057555 BCX0\">meest betaalbare prijs op de markt<\/span><\/span> <span class=\"TextRun SCXW244057555 BCX0\" lang=\"EN-US\" data-contrast=\"none\"><span class=\"NormalTextRun SCXW244057555 BCX0\">.<\/span><\/span><\/p>\n","protected":false},"featured_media":163277,"template":"","meta":{"_acf_changed":false,"om_disable_all_campaigns":false},"product_brand":[],"product_cat":[5667,5739],"product_tag":[13092,13110,13094,13082,13096],"class_list":{"0":"post-166532","1":"product","2":"type-product","3":"status-publish","4":"has-post-thumbnail","6":"product_cat-marine-nl","7":"product_cat-openlucht","8":"product_tag-2-weg-communicatie","9":"product_tag-4601-nl","10":"product_tag-acr-bivy-nl","11":"product_tag-bivy-nl","12":"product_tag-bivy-app-nl","14":"first","15":"instock","16":"taxable","17":"shipping-taxable","18":"purchasable","19":"product-type-subscription"},"acf":[],"_links":{"self":[{"href":"https:\/\/www.acrartex.com\/nl\/wp-json\/wp\/v2\/product\/166532","targetHints":{"allow":["GET"]}}],"collection":[{"href":"https:\/\/www.acrartex.com\/nl\/wp-json\/wp\/v2\/product"}],"about":[{"href":"https:\/\/www.acrartex.com\/nl\/wp-json\/wp\/v2\/types\/product"}],"wp:featuredmedia":[{"embeddable":true,"href":"https:\/\/www.acrartex.com\/nl\/wp-json\/wp\/v2\/media\/163277"}],"wp:attachment":[{"href":"https:\/\/www.acrartex.com\/nl\/wp-json\/wp\/v2\/media?parent=166532"}],"wp:term":[{"taxonomy":"product_brand","embeddable":true,"href":"https:\/\/www.acrartex.com\/nl\/wp-json\/wp\/v2\/product_brand?post=166532"},{"taxonomy":"product_cat","embeddable":true,"href":"https:\/\/www.acrartex.com\/nl\/wp-json\/wp\/v2\/product_cat?post=166532"},{"taxonomy":"product_tag","embeddable":true,"href":"https:\/\/www.acrartex.com\/nl\/wp-json\/wp\/v2\/product_tag?post=166532"}],"curies":[{"name":"wp","href":"https:\/\/api.w.org\/{rel}","templated":true}]}}