{"id":162593,"date":"2023-04-10T16:14:00","date_gmt":"2023-04-10T21:14:00","guid":{"rendered":"https:\/\/www.acrartex.com\/products\/elt-4000m\/"},"modified":"2023-04-10T16:14:00","modified_gmt":"2023-04-10T21:14:00","slug":"elt-4000m","status":"publish","type":"product","link":"https:\/\/www.acrartex.com\/nl\/products\/elt-4000m\/","title":{"rendered":"ELT 4000M"},"content":{"rendered":"<p><strong>Productoverzicht<\/strong><\/p>\n<p>De <a href=\"https:\/\/www.acrartex.com\/nl\/news\/acr-electronics-lanceert-artex-elt-4000m-een-innovatieve-emergency-locator-transmitter-van-transportkwaliteit-gevoed-door-een-alkalinebatterij\/\">gloednieuwe ARTEX ELT 4000M<\/a> is een drievoudige transport-grade Emergency Locator Transmitter (ELT) die gebruikmaakt van alkalinebatterijen. Deze innovatieve stroombron betekent dat de ELT 4000M volledig is vrijgesteld van de speciale FAA-vereisten voor de voorwaarden. De voordelen van de ARTEX ELT 4000M op het gebied van eigendomskosten zijn onder andere lagere batterijkosten per cyclus, geen transport van gevaarlijke stoffen en eenvoudige afvoer. Een ge\u00efntegreerde NAV-interface (ARINC429) maakt de installatie van een aparte NAV-interface-unit overbodig.   <\/p>\n<p><strong>Hoe de ARTEX ELT 4000M werkt<\/strong><\/p>\n<p>De ARTEX ELT 4000M kan handmatig (via de afstandsbediening in de cockpit) of automatisch (de G-Switch detecteert een impact van 2,3 G of meer) worden geactiveerd en waarschuwt de dichtstbijzijnde zoek- en reddingsdienst voor een noodgeval. Het 406 MHz-signaal, met de GPS-co\u00f6rdinaten van het vliegtuig, wordt verzonden naar de Cospas-Sarsat-satellieten en doorgestuurd naar het Mission Control Center, waar het direct wordt doorgestuurd naar de dichtstbijzijnde zoek- en reddingsdienst. Het baken geeft hulpverleners de exacte locatie tot op 100 meter nauwkeurig. Ten slotte helpt het 121,5 MHz-homingsignaal de grondtroepen van de zoek- en reddingsdienst bij het vinden van de locatie van het noodgeval.   <\/p>\n<p><strong>Gemakkelijk te installeren en aan te passen<\/strong><\/p>\n<p>De ARTEX ELT 4000M biedt een snelle en eenvoudige retrofitmogelijkheid met flexibele installatieopties, zoals een tweedraads externe schakelaar die geen vliegtuigvoeding nodig heeft. De ELT 4000M is TSO-goedgekeurd met oudere schakelaar- en antennesystemen om retrofit te vergemakkelijken. Omdat het een ELT met \u00e9\u00e9n uitgang is, gebruikt de ARTEX ELT 4000M dezelfde RF-uitgang en slechts \u00e9\u00e9n coaxkabel om de 406 MHz-, 121,5 en 243,0 MHz-signalen te verzenden. De ingebouwde navigatie-interface vermindert de noodzaak om een secundaire externe interface te monteren, wat de installatiekosten aanzienlijk verlaagt. De montageplaat is geschikt voor de oudere ARTEX C- en B-serie ELT-installatie en verlaagt daarmee de engineeringkosten verder.    <\/p>\n<p>&nbsp;<\/p>\n<p><strong>Producteigenschappen<\/strong><\/p>\n<ul>\n<li>Automatische vaste Emergency Locator Transmitter<\/li>\n<li>Tri-frequentie noodbaken, digitale 406 MHz en analoge 121,5 MHz en 243,0 MHz homingsignalen<\/li>\n<li>Automatische activering via interne G-schakelaar<\/li>\n<li>Dual-band antenne met enkele connector en kabel naar de zender \u2013 Blade en Whip beschikbaar<\/li>\n<li>Compatibel met oudere antennes<\/li>\n<li>Eenvoudig onderhoud en installatie<\/li>\n<li>Er zijn veel opties beschikbaar voor de afstandsbediening van de cockpit<\/li>\n<li>Kan worden aangesloten op de ingebouwde GPS via de ge\u00efntegreerde ARINC429-interface<\/li>\n<li>GPS gegevens worden in digitale transmissie verwerkt, waardoor de zoekradius wordt verkleind tot 100 meter. Cospas-Sarsat Type Goedgekeurd<\/li>\n<li>Compatibel met ARTEX 406Test.com satellietbevestigingstestsysteem<\/li>\n<li><a href=\"https:\/\/www.acrartex.com\/fr\/products\/elt-4000m-hm\/\">ARTEX ELT 4000M HM<\/a> Helikopterversie met 5-assige G-schakelaar beschikbaar<\/li>\n<li>Batterij gaat 5 jaar mee (vervangbaar). Wordt geleverd zonder gevaarlijke stoffen. <\/li>\n<\/ul>\n<p>&nbsp;<\/p>\n<p><strong>Paklijst<\/strong><\/p>\n<p><a href=\"https:\/\/www.dropbox.com\/scl\/fi\/23o6bmhfh4yfhkkm99yad\/8265A.pdf?rlkey=j9pb5q8p6uc7pmvwnyd2ehg7s&amp;dl=1\">8265 ELT 4000M Basispakket<\/a><\/p>\n<p><a href=\"https:\/\/www.dropbox.com\/scl\/fi\/gmfobp9uap4dljd95gezz\/8266A.pdf?rlkey=orfkkzr6hoe1m106tkv8pudfq&amp;dl=1\">8266 ELT 4000M basisstang 1 IN<\/a><\/p>\n<p>&nbsp;<\/p>\n","protected":false},"excerpt":{"rendered":"<p>De gloednieuwe ARTEX ELT 4000M is een Emergency Locator Transmitter (ELT) met transportkwaliteit 3 frequentie en werkt op alkalinebatterijen. Deze innovatieve stroombron betekent dat de ELT 4000M volledig is vrijgesteld van de speciale FAA-vereisten voor noodsituaties. In geval van nood kan de ELT 4000M handmatig of automatisch worden geactiveerd om lokale zoek- en reddingsteams snel te waarschuwen voor uw situatie. Wees voorbereid op het onvoorspelbare: \u2013 Lagere batterijkosten per cyclus \u2013 Geen transport van gevaarlijke stoffen \u2013 Eenvoudige afvoer \u2013 Ge\u00efntegreerde NAV-interface (ARINC429)   <\/p>\n<p><a href=\"https:\/\/www.acrartex.com\/news\/acr-electronics-launches-artex-elt-4000m-an-innovative-transport-grade-emergency-locator-transmitter-powered-by-alkaline-battery\/\">Lees persbericht<\/a><\/p>\n<p><a href=\"https:\/\/www.acrartex.com\/products\/406test-elt-self-testing-service\/\"><img loading=\"lazy\" decoding=\"async\" class=\"alignnone\" style=\"width: 250px; height: 34px;\" src=\"https:\/\/dk2ztu5ooimmu.cloudfront.net\/ckeditor_assets\/pictures\/146\/406Test_with_desc_-_Tag.gif\" alt=\"\" width=\"641\" height=\"88\"><\/a><\/p>\n<p><a href=\"mailto:ArtexSales@acrartex.com?subject= ELT %204000% 20Sales%20Vraag\"><img decoding=\"async\" style=\"width: 250px; height: 210px;\" src=\"\/\/dk2ztu5ooimmu.cloudfront.net\/ckeditor_assets\/pictures\/148\/ARTEX_-_ELT_4000_Ad_Bubble.gif\" alt=\"\"><\/a><\/p>\n","protected":false},"featured_media":12176,"template":"","meta":{"_acf_changed":false,"om_disable_all_campaigns":false},"product_brand":[],"product_cat":[8459,5593,5924],"product_tag":[15595,15596,15598,15594,8375,8924,8927,8104,5599,8920,8914,15599,8921,5611,8923,8925,15597,8926],"class_list":{"0":"post-162593","1":"product","2":"type-product","3":"status-publish","4":"has-post-thumbnail","6":"product_cat-commerciele-vliegtuigen","7":"product_cat-luchtvaart","8":"product_cat-zakenjet","9":"product_tag-243-mhz-nl","10":"product_tag-2430-mhz-nl","11":"product_tag-3-frequentie","12":"product_tag-4000m-nl","13":"product_tag-406-mhz-elt-nl","14":"product_tag-8260-nl","15":"product_tag-alkalische-elt","16":"product_tag-artex-nl","17":"product_tag-elt-nl","18":"product_tag-elt-upgrade-nl","19":"product_tag-elt-4000-nl","20":"product_tag-elt-4000m-nl","21":"product_tag-elt4000-nl","22":"product_tag-noodlokalisatiezender","23":"product_tag-pn-nummer-8260","24":"product_tag-speciale-voorwaarden-voor-lithium","25":"product_tag-tri-frequentie","26":"product_tag-vrijgestelde-lithium-elt","28":"first","29":"instock","30":"taxable","31":"shipping-taxable","32":"product-type-simple"},"acf":[],"_links":{"self":[{"href":"https:\/\/www.acrartex.com\/nl\/wp-json\/wp\/v2\/product\/162593","targetHints":{"allow":["GET"]}}],"collection":[{"href":"https:\/\/www.acrartex.com\/nl\/wp-json\/wp\/v2\/product"}],"about":[{"href":"https:\/\/www.acrartex.com\/nl\/wp-json\/wp\/v2\/types\/product"}],"wp:featuredmedia":[{"embeddable":true,"href":"https:\/\/www.acrartex.com\/nl\/wp-json\/wp\/v2\/media\/12176"}],"wp:attachment":[{"href":"https:\/\/www.acrartex.com\/nl\/wp-json\/wp\/v2\/media?parent=162593"}],"wp:term":[{"taxonomy":"product_brand","embeddable":true,"href":"https:\/\/www.acrartex.com\/nl\/wp-json\/wp\/v2\/product_brand?post=162593"},{"taxonomy":"product_cat","embeddable":true,"href":"https:\/\/www.acrartex.com\/nl\/wp-json\/wp\/v2\/product_cat?post=162593"},{"taxonomy":"product_tag","embeddable":true,"href":"https:\/\/www.acrartex.com\/nl\/wp-json\/wp\/v2\/product_tag?post=162593"}],"curies":[{"name":"wp","href":"https:\/\/api.w.org\/{rel}","templated":true}]}}