{"id":159807,"date":"2022-11-14T18:20:23","date_gmt":"2022-11-14T23:20:23","guid":{"rendered":"https:\/\/www.acrartex.com\/products\/resqlink-ais-personal-locator-beacon\/"},"modified":"2026-03-06T10:45:23","modified_gmt":"2026-03-06T15:45:23","slug":"resqlink-ais-personal-locator-beacon","status":"publish","type":"product","link":"https:\/\/www.acrartex.com\/nl\/products\/resqlink-ais-personal-locator-beacon\/","title":{"rendered":"ResQLink AIS Personal Locator Beacon"},"content":{"rendered":"<p class=\"ai-optimize-40 ai-optimize-introduction\"><b> <\/b>ACR is een wereldleider op het gebied van reddingsmiddelen en andere levensreddende producten waarop professionele en recreatieve zeelieden vertrouwen. We zijn er trots op de nieuwe bekroonde ResQLink AIS Personal Locator Beacon ( PLB ) aan te bieden. Deze compacte, hightech noodbaken is &#8216;s werelds eerste PLB met zowel AIS ( Automatic Identification System ) als NFC ( Near Field Communication ) naast standaard satellietmelding via het <a href=\"https:\/\/www.cospas-sarsat.int\/en\/\">Cospas Sarsat-<\/a> reddingssysteem. AIS betekent directe lokale meldingen voor snellere reddingstijden. NFC zorgt ervoor dat het baken correct werkt wanneer dat nodig is en biedt via een smartphone gemakkelijke toegang tot alle functies en records. Nauwkeurige positionering via GNSS ( GPS , Galileo, Glonass) en 406 MHz satellietconnectiviteit zorgen voor een betrouwbare service wereldwijd. 121,5 MHz homing-transmissies gecombineerd met AIS Man Overboard ( AIS MOB ) en zowel zichtbare als infrarood stroboscoop helpen bij het lokaliseren van het baken en versnellen de hersteltijden. De innovatieve nieuwe ACR ResQLink AIS is de EERSTE die al deze functies combineert in een compacte, gebruiksvriendelijke PLB Beacon. Daarmee is het de EERSTE keuze voor serieuze zeelieden die op zoek zijn naar de beste Personal Locator Beacon voor booteigenaren.      <\/p>\n<p>&nbsp;<\/p>\n<h2 class=\"ai-optimize-41\"><strong>Het combineren van wereldwijde en lokale redding met een AIS Personal Locator Beacon<\/strong><\/h2>\n<p class=\"ai-optimize-42\">Het wereldwijde Cospas Sarsat-satellietsysteem omvat 3 verschillende constellaties om ervoor te zorgen dat uw 406 MHz noodsignaal onmiddellijk het wereldwijde netwerk van zoek- en reddingsdiensten bereikt, met uw locatie nauwkeurig tot op 100 meter. Met meerdere niveaus van ge\u00efntegreerde signaleringstechnologie, waaronder 406 MHz en GNSS ( GPS , Galileo, Glonass) positionering, zendt de PLB ook een 121,5 MHz homing-signaal uit dat zoek- en reddingsdiensten naar de huidige locatie van het baken leidt wanneer ze ter plaatse arriveren, aangezien het baken mogelijk is afgedreven van de oorspronkelijk verzonden positie. De toevoeging van AIS Man Overboard Beacon-transmissies betekent dat de ResQLink AIS gelijktijdig alle schepen met AIS transponders binnen het VHF-radiobereik van de noodpositie van de PLB waarschuwt. Dit verhoogt zowel de waarschijnlijkheid als de snelheid van redding aanzienlijk, aangezien nabijgelegen schepen de AIS MOB waarschuwingen ontvangen. Direct na plaatsing van het baken wordt een AIS veiligheidsbericht of AIS MOB -alarm met de MMSI en locatie van het baken weergegeven op elk AIS scherm binnen bereik. Dit maakt het voor schepen in de buurt gemakkelijk om het baken te vinden, omdat het een actief AIS doel op hun scherm is.     <\/p>\n<p class=\"ai-optimize-43\">De ResQLink AIS verlicht de weg wanneer hulpverleners ter plaatse arriveren met zowel een witte zichtbare stroboscoop als een infraroodstroboscoop. Zo hebben hulpverleners de visuele referentie die ze nodig hebben tijdens reddingsoperaties in de nacht of bij andere omstandigheden met weinig zicht.<\/p>\n<h2 class=\"ai-optimize-44\"><strong>Smartphone-connectiviteit met behulp van Near Field Communication ( NFC )<\/strong><\/h2>\n<p class=\"ai-optimize-45\">De <a href=\"https:\/\/www.youtube.com\/watch?v=WqE0ag4yqG4\">integratie van NFC technologie<\/a> biedt gebruikers de mogelijkheid om eenvoudig toegang te krijgen tot beacongegevens vanaf hun mobiele telefoon. Door simpelweg een telefoon in de buurt van het baken te houden, wordt automatisch de ACR Product App geopend en krijgt u toegang tot een schat aan gebruiksgegevens, waaronder de huidige batterijduur, het aantal voltooide zelftests, het aantal voltooide GNSS-tests en, indien van toepassing, de tijd dat het baken geactiveerd is geweest. Gedetailleerde informatie over elke zelftest en GNSS-test die door het baken is uitgevoerd, is desgewenst ook beschikbaar. Voor elke geslaagde GNSS-test kunnen gebruikers een kaart bekijken met de exacte locatie van de test, de datum en tijd van de test, de tijd die het baken nodig had om een positiebepaling op uw GNSS-co\u00f6rdinaten te verkrijgen, het aantal satellieten dat het baken gebruikte om die positiebepaling te verkrijgen en de nauwkeurigheid van de locatie.   <\/p>\n<h2 class=\"ai-optimize-46\"><strong>Return Link Service ( RLS )<\/strong><\/h2>\n<p class=\"ai-optimize-47\">RLS functionaliteit werkt door een signaal terug te sturen via het Galileo-satellietnetwerk om de gebruiker van het baken te bevestigen dat het noodbericht is ontvangen en dat de kustwacht zijn locatie heeft gedetecteerd. Een bevestigingsbericht wordt duidelijk aangegeven door een knipperend blauw lampje op de PLB . Net als andere ACR bakens met de belangrijke RLS functie, biedt de ResQLink AIS de zekerheid dat een noodbericht succesvol is afgeleverd.   Wanneer reddingswerkers op de hoogte zijn van de transmissie en locatie van het baken, vermindert dit de stress die vaak gepaard gaat met Man Overboard-incidenten.<\/p>\n<h2 class=\"ai-optimize-48\"><strong>PFD-compatibiliteit en -integratie<\/strong><\/h2>\n<p class=\"ai-optimize-49\">De ResQLink AIS is ontworpen voor installatie in een reddingsvest en wordt geactiveerd zodra het vest wordt opgeblazen (semi-automatisch). De installatie is eenvoudig dankzij de meegeleverde orale opblaasklem waarmee de PLB met een lint rond de blaas van het reddingsvest aan het reddingsvest wordt bevestigd. Eenmaal correct ge\u00efnstalleerd, activeert het opblazen van het reddingsvest de antenne en activeert het baken.  <\/p>\n<p class=\"ai-optimize-37\"><strong>Het is raadzaam om v\u00f3\u00f3r de installatie contact op te nemen met de fabrikant van het reddingsvest, aangezien specifieke modellen mogelijk hun eigen voorkeursmethode voor het bevestigen of de integratie ervan vereisen.<\/strong><\/p>\n<p><iframe loading=\"lazy\" title=\"ResQLink AIS: Life Jacket Installation | ACR ARTEX\" width=\"500\" height=\"281\" src=\"https:\/\/www.youtube.com\/embed\/Y7BpQoea-mQ?start=5&#038;feature=oembed\" frameborder=\"0\" allow=\"accelerometer; autoplay; clipboard-write; encrypted-media; gyroscope; picture-in-picture; web-share\" referrerpolicy=\"strict-origin-when-cross-origin\" allowfullscreen><\/iframe><\/p>\n<p class=\"ai-optimize-50\">Gebruikers die de PLB niet in een reddingsvest willen installeren, kunnen ervoor kiezen om de meegeleverde riemclip te gebruiken om het baken aan een riem van de juiste maat te bevestigen, of aan de riem van een reddingsvest met een eigen drijfvermogen.<\/p>\n<p class=\"ai-optimize-51\">De complete combinatie van een 406 MHz Personal Locator Beacon met een AIS Man Overboard-baken maakt de nieuwe ResQLink AIS de beste Personal Locator Beacon voor schippers om snel gered te worden.<\/p>\n","protected":false},"excerpt":{"rendered":"<p>De gloednieuwe ACR ResQLink AIS Personal Locator Beacon ( PLB ) is de meest technologisch geavanceerde baken ter wereld, omdat het zowel satelliet- als lokale transponders bevat. Met de introductie van Automatic Identification System ( AIS ), Return Link Service ( RLS )-technologie en Near Field Communication ( NFC )-functionaliteit in \u00e9\u00e9n 406-MHz baken, vertegenwoordigt de ResQLink AIS een cruciale stap voorwaarts in de evolutie van PLB -technologie. <\/p>\n<p>De combinatie van 406 MHz en AIS -noodberichten, speciaal ontworpen voor maritiem gebruik, combineert voor het eerst zowel wereldwijde als lokale reddingsacties in \u00e9\u00e9n baken. Dit vergroot de toegang tot de kustwacht en zoek- en reddingsdiensten, evenals commerci\u00eble en recreatieve boten in de omgeving. Door lokale AIS boten in uw omgeving te waarschuwen, kunnen extra schepen direct reageren op de digitale noodoproep met uw precieze locatie. <\/p>\n<p>Bovendien biedt <a href=\"https:\/\/www.youtube.com\/watch?v=WqE0ag4yqG4\">NFC-functionaliteit<\/a> gebruikers &#8216;s werelds eerste smartphone-gekoppelde persoonlijke noodzender (Personal Locator Beacon). De nieuwe Return Link Service-functie geeft gebruikers de zekerheid dat hun noodsignaal is ontvangen en hun locatie is vastgesteld door de kustwacht.<\/p>\n<p>&nbsp;<\/p>\n<p><a href=\"https:\/\/www.dropbox.com\/s\/8343nj28z0d7bxa\/Prop%2065%20-%20BPA.pdf?dl=0\" data-cke-saved-href=\"https:\/\/www.dropbox.com\/s\/8343nj28z0d7bxa\/Prop%2065%20-%20BPA.pdf?dl=0\">WAARSCHUWING: PROP 65<\/a><\/p>\n","protected":false},"featured_media":31791,"template":"","meta":{"_acf_changed":false,"om_disable_all_campaigns":false},"product_brand":[],"product_cat":[5906,5912,5908,5667,12693,5910,5931],"product_tag":[11461,9544,15613,15809,5745,5741],"class_list":{"0":"post-159807","1":"product","2":"type-product","3":"status-publish","4":"has-post-thumbnail","6":"product_cat-binnenland","7":"product_cat-commercieel","8":"product_cat-dichtbij-de-kust","9":"product_cat-marine-nl","10":"product_cat-personal-locator-beacon-nl","11":"product_cat-voor-de-kust","12":"product_cat-zeestrijdkrachten","13":"product_tag-acr-persoonlijke-locator-baken","14":"product_tag-ais-nl","15":"product_tag-ais-personal-locator-beacon-nl","16":"product_tag-ais-plb-nl","17":"product_tag-persoonlijk-locatorbaken","18":"product_tag-plb-nl","19":"pa_activity-vissen","20":"pa_boat-size-0-20-nl","21":"pa_boat-size-21-40-nl","22":"pa_boat-size-40-80-nl","23":"pa_boat-size-80-nl","24":"pa_boat-type-charterjacht","25":"pa_boat-type-commerciele-visserij","26":"pa_boat-type-jacht","27":"pa_boat-type-motorboot-nl","28":"pa_boat-type-sleepboot","29":"pa_boat-type-sportcraft-nl","30":"pa_boat-type-vrachtschip","31":"pa_boat-type-zeilboot","32":"pa_product-rescue-beacons-nl","34":"first","35":"instock","36":"taxable","37":"shipping-taxable","38":"purchasable","39":"product-type-variable"},"acf":[],"_links":{"self":[{"href":"https:\/\/www.acrartex.com\/nl\/wp-json\/wp\/v2\/product\/159807","targetHints":{"allow":["GET"]}}],"collection":[{"href":"https:\/\/www.acrartex.com\/nl\/wp-json\/wp\/v2\/product"}],"about":[{"href":"https:\/\/www.acrartex.com\/nl\/wp-json\/wp\/v2\/types\/product"}],"wp:featuredmedia":[{"embeddable":true,"href":"https:\/\/www.acrartex.com\/nl\/wp-json\/wp\/v2\/media\/31791"}],"wp:attachment":[{"href":"https:\/\/www.acrartex.com\/nl\/wp-json\/wp\/v2\/media?parent=159807"}],"wp:term":[{"taxonomy":"product_brand","embeddable":true,"href":"https:\/\/www.acrartex.com\/nl\/wp-json\/wp\/v2\/product_brand?post=159807"},{"taxonomy":"product_cat","embeddable":true,"href":"https:\/\/www.acrartex.com\/nl\/wp-json\/wp\/v2\/product_cat?post=159807"},{"taxonomy":"product_tag","embeddable":true,"href":"https:\/\/www.acrartex.com\/nl\/wp-json\/wp\/v2\/product_tag?post=159807"}],"curies":[{"name":"wp","href":"https:\/\/api.w.org\/{rel}","templated":true}]}}