{"id":159583,"date":"2023-04-10T16:25:24","date_gmt":"2023-04-10T21:25:24","guid":{"rendered":"https:\/\/www.acrartex.com\/products\/elt-4000m-hm\/"},"modified":"2023-04-10T16:25:24","modified_gmt":"2023-04-10T21:25:24","slug":"elt-4000m-hm","status":"publish","type":"product","link":"https:\/\/www.acrartex.com\/nl\/products\/elt-4000m-hm\/","title":{"rendered":"ELT 4000M HM"},"content":{"rendered":"<p>De gloednieuwe ARTEX ELT 4000M HM is een 3-frequentie transport-grade Emergency Locator Transmitter ( ELT ) voor de helikoptermarkt die gebruikmaakt van alkalinebatterijen. Deze innovatieve stroombron betekent dat de ELT 4000M HM volledig is vrijgesteld van de speciale FAA-vereisten voor de voorwaarden. De voordelen van ARTEX ELT 4000M HM zijn onder andere lagere batterijkosten per cyclus, geen transport van gevaarlijke stoffen en eenvoudige afvoer. Een ge\u00efntegreerde NAV-interface (ARINC429) maakt de installatie van een aparte NAV-interface-unit overbodig.   <\/p>\n<p>&nbsp;<\/p>\n<p><strong>Hoe de ARTEX ELT 4000M HM werkt<\/strong><\/p>\n<p>De ARTEX ELT 4000M HM kan handmatig (via de afstandsbediening in de cockpit) of automatisch (de G-Switch detecteert een impact van 2,3 G of meer) worden geactiveerd en waarschuwt de dichtstbijzijnde zoek- en reddingsdienst voor een noodgeval. Het 406 MHz-signaal, met de GPS co\u00f6rdinaten van het vliegtuig, wordt verzonden naar de Cospas-Sarsat satellieten en doorgestuurd naar het Mission Control Center, waar het direct wordt doorgestuurd naar de dichtstbijzijnde zoek- en reddingsdienst. Het baken geeft hulpverleners de exacte locatie tot op 100 meter nauwkeurig. Tot slot helpen de 121,5 en 243,0 MHz-homingsignalen de grondtroepen van de zoek- en reddingsdienst bij het vinden van de locatie van het noodgeval.   <\/p>\n<p>&nbsp;<\/p>\n<p><strong>Gemakkelijk te installeren en aan te passen<\/strong><\/p>\n<p>De ARTEX ELT 4000M HM biedt een snelle en eenvoudige retrofitmogelijkheid met flexibele installatieopties, zoals een tweedraads externe schakelaar die geen vliegtuigvoeding nodig heeft. ELT 4000M HM is TSO-goedgekeurd met oudere schakelaar- en antennesystemen om retrofit te vergemakkelijken. Omdat het een ELT met \u00e9\u00e9n uitgang is, gebruikt de ARTEX ELT 4000M HM dezelfde RF-uitgang en slechts \u00e9\u00e9n coaxkabel om signalen van 406 MHz, 121,5 MHz en 243,0 MHz te verzenden. De ingebouwde navigatie-interface vermindert de noodzaak om een secundaire externe interface te monteren, wat de installatiekosten aanzienlijk verlaagt. De montageplaat is geschikt voor de oudere ARTEX C- en B-serie ELT installaties en verlaagt daarmee de engineeringkosten verder.    <\/p>\n<p>&nbsp;<\/p>\n<p><strong>Producteigenschappen<\/strong><\/p>\n<ul>\n<li>Automatische vaste Emergency Locator Transmitter<\/li>\n<li>3 Frequentie noodbaken, digitale 406 MHz en analoge 121,5 MHz en 243,0 MHz homingsignalen<\/li>\n<li>Dual-band antenne met enkele connector en kabel naar zender<\/li>\n<li>Compatibel met oudere antennes<\/li>\n<li>Eenvoudig onderhoud en installatie<\/li>\n<li>Er zijn veel opties beschikbaar voor de afstandsbediening van de cockpit<\/li>\n<li>Kan worden aangesloten op de ingebouwde GPS via de ge\u00efntegreerde ARINC429-interface<\/li>\n<li>GPS gegevens worden in digitale transmissie verwerkt, waardoor de zoekradius wordt teruggebracht tot 100 meterCospas-Sarsat Type Goedgekeurd<\/li>\n<li>Compatibel met ARTEX 406Test.com satellietbevestigingstestsysteem<\/li>\n<li>Batterij gaat 5 jaar mee (vervangbaar). Wordt geleverd zonder gevaarlijke stoffen. <\/li>\n<\/ul>\n<p><strong>Paklijsten<\/strong><\/p>\n<p><a href=\"https:\/\/www.dropbox.com\/scl\/fi\/66srmtbef84du2j1inktb\/8268A.pdf?rlkey=f3pwnc4za6m0728rq3sp4rwi4&amp;dl=1\">8268<\/a><br \/>\n<a href=\"https:\/\/www.dropbox.com\/scl\/fi\/7c8k7n0o89y7puw1u6yti\/8269A.pdf?rlkey=e0pa0un3tqsga4501s4tet0ao&amp;dl=1\">8269<\/a><\/p>\n","protected":false},"excerpt":{"rendered":"<p>De regelgeving voor lithiumbatterijen is veranderd en de ELT 4000M HM is er klaar voor. ACR levert innovatieve batterijsysteemontwerpen die een probleemloos certificeringstraject garanderen. De Artex ELT 4000M HM is een 3-frequentie ELT die volledig vrij is van alle FAA-vereisten voor lithiumbatterijen en die zonder gevaarlijke stoffen wordt verzonden.  <\/p>\n<p>&nbsp;<\/p>\n<p><a href=\"https:\/\/www.acrartex.com\/products\/406test-elt-self-testing-service\/\"><img loading=\"lazy\" decoding=\"async\" class=\"alignnone\" style=\"width: 300px; height: 41px;\" src=\"\/\/dk2ztu5ooimmu.cloudfront.net\/ckeditor_assets\/pictures\/146\/406Test_with_desc_-_Tag.gif\" alt=\"\" width=\"641\" height=\"88\"><\/a><\/p>\n<p><a href=\"mailto:ArtexSales@acrartex.com?subject= ELT %204000% 20Sales%20Vraag\"><img decoding=\"async\" style=\"width: 200px; height: 168px;\" src=\"\/\/dk2ztu5ooimmu.cloudfront.net\/ckeditor_assets\/pictures\/147\/ARTEX_-_ELT_4000_Ad_Bubble.gif\" alt=\"\"><\/a><\/p>\n","protected":false},"featured_media":12375,"template":"","meta":{"_acf_changed":false,"om_disable_all_campaigns":false},"product_brand":[],"product_cat":[8459,5593,5596],"product_tag":[8919,15595,15596,15606,15598,8916,15602,15601,12529,15594,15600,8375,12578,12588,5599,8920,8914,15605,15599,15603,15604,8921,12555,12541,12567,8918,5611,8925,15597],"class_list":{"0":"post-159583","1":"product","2":"type-product","3":"status-publish","4":"has-post-thumbnail","6":"product_cat-commerciele-vliegtuigen","7":"product_cat-luchtvaart","8":"product_cat-rotocraft-nl","9":"product_tag-121-5-elt-upgrade-nl","10":"product_tag-243-mhz-nl","11":"product_tag-2430-mhz-nl","12":"product_tag-2430-mhz-elt-nl","13":"product_tag-3-frequentie","14":"product_tag-4000-nl","15":"product_tag-4000-mhm-nl-2","16":"product_tag-4000-mhm-nl","17":"product_tag-4000hm-nl","18":"product_tag-4000m-nl","19":"product_tag-4000m-hm-nl","20":"product_tag-406-mhz-elt-nl","21":"product_tag-alkalisch","22":"product_tag-bijzondere-voorwaarden","23":"product_tag-elt-nl","24":"product_tag-elt-upgrade-nl","25":"product_tag-elt-4000-nl","26":"product_tag-elt-4000-mhm-nl","27":"product_tag-elt-4000m-nl","28":"product_tag-elt-4000m-hm-nl","29":"product_tag-elt-4000mhm-nl","30":"product_tag-elt4000-nl","31":"product_tag-geen-lithium","32":"product_tag-lithiumvrij","33":"product_tag-niet-gevaarlijk-materiaal","34":"product_tag-noodlocatiezender","35":"product_tag-noodlokalisatiezender","36":"product_tag-speciale-voorwaarden-voor-lithium","37":"product_tag-tri-frequentie","38":"pa_aircraft-type-vliegtuigen","39":"pa_product-elt-oplossingen","41":"first","42":"instock","43":"taxable","44":"shipping-taxable","45":"product-type-simple"},"acf":[],"_links":{"self":[{"href":"https:\/\/www.acrartex.com\/nl\/wp-json\/wp\/v2\/product\/159583","targetHints":{"allow":["GET"]}}],"collection":[{"href":"https:\/\/www.acrartex.com\/nl\/wp-json\/wp\/v2\/product"}],"about":[{"href":"https:\/\/www.acrartex.com\/nl\/wp-json\/wp\/v2\/types\/product"}],"wp:featuredmedia":[{"embeddable":true,"href":"https:\/\/www.acrartex.com\/nl\/wp-json\/wp\/v2\/media\/12375"}],"wp:attachment":[{"href":"https:\/\/www.acrartex.com\/nl\/wp-json\/wp\/v2\/media?parent=159583"}],"wp:term":[{"taxonomy":"product_brand","embeddable":true,"href":"https:\/\/www.acrartex.com\/nl\/wp-json\/wp\/v2\/product_brand?post=159583"},{"taxonomy":"product_cat","embeddable":true,"href":"https:\/\/www.acrartex.com\/nl\/wp-json\/wp\/v2\/product_cat?post=159583"},{"taxonomy":"product_tag","embeddable":true,"href":"https:\/\/www.acrartex.com\/nl\/wp-json\/wp\/v2\/product_tag?post=159583"}],"curies":[{"name":"wp","href":"https:\/\/api.w.org\/{rel}","templated":true}]}}