{"id":159314,"date":"2024-06-11T10:06:29","date_gmt":"2024-06-11T15:06:29","guid":{"rendered":"https:\/\/www.acrartex.com\/products\/exposure-olas-man-overboard-float-on-light-waterdichte-draagbare-lamp-en-mob-zender\/"},"modified":"2025-07-29T14:02:09","modified_gmt":"2025-07-29T19:02:09","slug":"exposure-olas-man-overboard-float-on-light-waterdichte-draagbare-lamp-en-mob-zender","status":"publish","type":"product","link":"https:\/\/www.acrartex.com\/nl\/products\/exposure-olas-man-overboard-float-on-light-waterdichte-draagbare-lamp-en-mob-zender\/","title":{"rendered":"EXPOSURE OLAS Man Overboard Float On Light \u2013 Waterdichte, draagbare lamp en MOB zender"},"content":{"rendered":"<div class=\"panel-block-row col-md-12 title-v7\">\n<div class=\"content-heading\">\n<h3 class=\"title\"><strong style=\"font-size: 16px;\">Volg OLAS -zenders direct met uw telefoon \u2013 geen extra hardware nodig<\/strong><\/h3>\n<\/div>\n<\/div>\n<p>De OLAS app is gratis beschikbaar voor zowel iOS- als Android-apparaten, waarmee u moeiteloos tot wel 6 OLAS zenders kunt monitoren. Ideaal voor vaartuigen tot 9 meter lang, is dit een kosteneffectieve oplossing voor snelle zelfredding, perfect voor solo- of kleinschalige zeilavonturen op open water. <\/p>\n<p><strong>Vrij bewegen terwijl u veilig blijft<\/strong><\/p>\n<p>Combineer OLAS -zenders met Guardian- of N2K-motorstopsystemen om te dienen als draadloze noodstopkabels. Dit zorgt ervoor dat motorboot- en RIB-bestuurders hun vaartuig direct kunnen stoppen als de schipper of bemanning van elkaar gescheiden raakt, waardoor ongelukken door onbemande, ongecontroleerde boten worden voorkomen. Het is een essenti\u00eble veiligheidsoplossing voor motorboten en vissersboten met een solostuur, die bewegingsvrijheid rondom het vaartuig biedt tijdens het varen.  <\/p>\n<h3 class=\"subheading mt sm-mt size--default sm-size--default\">Draagbaar overboordalarmsysteem<\/h3>\n<p>Combineer OLAS -zenders met de OLAS Core, een draagbaar 5V-overboordalarmsysteem dat tot 25 zenders kan volgen op vaartuigen tot 15 meter lang. Dit systeem is onmisbaar voor gebruikers die aan boord gaan van schepen zonder ge\u00efnstalleerd overboordalarmsysteem, zoals charterreizen of schepen met beperkte bemanning. <\/p>\n<p style=\"margin: 0in 0in 0.0001pt;\"><span style=\"font-size: 16px;\"><span style=\"line-height: 150%;\">  <\/span><\/span><\/p>\n<p style=\"text-align: justify; margin: 0in 0in 0.0001pt;\"><span style=\"font-size: 16px;\"><span style=\"line-height: 150%;\"><b>Belangrijkste kenmerken:<\/b><\/span><\/span><\/p>\n<ul>\n<li style=\"text-align: justify; margin: 0in 0in 0.0001pt;\"><span style=\"font-size: 16px;\"><span style=\"line-height: 150%;\"><a name=\"_Hlk8669295\"><\/a>  OLAS Gratis Mobiele App Integratie<\/span><\/span><\/li>\n<li style=\"margin: 0in 0in 0.0001pt;\"><span style=\"font-size: 16px;\"><span style=\"line-height: 150%;\">LED-zaklamp (laag\/midden\/hoog)<\/span><\/span><\/li>\n<li style=\"margin: 0in 0in 0.0001pt;\"><span style=\"font-size: 16px;\"><span style=\"line-height: 150%;\">Watergeactiveerde stroboscoop<\/span><\/span><\/li>\n<li style=\"margin: 0in 0in 0.0001pt;\"><span style=\"font-size: 16px;\"><span style=\"line-height: 150%;\">Waterdicht (IP67)<\/span><\/span><\/li>\n<li style=\"margin: 0in 0in 0.0001pt;\"><span style=\"font-size: 16px;\"><span style=\"line-height: 150%;\">Drijvend<\/span><\/span><\/li>\n<li style=\"margin: 0in 0in 0.0001pt;\"><span style=\"font-size: 16px;\"><span style=\"line-height: 150%;\"><a name=\"_Hlk8669342\"><\/a>Bluetooth\u00ae 4.1 compatibel<\/span><\/span><\/li>\n<li style=\"margin: 0in 0in 0.0001pt;\"><span style=\"font-size: 16px;\"><span style=\"line-height: 150%;\">Batterijlevensduurindicator<\/span><\/span><\/li>\n<li style=\"margin: 0in 0in 0.0001pt;\"><span style=\"font-size: 16px;\"><span style=\"line-height: 150%;\">Snel opladen (3 uur)<\/span><\/span><\/li>\n<li style=\"margin: 0in 0in 0.0001pt;\"><span style=\"font-size: 16px;\"><span style=\"line-height: 150%;\">USB oplaadbaar<\/span><\/span><\/li>\n<\/ul>\n","protected":false},"excerpt":{"rendered":"<p>De OLAS Float-On is een waterdichte, drijvende zaklamp en OLAS zender. De unieke integratie van Exposure&#8217;s MOB technologie (watergeactiveerde stroboscoop) en OLAS connectiviteit in \u00e9\u00e9n product cre\u00ebert een multifunctioneel veiligheidshulpmiddel voor zowel beginnende als ervaren watersporters. De combinatie van het alarm en de krachtige stroboscoop zorgt ervoor dat de MOB tijdens de reddingsactie zichtbaar is.  <\/p>\n<p>De OLAS Float-On worden gevolgd door de OLAS applicatie, terwijl ze aan boord zijn via het mobiele apparaat of via de Core, Guardian en Extender.<\/p>\n<p><strong>Voordelen van OLAS Float-On<\/strong> Oplaadbaar OLAS zender Waterdicht Drijvend Watergeactiveerde stroboscoop (MOBT) Batterijfeedback Oplaadbaar via USB De OLAS app vereist minimaal iOS11 of Android 5.1 om te werken.<\/p>\n<p><strong>In de doos:<\/strong> OLAS Float-On, Micro USB-oplaadkabel, Gebruikershandleiding<\/p>\n<p style=\"margin-top: 0in; margin-right: 0in; margin-left: 0in;\"><span style=\"font-size: 16px;\"><span style=\"background: white;\"><span style=\"line-height: 150%;\"> <\/span><\/span><\/span><\/p>\n<p style=\"margin-top: 0in; margin-right: 0in; margin-left: 0in;\"><a href=\"https:\/\/www.dropbox.com\/s\/fk04stqsp2hgk5f\/Prop%2065%20-%20DEHP.pdf?dl=0\">WAARSCHUWING: PROP 65<\/a><\/p>\n<p>&nbsp;<\/p>\n<p>&nbsp;<\/p>\n","protected":false},"featured_media":159316,"template":"","meta":{"_acf_changed":false,"om_disable_all_campaigns":false},"product_brand":[],"product_cat":[5906,5912,5908,5667,5910],"product_tag":[14075,14087,13100,14064,14097,11238,11882,11231,12190,11981,11339,14109],"class_list":{"0":"post-159314","1":"product","2":"type-product","3":"status-publish","4":"has-post-thumbnail","6":"product_cat-binnenland","7":"product_cat-commercieel","8":"product_cat-dichtbij-de-kust","9":"product_cat-marine-nl","10":"product_cat-voor-de-kust","11":"product_tag-2982-nl","12":"product_tag-bemanning-overboord","13":"product_tag-bluetooth-nl","14":"product_tag-drijf-op","15":"product_tag-maiskolf","16":"product_tag-man-overboord","17":"product_tag-man-overboord-systeem","18":"product_tag-mob-nl","19":"product_tag-mob-systeem","20":"product_tag-olas-nl","21":"product_tag-stroboscooplicht","22":"product_tag-zaklamp","23":"pa_boat-size-0-20-nl","24":"pa_boat-size-21-40-nl","25":"pa_boat-size-40-80-nl","26":"pa_boat-size-80-nl","27":"pa_boat-type-charterjacht","28":"pa_boat-type-commerciele-visserij","29":"pa_boat-type-jacht","30":"pa_boat-type-motorboot-nl","31":"pa_boat-type-sleepboot","32":"pa_boat-type-sportcraft-nl","33":"pa_boat-type-vrachtschip","34":"pa_boat-type-zeilboot","35":"pa_product-signaalproducten","37":"first","38":"instock","39":"taxable","40":"shipping-taxable","41":"purchasable","42":"product-type-simple"},"acf":[],"_links":{"self":[{"href":"https:\/\/www.acrartex.com\/nl\/wp-json\/wp\/v2\/product\/159314","targetHints":{"allow":["GET"]}}],"collection":[{"href":"https:\/\/www.acrartex.com\/nl\/wp-json\/wp\/v2\/product"}],"about":[{"href":"https:\/\/www.acrartex.com\/nl\/wp-json\/wp\/v2\/types\/product"}],"wp:featuredmedia":[{"embeddable":true,"href":"https:\/\/www.acrartex.com\/nl\/wp-json\/wp\/v2\/media\/159316"}],"wp:attachment":[{"href":"https:\/\/www.acrartex.com\/nl\/wp-json\/wp\/v2\/media?parent=159314"}],"wp:term":[{"taxonomy":"product_brand","embeddable":true,"href":"https:\/\/www.acrartex.com\/nl\/wp-json\/wp\/v2\/product_brand?post=159314"},{"taxonomy":"product_cat","embeddable":true,"href":"https:\/\/www.acrartex.com\/nl\/wp-json\/wp\/v2\/product_cat?post=159314"},{"taxonomy":"product_tag","embeddable":true,"href":"https:\/\/www.acrartex.com\/nl\/wp-json\/wp\/v2\/product_tag?post=159314"}],"curies":[{"name":"wp","href":"https:\/\/api.w.org\/{rel}","templated":true}]}}