{"id":154874,"date":"2021-03-16T08:18:39","date_gmt":"2021-03-16T13:18:39","guid":{"rendered":"https:\/\/www.acrartex.com\/products\/8603-staafantenne-tri-band\/"},"modified":"2021-03-16T08:18:39","modified_gmt":"2021-03-16T13:18:39","slug":"8603-staafantenne-tri-band","status":"publish","type":"product","link":"https:\/\/www.acrartex.com\/nl\/products\/8603-staafantenne-tri-band\/","title":{"rendered":"8603 Staafantenne, Tri-band"},"content":{"rendered":"<p>Onze nieuwe staafantenne is versterkt met glas en de polyester behuizing bedekt onze innovatieve tri-bandtechnologie, waarmee 121,5, 243 en 406 MHz in een compacte behuizing worden gecombineerd. Deze zeer effici\u00ebnte antenne biedt \u00e9\u00e9n BNC-connector voor installaties die een enkele connectoropstelling vereisen. Ontworpen voor TSO C91a en C128b.  <\/p>\n","protected":false},"excerpt":{"rendered":"<p>De ARTEX 8603 staafantenne is versterkt met glas en een polyester behuizing die onze innovatieve tri-bandtechnologie bedekt, waardoor frequenties van 121,5, 243 en 406 MHz effectief in \u00e9\u00e9n compacte behuizing worden gecombineerd. Deze zeer effici\u00ebnte antenne biedt \u00e9\u00e9n BNC-connector voor installaties die slechts \u00e9\u00e9n connector vereisen. <\/p>\n","protected":false},"featured_media":154875,"template":"","meta":{"_acf_changed":false,"om_disable_all_campaigns":false},"product_brand":[],"product_cat":[5922,5593],"product_tag":[10132,10338,10342,10340,10128,10130,5599,10344,10646,10645,9950,10126],"class_list":{"0":"post-154874","1":"product","2":"type-product","3":"status-publish","4":"has-post-thumbnail","6":"product_cat-algemene-luchtvaart","7":"product_cat-luchtvaart","8":"product_tag-121-243-antenne-nl","9":"product_tag-121-406-antenne-nl","10":"product_tag-406-antenne-zweep","11":"product_tag-406-antennestaaf","12":"product_tag-antenne-tri-band-nl","13":"product_tag-dubbele-frequentieantenne","14":"product_tag-elt-nl","15":"product_tag-hengel","16":"product_tag-onderdeelnummer-8603","17":"product_tag-staafantenne-elt","18":"product_tag-tri-band-nl","19":"product_tag-tri-band-antenne-nl","20":"pa_aircraft-speed-0-200-knopen","21":"pa_aircraft-type-enkele-motor","22":"pa_aircraft-type-experimenteel","23":"pa_aircraft-type-multi-engine-nl","24":"pa_product-elt-oplossingen","25":"pa_product-veiligheidsaccessoires","27":"first","28":"instock","29":"taxable","30":"shipping-taxable","31":"product-type-simple"},"acf":[],"_links":{"self":[{"href":"https:\/\/www.acrartex.com\/nl\/wp-json\/wp\/v2\/product\/154874","targetHints":{"allow":["GET"]}}],"collection":[{"href":"https:\/\/www.acrartex.com\/nl\/wp-json\/wp\/v2\/product"}],"about":[{"href":"https:\/\/www.acrartex.com\/nl\/wp-json\/wp\/v2\/types\/product"}],"wp:featuredmedia":[{"embeddable":true,"href":"https:\/\/www.acrartex.com\/nl\/wp-json\/wp\/v2\/media\/154875"}],"wp:attachment":[{"href":"https:\/\/www.acrartex.com\/nl\/wp-json\/wp\/v2\/media?parent=154874"}],"wp:term":[{"taxonomy":"product_brand","embeddable":true,"href":"https:\/\/www.acrartex.com\/nl\/wp-json\/wp\/v2\/product_brand?post=154874"},{"taxonomy":"product_cat","embeddable":true,"href":"https:\/\/www.acrartex.com\/nl\/wp-json\/wp\/v2\/product_cat?post=154874"},{"taxonomy":"product_tag","embeddable":true,"href":"https:\/\/www.acrartex.com\/nl\/wp-json\/wp\/v2\/product_tag?post=154874"}],"curies":[{"name":"wp","href":"https:\/\/api.w.org\/{rel}","templated":true}]}}