{"id":154751,"date":"2021-03-16T08:19:11","date_gmt":"2021-03-16T13:19:11","guid":{"rendered":"https:\/\/www.acrartex.com\/products\/110-338-staafantenne\/"},"modified":"2021-03-16T08:19:11","modified_gmt":"2021-03-16T13:19:11","slug":"110-338-staafantenne","status":"publish","type":"product","link":"https:\/\/www.acrartex.com\/nl\/products\/110-338-staafantenne\/","title":{"rendered":"110-338 Staafantenne"},"content":{"rendered":"<p>Robuuste, glasvezelversterkte polyester behuizing omhult onze innovatieve tri-bandtechnologie, die 121,5, 243 en 406 MHz combineert in een compacte behuizing. Deze zeer effici\u00ebnte antenne biedt \u00e9\u00e9n BNC-connector voor installaties die slechts \u00e9\u00e9n connector vereisen. Ontworpen om te voldoen aan de Eurocae ED 62 vlamtest.  <\/p>\n<p>Twee modellen beschikbaar:<br \/>\n \u2013 110-338 (wit)<br \/>\n \u2013 110-338-01 (zwart)<\/p>\n","protected":false},"excerpt":{"rendered":"<p>Tri-band, 121,5, 243 en 406 MHz<\/p>\n","protected":false},"featured_media":154754,"template":"","meta":{"_acf_changed":false,"om_disable_all_campaigns":false},"product_brand":[],"product_cat":[5922,5593,5596],"product_tag":[10363,10352,10132,10338,10342,10346,10340,10348,9978,10344,10362,10365,10350,10356,10360,10364,10354,10358,9952,10366],"class_list":{"0":"post-154751","1":"product","2":"type-product","3":"status-publish","4":"has-post-thumbnail","6":"product_cat-algemene-luchtvaart","7":"product_cat-luchtvaart","8":"product_cat-rotocraft-nl","9":"product_tag-110-338-nl-2","10":"product_tag-110-338-nl","11":"product_tag-121-243-antenne-nl","12":"product_tag-121-406-antenne-nl","13":"product_tag-406-antenne-zweep","14":"product_tag-406-antenneblad-nl","15":"product_tag-406-antennestaaf","16":"product_tag-al-frequentieantenne","17":"product_tag-antenne","18":"product_tag-hengel","19":"product_tag-onderdeelnummer-110-338-nl-2","20":"product_tag-onderdeelnummer-110-338-nl-3","21":"product_tag-onderdeelnummer-110-338","22":"product_tag-onderdeelnummer-110-338-nl","23":"product_tag-p-n110-338-nl","24":"product_tag-pn-110-338-nl-2","25":"product_tag-pn-110-338-nl","26":"product_tag-pn110-338-nl","27":"product_tag-staafantenne","28":"product_tag-tri-band-110-338-nl","29":"pa_aircraft-type-enkele-motor","30":"pa_aircraft-type-experimenteel","31":"pa_aircraft-type-multi-engine-nl","32":"pa_aircraft-type-turboprop-nl","33":"pa_product-elt-oplossingen","34":"pa_product-veiligheidsaccessoires","36":"first","37":"instock","38":"taxable","39":"shipping-taxable","40":"product-type-simple"},"acf":[],"_links":{"self":[{"href":"https:\/\/www.acrartex.com\/nl\/wp-json\/wp\/v2\/product\/154751","targetHints":{"allow":["GET"]}}],"collection":[{"href":"https:\/\/www.acrartex.com\/nl\/wp-json\/wp\/v2\/product"}],"about":[{"href":"https:\/\/www.acrartex.com\/nl\/wp-json\/wp\/v2\/types\/product"}],"wp:featuredmedia":[{"embeddable":true,"href":"https:\/\/www.acrartex.com\/nl\/wp-json\/wp\/v2\/media\/154754"}],"wp:attachment":[{"href":"https:\/\/www.acrartex.com\/nl\/wp-json\/wp\/v2\/media?parent=154751"}],"wp:term":[{"taxonomy":"product_brand","embeddable":true,"href":"https:\/\/www.acrartex.com\/nl\/wp-json\/wp\/v2\/product_brand?post=154751"},{"taxonomy":"product_cat","embeddable":true,"href":"https:\/\/www.acrartex.com\/nl\/wp-json\/wp\/v2\/product_cat?post=154751"},{"taxonomy":"product_tag","embeddable":true,"href":"https:\/\/www.acrartex.com\/nl\/wp-json\/wp\/v2\/product_tag?post=154751"}],"curies":[{"name":"wp","href":"https:\/\/api.w.org\/{rel}","templated":true}]}}