{"id":154181,"date":"2021-03-16T08:10:42","date_gmt":"2021-03-16T13:10:42","guid":{"rendered":"https:\/\/www.acrartex.com\/products\/elt-3000\/"},"modified":"2021-03-16T08:10:42","modified_gmt":"2021-03-16T13:10:42","slug":"elt-3000","status":"publish","type":"product","link":"https:\/\/www.acrartex.com\/nl\/products\/elt-3000\/","title":{"rendered":"ELT 3000"},"content":{"rendered":"<p>Dankzij de naadloze integratie van NAV-data van vliegtuigen wordt de breedtegraad\/lengtegraad 24 uur lang automatisch elke 50 seconden verzonden op de 406 MHz noodfrequentie. Dit stelt hulpdiensten in staat om binnen enkele minuten na activering van het baken de exacte locatie van het vliegtuig te bepalen. <\/p>\n<p>De ARTEX ELT 3000 is ontworpen om de afmetingen en het gewicht van het ELT systeem te verkleinen en te combineren met een eenvoudig te installeren behuizing. Om de installatie te vereenvoudigen, maakt de ARTEX ELT 3000 gebruik van \u00e9\u00e9n RF-uitgang die wordt aangesloten op een tri-bandantenne, waardoor de installatie beperkt blijft tot \u00e9\u00e9n coaxkabel.  Dankzij de enkele ingangsantenne en het ontbreken van een externe NAV-interface worden de installatiekosten aanzienlijk verlaagd.<\/p>\n<p>De ARTEX ELT 3000 is compatibel met ARTEX &#8216; exclusieve online satellietbevestigingstestsysteem 406Test.com. Dit exclusieve systeem levert realtime bakentestresultaten via dezelfde satellieten die door Search and Rescue worden gebruikt, waardoor de correcte werking van het ELT systeem wordt gegarandeerd.  Er is een reden dat ARTEX ELT&#8217;s de keuze zijn van meer vliegtuigfabrikanten dan welke andere ook; zij vertrouwen erop dat ARTEX producten van de hoogste kwaliteit bouwt, wetende dat deze worden gebruikt om levens te redden.<\/p>\n<p><strong>Hoe de ARTEX ELT 3000 werkt<\/strong><\/p>\n<p>De ARTEX ELT 3000 kan handmatig (via de afstandsbediening in de cockpit) of automatisch (de G-Switch detecteert een impact van 2,3 G of meer) worden geactiveerd en waarschuwt de dichtstbijzijnde zoek- en reddingsdienst voor een noodgeval. Het 406 MHz-signaal, met de GPS co\u00f6rdinaten van het vliegtuig, wordt verzonden naar de Cospas-Sarsat satellieten en doorgestuurd naar het Mission Control Center, waar het direct wordt doorgestuurd naar de dichtstbijzijnde zoek- en reddingsdienst. Het baken geeft hulpverleners de exacte locatie tot op 100 meter nauwkeurig. Ten slotte helpen de 121,5\/243 MHz-homingsignalen de grondtroepen van de zoek- en reddingsdienst bij het vinden van de locatie van het noodgeval.   <\/p>\n<p><strong>Gemakkelijk te installeren<\/strong><\/p>\n<p>De ARTEX ELT 3000 biedt een snelle en eenvoudige retrofitmogelijkheid met flexibele installatieopties, zoals een twee- of vijfdraads schakelaar die geen vliegtuigvoeding nodig heeft. Omdat het een ELT met \u00e9\u00e9n uitgang is, gebruikt de ELT 3000 dezelfde RF-uitgang en slechts \u00e9\u00e9n coaxkabel om zowel 406 MHz als 121,5\/243 MHz signalen te verzenden. De ingebouwde navigatie-interface vermindert de noodzaak om een secundaire externe interface te monteren, wat de installatiekosten aanzienlijk verlaagt. Er zijn twee montageplaten beschikbaar. E\u00e9n maakt de kleinste voetafdruk mogelijk, terwijl de andere past bij oudere ARTEX B- en C-serie ELT installaties, wat zorgt voor verdere verlaging van de engineeringkosten.    <\/p>\n<p><strong>Producteigenschappen<\/strong><\/p>\n<ul>\n<li>De kleinste 406 MHz ELT die beschikbaar is en de lichtste transport-grade ELT met ARINC\/ GPS RS232-interface<\/li>\n<li>Automatische vaste Emergency Locator Transmitter<\/li>\n<li>Tri-frequentie noodbaken, digitale 406 MHz en analoge 121,5\/243 MHz homingsignalen<\/li>\n<li>Automatische activering via interne G-schakelaar<\/li>\n<li>Tri-bandantenne met enkele connector en kabel naar de zender<\/li>\n<li>Eenvoudig onderhoud en installatie<\/li>\n<li>Er zijn veel opties beschikbaar voor de afstandsbediening van de cockpit<\/li>\n<li>Kan worden aangesloten op de ingebouwde GPS via de ge\u00efntegreerde ARINC429- of RS232-interface<\/li>\n<li>GPS gegevens worden digitaal verzonden, waardoor de zoekradius wordt teruggebracht tot 100 meter<\/li>\n<li>Wereldwijde Cospas-Sarsat -dekking<\/li>\n<li>6 jaar batterijduur (vervangbaar)<\/li>\n<li>Helikopterversie met 5-assige G-schakelaar beschikbaar<\/li>\n<li>Compatibel met ARTEX 406Test.com satellietbevestigingstestsysteem<\/li>\n<li>Voldoet aan zowel de FAA- als EASA-vereisten<\/li>\n<\/ul>\n<p>ELT -pakketlijst<\/p>\n<table style=\"border-collapse: collapse; width: 745pt; border: none;\" width=\"994\">\n<colgroup>\n<col style=\"width: 140pt;\" width=\"187\">\n<col style=\"width: 219pt;\" width=\"292\">\n<col style=\"width: 197pt;\" width=\"263\">\n<col style=\"width: 189pt;\" width=\"252\"> <\/colgroup>\n<tbody>\n<tr style=\"height: 20.0pt;\">\n<td class=\"xl66\" style=\"border: none; height: 20.0pt; width: 140pt; text-align: center; vertical-align: middle; padding-top: 1px; padding-right: 1px; padding-left: 1px;\" width=\"187\" height=\"27\"><\/td>\n<td class=\"xl68\" style=\"border: 0.5pt solid gray; background: #3c404a; width: 219pt; text-align: center; vertical-align: middle; padding-top: 1px; padding-right: 1px; padding-left: 1px;\" width=\"292\"><span style=\"font-size: 11pt;\"><span style=\"color: #b0e40a;\"><span style=\"font-weight: bold;\"><span style=\"font-style: normal;\"><span style=\"text-decoration: none;\"><span style=\"font-family: Calibri,sans-serif;\">Antenne<\/span><\/span><\/span><\/span><\/span><\/span><\/td>\n<td class=\"xl68\" style=\"border: 0.5pt solid gray; background: #3c404a; border-left: none; width: 197pt; text-align: center; vertical-align: middle; padding-top: 1px; padding-right: 1px; padding-left: 1px;\" width=\"263\"><span style=\"font-size: 11pt;\"><span style=\"color: #b0e40a;\"><span style=\"font-weight: bold;\"><span style=\"font-style: normal;\"><span style=\"text-decoration: none;\"><span style=\"font-family: Calibri,sans-serif;\">Afstandsbediening en accessoires<\/span><\/span><\/span><\/span><\/span><\/span><\/td>\n<td class=\"xl67\" style=\"border: none; background: #3c404a; border-left: none; width: 189pt; text-align: center; vertical-align: middle; border-width: 0.5pt; border-style: solid; border-color: gray windowtext gray gray; padding-top: 1px; padding-right: 1px; padding-left: 1px;\" width=\"252\"><span style=\"font-size: 11pt;\"><span style=\"color: #b0e40a;\"><span style=\"font-weight: bold;\"><span style=\"font-style: normal;\"><span style=\"text-decoration: none;\"><span style=\"font-family: Calibri,sans-serif;\">Handleidingen\/Goedkeuringen\/Downloads<\/span><\/span><\/span><\/span><\/span><\/span><\/td>\n<\/tr>\n<tr style=\"height: 20.0pt;\">\n<td class=\"xl70\" style=\"border: 0.5pt solid gray; background: #b0e40a; height: 20.0pt; text-align: center; vertical-align: middle; padding-top: 1px; padding-right: 1px; padding-left: 1px;\" height=\"27\"><span style=\"font-size: 11pt;\"><span style=\"font-weight: 400;\"><span style=\"font-style: normal;\"><span style=\"text-decoration: none;\"><span style=\"font-family: Calibri,sans-serif;\">ELT 3000 8221<\/span><\/span><\/span><\/span><\/span><\/td>\n<td class=\"xl69\" style=\"border: none; padding-top: 1px; padding-right: 1px; padding-left: 1px; vertical-align: bottom;\"><span style=\"font-size: 11pt;\"><span style=\"font-weight: 400;\"><span style=\"font-style: normal;\"><span style=\"text-decoration: none;\"><span style=\"font-family: Calibri,sans-serif;\"> <\/span><\/span><\/span><\/span><\/span><\/td>\n<td class=\"xl66\" style=\"border: none; text-align: center; vertical-align: middle; padding-top: 1px; padding-right: 1px; padding-left: 1px;\"><\/td>\n<td class=\"xl66\" style=\"border: none; text-align: center; vertical-align: middle; padding-top: 1px; padding-right: 1px; padding-left: 1px;\"><a href=\"https:\/\/www.dropbox.com\/s\/xbba3p4g5qxvgid\/8221d.pdf?dl=1\"><span style=\"font-size: 11pt;\"><span style=\"font-weight: 400;\"><span style=\"font-style: normal;\"><span style=\"text-decoration: none;\"><span style=\"font-family: Calibri,sans-serif;\">Paklijst<\/span><\/span><\/span><\/span><\/span><\/a><\/td>\n<\/tr>\n<tr style=\"height: 20.0pt;\">\n<td class=\"xl70\" style=\"border: 0.5pt solid gray; background: #b0e40a; height: 20.0pt; border-top: none; text-align: center; vertical-align: middle; padding-top: 1px; padding-right: 1px; padding-left: 1px;\" height=\"27\"><span style=\"font-size: 11pt;\"><span style=\"font-weight: 400;\"><span style=\"font-style: normal;\"><span style=\"text-decoration: none;\"><span style=\"font-family: Calibri,sans-serif;\">ELT 3000 8222<\/span><\/span><\/span><\/span><\/span><\/td>\n<td class=\"xl66\" style=\"border: none; text-align: center; vertical-align: middle; padding-top: 1px; padding-right: 1px; padding-left: 1px;\"><\/td>\n<td class=\"xl66\" style=\"border: none; text-align: center; vertical-align: middle; padding-top: 1px; padding-right: 1px; padding-left: 1px;\"><\/td>\n<td class=\"xl66\" style=\"border: none; text-align: center; vertical-align: middle; padding-top: 1px; padding-right: 1px; padding-left: 1px;\"><a href=\"https:\/\/www.dropbox.com\/s\/q04di0l0nlga6ql\/8222b.pdf?dl=1\"><span style=\"font-size: 11pt;\"><span style=\"font-weight: 400;\"><span style=\"font-style: normal;\"><span style=\"text-decoration: none;\"><span style=\"font-family: Calibri,sans-serif;\">Paklijst<\/span><\/span><\/span><\/span><\/span><\/a><\/td>\n<\/tr>\n<tr style=\"height: 20.0pt;\">\n<td class=\"xl70\" style=\"border: 0.5pt solid gray; background: #b0e40a; height: 20.0pt; border-top: none; text-align: center; vertical-align: middle; padding-top: 1px; padding-right: 1px; padding-left: 1px;\" height=\"27\"><span style=\"font-size: 11pt;\"><span style=\"font-weight: 400;\"><span style=\"font-style: normal;\"><span style=\"text-decoration: none;\"><span style=\"font-family: Calibri,sans-serif;\">ELT 3000 8223<\/span><\/span><\/span><\/span><\/span><\/td>\n<td class=\"xl66\" style=\"border: none; text-align: center; vertical-align: middle; padding-top: 1px; padding-right: 1px; padding-left: 1px;\"><span style=\"font-size: 11pt;\"><span style=\"font-weight: 400;\"><span style=\"font-style: normal;\"><span style=\"text-decoration: none;\"><span style=\"font-family: Calibri,sans-serif;\">110-338 (wit) en 110-338-01 (zwart)<\/span><\/span><\/span><\/span><\/span><\/td>\n<td class=\"xl66\" style=\"border: none; text-align: center; vertical-align: middle; padding-top: 1px; padding-right: 1px; padding-left: 1px;\"><span style=\"font-size: 11pt;\"><span style=\"font-weight: 400;\"><span style=\"font-style: normal;\"><span style=\"text-decoration: none;\"><span style=\"font-family: Calibri,sans-serif;\">8304<\/span><\/span><\/span><\/span><\/span><\/td>\n<td class=\"xl66\" style=\"border: none; text-align: center; vertical-align: middle; padding-top: 1px; padding-right: 1px; padding-left: 1px;\"><a href=\"https:\/\/www.dropbox.com\/s\/1ugrlpsd9nqpknt\/8223b.pdf?dl=1\"><span style=\"font-size: 11pt;\"><span style=\"font-weight: 400;\"><span style=\"font-style: normal;\"><span style=\"text-decoration: none;\"><span style=\"font-family: Calibri,sans-serif;\">Paklijst<\/span><\/span><\/span><\/span><\/span><\/a><\/td>\n<\/tr>\n<tr style=\"height: 20.0pt;\">\n<td class=\"xl70\" style=\"border: 0.5pt solid gray; background: #b0e40a; height: 20.0pt; border-top: none; text-align: center; vertical-align: middle; padding-top: 1px; padding-right: 1px; padding-left: 1px;\" height=\"27\"><span style=\"font-size: 11pt;\"><span style=\"font-weight: 400;\"><span style=\"font-style: normal;\"><span style=\"text-decoration: none;\"><span style=\"font-family: Calibri,sans-serif;\">ELT 3000 8224<\/span><\/span><\/span><\/span><\/span><\/td>\n<td class=\"xl66\" style=\"border: none; text-align: center; vertical-align: middle; padding-top: 1px; padding-right: 1px; padding-left: 1px;\"><span style=\"font-size: 11pt;\"><span style=\"font-weight: 400;\"><span style=\"font-style: normal;\"><span style=\"text-decoration: none;\"><span style=\"font-family: Calibri,sans-serif;\">110-340 &amp; 110-340-01 (Beschermrand)<\/span><\/span><\/span><\/span><\/span><\/td>\n<td class=\"xl66\" style=\"border: none; text-align: center; vertical-align: middle; padding-top: 1px; padding-right: 1px; padding-left: 1px;\"><span style=\"font-size: 11pt;\"><span style=\"font-weight: 400;\"><span style=\"font-style: normal;\"><span style=\"text-decoration: none;\"><span style=\"font-family: Calibri,sans-serif;\">8304<\/span><\/span><\/span><\/span><\/span><\/td>\n<td class=\"xl66\" style=\"border: none; text-align: center; vertical-align: middle; padding-top: 1px; padding-right: 1px; padding-left: 1px;\"><a href=\"https:\/\/www.dropbox.com\/s\/8hg8d7dglsuvqxu\/8224b.pdf?dl=1\"><span style=\"font-size: 11pt;\"><span style=\"font-weight: 400;\"><span style=\"font-style: normal;\"><span style=\"text-decoration: none;\"><span style=\"font-family: Calibri,sans-serif;\">Paklijst<\/span><\/span><\/span><\/span><\/span><\/a><\/td>\n<\/tr>\n<\/tbody>\n<\/table>\n","protected":false},"excerpt":{"rendered":"<p>U bent nooit volledig voorbereid zonder een Emergency Locator Transmitter ( ELT ) aan boord. De ELT 3000\u2122 is een echt ge\u00efntegreerd veiligheidsapparaat. Het compacte ontwerp en de navigatie-interface zorgen ervoor dat de installatie eenvoudig is en dat zoek- en reddingsteams uw vliegtuig altijd kunnen lokaliseren. Bovendien verzendt de ELT3000 24 uur lang automatisch elke 50 seconden uw breedtegraad\/lengtegraad op de 406 MHz noodfrequentie. Hierdoor kunnen lokale hulpverleners binnen enkele minuten na activering van het baken de exacte locatie van het vliegtuig bepalen, mocht u in een noodsituatie terechtkomen. Wees voorbereid op het onvoorspelbare: \u2013 Handmatige en automatische activering \u2013 Tweedraads afstandsbediening \u2013 Flexibele installatie \u2013 RVS montagebeugel \u2013 Ingebouwde navigatie-interface     <\/p>\n<p><span style=\"color: #3366ff;\"><strong>Dit product is niet meer leverbaar<\/strong><\/span><\/p>\n<p><a href=\"https:\/\/www.acrartex.com\/survival-products\/406test\"><img decoding=\"async\" style=\"width: 300px; height: 41px;\" src=\"https:\/\/dk2ztu5ooimmu.cloudfront.net\/ckeditor_assets\/pictures\/146\/406Test_with_desc_-_Tag.gif\" alt=\"\"><\/a><\/p>\n","protected":false},"featured_media":154184,"template":"","meta":{"_acf_changed":false,"om_disable_all_campaigns":false},"product_brand":[],"product_cat":[8459,5593,5924],"product_tag":[8103,8104,8858,5599,5606,9430,9429],"class_list":{"0":"post-154181","1":"product","2":"type-product","3":"status-publish","4":"has-post-thumbnail","6":"product_cat-commerciele-vliegtuigen","7":"product_cat-luchtvaart","8":"product_cat-zakenjet","9":"product_tag-acre","10":"product_tag-artex-nl","11":"product_tag-elektronische-locatorzender","12":"product_tag-elt-nl","13":"product_tag-elt-3000-nl","14":"product_tag-elt3000-nl","15":"product_tag-zender","16":"pa_aircraft-speed-200-350-knopen","17":"pa_aircraft-speed-350-knopen","18":"pa_aircraft-type-lichte-straalvliegtuigen","19":"pa_aircraft-type-middelgrote-jets","20":"pa_product-elt-oplossingen","21":"pa_product-nalatenschap","23":"first","24":"outofstock","25":"taxable","26":"shipping-taxable","27":"product-type-simple"},"acf":[],"_links":{"self":[{"href":"https:\/\/www.acrartex.com\/nl\/wp-json\/wp\/v2\/product\/154181","targetHints":{"allow":["GET"]}}],"collection":[{"href":"https:\/\/www.acrartex.com\/nl\/wp-json\/wp\/v2\/product"}],"about":[{"href":"https:\/\/www.acrartex.com\/nl\/wp-json\/wp\/v2\/types\/product"}],"wp:featuredmedia":[{"embeddable":true,"href":"https:\/\/www.acrartex.com\/nl\/wp-json\/wp\/v2\/media\/154184"}],"wp:attachment":[{"href":"https:\/\/www.acrartex.com\/nl\/wp-json\/wp\/v2\/media?parent=154181"}],"wp:term":[{"taxonomy":"product_brand","embeddable":true,"href":"https:\/\/www.acrartex.com\/nl\/wp-json\/wp\/v2\/product_brand?post=154181"},{"taxonomy":"product_cat","embeddable":true,"href":"https:\/\/www.acrartex.com\/nl\/wp-json\/wp\/v2\/product_cat?post=154181"},{"taxonomy":"product_tag","embeddable":true,"href":"https:\/\/www.acrartex.com\/nl\/wp-json\/wp\/v2\/product_tag?post=154181"}],"curies":[{"name":"wp","href":"https:\/\/api.w.org\/{rel}","templated":true}]}}