{"id":151063,"date":"2021-03-16T08:08:46","date_gmt":"2021-03-16T13:08:46","guid":{"rendered":"https:\/\/www.acrartex.com\/products\/elt-3000hm\/"},"modified":"2021-03-16T08:08:46","modified_gmt":"2021-03-16T13:08:46","slug":"elt-3000hm","status":"publish","type":"product","link":"https:\/\/www.acrartex.com\/nl\/products\/elt-3000hm\/","title":{"rendered":"ELT 3000HM"},"content":{"rendered":"<p>Dankzij de naadloze integratie van NAV-data van vliegtuigen wordt de breedtegraad\/lengtegraad 24 uur lang automatisch elke 50 seconden verzonden op de 406 MHz noodfrequentie. Dit stelt hulpdiensten in staat om binnen enkele minuten na activering van het baken de exacte locatie van het vliegtuig te bepalen.  De ARTEX ELT 3000 is ontworpen om de afmetingen en het gewicht van het ELT systeem te verkleinen en te combineren met een eenvoudig te installeren behuizing. Om de installatie te vereenvoudigen, maakt de ARTEX ELT 3000 gebruik van \u00e9\u00e9n RF-uitgang die wordt aangesloten op een tri-bandantenne, waardoor de installatie beperkt blijft tot \u00e9\u00e9n coaxkabel. <\/p>\n<p>&nbsp;<\/p>\n<p>De enkele ingangsantenne en het ontbreken van een externe NAV-interface verlagen de installatiekosten aanzienlijk. De ARTEX ELT 3000 is compatibel met ARTEX &#8216; exclusieve online satellietbevestigingstestsysteem, 406Test.com. Dit exclusieve systeem levert realtime bakentestresultaten via dezelfde satellieten die worden gebruikt door zoek- en reddingsdiensten, wat garandeert dat het ELT systeem correct functioneert. Er is een reden waarom ARTEX ELT&#8217;s de keuze zijn van meer vliegtuigfabrikanten dan welke andere dan ook; ze vertrouwen erop dat ARTEX producten van de hoogste kwaliteit bouwt, wetende dat ze worden gebruikt om levens te redden. Hoe de ARTEX ELT 3000 werkt: De ARTEX ELT 3000 kan handmatig (via de afstandsbediening in de cockpit) of automatisch (de G-Switch detecteert een impact van 2,3 G of meer) worden geactiveerd en waarschuwt de dichtstbijzijnde zoek- en reddingsdienst in geval van nood. Het 406 MHz-signaal, met de GPS co\u00f6rdinaten van het vliegtuig, wordt verzonden naar de Cospas-Sarsat satellieten en doorgestuurd naar het Mission Control Center, waar het direct wordt doorgestuurd naar de dichtstbijzijnde zoek- en reddingsdienst.     <\/p>\n<p>&nbsp;<\/p>\n<p>Het baken geeft eerstehulpverleners de exacte locatie tot op 100 meter. Ten slotte helpen de 121,5\/243 MHz homingsignalen zoek- en reddingsgrondtroepen bij het vinden van de locatie van de noodsituatie. Eenvoudige installatie De ARTEX ELT 3000 biedt een snelle en gemakkelijke retrofitmogelijkheid met flexibele installatieopties zoals een twee- of vijfdraads externe schakelaar die geen vliegtuigvoeding nodig heeft. Omdat het een ELT met \u00e9\u00e9n uitgang is, gebruikt de ELT 3000 dezelfde RF-uitgang en slechts \u00e9\u00e9n coaxkabel om zowel 406 MHz- als 121,5\/243 MHz-signalen te verzenden. De ingebouwde navigatie-interface vermindert de noodzaak om een secundaire externe interface te monteren, wat de installatiekosten aanzienlijk verlaagt. Er zijn twee montagebakken beschikbaar. E\u00e9n zorgt voor de kleinst mogelijke footprint, terwijl de andere past bij oudere ARTEX B- en C-serie ELT installaties, wat zorgt voor een verdere verlaging van de engineeringkosten.      <\/p>\n<p>&nbsp;<\/p>\n<p><u>Producteigenschappen  <\/u><\/p>\n<ul>\n<li>De kleinste 406 MHz ELT die beschikbaar is en de lichtste transport-grade ELT met ARINC\/ GPS RS232-interface<\/li>\n<li>Automatische vaste Emergency Locator Transmitter<\/li>\n<li>Tri-frequentie noodbaken, digitale 406 MHz en analoge 121,5\/243 MHz homingsignalen<\/li>\n<li>Automatische activering via interne G-schakelaar Tri-bandantenne met enkele connector en kabel naar zender<\/li>\n<li>Eenvoudig onderhoud en installatie<\/li>\n<li>Er zijn veel opties beschikbaar voor de afstandsbediening van de cockpit<\/li>\n<li>Kan worden aangesloten op de ingebouwde GPS via de ge\u00efntegreerde ARINC429- of RS232-interface<\/li>\n<li>GPS gegevens worden digitaal verzonden, waardoor de zoekradius wordt teruggebracht tot 100 meter<\/li>\n<li>Wereldwijde Cospas-Sarsat -dekking. Batterijlevensduur van 6 jaar (vervangbaar).<\/li>\n<li>Helikopterversie met 5-assige G-schakelaar beschikbaar<\/li>\n<li>Compatibel met ARTEX 406Test.com satellietbevestigingstestsysteem<\/li>\n<li>Voldoet aan zowel de FAA- als EASA-vereisten<\/li>\n<\/ul>\n<p>&nbsp;<\/p>\n<p>ELT -pakketlijst<\/p>\n<table style=\"border-collapse: collapse; width: 745pt; border: none;\" width=\"994\">\n<colgroup>\n<col style=\"width: 140pt;\" width=\"187\">\n<col style=\"width: 219pt;\" width=\"292\">\n<col style=\"width: 197pt;\" width=\"263\">\n<col style=\"width: 189pt;\" width=\"252\"> <\/colgroup>\n<tbody>\n<tr style=\"height: 20.0pt;\">\n<td class=\"xl66\" style=\"border: none; height: 20.0pt; width: 140pt; text-align: center; vertical-align: middle; padding-top: 1px; padding-right: 1px; padding-left: 1px;\" width=\"187\" height=\"27\"><\/td>\n<td class=\"xl68\" style=\"border: 0.5pt solid gray; background: #3c404a; width: 219pt; text-align: center; vertical-align: middle; padding-top: 1px; padding-right: 1px; padding-left: 1px;\" width=\"292\"><span style=\"font-size: 11pt;\"><span style=\"color: #b0e40a;\"><span style=\"font-weight: bold;\"><span style=\"font-style: normal;\"><span style=\"text-decoration: none;\"><span style=\"font-family: Calibri,sans-serif;\">Antenne<\/span><\/span><\/span><\/span><\/span><\/span><\/td>\n<td class=\"xl68\" style=\"border: 0.5pt solid gray; background: #3c404a; border-left: none; width: 197pt; text-align: center; vertical-align: middle; padding-top: 1px; padding-right: 1px; padding-left: 1px;\" width=\"263\"><span style=\"font-size: 11pt;\"><span style=\"color: #b0e40a;\"><span style=\"font-weight: bold;\"><span style=\"font-style: normal;\"><span style=\"text-decoration: none;\"><span style=\"font-family: Calibri,sans-serif;\">Afstandsbediening en accessoires<\/span><\/span><\/span><\/span><\/span><\/span><\/td>\n<td class=\"xl67\" style=\"border: none; background: #3c404a; border-left: none; width: 189pt; text-align: center; vertical-align: middle; border-width: 0.5pt; border-style: solid; border-color: gray windowtext gray gray; padding-top: 1px; padding-right: 1px; padding-left: 1px;\" width=\"252\"><span style=\"font-size: 11pt;\"><span style=\"color: #b0e40a;\"><span style=\"font-weight: bold;\"><span style=\"font-style: normal;\"><span style=\"text-decoration: none;\"><span style=\"font-family: Calibri,sans-serif;\">Handleidingen\/Goedkeuringen\/Downloads<\/span><\/span><\/span><\/span><\/span><\/span><\/td>\n<\/tr>\n<tr style=\"height: 20.0pt;\">\n<td class=\"xl70\" style=\"border: 0.5pt solid gray; background: #b0e40a; height: 20.0pt; text-align: center; vertical-align: middle; padding-top: 1px; padding-right: 1px; padding-left: 1px;\" height=\"27\"><span style=\"font-size: 11pt;\"><span style=\"font-weight: 400;\"><span style=\"font-style: normal;\"><span style=\"text-decoration: none;\"><span style=\"font-family: Calibri,sans-serif;\">ELT 3000HM 8231<\/span><\/span><\/span><\/span><\/span><\/td>\n<td class=\"xl69\" style=\"border: none; padding-top: 1px; padding-right: 1px; padding-left: 1px; vertical-align: bottom;\"><span style=\"font-size: 11pt;\"><span style=\"font-weight: 400;\"><span style=\"font-style: normal;\"><span style=\"text-decoration: none;\"><span style=\"font-family: Calibri,sans-serif;\"> <\/span><\/span><\/span><\/span><\/span><\/td>\n<td class=\"xl66\" style=\"border: none; text-align: center; vertical-align: middle; padding-top: 1px; padding-right: 1px; padding-left: 1px;\"><\/td>\n<td class=\"xl66\" style=\"border: none; text-align: center; vertical-align: middle; padding-top: 1px; padding-right: 1px; padding-left: 1px;\"><a href=\"https:\/\/www.dropbox.com\/s\/ba7lq6uzc9ww7t6\/8231b.pdf?dl=1\"><span style=\"font-size: 11pt;\"><span style=\"font-weight: 400;\"><span style=\"font-style: normal;\"><span style=\"text-decoration: none;\"><span style=\"font-family: Calibri,sans-serif;\">Paklijst<\/span><\/span><\/span><\/span><\/span><\/a><\/td>\n<\/tr>\n<tr style=\"height: 20.0pt;\">\n<td class=\"xl70\" style=\"border: 0.5pt solid gray; background: #b0e40a; height: 20.0pt; border-top: none; text-align: center; vertical-align: middle; padding-top: 1px; padding-right: 1px; padding-left: 1px;\" height=\"27\"><span style=\"font-size: 11pt;\"><span style=\"font-weight: 400;\"><span style=\"font-style: normal;\"><span style=\"text-decoration: none;\"><span style=\"font-family: Calibri,sans-serif;\">ELT 3000HM 8232<\/span><\/span><\/span><\/span><\/span><\/td>\n<td class=\"xl66\" style=\"border: none; text-align: center; vertical-align: middle; padding-top: 1px; padding-right: 1px; padding-left: 1px;\"><\/td>\n<td class=\"xl66\" style=\"border: none; text-align: center; vertical-align: middle; padding-top: 1px; padding-right: 1px; padding-left: 1px;\"><\/td>\n<td class=\"xl66\" style=\"border: none; text-align: center; vertical-align: middle; padding-top: 1px; padding-right: 1px; padding-left: 1px;\"><a href=\"https:\/\/www.dropbox.com\/s\/ugsb53vzphp6mvo\/8232b.pdf?dl=1\"><span style=\"font-size: 11pt;\"><span style=\"font-weight: 400;\"><span style=\"font-style: normal;\"><span style=\"text-decoration: none;\"><span style=\"font-family: Calibri,sans-serif;\">Paklijst<\/span><\/span><\/span><\/span><\/span><\/a><\/td>\n<\/tr>\n<tr style=\"height: 20.0pt;\">\n<td class=\"xl70\" style=\"border: 0.5pt solid gray; background: #b0e40a; height: 20.0pt; border-top: none; text-align: center; vertical-align: middle; padding-top: 1px; padding-right: 1px; padding-left: 1px;\" height=\"27\"><span style=\"font-size: 11pt;\"><span style=\"font-weight: 400;\"><span style=\"font-style: normal;\"><span style=\"text-decoration: none;\"><span style=\"font-family: Calibri,sans-serif;\">ELT 3000HM 8233<\/span><\/span><\/span><\/span><\/span><\/td>\n<td class=\"xl66\" style=\"border: none; text-align: center; vertical-align: middle; padding-top: 1px; padding-right: 1px; padding-left: 1px;\"><span style=\"font-size: 11pt;\"><span style=\"font-weight: 400;\"><span style=\"font-style: normal;\"><span style=\"text-decoration: none;\"><span style=\"font-family: Calibri,sans-serif;\">110-338 (wit) en 110-338-01 (zwart)<\/span><\/span><\/span><\/span><\/span><\/td>\n<td class=\"xl66\" style=\"border: none; text-align: center; vertical-align: middle; padding-top: 1px; padding-right: 1px; padding-left: 1px;\"><span style=\"font-size: 11pt;\"><span style=\"font-weight: 400;\"><span style=\"font-style: normal;\"><span style=\"text-decoration: none;\"><span style=\"font-family: Calibri,sans-serif;\">8304<\/span><\/span><\/span><\/span><\/span><\/td>\n<td class=\"xl66\" style=\"border: none; text-align: center; vertical-align: middle; padding-top: 1px; padding-right: 1px; padding-left: 1px;\"><a href=\"https:\/\/www.dropbox.com\/s\/1ranamkvy04fr97\/8233b.pdf?dl=1\"><span style=\"font-size: 11pt;\"><span style=\"font-weight: 400;\"><span style=\"font-style: normal;\"><span style=\"text-decoration: none;\"><span style=\"font-family: Calibri,sans-serif;\">Paklijst<\/span><\/span><\/span><\/span><\/span><\/a><\/td>\n<\/tr>\n<\/tbody>\n<\/table>\n<p>&nbsp;<\/p>\n<p>Tags: ARTEX , ARTEX ELT , ARTEX ELT 3000, Emergency Locator Transmitter , ELT 3000, 406 MHz, Vliegtuignood, Commerci\u00eble luchtvaart ELT , Transportklasse ELT<\/p>\n","protected":false},"excerpt":{"rendered":"<p>De gloednieuwe ARTEX ELT 3000HM is een volledig ge\u00efntegreerde Emergency Locator Transmitter ( ELT ) voor transporttoepassingen voor de helikoptermarkt. De compacte vormfactor is gekoppeld aan de ge\u00efntegreerde NAV-interface (ARINC429 of RS232), waardoor de installatie van een aparte NAV-interface-unit niet nodig is en de kosten hiervan dalen. Dit levert aanzienlijke gewichts- en kostenbesparingen op. <\/p>\n<p><span style=\"color: #3366ff;\"><strong>Dit product is niet meer leverbaar<\/strong><\/span><\/p>\n<p><a href=\"https:\/\/www.acrartex.com\/survival-products\/406test\"><img decoding=\"async\" style=\"width: 300px; height: 41px;\" src=\"https:\/\/dk2ztu5ooimmu.cloudfront.net\/ckeditor_assets\/pictures\/146\/406Test_with_desc_-_Tag.gif\" alt=\"\"><\/a><\/p>\n","protected":false},"featured_media":151064,"template":"","meta":{"_acf_changed":false,"om_disable_all_campaigns":false},"product_brand":[],"product_cat":[5593,5596],"product_tag":[5603,5599,5606,5611],"class_list":{"0":"post-151063","1":"product","2":"type-product","3":"status-publish","4":"has-post-thumbnail","6":"product_cat-luchtvaart","7":"product_cat-rotocraft-nl","8":"product_tag-406-nl","9":"product_tag-elt-nl","10":"product_tag-elt-3000-nl","11":"product_tag-noodlokalisatiezender","12":"pa_aircraft-type-rotocraft-nl","13":"pa_product-nalatenschap","15":"first","16":"instock","17":"taxable","18":"shipping-taxable","19":"product-type-simple"},"acf":[],"_links":{"self":[{"href":"https:\/\/www.acrartex.com\/nl\/wp-json\/wp\/v2\/product\/151063","targetHints":{"allow":["GET"]}}],"collection":[{"href":"https:\/\/www.acrartex.com\/nl\/wp-json\/wp\/v2\/product"}],"about":[{"href":"https:\/\/www.acrartex.com\/nl\/wp-json\/wp\/v2\/types\/product"}],"wp:featuredmedia":[{"embeddable":true,"href":"https:\/\/www.acrartex.com\/nl\/wp-json\/wp\/v2\/media\/151064"}],"wp:attachment":[{"href":"https:\/\/www.acrartex.com\/nl\/wp-json\/wp\/v2\/media?parent=151063"}],"wp:term":[{"taxonomy":"product_brand","embeddable":true,"href":"https:\/\/www.acrartex.com\/nl\/wp-json\/wp\/v2\/product_brand?post=151063"},{"taxonomy":"product_cat","embeddable":true,"href":"https:\/\/www.acrartex.com\/nl\/wp-json\/wp\/v2\/product_cat?post=151063"},{"taxonomy":"product_tag","embeddable":true,"href":"https:\/\/www.acrartex.com\/nl\/wp-json\/wp\/v2\/product_tag?post=151063"}],"curies":[{"name":"wp","href":"https:\/\/api.w.org\/{rel}","templated":true}]}}