{"id":144434,"date":"2023-02-06T17:04:50","date_gmt":"2023-02-06T22:04:50","guid":{"rendered":"https:\/\/www.acrartex.com\/de-nieuwe-resqlink-ais\/"},"modified":"2025-09-08T15:56:29","modified_gmt":"2025-09-08T20:56:29","slug":"de-nieuwe-resqlink-ais","status":"publish","type":"page","link":"https:\/\/www.acrartex.com\/nl\/de-nieuwe-resqlink-ais\/","title":{"rendered":"De nieuwe ResQLink AIS PLB"},"content":{"rendered":"\n<p class=\"has-text-align-left\"><span style=\"box-sizing: border-box; margin: 0px; padding: 0px;\">De gloednieuwe <a href=\"https:\/\/www.acrartex.com\/cs\/products\/personal-locator-beacon-resqlink-ais\/\"><strong>ACR ResQLink AIS<\/strong> PLB<\/a> , oftewel Personal Locator Beacon, is de meest technologisch geavanceerde baken ter wereld. Het beschikt over<\/span> technologie om wereldwijde zoek- en reddingsdiensten via satellieten en lokale reddingsacties vanaf nabijgelegen boten met AIS te waarschuwen. Met de introductie van Automatic Identification System (AIS)-functionaliteit, Return Link Service (RLS)-technologie en Near Field Communication (NFC)-functionaliteit in \u00e9\u00e9n 406 MHz-baken, vertegenwoordigt de ResQLink AIS een cruciale stap voorwaarts in de evolutie van PLB-technologie. <\/p>\n<div class=\"wp-block-image\">\n<figure class=\"aligncenter size-large\"><a href=\"https:\/\/www.acrartex.com\/wp-content\/uploads\/2022\/11\/ACR-ResQLink-AIS-Header-Images.jpg\"><img loading=\"lazy\" decoding=\"async\" width=\"1024\" height=\"871\" src=\"https:\/\/www.acrartex.com\/wp-content\/uploads\/2022\/11\/ACR-ResQLink-AIS-Header-Images-1024x871.jpg\" alt=\"\" class=\"wp-image-33664\" srcset=\"https:\/\/www.acrartex.com\/wp-content\/uploads\/2022\/11\/ACR-ResQLink-AIS-Header-Images-1024x871.jpg 1024w, https:\/\/www.acrartex.com\/wp-content\/uploads\/2022\/11\/ACR-ResQLink-AIS-Header-Images-300x255.jpg 300w, https:\/\/www.acrartex.com\/wp-content\/uploads\/2022\/11\/ACR-ResQLink-AIS-Header-Images-768x654.jpg 768w, https:\/\/www.acrartex.com\/wp-content\/uploads\/2022\/11\/ACR-ResQLink-AIS-Header-Images-1536x1307.jpg 1536w, https:\/\/www.acrartex.com\/wp-content\/uploads\/2022\/11\/ACR-ResQLink-AIS-Header-Images-600x511.jpg 600w, https:\/\/www.acrartex.com\/wp-content\/uploads\/2022\/11\/ACR-ResQLink-AIS-Header-Images.jpg 2000w\" sizes=\"auto, (max-width: 1024px) 100vw, 1024px\" \/><\/a><\/figure>\n<\/div>\n<figure class=\"wp-block-embed is-type-video is-provider-youtube wp-block-embed-youtube wp-embed-aspect-16-9 wp-has-aspect-ratio\"><div class=\"wp-block-embed__wrapper\">\n<iframe loading=\"lazy\" title=\"ResQLink AIS PLB with Mobile App | ACR Electronics\" width=\"500\" height=\"281\" src=\"https:\/\/www.youtube.com\/embed\/GaoRXslmcH8?feature=oembed\" frameborder=\"0\" allow=\"accelerometer; autoplay; clipboard-write; encrypted-media; gyroscope; picture-in-picture; web-share\" referrerpolicy=\"strict-origin-when-cross-origin\" allowfullscreen><\/iframe>\n<\/div><\/figure>\n\n<div class=\"wp-block-columns is-layout-flex wp-container-core-columns-is-layout-9d6595d7 wp-block-columns-is-layout-flex\">\n<div class=\"wp-block-column is-layout-flow wp-block-column-is-layout-flow\">\n<figure class=\"wp-block-video\"><video height=\"650\" style=\"aspect-ratio: 650 \/ 650;\" width=\"650\" autoplay=\"\" loop=\"\" muted=\"\" src=\"https:\/\/www.acrartex.com\/wp-content\/uploads\/2022\/11\/ACR_PLB4503_360.mp4\"><\/video><\/figure>\n<\/div>\n\n\n\n<div class=\"wp-block-column is-layout-flow wp-block-column-is-layout-flow\">\n<p class=\"has-large-font-size\"><meta charset=\"utf-8\"\/><strong>ACR ResQLink AIS<\/strong><\/p>\n\n\n\n<p class=\"has-text-color has-medium-font-size\" style=\"color:#899198\">De combinatie van 406 MHz en AIS noodberichten combineert voor het eerst zowel wereldwijde als lokale reddingsacties in \u00e9\u00e9n PLB , waardoor de kustwacht en zoek- en reddingsdiensten, evenals commerci\u00eble en recreatieve boten in de omgeving, beter bereikbaar zijn. Door lokale AIS boten in uw omgeving te waarschuwen, kunnen extra schepen direct reageren op de digitale noodoproep met uw precieze locatie. <\/p>\n\n\n\n<p class=\"has-text-color has-medium-font-size\" style=\"color:#899198\">Bovendien biedt NFC -functionaliteit gebruikers de eerste PLB ter wereld die met een smartphone verbonden is. De nieuwe Return Link Service -functie zorgt ervoor dat gebruikers erop kunnen vertrouwen dat hun noodbericht is ontvangen en hun locatie is gedetecteerd.<\/p>\n<\/div>\n<\/div>\n\n<div class=\"wp-block-buttons is-horizontal is-content-justification-center is-layout-flex wp-container-core-buttons-is-layout-499968f5 wp-block-buttons-is-layout-flex\">\n<div class=\"wp-block-button\"><a class=\"wp-block-button__link has-vivid-green-cyan-background-color has-background wp-element-button\" href=\"https:\/\/www.acrartex.com\/el\/products\/personal-locator-beacon-resqlink-ais\/\">Klik hier voor meer informatie<\/a><\/div>\n<\/div>\n\n<div class=\"wp-block-columns is-layout-flex wp-container-core-columns-is-layout-9d6595d7 wp-block-columns-is-layout-flex\">\n<div class=\"wp-block-column is-layout-flow wp-block-column-is-layout-flow\">\n<figure class=\"wp-block-image size-full\"><img loading=\"lazy\" decoding=\"async\" width=\"379\" height=\"578\" src=\"https:\/\/www.acrartex.com\/wp-content\/uploads\/2022\/11\/Medium-Vertical-L-1.png\" alt=\"\" class=\"wp-image-33667\" srcset=\"https:\/\/www.acrartex.com\/wp-content\/uploads\/2022\/11\/Medium-Vertical-L-1.png 379w, https:\/\/www.acrartex.com\/wp-content\/uploads\/2022\/11\/Medium-Vertical-L-1-197x300.png 197w\" sizes=\"auto, (max-width: 379px) 100vw, 379px\" \/><\/figure>\n<\/div>\n\n\n\n<div class=\"wp-block-column is-layout-flow wp-block-column-is-layout-flow\">\n<p class=\"has-large-font-size\"><meta charset=\"utf-8\"\/><strong>Koppeling van wereldwijde en lokale redding<\/strong><\/p>\n\n\n\n<p class=\"has-text-color has-medium-font-size\" style=\"color:#899198\">Schepen met AIS die zich binnen het VHF-bereik van de PLB bevinden, krijgen een veiligheidsmelding op hun scherm te zien, inclusief MMSI-scheepsidentificatie.  <\/p>\n\n\n\n<p class=\"has-text-color has-medium-font-size\" style=\"color:#899198\">Schepen in het gebied waar de PLB is geactiveerd, kunnen vervolgens direct reddings- en bergingsoperaties starten, zonder te hoeven wachten op een noodhulpactie. AIS stelt lokale hulpverleners ook in staat om de positie van de PLB eenvoudig te bepalen, die als AIS-doel op hun boorddisplay wordt weergegeven. Schepen in de buurt met AIS aan boord kunnen direct naar de PLB navigeren door het AIS-doel te selecteren.  <\/p>\n\n\n\n<p class=\"has-medium-font-size\"><strong>Deze ongelooflijke technologische vooruitgang zal de hersteltijd verkorten, wat ongetwijfeld levens zal redden.<\/strong><\/p>\n<\/div>\n<\/div>\n\n<div class=\"wp-block-columns is-layout-flex wp-container-core-columns-is-layout-9d6595d7 wp-block-columns-is-layout-flex\">\n<div class=\"wp-block-column is-layout-flow wp-block-column-is-layout-flow\">\n<p class=\"has-large-font-size\"><meta charset=\"utf-8\"\/><strong>Return Link Service ( RLS ) ingeschakeld<\/strong><\/p>\n\n\n\n<p class=\"has-text-color has-medium-font-size\" style=\"color:#899198\">RLS-functionaliteit werkt door een signaal terug te sturen via het Galileo <a href=\"https:\/\/www.cospas-sarsat.int\/en\/\">-satellietnetwerk<\/a> om de bakengebruiker te bevestigen dat zijn noodbericht is ontvangen en zijn locatie is gedetecteerd. Een knipperend blauw lampje op de PLB geeft duidelijk een bevestigingsbericht aan. Net als andere ACR-bakens met de essenti\u00eble RLS-functie, biedt de ResQLink AIS de zekerheid dat een noodbericht succesvol is afgeleverd.    <\/p>\n\n\n\n<p class=\"has-text-color has-medium-font-size\" style=\"color:#899198\">Wanneer reddingswerkers op de hoogte zijn van de transmissie en locatie van het baken, vermindert dit de stress die vaak gepaard gaat met Man Overboard-incidenten.<\/p>\n<\/div>\n\n\n\n<div class=\"wp-block-column is-layout-flow wp-block-column-is-layout-flow\"><div class=\"wp-block-image\">\n<figure class=\"aligncenter size-full\"><img loading=\"lazy\" decoding=\"async\" width=\"379\" height=\"578\" src=\"https:\/\/www.acrartex.com\/wp-content\/uploads\/2022\/11\/Medium-Vertical-R-1.png\" alt=\"\" class=\"wp-image-33668\" srcset=\"https:\/\/www.acrartex.com\/wp-content\/uploads\/2022\/11\/Medium-Vertical-R-1.png 379w, https:\/\/www.acrartex.com\/wp-content\/uploads\/2022\/11\/Medium-Vertical-R-1-197x300.png 197w\" sizes=\"auto, (max-width: 379px) 100vw, 379px\" \/><\/figure>\n<\/div><\/div>\n<\/div>\n\n<figure class=\"wp-block-image size-large\"><img loading=\"lazy\" decoding=\"async\" width=\"1024\" height=\"844\" src=\"https:\/\/www.acrartex.com\/wp-content\/uploads\/2023\/02\/PLB450-Mobile-App-Large-Box-1024x844.png\" alt=\"\" class=\"wp-image-34642\" srcset=\"https:\/\/www.acrartex.com\/wp-content\/uploads\/2023\/02\/PLB450-Mobile-App-Large-Box-1024x844.png 1024w, https:\/\/www.acrartex.com\/wp-content\/uploads\/2023\/02\/PLB450-Mobile-App-Large-Box-300x247.png 300w, https:\/\/www.acrartex.com\/wp-content\/uploads\/2023\/02\/PLB450-Mobile-App-Large-Box-768x633.png 768w, https:\/\/www.acrartex.com\/wp-content\/uploads\/2023\/02\/PLB450-Mobile-App-Large-Box-600x495.png 600w, https:\/\/www.acrartex.com\/wp-content\/uploads\/2023\/02\/PLB450-Mobile-App-Large-Box.png 1048w\" sizes=\"auto, (max-width: 1024px) 100vw, 1024px\" \/><\/figure>\n\n<div class=\"wp-block-media-text alignwide is-stacked-on-mobile is-vertically-aligned-center\" style=\"grid-template-columns:39% auto\"><figure class=\"wp-block-media-text__media\"><img loading=\"lazy\" decoding=\"async\" width=\"379\" height=\"578\" src=\"https:\/\/www.acrartex.com\/wp-content\/uploads\/2023\/02\/GlobalFix-V5-Mobile-App-2.png\" alt=\"\" class=\"wp-image-34607 size-full\" srcset=\"https:\/\/www.acrartex.com\/wp-content\/uploads\/2023\/02\/GlobalFix-V5-Mobile-App-2.png 379w, https:\/\/www.acrartex.com\/wp-content\/uploads\/2023\/02\/GlobalFix-V5-Mobile-App-2-197x300.png 197w\" sizes=\"auto, (max-width: 379px) 100vw, 379px\" \/><\/figure><div class=\"wp-block-media-text__content\">\n<p class=\"has-large-font-size\"><strong>Smartphone-connectiviteit met behulp van Near Field Communication ( NFC )<\/strong><\/p>\n\n\n\n<p>Dankzij de integratie van NFC-technologie hebben gebruikers eenvoudig toegang tot beacongegevens vanaf hun mobiele telefoon. Door simpelweg een telefoon in de buurt van de beacon te houden, wordt automatisch de ACR Product App geopend, die toegang geeft tot een schat aan gebruiksgegevens, waaronder de huidige batterijduur, het aantal voltooide zelftests, het aantal voltooide GNSS-tests en, indien van toepassing, de tijd dat de beacon actief is geweest.   <\/p>\n\n\n\n<p>Gedetailleerde informatie over elke zelftest en GNSS-test die door het baken is uitgevoerd, is desgewenst ook beschikbaar. Voor elke geslaagde GNSS-test kunnen gebruikers een kaart bekijken met de exacte locatie van de test, de datum en tijd van de test, de tijd die het baken nodig had om een positiebepaling op zijn GNSS-co\u00f6rdinaten te verkrijgen, het aantal satellieten dat het baken gebruikte om die positiebepaling te verkrijgen, en de nauwkeurigheid van de locatie. <\/p>\n<\/div><\/div>\n\n<hr class=\"wp-block-separator has-css-opacity\"\/>\n\n<p class=\"has-text-align-center has-large-font-size\"><strong>ResQLink AIS wordt standaard meegeleverd<\/strong><\/p>\n<figure class=\"wp-block-image aligncenter size-full is-resized\"><img loading=\"lazy\" decoding=\"async\" width=\"800\" height=\"232\" class=\"wp-image-33676\" style=\"width: 837px; height: 243px;\" src=\"https:\/\/www.acrartex.com\/wp-content\/uploads\/2022\/11\/Wide-Banner.png\" alt=\"\" srcset=\"https:\/\/www.acrartex.com\/wp-content\/uploads\/2022\/11\/Wide-Banner.png 800w, https:\/\/www.acrartex.com\/wp-content\/uploads\/2022\/11\/Wide-Banner-300x87.png 300w, https:\/\/www.acrartex.com\/wp-content\/uploads\/2022\/11\/Wide-Banner-768x223.png 768w, https:\/\/www.acrartex.com\/wp-content\/uploads\/2022\/11\/Wide-Banner-600x174.png 600w\" sizes=\"auto, (max-width: 800px) 100vw, 800px\" \/><\/figure>\n\n<figure class=\"wp-block-image size-large\"><img loading=\"lazy\" decoding=\"async\" width=\"1024\" height=\"422\" src=\"https:\/\/www.acrartex.com\/wp-content\/uploads\/2022\/11\/Large-Medium-Banner-1024x422.png\" alt=\"\" class=\"wp-image-33677\" srcset=\"https:\/\/www.acrartex.com\/wp-content\/uploads\/2022\/11\/Large-Medium-Banner-1024x422.png 1024w, https:\/\/www.acrartex.com\/wp-content\/uploads\/2022\/11\/Large-Medium-Banner-300x124.png 300w, https:\/\/www.acrartex.com\/wp-content\/uploads\/2022\/11\/Large-Medium-Banner-768x317.png 768w, https:\/\/www.acrartex.com\/wp-content\/uploads\/2022\/11\/Large-Medium-Banner-600x247.png 600w, https:\/\/www.acrartex.com\/wp-content\/uploads\/2022\/11\/Large-Medium-Banner.png 1048w\" sizes=\"auto, (max-width: 1024px) 100vw, 1024px\" \/><\/figure>\n\n<figure class=\"wp-block-image size-large\"><img loading=\"lazy\" decoding=\"async\" width=\"1024\" height=\"422\" src=\"https:\/\/www.acrartex.com\/wp-content\/uploads\/2022\/11\/Large-Medium-Banner-2-1-1024x422.png\" alt=\"\" class=\"wp-image-33678\" srcset=\"https:\/\/www.acrartex.com\/wp-content\/uploads\/2022\/11\/Large-Medium-Banner-2-1-1024x422.png 1024w, https:\/\/www.acrartex.com\/wp-content\/uploads\/2022\/11\/Large-Medium-Banner-2-1-300x124.png 300w, https:\/\/www.acrartex.com\/wp-content\/uploads\/2022\/11\/Large-Medium-Banner-2-1-768x317.png 768w, https:\/\/www.acrartex.com\/wp-content\/uploads\/2022\/11\/Large-Medium-Banner-2-1-600x247.png 600w, https:\/\/www.acrartex.com\/wp-content\/uploads\/2022\/11\/Large-Medium-Banner-2-1.png 1048w\" sizes=\"auto, (max-width: 1024px) 100vw, 1024px\" \/><\/figure>\n\n<div class=\"wp-block-columns is-layout-flex wp-container-core-columns-is-layout-9d6595d7 wp-block-columns-is-layout-flex\">\n<div class=\"wp-block-column is-layout-flow wp-block-column-is-layout-flow\">\n<figure class=\"wp-block-image size-full\"><img loading=\"lazy\" decoding=\"async\" width=\"400\" height=\"400\" src=\"https:\/\/www.acrartex.com\/wp-content\/uploads\/2022\/11\/Small-Box-copy-2.png\" alt=\"\" class=\"wp-image-33672\" srcset=\"https:\/\/www.acrartex.com\/wp-content\/uploads\/2022\/11\/Small-Box-copy-2.png 400w, https:\/\/www.acrartex.com\/wp-content\/uploads\/2022\/11\/Small-Box-copy-2-300x300.png 300w, https:\/\/www.acrartex.com\/wp-content\/uploads\/2022\/11\/Small-Box-copy-2-150x150.png 150w, https:\/\/www.acrartex.com\/wp-content\/uploads\/2022\/11\/Small-Box-copy-2-100x100.png 100w\" sizes=\"auto, (max-width: 400px) 100vw, 400px\" \/><\/figure>\n<\/div>\n\n\n\n<div class=\"wp-block-column is-layout-flow wp-block-column-is-layout-flow\">\n<figure class=\"wp-block-image size-full\"><img loading=\"lazy\" decoding=\"async\" width=\"400\" height=\"400\" src=\"https:\/\/www.acrartex.com\/wp-content\/uploads\/2022\/11\/Small-Box-copy-3.png\" alt=\"\" class=\"wp-image-33673\" srcset=\"https:\/\/www.acrartex.com\/wp-content\/uploads\/2022\/11\/Small-Box-copy-3.png 400w, https:\/\/www.acrartex.com\/wp-content\/uploads\/2022\/11\/Small-Box-copy-3-300x300.png 300w, https:\/\/www.acrartex.com\/wp-content\/uploads\/2022\/11\/Small-Box-copy-3-150x150.png 150w, https:\/\/www.acrartex.com\/wp-content\/uploads\/2022\/11\/Small-Box-copy-3-100x100.png 100w\" sizes=\"auto, (max-width: 400px) 100vw, 400px\" \/><\/figure>\n<\/div>\n\n\n\n<div class=\"wp-block-column is-layout-flow wp-block-column-is-layout-flow\">\n<figure class=\"wp-block-image size-full\"><img loading=\"lazy\" decoding=\"async\" width=\"400\" height=\"400\" src=\"https:\/\/www.acrartex.com\/wp-content\/uploads\/2022\/11\/Small-Box.png\" alt=\"\" class=\"wp-image-33674\" srcset=\"https:\/\/www.acrartex.com\/wp-content\/uploads\/2022\/11\/Small-Box.png 400w, https:\/\/www.acrartex.com\/wp-content\/uploads\/2022\/11\/Small-Box-300x300.png 300w, https:\/\/www.acrartex.com\/wp-content\/uploads\/2022\/11\/Small-Box-150x150.png 150w, https:\/\/www.acrartex.com\/wp-content\/uploads\/2022\/11\/Small-Box-100x100.png 100w\" sizes=\"auto, (max-width: 400px) 100vw, 400px\" \/><\/figure>\n<\/div>\n\n\n\n<div class=\"wp-block-column is-layout-flow wp-block-column-is-layout-flow\">\n<figure class=\"wp-block-image size-full\"><img loading=\"lazy\" decoding=\"async\" width=\"400\" height=\"400\" src=\"https:\/\/www.acrartex.com\/wp-content\/uploads\/2022\/11\/Small-Box-copy.png\" alt=\"\" class=\"wp-image-33675\" srcset=\"https:\/\/www.acrartex.com\/wp-content\/uploads\/2022\/11\/Small-Box-copy.png 400w, https:\/\/www.acrartex.com\/wp-content\/uploads\/2022\/11\/Small-Box-copy-300x300.png 300w, https:\/\/www.acrartex.com\/wp-content\/uploads\/2022\/11\/Small-Box-copy-150x150.png 150w, https:\/\/www.acrartex.com\/wp-content\/uploads\/2022\/11\/Small-Box-copy-100x100.png 100w\" sizes=\"auto, (max-width: 400px) 100vw, 400px\" \/><\/figure>\n<\/div>\n<\/div>\n\n<div style=\"height:44px\" aria-hidden=\"true\" class=\"wp-block-spacer\"><\/div>\n\n<p><\/p>\n","protected":false},"excerpt":{"rendered":"<p>De gloednieuwe ACR ResQLink AIS PLB , oftewel Personal Locator Beacon, is de meest technologisch geavanceerde baken ter wereld. Het beschikt over technologie om wereldwijde zoek- en reddingsdiensten via satellieten en lokale reddingsacties vanaf nabijgelegen boten met AIS te waarschuwen. Met de introductie van Automatic Identification System (AIS)-functionaliteit, Return Link Service (RLS)-technologie en Near Field [&hellip;]<\/p>\n","protected":false},"author":5,"featured_media":0,"parent":0,"menu_order":0,"comment_status":"closed","ping_status":"closed","template":"","meta":{"_acf_changed":false,"om_disable_all_campaigns":false,"footnotes":""},"class_list":["post-144434","page","type-page","status-publish","hentry"],"acf":[],"_links":{"self":[{"href":"https:\/\/www.acrartex.com\/nl\/wp-json\/wp\/v2\/pages\/144434","targetHints":{"allow":["GET"]}}],"collection":[{"href":"https:\/\/www.acrartex.com\/nl\/wp-json\/wp\/v2\/pages"}],"about":[{"href":"https:\/\/www.acrartex.com\/nl\/wp-json\/wp\/v2\/types\/page"}],"author":[{"embeddable":true,"href":"https:\/\/www.acrartex.com\/nl\/wp-json\/wp\/v2\/users\/5"}],"replies":[{"embeddable":true,"href":"https:\/\/www.acrartex.com\/nl\/wp-json\/wp\/v2\/comments?post=144434"}],"version-history":[{"count":8,"href":"https:\/\/www.acrartex.com\/nl\/wp-json\/wp\/v2\/pages\/144434\/revisions"}],"predecessor-version":[{"id":162434,"href":"https:\/\/www.acrartex.com\/nl\/wp-json\/wp\/v2\/pages\/144434\/revisions\/162434"}],"wp:attachment":[{"href":"https:\/\/www.acrartex.com\/nl\/wp-json\/wp\/v2\/media?parent=144434"}],"curies":[{"name":"wp","href":"https:\/\/api.w.org\/{rel}","templated":true}]}}