{"id":167878,"date":"2026-04-30T12:38:23","date_gmt":"2026-04-30T17:38:23","guid":{"rendered":"https:\/\/www.acrartex.com\/products\/faro-di-ricerca-rcl-200\/"},"modified":"2026-04-30T13:06:14","modified_gmt":"2026-04-30T18:06:14","slug":"faro-di-ricerca-rcl-200","status":"publish","type":"product","link":"https:\/\/www.acrartex.com\/it\/products\/faro-di-ricerca-rcl-200\/","title":{"rendered":"Faro di ricerca RCL-200"},"content":{"rendered":"<p class=\"ai-optimize-57 ai-optimize-introduction\"><strong>Potenza e stile. Prestazioni ineguagliabili. <\/strong><\/p>\n<p class=\"ai-optimize-58\"><span data-olk-copy-source=\"MessageBody\">Il faro marino a LED RCL-200 combina un design elegante con una robustezza senza compromessi per soddisfare le esigenze dei diportisti moderni. Progettato con un robusto alloggiamento in alluminio pressofuso, questo faro \u00e8 costruito per resistere agli ambienti marini pi\u00f9 difficili, mantenendo al contempo un look elegante e contemporaneo che si adatta a qualsiasi imbarcazione. <\/span><\/p>\n<p class=\"ai-optimize-59\"><span data-olk-copy-source=\"MessageBody\">Alimentato da 12 LED ad alta intensit\u00e0, il faro a LED RCL-200 produce un fascio luminoso brillante di 720.000 candele, garantendo massima visibilit\u00e0 e sicurezza durante la navigazione notturna o le operazioni di ricerca e salvataggio. Grazie al supporto multivoltaggio (12V\u201324V CC), offre flessibilit\u00e0 di installazione su un&#8217;ampia gamma di imbarcazioni. <\/span><\/p>\n<p class=\"ai-optimize-60\"><span data-olk-copy-source=\"MessageBody\">Progettato pensando alla praticit\u00e0 e alla versatilit\u00e0, il faro a LED RCL-200 offre funzioni di controllo avanzate, tra cui la possibilit\u00e0 di tornare alla posizione iniziale su comando e di azionare due fari da un&#8217;unica postazione, oppure due fari da due postazioni diverse. Che si tratti di aggiornare un sistema esistente o di equipaggiare una nuova imbarcazione, questo faro offre l&#8217;affidabilit\u00e0, le prestazioni e lo stile che ci si aspetta in acqua. <\/span><\/p>\n<p>&nbsp;<\/p>\n<p class=\"ai-optimize-61\"><strong>Caratteristiche:<\/strong><\/p>\n<ul>\n<li class=\"ai-optimize-62\"><strong>Illuminazione brillante<\/strong> : <span data-olk-copy-source=\"MessageBody\">12 LED ad alta intensit\u00e0 producono un potente fascio luminoso da 720.000 candele per la massima visibilit\u00e0.<\/span><\/li>\n<li class=\"ai-optimize-63\"><strong>Design robusto ed elegante<\/strong> : <span data-olk-copy-source=\"MessageBody\">robusto alloggiamento in alluminio pressofuso, progettato per resistere agli ambienti marini pi\u00f9 ostili, con un look elegante e moderno.<\/span><\/li>\n<li class=\"ai-optimize-64\"><strong>Opzioni di controllo intelligenti<\/strong> : <span data-olk-copy-source=\"MessageBody\">ritorno alla posizione iniziale con la semplice pressione di un pulsante.<\/span><\/li>\n<li class=\"ai-optimize-65\"><strong>Funzionamento flessibile<\/strong> : <span data-olk-copy-source=\"MessageBody\">\u00e8 possibile controllare due proiettori da un&#8217;unica postazione oppure due proiettori da due postazioni diverse.<\/span><\/li>\n<li class=\"ai-optimize-66\"><strong>Ampia compatibilit\u00e0 di tensione<\/strong> : <span data-olk-copy-source=\"MessageBody\">supporta sistemi da 12V a 24V CC per un&#8217;installazione versatile su una vasta gamma di imbarcazioni.<\/span><\/li>\n<\/ul>\n<p>&nbsp;<\/p>\n","protected":false},"excerpt":{"rendered":"<p><span style=\"color: #ff0000;\"><strong>IN ARRIVO NELL&#8217;AUTUNNO 2026<\/strong><\/span><\/p>\n<p><span data-olk-copy-source=\"MessageBody\">Il faro di ricerca marino RCL-200 LED \u00e8 elegante e resistente, progettato per offrire prestazioni elevate. Dotato di un corpo in alluminio pressofuso, 12 LED ad alta intensit\u00e0 e un fascio luminoso impressionante di 720.000 candele, garantisce una visibilit\u00e0 ottimale quando pi\u00f9 ne hai bisogno. Grazie al supporto multivoltaggio (12V\u201324V CC) e alle opzioni di controllo avanzate, rappresenta l&#8217;aggiornamento ideale per imbarcazioni da diporto di medie e grandi dimensioni, nonch\u00e9 per imbarcazioni commerciali.  <\/span><\/p>\n","protected":false},"featured_media":167767,"template":"","meta":{"_acf_changed":false,"om_disable_all_campaigns":false},"product_brand":[],"product_cat":[2980,2977,3063,2949,2979,2978],"product_tag":[16263,16265,16266,3077,3068,3082,3083,3087,3073,16268,3119],"class_list":{"0":"post-167878","1":"product","2":"type-product","3":"status-publish","4":"has-post-thumbnail","6":"product_cat-commerciale","7":"product_cat-entroterra","8":"product_cat-luci-di-ricerca","9":"product_cat-marina","10":"product_cat-off-shore-it","11":"product_cat-vicino-alla-riva","12":"product_tag-16263","13":"product_tag-16265","14":"product_tag-acr-rcl-200","15":"product_tag-faro-acr","16":"product_tag-faro-da-barca","17":"product_tag-faro-da-barca-a-led","18":"product_tag-faro-di-ricerca-a-led","19":"product_tag-faro-di-ricerca-marino-a-led","20":"product_tag-faro-marino","21":"product_tag-led-acr-rcl-200","22":"product_tag-riflettore","24":"first","25":"outofstock","26":"taxable","27":"shipping-taxable","28":"product-type-variable"},"acf":[],"_links":{"self":[{"href":"https:\/\/www.acrartex.com\/it\/wp-json\/wp\/v2\/product\/167878","targetHints":{"allow":["GET"]}}],"collection":[{"href":"https:\/\/www.acrartex.com\/it\/wp-json\/wp\/v2\/product"}],"about":[{"href":"https:\/\/www.acrartex.com\/it\/wp-json\/wp\/v2\/types\/product"}],"wp:featuredmedia":[{"embeddable":true,"href":"https:\/\/www.acrartex.com\/it\/wp-json\/wp\/v2\/media\/167767"}],"wp:attachment":[{"href":"https:\/\/www.acrartex.com\/it\/wp-json\/wp\/v2\/media?parent=167878"}],"wp:term":[{"taxonomy":"product_brand","embeddable":true,"href":"https:\/\/www.acrartex.com\/it\/wp-json\/wp\/v2\/product_brand?post=167878"},{"taxonomy":"product_cat","embeddable":true,"href":"https:\/\/www.acrartex.com\/it\/wp-json\/wp\/v2\/product_cat?post=167878"},{"taxonomy":"product_tag","embeddable":true,"href":"https:\/\/www.acrartex.com\/it\/wp-json\/wp\/v2\/product_tag?post=167878"}],"curies":[{"name":"wp","href":"https:\/\/api.w.org\/{rel}","templated":true}]}}