{"id":166566,"date":"2025-11-12T18:18:59","date_gmt":"2025-11-12T23:18:59","guid":{"rendered":"https:\/\/www.acrartex.com\/products\/radio-vhf-sr303\/"},"modified":"2026-03-24T10:37:00","modified_gmt":"2026-03-24T15:37:00","slug":"radio-vhf-sr303","status":"publish","type":"product","link":"https:\/\/www.acrartex.com\/it\/products\/radio-vhf-sr303\/","title":{"rendered":"Radio VHF SR303"},"content":{"rendered":"<p>Disponibile in due comodi formati, come semplice VHF di emergenza GMDSS per applicazioni di sola emergenza o come kit completo per uso quotidiano generico e\/o applicazioni di emergenza, la radio ACR Electronics SR303 rappresenta una soluzione completa per tutte le esigenze di comunicazione marittima.<\/p>\n<p>Il VHF di emergenza GMDSS \u00e8 dotato di una batteria primaria al litio, dotata di un&#8217;etichetta di controllo della batteria, in modo che non vi siano dubbi sull&#8217;utilizzo o meno della batteria primaria. Una volta rimossa l&#8217;etichetta di controllo, la radio si accender\u00e0 automaticamente al collegamento della batteria e l&#8217;unit\u00e0 entrer\u00e0 automaticamente in modalit\u00e0 operativa GMDSS con le seguenti impostazioni preimpostate: canale 16, volume a livello 8 e squelch impostato su 2. <\/p>\n<p>Il kit completo include la batteria principale al litio come descritto e include anche una batteria ricaricabile agli ioni di litio e una base di ricarica. Gli accessori standard forniti sia con l&#8217;opzione VHF di emergenza GMDSS standalone, sia con l&#8217;opzione kit completo includono un&#8217;antenna flessibile in gomma, una clip da cintura e un cordino da polso. <\/p>\n<p>Progettato con la massima semplicit\u00e0 d&#8217;uso, l&#8217;SR303 \u00e8 adatto all&#8217;uso con i guanti da tuta di sopravvivenza ed \u00e8 dotato di un display digitale di facile lettura. Sia il display che la tastiera sono retroilluminati, semplificando l&#8217;utilizzo in ambienti scarsamente illuminati. L&#8217;SR303 include anche la tecnologia NFC (Near Field Communication), che consente di visualizzare la data di sostituzione della batteria e le informazioni sul prodotto su un dispositivo mobile.  <\/p>\n<p>Il design robusto dell&#8217;SR303 lo rende adatto a tutte le applicazioni marine e la scelta ideale per il trasporto obbligatorio e volontario. Grazie alla consolidata esperienza nella tecnologia per la sicurezza marittima e al costante impegno per la qualit\u00e0 e l&#8217;innovazione, la radio VHF marina GMDSS SR303 di ACR Electronics offre le prestazioni ineguagliabili che i marittimi di tutto il mondo si aspettano da tutti i prodotti ACR Electronics. <\/p>\n","protected":false},"excerpt":{"rendered":"<p>La radio VHF marina GMDSS SR303 di ACR Electronics \u00e8 progettata per garantire la massima flessibilit\u00e0, offrendo agli utenti comode opzioni per facilitare le comunicazioni in mare indipendentemente dalle circostanze. Progettata come prodotto GMDSS (Global Maritime Distress and Safety System), questa radio VHF impermeabile \u00e8 completamente certificata secondo le normative IMO e SOLAS e fornisce un supporto di comunicazione essenziale sia in situazioni critiche che durante le operazioni marittime quotidiane. <\/p>\n","protected":false},"featured_media":143504,"template":"","meta":{"_acf_changed":false,"om_disable_all_campaigns":false},"product_brand":[],"product_cat":[2980,2949,2979],"product_tag":[3575,3581,3579,3558,3583,3577,3573,3580,3585,3570,3572,3578,3576],"class_list":{"0":"post-166566","1":"product","2":"type-product","3":"status-publish","4":"has-post-thumbnail","6":"product_cat-commerciale","7":"product_cat-marina","8":"product_cat-off-shore-it","9":"product_tag-antenna-radio-vhf-marina","10":"product_tag-radio-di-sopravvivenza-gmdss","11":"product_tag-radio-marina-portatile-vhf","12":"product_tag-radio-marina-vhf","13":"product_tag-radio-omologata-gmdss","14":"product_tag-radio-portatile-vhf","15":"product_tag-radio-vhf","16":"product_tag-radio-vhf-gmdss","17":"product_tag-radio-vhf-gmdss-it","18":"product_tag-radio-vhf-marina","19":"product_tag-radio-vhf-marine","20":"product_tag-radio-vhf-marine-in-vendita","21":"product_tag-recensioni-di-radio-vhf-marine","23":"first","24":"outofstock","25":"taxable","26":"shipping-taxable","27":"product-type-simple"},"acf":[],"_links":{"self":[{"href":"https:\/\/www.acrartex.com\/it\/wp-json\/wp\/v2\/product\/166566","targetHints":{"allow":["GET"]}}],"collection":[{"href":"https:\/\/www.acrartex.com\/it\/wp-json\/wp\/v2\/product"}],"about":[{"href":"https:\/\/www.acrartex.com\/it\/wp-json\/wp\/v2\/types\/product"}],"wp:featuredmedia":[{"embeddable":true,"href":"https:\/\/www.acrartex.com\/it\/wp-json\/wp\/v2\/media\/143504"}],"wp:attachment":[{"href":"https:\/\/www.acrartex.com\/it\/wp-json\/wp\/v2\/media?parent=166566"}],"wp:term":[{"taxonomy":"product_brand","embeddable":true,"href":"https:\/\/www.acrartex.com\/it\/wp-json\/wp\/v2\/product_brand?post=166566"},{"taxonomy":"product_cat","embeddable":true,"href":"https:\/\/www.acrartex.com\/it\/wp-json\/wp\/v2\/product_cat?post=166566"},{"taxonomy":"product_tag","embeddable":true,"href":"https:\/\/www.acrartex.com\/it\/wp-json\/wp\/v2\/product_tag?post=166566"}],"curies":[{"name":"wp","href":"https:\/\/api.w.org\/{rel}","templated":true}]}}