{"id":166521,"date":"2025-11-06T04:45:51","date_gmt":"2025-11-06T09:45:51","guid":{"rendered":"https:\/\/www.acrartex.com\/products\/piano-bivy-go-bivy-stick-mesh-dati-illimitati\/"},"modified":"2025-11-06T04:45:51","modified_gmt":"2025-11-06T09:45:51","slug":"piano-bivy-go-bivy-stick-mesh-dati-illimitati","status":"publish","type":"product","link":"https:\/\/www.acrartex.com\/it\/products\/piano-bivy-go-bivy-stick-mesh-dati-illimitati\/","title":{"rendered":"Piano Bivy Go \u2013 Bivy Stick MESH + dati illimitati"},"content":{"rendered":"<p>Bivy Stick MESH non \u00e8 solo un dispositivo: rappresenta un&#8217;innovazione rivoluzionaria nella comunicazione aziendale per le operazioni da remoto. Progettato per mantenere i team connessi anche negli ambienti pi\u00f9 difficili, offre una connettivit\u00e0 dual-mode fluida, passando in modo intelligente dalla rete satellitare Global Iridium\u00ae alla rete mesh abilitata per LoRa\u00ae, per un&#8217;affidabilit\u00e0 e una copertura senza pari. <\/p>\n<p>&nbsp;<\/p>\n<p>Potenziare la comunicazione a distanza:<\/p>\n<ul>\n<li><strong>Copertura satellitare globale Iridium:<\/strong> Operate con fiducia ovunque sulla Terra, sfruttando l&#8217;impareggiabile costellazione di satelliti Iridium per comunicazioni costanti.<\/li>\n<li><strong>Rete mesh abilitata LoRa\u00ae:<\/strong> Reti mesh autoformanti che consentono la messaggistica in tempo reale e l&#8217;aggiornamento della posizione su GPS per un migliore coordinamento del team.<\/li>\n<\/ul>\n<p><strong> <\/strong><\/p>\n<p>ACR Bivy ha costantemente guidato il settore, introducendo per primo la comunicazione di gruppo e il tracciamento satellitare per un massimo di 12 Bivy Stick. Ora, con l&#8217;integrazione MESH con LoRa\u00ae, Bivy alza ulteriormente l&#8217;asticella, consolidando la sua posizione di soluzione di comunicazione leader per i team che operano in luoghi isolati. <\/p>\n<h2>Bivy Stick MESH Caratteristiche:<\/h2>\n<ul>\n<li><strong>Doppia modalit\u00e0 di comunicazione<\/strong>: Combina in modo unico la rete mesh abilitata LoRa\u00ae con la robusta comunicazione satellitare globale, offrendo una connettivit\u00e0 senza precedenti in ambienti diversi, stabilendo un nuovo standard nella tecnologia di comunicazione per esterni.\n<ul>\n<li><strong>Comunicazione satellitare globale<\/strong>:<br \/>\nAffidatevi alla rete Iridium per una connettivit\u00e0 globale e costante anche nelle localit\u00e0 pi\u00f9 isolate.<\/li>\n<li><strong>Reti mesh abilitate LoRa\u00ae:<br \/>\n<\/strong> Migliora il coordinamento del team con la rete mesh per connessioni dirette da dispositivo a dispositivo fino a un miglio di distanza, supportando fino a 12 dispositivi.<\/li>\n<\/ul>\n<\/li>\n<li><strong>Messaggistica abilitata LoRa\u00ae:<\/strong> trasmissione di messaggi da dispositivo a dispositivo in pochi secondi, notevolmente pi\u00f9 veloce rispetto alle tradizionali comunicazioni satellitari che possono richiedere minuti tra dispositivi.<\/li>\n<\/ul>\n<ul>\n<li><strong>Adattabile ad ambienti difficili: <\/strong>Progettato per funzionare senza problemi in ambienti estremi, da boschi fitti con spesse chiome ad aree piene di strutture in cemento, si \u00e8 affermato come risorsa essenziale per le squadre e i primi soccorritori in zone con segnale compromesso.<\/li>\n<li><strong>Messaggistica di gruppo:<\/strong> Gli utenti possono facilmente creare e partecipare a chat di gruppo all&#8217;interno della rete mesh, consentendo un coordinamento e una comunicazione efficienti tra team o gruppi di persone.<\/li>\n<li aria-level=\"1\"><b>Condivisione della posizione in tempo reale:<\/b> I dispositivi consentono agli utenti di condividere la propria posizione in tempo reale con altri utenti della rete mesh, migliorando la sicurezza e consentendo un coordinamento efficiente durante le attivit\u00e0 all&#8217;aperto e le emergenze.<\/li>\n<li><strong>Intelligenza di rete MESH: <\/strong>Monitora la potenza del segnale cellulare e satellitare di ogni dispositivo all&#8217;interno della rete, instradando in modo intelligente i messaggi verso i dispositivi con connessioni migliori per ottimizzare l&#8217;efficienza della comunicazione.<\/li>\n<li><strong>Trasmissione intelligente dei messaggi<\/strong>: Il bastone MESH di Bivy pu\u00f2 fungere da nodo di comunicazione per ritrasmettere i messaggi senza soluzione di continuit\u00e0, da dispositivo a dispositivo o via satellite, massimizzando l&#8217;efficienza della comunicazione.<\/li>\n<li><strong>Batteria di riserva SOS:<\/strong> Dotata di una batteria di riserva SOS dedicata di 24 ore, che garantisce il mantenimento del segnale SOS in caso di emergenza.<\/li>\n<li><strong>Robusto e impermeabile:<\/strong> progettato per ambienti difficili, il Bivy Stick MESH presenta una struttura resistente che soddisfa gli standard di impermeabilit\u00e0 IP67. Progettato per funzionare in qualsiasi condizione atmosferica, garantisce un funzionamento affidabile ovunque la tua missione ti porti. <\/li>\n<li><strong>Pronti per l&#8217;integrazione:<\/strong> Progettato per la compatibilit\u00e0 con i flussi di lavoro aziendali esistenti per una perfetta integrazione.<\/li>\n<\/ul>\n<p>SOS di emergenza Attivato nell&#8217;app o sul pulsante del dispositivo. Fornito da GlobalRescue <\/p>\n","protected":false},"excerpt":{"rendered":"<p><span class=\"TextRun SCXW184998696 BCX0\" lang=\"EN-US\" data-contrast=\"none\" xml:lang=\"EN-US\"><span class=\"NormalTextRun SCXW184998696 BCX0\">Con Bivy Stick MESH, goditi<\/span> <span class=\"NormalTextRun SCXW184998696 BCX0\">un&#8217;esperienza affidabile<\/span> <\/span><span class=\"TextRun SCXW184998696 BCX0\" lang=\"EN-US\" data-contrast=\"auto\"><span class=\"NormalTextRun SCXW184998696 BCX0\">Comunicazione<\/span> <span class=\"NormalTextRun SCXW184998696 BCX0\">satellitare<\/span><\/span> <span class=\"TextRun SCXW184998696 BCX0\" lang=\"EN-US\" data-contrast=\"none\"><span class=\"NormalTextRun SCXW184998696 BCX0\">bidirezionale<\/span><\/span><span class=\"TextRun SCXW184998696 BCX0\" lang=\"EN-US\" data-contrast=\"none\" xml:lang=\"EN-US\"><span class=\"NormalTextRun SCXW184998696 BCX0\">,  <\/span><\/span><span class=\"TextRun SCXW184998696 BCX0\" lang=\"EN-US\" data-contrast=\"none\" xml:lang=\"EN-US\"><span class=\"NormalTextRun SCXW184998696 BCX0\">messaggistica di gruppo<\/span><\/span><span class=\"TextRun SCXW184998696 BCX0\" lang=\"EN-US\" data-contrast=\"none\" xml:lang=\"EN-US\"><span class=\"NormalTextRun SCXW184998696 BCX0\">,  <\/span><\/span><span class=\"TextRun SCXW184998696 BCX0\" lang=\"EN-US\" data-contrast=\"none\" xml:lang=\"EN-US\"><span class=\"NormalTextRun SCXW184998696 BCX0\">Supporto SOS 24 ore su 24, 7 giorni su 7<\/span><\/span><span class=\"TextRun SCXW184998696 BCX0\" lang=\"EN-US\" data-contrast=\"none\" xml:lang=\"EN-US\"><span class=\"NormalTextRun SCXW184998696 BCX0\">,  <\/span><\/span><span class=\"TextRun SCXW184998696 BCX0\" lang=\"EN-US\" data-contrast=\"none\" xml:lang=\"EN-US\"><span class=\"NormalTextRun SCXW184998696 BCX0\">GPS tracciamento<\/span><\/span><span class=\"TextRun SCXW184998696 BCX0\" lang=\"EN-US\" data-contrast=\"none\" xml:lang=\"EN-US\"><span class=\"NormalTextRun SCXW184998696 BCX0\">, E  <\/span><\/span><span class=\"TextRun SCXW184998696 BCX0\" lang=\"EN-US\" data-contrast=\"none\" xml:lang=\"EN-US\"><span class=\"NormalTextRun SCXW184998696 BCX0\">condivisione della posizione  <\/span><\/span><span class=\"TextRun SCXW184998696 BCX0\" lang=\"EN-US\" data-contrast=\"none\" xml:lang=\"EN-US\"><span class=\"NormalTextRun SCXW184998696 BCX0\">tutto in uno  <\/span><\/span><span class=\"TextRun SCXW184998696 BCX0\" lang=\"EN-US\" data-contrast=\"none\" xml:lang=\"EN-US\"><span class=\"NormalTextRun SCXW184998696 BCX0\">compatto<\/span><\/span><span class=\"TextRun SCXW184998696 BCX0\" lang=\"EN-US\" data-contrast=\"none\" xml:lang=\"EN-US\"><span class=\"NormalTextRun SCXW184998696 BCX0\">  e  <\/span><\/span><span class=\"TextRun SCXW184998696 BCX0\" lang=\"EN-US\" data-contrast=\"none\" xml:lang=\"EN-US\"><span class=\"NormalTextRun SCXW184998696 BCX0\">leggero<\/span><\/span><span class=\"TextRun SCXW184998696 BCX0\" lang=\"EN-US\" data-contrast=\"none\" xml:lang=\"EN-US\"><span class=\"NormalTextRun SCXW184998696 BCX0\">  dispositivo. Ti d\u00e0 la   <\/span><\/span><span class=\"TextRun SCXW184998696 BCX0\" lang=\"EN-US\" data-contrast=\"none\"><span class=\"NormalTextRun SCXW184998696 BCX0\">libert\u00e0 di comunicazione off-grid<\/span><\/span> <span class=\"TextRun SCXW184998696 BCX0\" lang=\"EN-US\" data-contrast=\"none\"><span class=\"NormalTextRun SCXW184998696 BCX0\">al<\/span><\/span> <span class=\"TextRun SCXW184998696 BCX0\" lang=\"EN-US\" data-contrast=\"none\"><span class=\"NormalTextRun SCXW184998696 BCX0\">prezzo pi\u00f9 conveniente sul mercato<\/span><\/span><span class=\"TextRun SCXW184998696 BCX0\" lang=\"EN-US\" data-contrast=\"none\" xml:lang=\"EN-US\"><span class=\"NormalTextRun SCXW184998696 BCX0\">. Rimani connesso, anche quando la copertura cellulare \u00e8 scarsa.<\/span><\/span><\/p>\n<h4><\/h4>\n<h4><strong>Orgogliosamente prodotto negli Stati Uniti!<\/strong><\/h4>\n<p>&nbsp;<\/p>\n","protected":false},"featured_media":163294,"template":"","meta":{"_acf_changed":false,"om_disable_all_campaigns":false},"product_brand":[],"product_cat":[2950,2949],"product_tag":[],"class_list":{"0":"post-166521","1":"product","2":"type-product","3":"status-publish","4":"has-post-thumbnail","6":"product_cat-allaperto","7":"product_cat-marina","9":"first","10":"instock","11":"taxable","12":"shipping-taxable","13":"purchasable","14":"product-type-subscription"},"acf":[],"_links":{"self":[{"href":"https:\/\/www.acrartex.com\/it\/wp-json\/wp\/v2\/product\/166521","targetHints":{"allow":["GET"]}}],"collection":[{"href":"https:\/\/www.acrartex.com\/it\/wp-json\/wp\/v2\/product"}],"about":[{"href":"https:\/\/www.acrartex.com\/it\/wp-json\/wp\/v2\/types\/product"}],"wp:featuredmedia":[{"embeddable":true,"href":"https:\/\/www.acrartex.com\/it\/wp-json\/wp\/v2\/media\/163294"}],"wp:attachment":[{"href":"https:\/\/www.acrartex.com\/it\/wp-json\/wp\/v2\/media?parent=166521"}],"wp:term":[{"taxonomy":"product_brand","embeddable":true,"href":"https:\/\/www.acrartex.com\/it\/wp-json\/wp\/v2\/product_brand?post=166521"},{"taxonomy":"product_cat","embeddable":true,"href":"https:\/\/www.acrartex.com\/it\/wp-json\/wp\/v2\/product_cat?post=166521"},{"taxonomy":"product_tag","embeddable":true,"href":"https:\/\/www.acrartex.com\/it\/wp-json\/wp\/v2\/product_tag?post=166521"}],"curies":[{"name":"wp","href":"https:\/\/api.w.org\/{rel}","templated":true}]}}