{"id":166485,"date":"2024-06-11T08:30:35","date_gmt":"2024-06-11T13:30:35","guid":{"rendered":"https:\/\/www.acrartex.com\/products\/tag-esposizione-olas\/"},"modified":"2026-03-06T08:59:00","modified_gmt":"2026-03-06T13:59:00","slug":"tag-esposizione-olas","status":"publish","type":"product","link":"https:\/\/www.acrartex.com\/it\/products\/tag-esposizione-olas\/","title":{"rendered":"TAG ESPOSIZIONE OLAS"},"content":{"rendered":"<h3>Cosa fa<\/h3>\n<p><strong>Traccia con l&#8217;applicazione mobile OLAS<\/strong><\/p>\n<p>Entro 8 secondi dal verificarsi di un incidente di uomo a mare, la tecnologia dell&#8217;applicazione mobile OLAS rileva un&#8217;interruzione del suo &#8220;collegamento virtuale&#8221; al tag. Il telefono cellulare emette quindi un forte allarme, avvisando l&#8217;equipaggio che qualcuno \u00e8 caduto in mare. OLAS supporta quindi l&#8217;equipaggio nel recupero dell&#8217;uomo a mare, indirizzandolo chiaramente verso la posizione GPS in cui si \u00e8 verificato l&#8217;incidente con chiari segnali visivi e dati di rilevamento. OLAS memorizza tutti i dati di posizione e l&#8217;ora dell&#8217;incidente richiesti dai servizi di soccorso.   <\/p>\n<p><strong>Traccia con OLAS Guardian e Core (imbarcazioni fino a 50 piedi)<\/strong><\/p>\n<p>Collega fino a 15 trasmettitori OLAS (OLAS tag o OLAS Float-On) a qualsiasi ricevitore OLAS. Entro 2 secondi dall&#8217;interruzione della connessione, si attiver\u00e0 l&#8217;allerta MOB, avvisando l&#8217;equipaggio dell&#8217;incidente. <\/p>\n<h3>Vantaggi del tag OLAS<\/h3>\n<ul>\n<li>Lunga durata della batteria (fino a 4 mesi)<\/li>\n<li>La soluzione di fissaggio pi\u00f9 versatile: polso, giubbotto di salvataggio, dispositivo MOB con 1 cinghia<\/li>\n<li>App gratuita per iOS e Android<\/li>\n<li>Collega pi\u00f9 tag a 1 telefono o tablet<\/li>\n<li>Collega 1 tag a pi\u00f9 telefoni\/tablet<\/li>\n<li>Collegamento a qualsiasi ricevitore OLAS Feedback sulla batteria (all&#8217;interno dell&#8217;app mobile OLAS)<\/li>\n<li>Ogni tag \u00e8 fornito con un cinturino da polso universale in silicone con fibbia in acciaio inossidabile e una batteria CR2477 preinstallata (sostituibile dall&#8217;utente)<\/li>\n<li>Compatibile con <a href=\"https:\/\/www.acrartex.com\/it\/products\/acr-olas-guardia\/\">il sistema di spegnimento del motore OLAS Guardian<\/a> ( <a href=\"https:\/\/uscgboating.org\/recreational-boaters\/engine-cut-off-devices.php\">nuove normative USCG<\/a> )<\/li>\n<\/ul>\n<h3><\/h3>\n<h3>Caratteristiche dell&#8217;applicazione mobile<\/h3>\n<p>Il Guardian \u00e8 facilmente gestibile tramite l&#8217;app OLAS, scaricabile gratuitamente dall&#8217;App Store per iOS e dal Google Play Store per Android. L&#8217;app OLAS richiede un dispositivo con almeno iOS 11 o Android 5.1 per funzionare. L&#8217;app OLAS \u00e8 un potente strumento per controllare le funzioni del Guardian e per facilitare il soccorso rapido.  <\/p>\n<p><strong>Monitor<\/strong><\/p>\n<ul>\n<li>Monitorare tutti i trasmettitori OLAS che vengono tracciati<\/li>\n<li>Personalizza i nomi dei trasmettitori OLAS rendendoli facili da allocare<\/li>\n<li>Controllare lo stato della batteria per i tag OLAS<\/li>\n<\/ul>\n<p><strong>Controllo Guardiano<\/strong><\/p>\n<ul>\n<li>Aggiungere nuovi trasmettitori OLAS al sistema Guardian<\/li>\n<li>Mettere in pausa il sistema Guardian se i trasmettitori lasciano l&#8217;area per un breve periodo<\/li>\n<li>Regola il tempo prima che il Guardian reagisca a un trasmettitore in mare tra 2 e 15 secondi, consentendo maggiore libert\u00e0 intorno alle imbarcazioni pi\u00f9 grandi<\/li>\n<li>Regola tra interruttore di interruzione e modalit\u00e0 di allarme esterno<\/li>\n<\/ul>\n<ul>\n<li>La modalit\u00e0 kill switch attiva l&#8217;interruttore integrato per 5 secondi, spegnendo il motore, ma consentendo agli utenti di riavviare il motore dopo 5 secondi<\/li>\n<li>La modalit\u00e0 di allarme esterno attiva l&#8217;interruttore incorporato finch\u00e9 non viene annullato manualmente. Ci\u00f2 consente di collegare in serie allarmi esterni ad alta potenza. <\/li>\n<li>Mettere in pausa lo stato di allarme<\/li>\n<\/ul>\n<p><strong>Controllo del trasmettitore<\/strong><\/p>\n<ul>\n<li>Regola facilmente i singoli trasmettitori tra Spegnimento motore (per lo skipper), Solo allarme (per i passeggeri) e Pausa (per i passeggeri che lasciano temporaneamente l&#8217;imbarcazione)<\/li>\n<li>facendo suonare l&#8217;allarme esterno se chi indossa il Tag si trova fuori dalla portata sia del Guardian che del dispositivo mobile.<\/li>\n<li>Regolare l&#8217;intervallo di tempo prima dell&#8217;attivazione dell&#8217;interruttore di spegnimento o dell&#8217;allarme, per una maggiore libert\u00e0.<\/li>\n<\/ul>\n<p><strong>Allarme esterno e aiuto al salvataggio<\/strong><\/p>\n<ul>\n<li>Allarme con volume massimo e vibrazione sul tuo cellulare, sincronizzati con il Guardian.<\/li>\n<li>Indicazione del trasmettitore che ha attivato l&#8217;allarme.<\/li>\n<li>Registrare la posizione GPS del punto in cui \u00e8 scattato l&#8217;allarme - Riportare la guida alla posizione GPS in cui \u00e8 scattato l&#8217;allarme.<\/li>\n<li>Visualizzazione chiara dell&#8217;ora e della posizione GPS del luogo in cui \u00e8 scattato l&#8217;allarme e della posizione attuale dell&#8217;utente. \u2022 Script di emergenza VHF con inserimento automatico delle coordinate GPS e informazioni personalizzate sull&#8217;imbarcazione in modalit\u00e0 Solo.<\/li>\n<li>Progettato per chi naviga da solo entro il raggio d&#8217;azione della rete cellulare 2G o del Wifi in mare aperto. La modalit\u00e0 Solo invia un messaggio di testo automatico a un numero personalizzato con la posizione e l&#8217;ora dell&#8217;incidente. Se viene gestito un autosalvataggio, viene inviato un messaggio automatico che annulla l&#8217;allarme.  <\/li>\n<\/ul>\n","protected":false},"excerpt":{"rendered":"<p>Il tag OLAS \u00e8 un trasmettitore OLAS compatto, facilmente applicabile ad adulti, bambini, animali domestici e oggetti come i dispositivi di galleggiamento in mare. I tag vengono tracciati dall&#8217;applicazione OLAS su un dispositivo mobile o tramite Core, Guardian ed Extender. <\/p>\n<p>Pochi secondi dopo che il tag interrompe la connessione con un ricevitore OLAS, l&#8217;equipaggio viene avvisato dall&#8217;allarme e dalla luce OLAS, mentre la schermata di salvataggio OLAS MOB viene attivata sull&#8217;applicazione mobile OLAS.<\/p>\n<p>Ogni tag \u00e8 dotato di un cinturino da polso universale in silicone con fibbia in acciaio inossidabile e una batteria CR2477 preinstallata (sostituibile dall&#8217;utente).<\/p>\n<p>&nbsp;<\/p>\n<p>&nbsp;<\/p>\n","protected":false},"featured_media":163779,"template":"","meta":{"_acf_changed":false,"om_disable_all_campaigns":false},"product_brand":[],"product_cat":[2980,2977,2949,2979,2978],"product_tag":[3203,3551,16106,3542,3159,3188,3550,3211,3549,3584,16108,3195,3210],"class_list":{"0":"post-166485","1":"product","2":"type-product","3":"status-publish","4":"has-post-thumbnail","6":"product_cat-commerciale","7":"product_cat-entroterra","8":"product_cat-marina","9":"product_cat-off-shore-it","10":"product_cat-vicino-alla-riva","11":"product_tag-bluetooth-uomo-in-mare","12":"product_tag-cane-in-mare","13":"product_tag-etichetta","14":"product_tag-gps-tracciamento","15":"product_tag-mob-it","16":"product_tag-olas-tag-it","17":"product_tag-sicurezza-dei-bambini-in-barca","18":"product_tag-sistema-uomo-a-mare","19":"product_tag-tracker-dellequipaggio","20":"product_tag-trasmettitore","21":"product_tag-trasmettitore-di-massa","22":"product_tag-trasmettitore-olas","23":"product_tag-uomo-in-mare","24":"pa_activity-la-pesca","25":"pa_boat-size-0-20-it","26":"pa_boat-size-21-40-it","27":"pa_boat-size-40-80-it","28":"pa_boat-size-80-it","29":"pa_boat-type-barca-a-vela","30":"pa_boat-type-motoscafo","31":"pa_boat-type-nave-da-carico","32":"pa_boat-type-noleggio-barche","33":"pa_boat-type-pesca-commerciale","34":"pa_boat-type-rimorchiatore","35":"pa_boat-type-sportcraft-it","36":"pa_boat-type-yacht-it","38":"first","39":"instock","40":"taxable","41":"shipping-taxable","42":"purchasable","43":"product-type-variable"},"acf":[],"_links":{"self":[{"href":"https:\/\/www.acrartex.com\/it\/wp-json\/wp\/v2\/product\/166485","targetHints":{"allow":["GET"]}}],"collection":[{"href":"https:\/\/www.acrartex.com\/it\/wp-json\/wp\/v2\/product"}],"about":[{"href":"https:\/\/www.acrartex.com\/it\/wp-json\/wp\/v2\/types\/product"}],"wp:featuredmedia":[{"embeddable":true,"href":"https:\/\/www.acrartex.com\/it\/wp-json\/wp\/v2\/media\/163779"}],"wp:attachment":[{"href":"https:\/\/www.acrartex.com\/it\/wp-json\/wp\/v2\/media?parent=166485"}],"wp:term":[{"taxonomy":"product_brand","embeddable":true,"href":"https:\/\/www.acrartex.com\/it\/wp-json\/wp\/v2\/product_brand?post=166485"},{"taxonomy":"product_cat","embeddable":true,"href":"https:\/\/www.acrartex.com\/it\/wp-json\/wp\/v2\/product_cat?post=166485"},{"taxonomy":"product_tag","embeddable":true,"href":"https:\/\/www.acrartex.com\/it\/wp-json\/wp\/v2\/product_tag?post=166485"}],"curies":[{"name":"wp","href":"https:\/\/api.w.org\/{rel}","templated":true}]}}