{"id":166465,"date":"2024-06-11T14:10:58","date_gmt":"2024-06-11T19:10:58","guid":{"rendered":"https:\/\/www.acrartex.com\/products\/estensore-di-esposizione-olas\/"},"modified":"2026-03-06T08:47:49","modified_gmt":"2026-03-06T13:47:49","slug":"estensore-di-esposizione-olas","status":"publish","type":"product","link":"https:\/\/www.acrartex.com\/it\/products\/estensore-di-esposizione-olas\/","title":{"rendered":"ESTENSORE DI ESPOSIZIONE OLAS"},"content":{"rendered":"<h3>Vantaggi dell&#8217;Extender<\/h3>\n<h3 class=\"title\"><strong>Installazione rapida e semplice senza bisogno di cavi rigidi<\/strong><\/h3>\n<ul>\n<li>Imposta N2K, Guardian o Core in modalit\u00e0 di associazione e l&#8217;Extender si connetter\u00e0 automaticamente e rimarr\u00e0 associato.<\/li>\n<li>Utilizzare l&#8217;indicatore LED sull&#8217;interruttore per posizionare l&#8217;Extender nella posizione ottimale sull&#8217;imbarcazione. Utilizzando la batteria ricaricabile, l&#8217;Extender pu\u00f2 essere spostato all&#8217;interno dell&#8217;imbarcazione e, quando il LED sull&#8217;interruttore diventa rosso fisso, la connessione \u00e8 stata interrotta. Riportare l&#8217;Extender nella posizione in cui \u00e8 ricollegato e fissarlo in questa posizione.  <\/li>\n<\/ul>\n<h3 class=\"title\"><strong>Portatile e a basso consumo (USB 5V)<\/strong><\/h3>\n<ul>\n<li>L&#8217;Extender pu\u00f2 funzionare con la sua batteria interna ricaricabile fino a 80 ore oppure, per una soluzione permanente, pu\u00f2 essere collegato a un alimentatore da 5 V tramite il suo cavo USB.<\/li>\n<\/ul>\n<h3 class=\"title\"><strong>Collegamento automatico del trasmettitore<\/strong><\/h3>\n<ul>\n<li>Imposta N2K, Guardian o Core in modalit\u00e0 di associazione e l&#8217;Extender si connetter\u00e0 automaticamente e rimarr\u00e0 associato.<\/li>\n<\/ul>\n<h3 class=\"title\"><strong>Estende il sistema OLAS<\/strong><\/h3>\n<ul>\n<li>Aggiunge fino a 15 metri di portata extra ai sistemi base N2K, Guardian e Core. Nota: un extender estende la portata di 7,6 metri e un totale di 2 extender possono essere utilizzati per estendere la portata del sistema di un totale di 15 metri. <\/li>\n<\/ul>\n<p>&nbsp;<\/p>\n<p>&nbsp;<\/p>\n","protected":false},"excerpt":{"rendered":"<p>L&#8217;OLAS Extender \u00e8 un ripetitore wireless compatto e portatile per l&#8217;allarme MOB e l&#8217;interruttore di spegnimento wireless OLAS N2K NMEA 2000, l&#8217;allarme MOB e l&#8217;interruttore di spegnimento wireless OLAS Guardian e il sistema di allarme MOB OLAS Core. Mentre OLAS Tag, T2 e OLAS Float-On, utilizzati da soli con l&#8217;app mobile, consentono la copertura su imbarcazioni fino a 40 piedi, N2K, Guardian e Core consentono la copertura su imbarcazioni fino a 50 piedi, l&#8217;Extender pu\u00f2 essere utilizzato con Core, Guardian o N2K per aumentare la copertura su imbarcazioni fino a 100 piedi di lunghezza. <\/p>\n<p>&nbsp;<\/p>\n","protected":false},"featured_media":163634,"template":"","meta":{"_acf_changed":false,"om_disable_all_campaigns":false},"product_brand":[],"product_cat":[2980,2977,2949,2979,2978],"product_tag":[16075,16077,3542,3159,16074,16076,3211,3210],"class_list":{"0":"post-166465","1":"product","2":"type-product","3":"status-publish","4":"has-post-thumbnail","6":"product_cat-commerciale","7":"product_cat-entroterra","8":"product_cat-marina","9":"product_cat-off-shore-it","10":"product_cat-vicino-alla-riva","11":"product_tag-estensore","12":"product_tag-estensore-wireless","13":"product_tag-gps-tracciamento","14":"product_tag-mob-it","15":"product_tag-ripetitore","16":"product_tag-ripetitore-senza-fili","17":"product_tag-sistema-uomo-a-mare","18":"product_tag-uomo-in-mare","19":"pa_boat-type-motoscafo","20":"pa_terrain-fiumi-zone-umide-laghi","22":"first","23":"instock","24":"taxable","25":"shipping-taxable","26":"purchasable","27":"product-type-simple"},"acf":[],"_links":{"self":[{"href":"https:\/\/www.acrartex.com\/it\/wp-json\/wp\/v2\/product\/166465","targetHints":{"allow":["GET"]}}],"collection":[{"href":"https:\/\/www.acrartex.com\/it\/wp-json\/wp\/v2\/product"}],"about":[{"href":"https:\/\/www.acrartex.com\/it\/wp-json\/wp\/v2\/types\/product"}],"wp:featuredmedia":[{"embeddable":true,"href":"https:\/\/www.acrartex.com\/it\/wp-json\/wp\/v2\/media\/163634"}],"wp:attachment":[{"href":"https:\/\/www.acrartex.com\/it\/wp-json\/wp\/v2\/media?parent=166465"}],"wp:term":[{"taxonomy":"product_brand","embeddable":true,"href":"https:\/\/www.acrartex.com\/it\/wp-json\/wp\/v2\/product_brand?post=166465"},{"taxonomy":"product_cat","embeddable":true,"href":"https:\/\/www.acrartex.com\/it\/wp-json\/wp\/v2\/product_cat?post=166465"},{"taxonomy":"product_tag","embeddable":true,"href":"https:\/\/www.acrartex.com\/it\/wp-json\/wp\/v2\/product_tag?post=166465"}],"curies":[{"name":"wp","href":"https:\/\/api.w.org\/{rel}","templated":true}]}}