{"id":166433,"date":"2024-06-11T14:20:02","date_gmt":"2024-06-11T19:20:02","guid":{"rendered":"https:\/\/www.acrartex.com\/products\/esposizione-olas-guardian\/"},"modified":"2024-06-11T14:20:02","modified_gmt":"2024-06-11T19:20:02","slug":"esposizione-olas-guardian","status":"publish","type":"product","link":"https:\/\/www.acrartex.com\/it\/products\/esposizione-olas-guardian\/","title":{"rendered":"ESPOSIZIONE OLAS GUARDIAN"},"content":{"rendered":"<h3>Cosa fa<\/h3>\n<p>L&#8217;OLAS Guardian garantisce che i conducenti di imbarcazioni a motore e RIB possano fermare immediatamente la propria imbarcazione in caso di separazione tra skipper o equipaggio, prevenendo incidenti causati da imbarcazioni senza equipaggio e fuori controllo. Sono liberi di muoversi liberamente sulla propria imbarcazione senza doversi ricordare costantemente di agganciare, sganciare e riattaccare un cavo di sicurezza cablato. <\/p>\n<h3>Modalit\u00e0 di tag personalizzabili per una maggiore flessibilit\u00e0<\/h3>\n<p>OLAS Guardian offre tre modalit\u00e0 di tag selezionabili dall&#8217;utente, consentendo di personalizzare il dispositivo in base alle proprie esigenze specifiche. \u00c8 possibile passare da una modalit\u00e0 all&#8217;altra senza problemi utilizzando l&#8217;app mobile OLAS. Ecco una ripartizione delle modalit\u00e0 di tag:  <\/p>\n<ul>\n<li><strong>Arresto del motore<\/strong> : agisce come un kill cord, fermando l&#8217;imbarcazione quando il tag \u00e8 fuori portata, senza attivare gli avvisi MOB.<\/li>\n<\/ul>\n<ul>\n<li><strong>Allerta MOB<\/strong> : avvisa l&#8217;imbarcazione senza spegnere il motore.<\/li>\n<\/ul>\n<ul>\n<li><strong>Arresto motore + avviso MOB<\/strong> : questa modalit\u00e0 attiva gli avvisi dell&#8217;equipaggio e spegne il motore.<\/li>\n<\/ul>\n<h3>Come funziona<\/h3>\n<ul>\n<li>Il Guardian pu\u00f2 monitorare fino a 25 dispositivi di trasmissione OLAS (OLAS T2\/OLAS Tag\/OLAS Float-On) entro il raggio d&#8217;azione dell&#8217;imbarcazione. Questo consente all&#8217;equipaggio e al comandante di muoversi liberamente a bordo con la certezza che, in caso di caduta in mare, il motore verr\u00e0 spento e\/o verr\u00e0 attivato un allarme, consentendo un rapido recupero. <\/li>\n<li>Il Guardian si collega all&#8217;alimentazione da 12\/24 V dell&#8217;imbarcazione e all&#8217;interruttore di sicurezza esistente tramite i connettori in dotazione, rendendolo rapido e semplice da installare e immediatamente utilizzabile.<\/li>\n<li>\u00c8 necessario un foro da 21 mm vicino all&#8217;interruttore di sicurezza esistente per installare l&#8217;interruttore di controllo LED in acciaio inossidabile da 20 mm.<\/li>\n<\/ul>\n<p><em>L&#8217;installazione professionale non \u00e8 richiesta, ma \u00e8 consigliata poich\u00e9 ACR Electronics non si assume alcuna responsabilit\u00e0 per un&#8217;installazione non corretta.<\/em><\/p>\n<div class=\"row\">\n<div class=\"col-xs-12 col-sm-12\">\n<h3>A chi \u00e8 rivolto<\/h3>\n<p>OLAS Guardian \u00e8 pensato per i conducenti di imbarcazioni a motore e a motore, nonch\u00e9 per tutti gli skipper e i proprietari di imbarcazioni preoccupati per la sicurezza a bordo. Collega in modalit\u00e0 wireless fino a 25 membri dell&#8217;equipaggio tramite trasmettitori OLAS indossabili (T2, Tag o OLAS Float On Light), creando un kill cord virtuale. <\/p>\n<\/div>\n<\/div>\n<div>\n<div class=\"row\">\n<div class=\"col-sm-12 col-xs-12\">\n<h3>Vantaggi principali<\/h3>\n<\/div>\n<\/div>\n<div class=\"row\">\n<div class=\"col-xs-12 col-sm-6\">\n<ul>\n<li><strong>Funziona insieme all&#8217;interruttore di spegnimento esistente<\/strong> : il Guardian pu\u00f2 essere utilizzato al posto o insieme a un interruttore di spegnimento esistente e funzioner\u00e0 se il cavo di spegnimento fisico non \u00e8 stato collegato al conducente. - Sulla maggior parte dei motori, una semplice connessione parallela all&#8217;interruttore di spegnimento esistente consentir\u00e0 la completa funzionalit\u00e0 di spegnimento wireless. <\/li>\n<li><strong>Riavvio automatico<\/strong> - Dopo 5 secondi l&#8217;interruttore di spegnimento viene disattivato consentendo il riavvio del motore<\/li>\n<li><strong>Allarme integrato<\/strong> : un allarme da 85 dB suoner\u00e0 per indicare che un trasmettitore OLAS \u00e8 uscito dal raggio d&#8217;azione.<\/li>\n<li><strong>Luce di emergenza integrata (se montata esternamente)<\/strong> : si accende una luce rossa di emergenza ad alta potenza, che fornisce una chiara indicazione visiva di un allarme e allo stesso tempo illumina l&#8217;area circostante.<\/li>\n<li><strong>Selezione del rel\u00e8<\/strong> : l&#8217;app OLAS consente la selezione individuale del rel\u00e8 per regolare facilmente se il trasmettitore OLAS attiva il rel\u00e8\/spegnimento del motore o solo l&#8217;allarme MOB integrato del Guardian.<\/li>\n<li><strong>Connessione automatica<\/strong> : quando sali a bordo della tua imbarcazione e accendi l&#8217;alimentazione, The Guardian si connetter\u00e0 automaticamente a tutti i dispositivi di trasmissione OLAS accesi entro un raggio di 2 metri.<\/li>\n<\/ul>\n<\/div>\n<div class=\"col-xs-12 col-sm-6\">\n<ul>\n<li><strong>Avviso di mancata connessione e override<\/strong> - Se si sale a bordo dell&#8217;imbarcazione e nessun trasmettitore \u00e8 acceso, il Guardian emetter\u00e0 un avviso. Questo avviso pu\u00f2 essere interrotto collegando il trasmettitore OLAS al Guardian oppure spegnendo manualmente il Guardian. Dopodich\u00e9, l&#8217;imbarcazione pu\u00f2 essere guidata normalmente utilizzando il cordino di sicurezza fisico esistente.  <\/li>\n<li><strong>Modalit\u00e0 pausa<\/strong> - Il sistema pu\u00f2 essere messo in modalit\u00e0 pausa. Questa modalit\u00e0 viene utilizzata quando \u00e8 necessario lasciare l&#8217;imbarcazione con il motore al minimo, ad esempio quando si cammina lungo un pontone, sapendo che il trasmettitore OLAS andr\u00e0 fuori portata. <\/li>\n<li><strong>Collega fino a 25 trasmettitori OLAS (OLAS T2, OLAS Tag o OLAS Float-On)<\/strong> : fino a 25 trasmettitori consentono a imbarcazioni di grandi dimensioni di collegare equipaggio e oggetti al Guardian. Semplicemente collegando un trasmettitore a un oggetto come un dispositivo di galleggiamento MOB o un tender per yacht, \u00e8 possibile essere sempre informati se qualcosa \u00e8 andato perso. <\/li>\n<li><strong>Compatibile con extender<\/strong> \u00c8 possibile utilizzare uno o due extender OLAS per coprire aree in cui il segnale del trasmettitore potrebbe essere bloccato. Ci\u00f2 consente l&#8217;uso su imbarcazioni pi\u00f9 grandi, fino a 100 piedi. <\/li>\n<\/ul>\n<h3>Caratteristiche dell&#8217;applicazione mobile<\/h3>\n<p>Il Guardian \u00e8 facilmente gestibile tramite l&#8217;app OLAS, scaricabile gratuitamente dall&#8217;App Store per iOS e dal Google Play Store per Android. L&#8217;app OLAS richiede un dispositivo con almeno iOS 11 o Android 5.1 per funzionare. L&#8217;app OLAS \u00e8 un potente strumento per controllare le funzioni del Guardian e per facilitare il soccorso rapido. L&#8217;app offre le seguenti funzionalit\u00e0:   <\/p>\n<ul>\n<li>Monitorare tutti i trasmettitori OLAS che vengono tracciati<\/li>\n<li>Personalizza i nomi dei trasmettitori OLAS rendendoli facili da allocare<\/li>\n<li>Controllare lo stato della batteria per i trasmettitori OLAS <\/li>\n<li>Aggiungere nuovi trasmettitori OLAS al sistema Guardian.<\/li>\n<li>Mettere in pausa il sistema Guardian se i trasmettitori abbandonano l&#8217;area per un breve periodo.<\/li>\n<li>Regola il tempo prima che il Guardian reagisca a un trasmettitore in mare tra 2 e 15 secondi, consentendo maggiore libert\u00e0 in prossimit\u00e0 di imbarcazioni pi\u00f9 grandi.<\/li>\n<li>Regolare tra la modalit\u00e0 interruttore di interruzione e quella di allarme esterno.<\/li>\n<li>La modalit\u00e0 kill switch attiva l&#8217;interruttore integrato per 5 secondi, spegnendo il motore ma consentendo agli utenti di riavviarlo dopo 5 secondi.<\/li>\n<li>La modalit\u00e0 di allarme esterno attiva l&#8217;interruttore incorporato finch\u00e9 non viene annullato manualmente. Ci\u00f2 consente di collegare in serie allarmi esterni ad alta potenza. <\/li>\n<li>Mettere in pausa lo stato di allarme.<\/li>\n<li>Regola facilmente i singoli trasmettitori tra Spegnimento motore (per lo skipper), Solo allarme (per i passeggeri) e Pausa (per i passeggeri che lasciano temporaneamente l&#8217;imbarcazione).<\/li>\n<li>facendo suonare l&#8217;allarme esterno se chi indossa il Tag si trova fuori dalla portata sia del Guardian che del dispositivo mobile.<\/li>\n<li>Regola il tempo prima che l&#8217;interruttore di spegnimento o l&#8217;allarme vengano attivati, offrendo maggiore libert\u00e0.<\/li>\n<li>Allarme con volume massimo e vibrazione sul tuo cellulare, sincronizzati con il Guardian.<\/li>\n<li>Indicazione del trasmettitore che ha attivato l&#8217;allarme.<\/li>\n<li>Registra la posizione GPS in cui \u00e8 stato attivato l&#8217;allarme<\/li>\n<li>Indicazioni chiare per tornare alla posizione GPS in cui \u00e8 scattato l&#8217;allarme.<\/li>\n<li>Visualizzazione chiara dell&#8217;ora e della posizione GPS del luogo in cui \u00e8 scattato l&#8217;allarme e della posizione attuale dell&#8217;utente. \u2022 Script di emergenza VHF con inserimento automatico delle coordinate GPS e informazioni personalizzate sull&#8217;imbarcazione in modalit\u00e0 Solo.<\/li>\n<li>Progettato per chi naviga da solo entro il raggio d&#8217;azione della rete cellulare 2G o del Wifi in mare aperto. La modalit\u00e0 Solo invia un messaggio di testo automatico a un numero personalizzato con la posizione e l&#8217;ora dell&#8217;incidente. Se viene gestito un autosalvataggio, viene inviato un messaggio automatico che annulla l&#8217;allarme.  <\/li>\n<\/ul>\n<h3>Installazione e montaggio<\/h3>\n<p><strong>12\/24V cablato<\/strong><\/p>\n<p>Il modulo Guardian pu\u00f2 essere collegato all&#8217;alimentazione elettrica della vostra imbarcazione per garantire che sia sempre attivo quando la corrente \u00e8 in funzione. I cavi di alimentazione possono essere semplicemente collegati a un alimentatore esistente proveniente dalla batteria dell&#8217;imbarcazione. <\/p>\n<p><strong>Montaggio a pannello passante<\/strong><\/p>\n<p>L&#8217;interruttore compatto in acciaio inossidabile richiede una regolazione minima sulla console centrale esistente, consentendone il montaggio attraverso un foro da 21 mm.<\/p>\n<p><strong>Interruttore di controllo con codice colore<\/strong><\/p>\n<p>L&#8217;interruttore di controllo con codice colore semplifica il controllo e la configurazione del sistema, senza bisogno dell&#8217;app OLAS. Durante la configurazione, una spia rossa indicher\u00e0 le fasi di configurazione automatica. Quando il sistema \u00e8 in funzione, la spia diventa verde, per poi tornare rossa in caso di allarme.  <\/p>\n<p><strong>Feedback del sistema<\/strong><\/p>\n<p>Durante la procedura di configurazione, GUARDIAN indica chiaramente quanti trasmettitori OLAS sono collegati.<\/p>\n<p>I trasmettitori possono essere aggiunti al sistema tramite l&#8217;applicazione mobile o tramite un semplice processo di commutazione integrato.<\/p>\n<\/div>\n<\/div>\n<\/div>\n<div class=\"row\"><\/div>\n","protected":false},"excerpt":{"rendered":"<p>L&#8217;OLAS Guardian \u00e8 un interruttore di spegnimento motore wireless che interviene entro due secondi dalla caduta in mare di una persona. Ha la doppia funzione di fungere anche da sistema di allarme istantaneo per la presenza di un uomo a mare. Il Guardian si collega semplicemente a un massimo di 25 trasmettitori OLAS e pu\u00f2 coprire un&#8217;imbarcazione fino a 15 metri.  <\/p>\n<p><strong>Nella confezione:<\/strong> Guardian, OLAS Tag + batteria, cavi di collegamento dell&#8217;alimentazione, cavi di collegamento del cavo di sicurezza, interruttore in acciaio inossidabile, manuale utente, 5 connettori marini.<\/p>\n<p>&nbsp;<\/p>\n<p><a href=\"https:\/\/www.dropbox.com\/s\/fk04stqsp2hgk5f\/Prop%2065%20-%20DEHP.pdf?dl=0\">ATTENZIONE: PROP 65<\/a><\/p>\n","protected":false},"featured_media":163374,"template":"","meta":{"_acf_changed":false,"om_disable_all_campaigns":false},"product_brand":[],"product_cat":[2980,2977,2949,2979,2978],"product_tag":[3546,3545,3542,3548,3313,3159,3187,3211,3315,3544,3547,3210],"class_list":{"0":"post-166433","1":"product","2":"type-product","3":"status-publish","4":"has-post-thumbnail","6":"product_cat-commerciale","7":"product_cat-entroterra","8":"product_cat-marina","9":"product_cat-off-shore-it","10":"product_cat-vicino-alla-riva","11":"product_tag-ecos-it","12":"product_tag-esos-it","13":"product_tag-gps-tracciamento","14":"product_tag-interruttore-di-arresto-motore-uscg","15":"product_tag-interruttore-di-spegnimento-del-motore","16":"product_tag-mob-it","17":"product_tag-olas-it","18":"product_tag-sistema-uomo-a-mare","19":"product_tag-spegnimento-del-motore","20":"product_tag-spegnimento-del-motore-it","21":"product_tag-spegnimento-del-motore-uscg","22":"product_tag-uomo-in-mare","23":"pa_boat-size-0-20-it","24":"pa_boat-size-21-40-it","25":"pa_boat-size-40-80-it","26":"pa_boat-size-80-it","27":"pa_boat-type-barca-a-vela","28":"pa_boat-type-motoscafo","29":"pa_boat-type-nave-da-carico","30":"pa_boat-type-noleggio-barche","31":"pa_boat-type-pesca-commerciale","32":"pa_boat-type-rimorchiatore","33":"pa_boat-type-sportcraft-it","34":"pa_boat-type-yacht-it","35":"pa_product-prodotti-di-segnalazione","37":"first","38":"instock","39":"taxable","40":"shipping-taxable","41":"purchasable","42":"product-type-variable"},"acf":[],"_links":{"self":[{"href":"https:\/\/www.acrartex.com\/it\/wp-json\/wp\/v2\/product\/166433","targetHints":{"allow":["GET"]}}],"collection":[{"href":"https:\/\/www.acrartex.com\/it\/wp-json\/wp\/v2\/product"}],"about":[{"href":"https:\/\/www.acrartex.com\/it\/wp-json\/wp\/v2\/types\/product"}],"wp:featuredmedia":[{"embeddable":true,"href":"https:\/\/www.acrartex.com\/it\/wp-json\/wp\/v2\/media\/163374"}],"wp:attachment":[{"href":"https:\/\/www.acrartex.com\/it\/wp-json\/wp\/v2\/media?parent=166433"}],"wp:term":[{"taxonomy":"product_brand","embeddable":true,"href":"https:\/\/www.acrartex.com\/it\/wp-json\/wp\/v2\/product_brand?post=166433"},{"taxonomy":"product_cat","embeddable":true,"href":"https:\/\/www.acrartex.com\/it\/wp-json\/wp\/v2\/product_cat?post=166433"},{"taxonomy":"product_tag","embeddable":true,"href":"https:\/\/www.acrartex.com\/it\/wp-json\/wp\/v2\/product_tag?post=166433"}],"curies":[{"name":"wp","href":"https:\/\/api.w.org\/{rel}","templated":true}]}}