{"id":162638,"date":"2025-09-18T08:34:05","date_gmt":"2025-09-18T13:34:05","guid":{"rendered":"https:\/\/www.acrartex.com\/products\/pathfinder-ais\/"},"modified":"2026-03-06T10:20:40","modified_gmt":"2026-03-06T15:20:40","slug":"pathfinder-ais","status":"publish","type":"product","link":"https:\/\/www.acrartex.com\/it\/products\/pathfinder-ais\/","title":{"rendered":"Pathfinder AIS SART"},"content":{"rendered":"<p>Utilizzando il collaudato design robusto e il pratico fattore di forma del Pathfinder Pro SART, il Pathfinder AIS \u00e8 dotato di un sistema di allerta di soccorso con sistema di identificazione automatica (AIS) anzich\u00e9 di un tradizionale sistema radar. Il nuovo e all&#8217;avanguardia Pathfinder AIS trasmette le coordinate satellitari GNSS\/GPS a tutte le imbarcazioni dotate di AIS entro il raggio d&#8217;azione VHF, avvisandole della necessit\u00e0 di assistenza di emergenza. <\/p>\n<p>Il Pathfinder AIS ha un raggio di rilevamento medio di 5 miglia nautiche, integra la tecnologia Near Field Communication (NFC) che facilita la registrazione del prodotto e fornisce dati di test, e utilizza una batteria al litio con un&#8217;autonomia di 96 ore. Altri vantaggi includono il posizionamento GNSS\/GPS preciso, il tracciamento in tempo reale e, a differenza dei radar SART, i sistemi AIS SART sono meno sensibili alle condizioni meteorologiche avverse come pioggia intensa o nebbia. <\/p>\n<p>Il Pathfinder AIS \u00e8 dotato di un elegante supporto a parete per tenerlo nascosto, ma facilmente accessibile in caso di emergenza. L&#8217;asta telescopica opzionale si collega comodamente alla base del SART e garantisce la massima altezza (estensione di 1 m) e visibilit\u00e0 da un mezzo di salvataggio. Il SART pu\u00f2 anche essere sospeso all&#8217;interno del mezzo per un utilizzo a mani libere.  <\/p>\n<p>Progettato per resistere agli ambienti marini pi\u00f9 difficili, il Pathfinder AIS \u00e8 pronto a intervenire in qualsiasi emergenza, garantendo che il segnale di soccorso venga rilevato da qualsiasi imbarcazione dotata di AIS nel suo raggio d&#8217;azione. Il suo design robusto ne garantisce l&#8217;operativit\u00e0 quando pi\u00f9 ne hai bisogno. <\/p>\n<p><strong><em><u>Requisiti per il trasporto<\/u><\/em><\/strong><\/p>\n<ul>\n<li>Tutte le navi IMO SOLAS che effettuano viaggi internazionali sono tenute a trasportare un SART.<\/li>\n<li>300-500 tonnellate di stazza lorda (TSL) devono avere un minimo di 1 SART<\/li>\n<li>Le navi con stazza lorda superiore a 500 GRT devono essere dotate di almeno 2 SART<\/li>\n<li>1 SART ogni quattro zattere di salvataggio su navi passeggeri ro-ro.<\/li>\n<li>Le navi passeggeri di qualsiasi dimensione devono trasportare almeno 2 SART indipendentemente dal loro tonnellaggio<\/li>\n<li>Scialuppe di salvataggio: la SOLAS richiede che almeno 1 SART sia disponibile per l&#8217;uso in ogni mezzo di salvataggio<\/li>\n<li>Zattere di salvataggio: nel caso di navi passeggeri, se sono presenti pi\u00f9 di 2 zattere di salvataggio, devono essere previsti SART aggiuntivi in \u200b\u200bmodo che almeno un SART sia disponibile per ogni 2 zattere di salvataggio.<\/li>\n<\/ul>\n","protected":false},"excerpt":{"rendered":"<p style=\"margin: 0in; line-height: 16.05pt;\"><span style=\"font-family: 'Tahoma',sans-serif; color: black;\">Il Pathfinder AIS SART \u00e8 un trasmettitore AIS di ricerca e soccorso completamente approvato, conforme alle normative IMO SOLAS e consente alle imbarcazioni che devono conformarsi al GMDSS di soddisfare il requisito obbligatorio di trasporto del SART. Utilizzando i rapporti di posizione AIS di classe A, il Pathfinder AIS SART invia un totale di otto messaggi di rapporto di posizione al minuto per consentire il tracciamento in tempo reale. <\/span><\/p>\n<p><strong><span style=\"font-family: 'Tahoma',sans-serif; color: black;\">Questo dispositivo non \u00e8 stato autorizzato come richiesto dalle normative della FCC (Federal Communications Commission).<br \/>\nQuesto dispositivo non \u00e8 e non pu\u00f2 essere offerto in vendita o in leasing, n\u00e9 venduto o dato in leasing, negli Stati Uniti, finch\u00e9 non si ottiene l&#8217;autorizzazione.<\/span><\/strong><\/p>\n<p><a href=\"https:\/\/www.dropbox.com\/s\/fk04stqsp2hgk5f\/Prop%2065%20-%20DEHP.pdf?dl=0\">ATTENZIONE: PROP 65<\/a><\/p>\n","protected":false},"featured_media":143526,"template":"","meta":{"_acf_changed":false,"om_disable_all_campaigns":false},"product_brand":[],"product_cat":[2980,2949],"product_tag":[3459,3479,3457,3463,3591,3472,3465,3470,3475,3469,3590,3478,3453,3477,3461,3471,3474,3473,3455,3467,3476],"class_list":{"0":"post-162638","1":"product","2":"type-product","3":"status-publish","4":"has-post-thumbnail","6":"product_cat-commerciale","7":"product_cat-marina","8":"product_tag-acr-sart-it","9":"product_tag-approvazioni-sart","10":"product_tag-batteria-sart","11":"product_tag-caduta-di-sart","12":"product_tag-epirb-sart-it","13":"product_tag-gmdss-sart-it","14":"product_tag-jotron-sart-it","15":"product_tag-jotron-tron-sart-it","16":"product_tag-marinaio-sart","17":"product_tag-mcmurdo-sart-it","18":"product_tag-migliore-sart","19":"product_tag-requisiti-sart","20":"product_tag-sart-it","21":"product_tag-sart-gmdss-it","22":"product_tag-sart-ivf-it","23":"product_tag-test-sart","24":"product_tag-test-sart-it","25":"product_tag-tester-sart","26":"product_tag-transponder-sart","27":"product_tag-tron-sart-it","28":"product_tag-tron-sart-20-it","30":"first","31":"outofstock","32":"taxable","33":"shipping-taxable","34":"product-type-simple"},"acf":[],"_links":{"self":[{"href":"https:\/\/www.acrartex.com\/it\/wp-json\/wp\/v2\/product\/162638","targetHints":{"allow":["GET"]}}],"collection":[{"href":"https:\/\/www.acrartex.com\/it\/wp-json\/wp\/v2\/product"}],"about":[{"href":"https:\/\/www.acrartex.com\/it\/wp-json\/wp\/v2\/types\/product"}],"wp:featuredmedia":[{"embeddable":true,"href":"https:\/\/www.acrartex.com\/it\/wp-json\/wp\/v2\/media\/143526"}],"wp:attachment":[{"href":"https:\/\/www.acrartex.com\/it\/wp-json\/wp\/v2\/media?parent=162638"}],"wp:term":[{"taxonomy":"product_brand","embeddable":true,"href":"https:\/\/www.acrartex.com\/it\/wp-json\/wp\/v2\/product_brand?post=162638"},{"taxonomy":"product_cat","embeddable":true,"href":"https:\/\/www.acrartex.com\/it\/wp-json\/wp\/v2\/product_cat?post=162638"},{"taxonomy":"product_tag","embeddable":true,"href":"https:\/\/www.acrartex.com\/it\/wp-json\/wp\/v2\/product_tag?post=162638"}],"curies":[{"name":"wp","href":"https:\/\/api.w.org\/{rel}","templated":true}]}}