{"id":143774,"date":"2025-06-25T13:09:22","date_gmt":"2025-06-25T18:09:22","guid":{"rendered":"https:\/\/www.acrartex.com\/products\/acr-sacco-a-secco-leggero-impermeabile-galleggiante-e-compatto-per-le-avventure-allaria-aperta\/"},"modified":"2025-06-25T15:33:26","modified_gmt":"2025-06-25T20:33:26","slug":"acr-sacco-a-secco-leggero-impermeabile-galleggiante-e-compatto-per-le-avventure-allaria-aperta","status":"publish","type":"product","link":"https:\/\/www.acrartex.com\/it\/products\/acr-sacco-a-secco-leggero-impermeabile-galleggiante-e-compatto-per-le-avventure-allaria-aperta\/","title":{"rendered":"NUOVO! ACR Sacco a secco - Leggero, impermeabile, galleggiante e compatto per le avventure all&#8217;aria aperta"},"content":{"rendered":"<p><strong>Borsa impermeabile compatta per l&#8217;asciugatura<\/strong><\/p>\n<p data-start=\"201\" data-end=\"599\">Perfetta per il paddleboarding, il kayak, le gite in spiaggia o qualsiasi altra avventura all&#8217;aperto, questa piccola borsa impermeabile mantiene i vostri oggetti essenziali al sicuro, all&#8217;asciutto e al riparo dagli elementi. Realizzata con materiali resistenti e impermeabili, \u00e8 dotata di una chiusura roll-top che isola l&#8217;acqua, la sabbia e lo sporco. Leggera e galleggiante, galleggia anche se lasciata cadere in acqua: \u00e8 quindi ideale per l&#8217;uso in laghi, fiumi o oceano.  <\/p>\n<p data-start=\"601\" data-end=\"838\">Che stiate mettendo in valigia il telefono, le chiavi, gli snack o un cambio di vestiti, questo sacco a secco \u00e8 stato progettato per garantire comodit\u00e0 e tranquillit\u00e0. Agganciatelo alla vostra attrezzatura o portatelo da solo: i vostri effetti personali rimarranno asciutti, indipendentemente da dove vi porter\u00e0 il vostro viaggio. <\/p>\n<p data-start=\"840\" data-end=\"857\"><strong data-start=\"840\" data-end=\"857\">Caratteristiche principali:<\/strong><\/p>\n<ul data-start=\"858\" data-end=\"1135\">\n<li data-start=\"858\" data-end=\"913\">\n<p data-start=\"860\" data-end=\"913\">Design 100% impermeabile con chiusura sicura roll-top<\/p>\n<\/li>\n<li data-start=\"914\" data-end=\"980\">\n<p data-start=\"916\" data-end=\"980\">Galleggia in modo sicuro sull&#8217;acqua, perfetto per il paddleboard e il kayak<\/p>\n<\/li>\n<li data-start=\"981\" data-end=\"1024\">\n<p data-start=\"983\" data-end=\"1024\">Leggero e compatto per viaggiare facilmente<\/p>\n<\/li>\n<li data-start=\"1025\" data-end=\"1078\">\n<p data-start=\"1027\" data-end=\"1078\">Struttura resistente costruita per le condizioni esterne<\/p>\n<\/li>\n<li data-start=\"1079\" data-end=\"1135\">\n<p data-start=\"1081\" data-end=\"1135\">Ideale per mantenere gli oggetti di valore all&#8217;asciutto durante qualsiasi avventura<\/p>\n<\/li>\n<\/ul>\n","protected":false},"excerpt":{"rendered":"<p>Tenete i vostri oggetti essenziali all&#8217;asciutto e al sicuro con questa borsa <strong>impermeabile<\/strong> e compatta, perfetta per il paddleboard, il kayak, le gite in spiaggia e tutte le vostre avventure all&#8217;aperto. Questa soluzione impermeabile funge anche da borsa galleggiante, offrendo una protezione leggera senza ingombro. Costruita per affrontare qualsiasi viaggio, \u00e8 una compagna di viaggio durevole su cui contare. Che siate in acqua o sui sentieri, questo \u00e8 un pezzo essenziale dell&#8217;attrezzatura da avventura che galleggia per una maggiore tranquillit\u00e0.   <\/p>\n<p data-start=\"712\" data-end=\"728\">\n","protected":false},"featured_media":143673,"template":"","meta":{"_acf_changed":false,"om_disable_all_campaigns":false},"product_brand":[],"product_cat":[2950,2949],"product_tag":[4195,3047],"class_list":{"0":"post-143774","1":"product","2":"type-product","3":"status-publish","4":"has-post-thumbnail","6":"product_cat-allaperto","7":"product_cat-marina","8":"product_tag-borsa-galleggiante","9":"product_tag-galleggiante","11":"first","12":"instock","13":"featured","14":"taxable","15":"shipping-taxable","16":"purchasable","17":"product-type-simple"},"acf":[],"_links":{"self":[{"href":"https:\/\/www.acrartex.com\/it\/wp-json\/wp\/v2\/product\/143774","targetHints":{"allow":["GET"]}}],"collection":[{"href":"https:\/\/www.acrartex.com\/it\/wp-json\/wp\/v2\/product"}],"about":[{"href":"https:\/\/www.acrartex.com\/it\/wp-json\/wp\/v2\/types\/product"}],"wp:featuredmedia":[{"embeddable":true,"href":"https:\/\/www.acrartex.com\/it\/wp-json\/wp\/v2\/media\/143673"}],"wp:attachment":[{"href":"https:\/\/www.acrartex.com\/it\/wp-json\/wp\/v2\/media?parent=143774"}],"wp:term":[{"taxonomy":"product_brand","embeddable":true,"href":"https:\/\/www.acrartex.com\/it\/wp-json\/wp\/v2\/product_brand?post=143774"},{"taxonomy":"product_cat","embeddable":true,"href":"https:\/\/www.acrartex.com\/it\/wp-json\/wp\/v2\/product_cat?post=143774"},{"taxonomy":"product_tag","embeddable":true,"href":"https:\/\/www.acrartex.com\/it\/wp-json\/wp\/v2\/product_tag?post=143774"}],"curies":[{"name":"wp","href":"https:\/\/api.w.org\/{rel}","templated":true}]}}