{"id":125753,"date":"2024-06-11T14:16:22","date_gmt":"2024-06-11T19:16:22","guid":{"rendered":"https:\/\/www.acrartex.com\/products\/exposure-olas-core-sistema-portatile-compatto-di-allarme-fuori-bordo-e-luci-di-emergenza\/"},"modified":"2025-11-26T07:05:57","modified_gmt":"2025-11-26T12:05:57","slug":"exposure-olas-core-sistema-portatile-compatto-di-allarme-fuori-bordo-e-luci-di-emergenza","status":"publish","type":"product","link":"https:\/\/www.acrartex.com\/it\/products\/exposure-olas-core-sistema-portatile-compatto-di-allarme-fuori-bordo-e-luci-di-emergenza\/","title":{"rendered":"EXPOSURE OLAS CORE - Sistema portatile compatto di allarme fuori bordo e luci di emergenza"},"content":{"rendered":"<h3 class=\"title\">Cosa fa<\/h3>\n<p>Il Core traccia in modalit\u00e0 wireless i trasmettitori OLAS intorno all&#8217;imbarcazione. Quando una persona che indossa un trasmettitore cade in mare, si attiva l&#8217;allarme incorporato e una luce rossa di emergenza ad alta potenza fornisce un&#8217;indicazione visiva e illumina l&#8217;area circostante, il tutto entro 4 secondi. <\/p>\n<p>Oltre a far scattare l&#8217;allarme, il Core si connette con l&#8217;applicazione mobile gratuita OLAS, fornendo una freccia di facile lettura che riporta alla posizione di allarme, oltre alle informazioni essenziali sull&#8217;ultima posizione nota di MOB e alle schermate di richiesta VHF popolate automaticamente per supportare l&#8217;equipaggio durante lo stress di un&#8217;operazione di recupero.<\/p>\n<p>&nbsp;<\/p>\n<h3>Perch\u00e9 utilizzare OLAS CORE<\/h3>\n<p>Il Core offre agli skipper la certezza che, in caso di incidente sul sito MOB, l&#8217;intero equipaggio viene allertato istantaneamente e pu\u00f2 intraprendere azioni di recupero immediate.<\/p>\n<p>Perdere un membro dell&#8217;equipaggio in mare \u00e8 il peggior incubo di ogni velista. Pi\u00f9 grande \u00e8 l&#8217;imbarcazione, pi\u00f9 difficile pu\u00f2 essere accorgersi immediatamente di un incidente MOB, soprattutto al buio con i membri dell&#8217;equipaggio a prua dell&#8217;albero. <\/p>\n<p>Pu\u00f2 accadere troppo facilmente anche in condizioni favorevoli. Indossare una cima fisica, pur essendo consigliabile, non \u00e8 sempre pratico e, in effetti, \u00e8 stato dimostrato che una caduta in mare con una cima non garantisce la sopravvivenza se l&#8217;imbarcazione \u00e8 in piena velocit\u00e0 e lo skipper non si accorge immediatamente dell&#8217;incidente. <\/p>\n<p>&nbsp;<\/p>\n<h3>A chi \u00e8 rivolto<\/h3>\n<p>Il Core si collega a 25 membri dell&#8217;equipaggio tramite trasmettitori indossabili OLAS tag, creando una linea di vita virtuale. Le imbarcazioni pi\u00f9 grandi possono essere dotate di un estensore OLAS che aumenta la portata da 50 a 100 piedi. Adatto a tutti coloro che si recano in acqua e cercano una maggiore sicurezza e tranquillit\u00e0. I tag OLAS sono compatti, leggeri e dotati di batterie sostituibili dall&#8217;utente, adatti per adulti, bambini, animali domestici o oggetti importanti che potrebbero cadere in mare.   <\/p>\n<p>&nbsp;<\/p>\n<h3>Vantaggi principali<\/h3>\n<div class=\"col-sm-6 col-xs-12\">\n<p><strong>OLAS Integrazione  <\/strong><\/p>\n<p>Tutti i dispositivi di trasmissione OLAS, i tag OLAS e la luce LED OLAS Float-On, che si trovano nel raggio d&#8217;azione, possono essere tracciati dal CORE, consentendo all&#8217;equipaggio di muoversi liberamente sul ponte, con la certezza che un sistema di allarme precoce li avvertir\u00e0 immediatamente di un incidente MOB, in modo da poter intervenire rapidamente.<\/p>\n<p><strong>Si collega a 25 trasmettitori OLAS (OLAS Tag o OLAS Float-On)<\/strong><\/p>\n<p>Collegando fino a 25 trasmettitori OLAS \u00e8 possibile utilizzare il CORE a bordo di imbarcazioni pi\u00f9 grandi. I trasmettitori OLAS non sono pensati solo per l&#8217;equipaggio: semplicemente attaccando un trasmettitore a oggetti come i dispositivi di galleggiamento MOB, il cane o il tender di uno yacht, \u00e8 possibile essere sempre informati se qualcosa \u00e8 scomparso. <\/p>\n<p><strong>Compatibile con gli estensori<\/strong><\/p>\n<p>Per coprire le aree in cui il segnale del trasmettitore potrebbe essere bloccato, \u00e8 possibile utilizzare un estensore OLAS, anch&#8217;esso alimentato tramite USB a 5 V e dotato di una batteria interna ricaricabile. Ci\u00f2 consente una scalabilit\u00e0 completa e la portabilit\u00e0 su imbarcazioni fino a 80 piedi. <\/p>\n<p><strong>Portatile a basso consumo energetico - 5V USB<\/strong><\/p>\n<p>Il modulo portatile \u00e8 alimentato da un&#8217;alimentazione USB a 5 V che ne consente l&#8217;uso su diverse imbarcazioni senza bisogno di cablaggi.<\/p>\n<\/div>\n<div class=\"col-sm-6 col-xs-12\">\n<p><strong>Allarme incorporato<\/strong><\/p>\n<p>Un allarme di 85 db suona per indicare che un trasmettitore OLAS \u00e8 uscito dal raggio d&#8217;azione. Il CORE pu\u00f2 essere collegato all&#8217;app OLAS in modo da poter posizionare gli allarmi in due punti dell&#8217;imbarcazione. <\/p>\n<p><strong>Luce di emergenza incorporata<\/strong><\/p>\n<p>Una luce rossa di emergenza ad alta potenza si accende, offrendo una chiara indicazione visiva di un allarme e fungendo anche da luce per illuminare l&#8217;area per facilitare il recupero notturno.<\/p>\n<p><strong>Feedback del sistema<\/strong><\/p>\n<p>Il CORE indica chiaramente quanti trasmettitori OLAS sono collegati durante il processo di configurazione. I trasmettitori possono essere aggiunti\/rimossi dal sistema utilizzando l&#8217;applicazione mobile o tramite un semplice processo di commutazione integrato. <\/p>\n<\/div>\n<h3>Caratteristiche dell&#8217;applicazione mobile<\/h3>\n<p>Il Core \u00e8 facilmente utilizzabile tramite l&#8217;app OLAS, scaricabile gratuitamente dall&#8217;App Store per iOS e dal Google Play Store per Android. Per funzionare, l&#8217;app OLAS richiede un dispositivo con sistema operativo minimo IOS11 o Android 5.1. L&#8217;App OLAS \u00e8 un potente strumento per il controllo delle funzioni del Core e per favorire un soccorso rapido. L&#8217;app offre le seguenti funzionalit\u00e0:   <\/p>\n<ul>\n<li>Monitorare tutti i trasmettitori OLAS che vengono monitorati.<\/li>\n<li>Personalizzate i nomi dei trasmettitori di OLAS per facilitarne l&#8217;assegnazione.<\/li>\n<li>Controllare lo stato della batteria per i trasmettitori OLAS <\/li>\n<li>Aggiungere nuovi trasmettitori OLAS al sistema<\/li>\n<li>Regola il tempo prima che il Core reagisca a un trasmettitore fuori bordo tra 2 e 15 secondi, consentendo una maggiore libert\u00e0 intorno alle imbarcazioni pi\u00f9 grandi.<\/li>\n<li>La modalit\u00e0 di allarme esterno attiva l&#8217;interruttore incorporato finch\u00e9 non viene annullato manualmente. Ci\u00f2 consente di collegare in serie allarmi esterni ad alta potenza. <\/li>\n<li>Mettere in pausa lo stato di allarme<\/li>\n<li>l&#8217;attivazione dell&#8217;allarme esterno se l&#8217;indossatore del Tag \u00e8 fuori portata sia sul Core che sul dispositivo mobile.<\/li>\n<li>Regolare l&#8217;intervallo di tempo prima dell&#8217;attivazione dell&#8217;interruttore di spegnimento o dell&#8217;allarme, per una maggiore libert\u00e0.<\/li>\n<li>Allarme e vibrazione a volume massimo sul cellulare, sincronizzato con il Core.<\/li>\n<li>Indicazione del trasmettitore che ha attivato l&#8217;allarme.<\/li>\n<li>Registrare la posizione GPS del punto in cui \u00e8 scattato l&#8217;allarme - Riportare la guida alla posizione GPS in cui \u00e8 scattato l&#8217;allarme.<\/li>\n<li>Visualizzazione chiara dell&#8217;ora e della posizione GPS del luogo in cui \u00e8 scattato l&#8217;allarme e della posizione attuale dell&#8217;utente.<\/li>\n<li>Scrittura di emergenza VHF con inserimento automatico delle coordinate GPS e informazioni personalizzate sull&#8217;imbarcazione Modalit\u00e0 Solo.<\/li>\n<li>Progettato per chi naviga da solo entro il raggio d&#8217;azione della rete cellulare 2G o del Wifi in mare aperto. La modalit\u00e0 Solo invia un messaggio di testo automatico a un numero personalizzato con la posizione e l&#8217;ora dell&#8217;incidente. Se viene gestito un autosalvataggio, viene inviato un messaggio automatico che annulla l&#8217;allarme.  <\/li>\n<\/ul>\n<h3 class=\"title\">Installazione e montaggio<\/h3>\n<ul>\n<li>Connessione USB: \u00e8 sufficiente collegarlo a qualsiasi alimentazione USB da 5 V per iniziare a tracciare (nota: non \u00e8 compatibile con tutti i power bank portatili a causa del basso consumo energetico).<\/li>\n<li>Accensione automatica.<\/li>\n<li>Avviso di assenza di connessione - avviso automatico quando nessun trasmettitore OLAS \u00e8 nel raggio d&#8217;azione, con richiesta di impostazione.<\/li>\n<li>Fori di montaggio per il fissaggio permanente - Scanalatura del nastro per il fissaggio semipermanente.<\/li>\n<\/ul>\n","protected":false},"excerpt":{"rendered":"<p>Il Core \u00e8 un sistema compatto e portatile di allarme in mare e luce di emergenza. Reagisce entro 2 secondi alla caduta in mare di una persona e pu\u00f2 essere facilmente commutato da un&#8217;imbarcazione all&#8217;altra senza i tempi e i costi di un&#8217;installazione cablata. Il Core pu\u00f2 collegarsi a un massimo di 25 trasmettitori OLAS e coprire un&#8217;imbarcazione fino a 50 piedi.  <\/p>\n<p><a href=\"https:\/\/www.dropbox.com\/s\/fk04stqsp2hgk5f\/Prop%2065%20-%20DEHP.pdf?dl=0\">ATTENZIONE: PROP 65<\/a><\/p>\n","protected":false},"featured_media":124978,"template":"","meta":{"_acf_changed":false,"om_disable_all_campaigns":false},"product_brand":[],"product_cat":[2980,2977,2949,2979,2978],"product_tag":[3205,3214,3542,3159,3211,3210],"class_list":{"0":"post-125753","1":"product","2":"type-product","3":"status-publish","4":"has-post-thumbnail","6":"product_cat-commerciale","7":"product_cat-entroterra","8":"product_cat-marina","9":"product_cat-off-shore-it","10":"product_cat-vicino-alla-riva","11":"product_tag-allarme-bluetooth-per-uomo-in-mare","12":"product_tag-bluetooth-it","13":"product_tag-gps-tracciamento","14":"product_tag-mob-it","15":"product_tag-sistema-uomo-a-mare","16":"product_tag-uomo-in-mare","17":"pa_product-prodotti-di-segnalazione","18":"pa_terrain-fiumi-zone-umide-laghi","20":"first","21":"instock","22":"taxable","23":"shipping-taxable","24":"purchasable","25":"product-type-simple"},"acf":[],"_links":{"self":[{"href":"https:\/\/www.acrartex.com\/it\/wp-json\/wp\/v2\/product\/125753","targetHints":{"allow":["GET"]}}],"collection":[{"href":"https:\/\/www.acrartex.com\/it\/wp-json\/wp\/v2\/product"}],"about":[{"href":"https:\/\/www.acrartex.com\/it\/wp-json\/wp\/v2\/types\/product"}],"wp:featuredmedia":[{"embeddable":true,"href":"https:\/\/www.acrartex.com\/it\/wp-json\/wp\/v2\/media\/124978"}],"wp:attachment":[{"href":"https:\/\/www.acrartex.com\/it\/wp-json\/wp\/v2\/media?parent=125753"}],"wp:term":[{"taxonomy":"product_brand","embeddable":true,"href":"https:\/\/www.acrartex.com\/it\/wp-json\/wp\/v2\/product_brand?post=125753"},{"taxonomy":"product_cat","embeddable":true,"href":"https:\/\/www.acrartex.com\/it\/wp-json\/wp\/v2\/product_cat?post=125753"},{"taxonomy":"product_tag","embeddable":true,"href":"https:\/\/www.acrartex.com\/it\/wp-json\/wp\/v2\/product_tag?post=125753"}],"curies":[{"name":"wp","href":"https:\/\/api.w.org\/{rel}","templated":true}]}}