{"id":125748,"date":"2021-03-16T08:14:44","date_gmt":"2021-03-16T13:14:44","guid":{"rendered":"https:\/\/www.acrartex.com\/products\/hemilight3-luce-per-giubbotto-di-salvataggio-med-e-solas\/"},"modified":"2025-12-17T14:34:28","modified_gmt":"2025-12-17T19:34:28","slug":"hemilight3-luce-per-giubbotto-di-salvataggio-med-e-solas","status":"publish","type":"product","link":"https:\/\/www.acrartex.com\/it\/products\/hemilight3-luce-per-giubbotto-di-salvataggio-med-e-solas\/","title":{"rendered":"HemiLight\u21223 Luce per giubbotto di salvataggio MED e SOLAS"},"content":{"rendered":"<p>Pi\u00f9 piccola delle altre luci per giubbotti di salvataggio approvate SOLAS e MED, HemiLight3 presenta bordi arrotondati per mantenere l&#8217;integrit\u00e0 dei giubbotti di salvataggio gonfiabili. La clip di fissaggio, facile da installare, consente di alloggiare fettucce larghe fino a 5 cm (2&#8243;) e il design resistente alla navigazione garantisce anni di servizio utile, superando le altre luci SOLAS e MED. <\/p>\n<p>Questa luce lampeggiante a LED ad altissima intensit\u00e0 per dispositivi di galleggiamento personale o PFD si attiva automaticamente per oltre 20 ore quando entra in contatto con acqua dolce o salata e pu\u00f2 essere disattivata semplicemente premendo il pulsante rosso. HemiLight pu\u00f2 essere installato in pochi secondi su quasi tutti i modelli di giubbotti di salvataggio, rendendo cos\u00ec semplice e veloce l&#8217;adattamento di grandi volumi. <\/p>\n<p>Disponibile in due configurazioni: HemiLight\u21223 offre una modalit\u00e0 stroboscopica di base che pu\u00f2 essere attivata manualmente o automaticamente.<\/p>\n<p><iframe loading=\"lazy\" title=\"ACR GMDSS Suite: Hemilight 3 Life Jacket Lights\" width=\"500\" height=\"281\" src=\"https:\/\/www.youtube.com\/embed\/yniYx7MjkrA?feature=oembed\" frameborder=\"0\" allow=\"accelerometer; autoplay; clipboard-write; encrypted-media; gyroscope; picture-in-picture; web-share\" referrerpolicy=\"strict-origin-when-cross-origin\" allowfullscreen><\/iframe><\/p>\n","protected":false},"excerpt":{"rendered":"<p>La luce di sopravvivenza lampeggiante ACR Auto HemiLight\u21223 si attacca a quasi tutti i giubbotti di salvataggio con un&#8217;installazione facile e veloce. Pi\u00f9 piccola di altre luci approvate, HemiLight\u2122\u025c presenta bordi arrotondati per mantenere l&#8217;integrit\u00e0 dei giubbotti di salvataggio gonfiabili e soddisfa i requisiti USCG, MED e SOLAS. La luce LED lampeggiante ad alta intensit\u00e0 si attiva automaticamente per oltre 20 ore quando entra in contatto con acqua dolce o salata e pu\u00f2 essere disattivata semplicemente premendo il pulsante rosso. Gli occhielli di fissaggio possono ospitare fettucce larghe fino a 5 cm (2&#8243;) e il design resistente alla navigazione garantisce anni di servizio utile.   <\/p>\n<p>&nbsp;<\/p>\n<p><span style=\"font-size: 11.0pt;\"><a style=\"color: blue; text-decoration: underline;\" href=\"https:\/\/www.dropbox.com\/s\/0ezw0kexbm120vv\/Prop%2065%20-%20Lead%20and%20Lead%20Compounds.pdf?dl=0\">ATTENZIONE: PROP 65<\/a><\/span><\/p>\n<p>&nbsp;<\/p>\n<p>&nbsp;<\/p>\n","protected":false},"featured_media":137381,"template":"","meta":{"_acf_changed":false,"om_disable_all_campaigns":false},"product_brand":[],"product_cat":[2951,2950,2983,2980,2977,2981,2949,2979,2982,2984,2978],"product_tag":[3223,3022,4196,4197,3598,4198,3020],"class_list":{"0":"post-125748","1":"product","2":"type-product","3":"status-publish","4":"has-post-thumbnail","6":"product_cat-accessori-di-sicurezza","7":"product_cat-allaperto","8":"product_cat-attrezzatura-da-viaggio","9":"product_cat-commerciale","10":"product_cat-entroterra","11":"product_cat-escursione-arrampicata-campo","12":"product_cat-marina","13":"product_cat-off-shore-it","14":"product_cat-sport-dazione-offroad","15":"product_cat-sport-nautici-pesca","16":"product_cat-vicino-alla-riva","17":"product_tag-emiluce","18":"product_tag-gmdss-it","19":"product_tag-luce-del-sopravvissuto","20":"product_tag-luce-per-giubbotto-di-salvataggio","21":"product_tag-luci-stroboscopiche","22":"product_tag-med-it","23":"product_tag-solas-it","24":"pa_boat-size-0-20-it","25":"pa_boat-size-21-40-it","26":"pa_boat-size-40-80-it","27":"pa_boat-size-80-it","28":"pa_boat-type-barca-a-vela","29":"pa_boat-type-motoscafo","30":"pa_boat-type-nave-da-carico","31":"pa_boat-type-noleggio-barche","32":"pa_boat-type-pesca-commerciale","33":"pa_boat-type-rimorchiatore","34":"pa_boat-type-sportcraft-it","35":"pa_boat-type-yacht-it","36":"pa_product-accessori-di-sicurezza","37":"pa_product-luci-di-soccorso","39":"first","40":"instock","41":"sale","42":"taxable","43":"shipping-taxable","44":"purchasable","45":"product-type-variable"},"acf":[],"_links":{"self":[{"href":"https:\/\/www.acrartex.com\/it\/wp-json\/wp\/v2\/product\/125748","targetHints":{"allow":["GET"]}}],"collection":[{"href":"https:\/\/www.acrartex.com\/it\/wp-json\/wp\/v2\/product"}],"about":[{"href":"https:\/\/www.acrartex.com\/it\/wp-json\/wp\/v2\/types\/product"}],"wp:featuredmedia":[{"embeddable":true,"href":"https:\/\/www.acrartex.com\/it\/wp-json\/wp\/v2\/media\/137381"}],"wp:attachment":[{"href":"https:\/\/www.acrartex.com\/it\/wp-json\/wp\/v2\/media?parent=125748"}],"wp:term":[{"taxonomy":"product_brand","embeddable":true,"href":"https:\/\/www.acrartex.com\/it\/wp-json\/wp\/v2\/product_brand?post=125748"},{"taxonomy":"product_cat","embeddable":true,"href":"https:\/\/www.acrartex.com\/it\/wp-json\/wp\/v2\/product_cat?post=125748"},{"taxonomy":"product_tag","embeddable":true,"href":"https:\/\/www.acrartex.com\/it\/wp-json\/wp\/v2\/product_tag?post=125748"}],"curies":[{"name":"wp","href":"https:\/\/api.w.org\/{rel}","templated":true}]}}