{"id":125747,"date":"2024-10-30T08:21:41","date_gmt":"2024-10-30T13:21:41","guid":{"rendered":"https:\/\/www.acrartex.com\/products\/resqflare-pro-segnali-luminosi-di-emergenza-elettronici-a-led-ad-alta-intensita-per-imbarcazioni\/"},"modified":"2026-03-06T10:46:36","modified_gmt":"2026-03-06T15:46:36","slug":"resqflare-pro-segnali-luminosi-di-emergenza-elettronici-a-led-ad-alta-intensita-per-imbarcazioni","status":"publish","type":"product","link":"https:\/\/www.acrartex.com\/it\/products\/resqflare-pro-segnali-luminosi-di-emergenza-elettronici-a-led-ad-alta-intensita-per-imbarcazioni\/","title":{"rendered":"ResQFlare PRO - Segnali luminosi di emergenza elettronici a LED ad alta intensit\u00e0 per imbarcazioni"},"content":{"rendered":"<p>Conforme ai requisiti della norma RTCM 13200.0, il razzo elettronico per imbarcazioni ResQFlare PRO \u00e8 classificato come dispositivo elettronico di segnalazione visiva di pericolo (eVDSD) e utilizza una segnalazione di soccorso SOS multicolore per produrre una maggiore luminosit\u00e0 con una distribuzione della luce sostanzialmente migliore. L&#8217;uso di LED rosso-arancio e ciano consente una maggiore visibilit\u00e0 sull&#8217;acqua, mentre l&#8217;aggiunta di un componente a infrarossi (IR) porta a una visibilit\u00e0 ancora maggiore quando l&#8217;attrezzatura per la visione notturna \u00e8 in uso per la ricerca e il salvataggio. <\/p>\n<p>Il razzo elettronico per imbarcazioni ResQFlare PRO facilita i soccorsi emettendo il lampo caratteristico del Codice Morse Internazionale S-O-S, dove la prima &#8220;S&#8221; \u00e8 rappresentata da tre lampi di LED rosso-arancio, seguita dalla &#8220;O&#8221; che \u00e8 rappresentata da tre lampi di LED ciano e dalla &#8220;S&#8221; finale che \u00e8 rappresentata da altri tre lampi di LED rosso-arancio. Contemporaneamente ai LED visibili rosso-arancio e ciano, il componente IR emette lo stesso schema S-O-S, ottimizzato per la visibilit\u00e0 con gli occhiali per la visione notturna (NVG). L&#8217;aspetto forse pi\u00f9 impressionante \u00e8 che, nonostante l&#8217;elevato numero di lampi visibili e IR, l&#8217;alto livello di intensit\u00e0 luminosa prodotta e la significativa gamma di distribuzione della luce (angolo luminoso \u2265 180\u00b0), ResQFlare PRO riesce a raggiungere un&#8217;impressionante durata operativa di almeno tre ore (superando del 50% i requisiti RTCM).  <\/p>\n<p><strong>NOTA: prima di installare le batterie, utilizzando il cordino allegato (sotto il velcro), legare il corpo superiore al punto di attacco che si trova nella parte inferiore del vano batterie.<\/strong><\/p>\n<h4>Cosa \u00e8 incluso<\/h4>\n<p>Soddisfando inoltre i requisiti previsti dalla <a href=\"https:\/\/www.ecfr.gov\/current\/title-46\/chapter-I\/subchapter-Q\/part-161\/subpart-161.013?toc=1\">norma 46 CFR 161.013<\/a> , il segnale luminoso per imbarcazioni ResQFlare PRO \u00e8 classificato come segnale visivo di soccorso notturno approvato. Poich\u00e9 nel pacchetto di ogni ResQFlare PRO \u00e8 inclusa una bandiera di soccorso conforme ai requisiti di <a href=\"https:\/\/www.ecfr.gov\/current\/title-46\/chapter-I\/subchapter-Q\/part-160\/subpart-160.072\">46 CFR 160.072<\/a> , agli utenti viene fornito anche un segnale visivo di soccorso diurno approvato (il requisito per il trasporto di segnali visivi di soccorso diurni e notturni approvati \u00e8 riportato in 33 CFR parte 175).<\/p>\n<p>La bandiera di soccorso in dotazione offre numerose opzioni di segnalazione diurna. La bandiera pu\u00f2 essere issata all&#8217;albero o semplicemente issata nel punto pi\u00f9 alto possibile. Pu\u00f2 anche essere esposta a mano, legata e poi sventolata su oggetti come un gancio da barca, una pagaia o una canna da pesca, oppure pu\u00f2 essere stesa sul ponte per attirare gli aerei. La bandiera deve essere usata solo come segnale diurno e, se esposta correttamente, il quadrato nero deve trovarsi sopra il cerchio nero.   <\/p>\n<p>Oltre alla bandiera di soccorso, sono inclusi anche una staffa e la relativa minuteria di montaggio che consentono agli utenti di montare comodamente il prodotto sull&#8217;imbarcazione in modo che ResQFlare PRO sia sempre accessibile quando necessario. Un cordino di 1 metro si trova anche nascosto sotto la cinghia nera in velcro intorno alla parte centrale del prodotto. Questo cordino pu\u00f2 essere utilizzato per legare il ResQFlare PRO a una persona o a una zattera di salvataggio in situazioni di emergenza.  <\/p>\n<h4>Requisiti per il trasporto<\/h4>\n<p>Negli Stati Uniti *, l&#8217;uso congiunto del razzo di segnalazione e della bandiera di soccorso ResQFlare PRO consente ai diportisti di rinunciare all&#8217;uso dei tradizionali razzi pirotecnici quando si trovano su imbarcazioni da diporto fino a 65 piedi di lunghezza, nei Grandi Laghi, entro 12 miglia dalle acque degli Stati Uniti o in qualsiasi specchio d&#8217;acqua con un passaggio verso il mare largo almeno due miglia. Le imbarcazioni di lunghezza inferiore a 16 piedi non sono tenute a portare con s\u00e9 un segnale di soccorso visivo diurno, ma devono comunque portare con s\u00e9 un segnale di soccorso visivo notturno, rendendo il ResQFlare PRO un&#8217;alternativa pi\u00f9 che valida ai razzi pirotecnici anche per le imbarcazioni di queste dimensioni. <\/p>\n<p>Nota: in Canada, ResQFlare PRO pu\u00f2 essere trasportato sulle imbarcazioni da diporto al posto dei razzi pirotecnici (Policy TP 13585 E) se accompagnato da un segnale di fumo approvato (per l&#8217;allerta diurna).<\/p>\n<p>Con una distribuzione uniforme della luce in un raggio significativo** e un tempo di combustione 15 volte superiore alla media dei bengala pirotecnici***, il bengala elettronico ResQFlare PRO \u00e8 chiaramente la scelta pi\u00f9 &#8220;luminosa&#8221; che si possa fare.<\/p>\n<p>&nbsp;<\/p>\n<p>*Per le approvazioni in altri paesi, vedere i requisiti dell&#8217;autorit\u00e0 nazionale applicabile per fare riferimento alla loro specifica accettazione di un eVDSD conforme a RTCM 13200.00.<\/p>\n<p>**Angolo luminoso \u2265 180\u00b0<\/p>\n<p>***Si basa sul trasporto di 4 razzi pirotecnici con un tempo medio di combustione di 3 minuti ciascuno.<\/p>\n<p>&nbsp;<\/p>\n<p>Per saperne di pi\u00f9 sui razzi elettronici marini (e-flares), consultate il nostro articolo del blog sui <a href=\"https:\/\/www.acrartex.com\/news\/legal-requirements-for-electronic-boat-flares\/\">requisiti legali dei razzi elettronici per imbarcazioni<\/a>.<\/p>\n<p>&nbsp;<\/p>\n<h4><strong>Caratteristiche e vantaggi:<\/strong><\/h4>\n<p>&nbsp;<\/p>\n<ul>\n<li>Soddisfa lo standard RTCM 13200.0 per gli eVDSD<\/li>\n<li>ResQFlare Il razzo elettronico PRO e la bandiera di soccorso inclusa, se trasportati insieme, sostituiscono il trasporto dei razzi pirotecnici USCG (solo negli Stati Uniti).<\/li>\n<li>Luce brillante in tutte le direzioni (visibilit\u00e0 a 360\u00b0 e angolo luminoso \u2265 180\u00b0)<\/li>\n<li>Si autoregola e galleggia automaticamente quando \u00e8 in acqua (non \u00e8 necessario l&#8217;anello di galleggiamento).<\/li>\n<li>Visibile oltre le 8 miglia<\/li>\n<li>Batterie al litio 123 sostituibili dall&#8217;utente (x8 - non incluse)<\/li>\n<li>Intensit\u00e0 luminosa massima &gt; 170 cd<\/li>\n<li>Intensit\u00e0 luminosa media effettiva di 50 cd<\/li>\n<li>La durata operativa di 3 ore (con un minimo di 50 cd di intensit\u00e0 luminosa media effettiva) supera i requisiti RTCM del 50%.<\/li>\n<li>Design resistente: Testato secondo gli standard ambientali applicabili relativi a calore secco, calore umido, basse temperature, shock termico, cadute, vibrazioni, radiazioni solari, pioggia e spruzzi, corrosione ed EMC (come da IEC 60945).<\/li>\n<li>Impermeabile (IP67)<\/li>\n<li>Certificato secondo la norma USCG 161.013 come segnale di soccorso visivo notturno.<\/li>\n<li>Include bandiera di soccorso (certificata ai sensi della norma USCG 160.072 come segnale di soccorso visivo diurno), staffa di montaggio e cordino di 1 m (nascosto sotto la cinghia in velcro).<\/li>\n<\/ul>\n<p>&nbsp;<\/p>\n<h4><strong> <\/strong><strong>Vantaggi di ResQFlare PRO Electronic Boat Flare rispetto ai tradizionali razzi pirotecnici:<\/strong><\/h4>\n<p>&nbsp;<\/p>\n<ul>\n<li>Nessuna data di scadenza<\/li>\n<li>Sicuro per la famiglia (senza fiamma viva)<\/li>\n<li>Facile da usare (in modo che anche i bambini e chi \u00e8 alle prime armi con la barca possa utilizzarlo in caso di emergenza)<\/li>\n<li>Nessun problema con gli attuali requisiti obbligatori di smaltimento dei razzi pirotecnici (considerati legalmente come materiali pericolosi).<\/li>\n<li>Impermeabile e galleggiante<\/li>\n<li>Acquisto una tantum (meno costi nel corso della vita del prodotto)<\/li>\n<li>2 metodi distinti di segnalazione di pericolo in un unico prodotto: strobo LED multicolore e strobo LED a infrarossi<\/li>\n<li>Possibilit\u00e0 di prolungare la vita operativa del prodotto in una situazione di emergenza sostituendo le batterie<\/li>\n<\/ul>\n","protected":false},"excerpt":{"rendered":"<p>Il prossimo passo avanti nel settore dei razzi elettronici di ACR ElectronicsResQFlare PRO introduce una tecnologia all&#8217;avanguardia per la segnalazione di emergenza SOS. Utilizzando LED rosso-arancio e ciano combinati con un componente a infrarossi (IR), ResQFlare PRO offre una notevole durata operativa (tempo di combustione), migliorando al contempo il livello di visibilit\u00e0. <\/p>\n<p>Venduto con la bandiera di emergenza diurna inclusa, il ResQFlare PRO e la bandiera che lo accompagna sono certificati per soddisfare i requisiti della Guardia Costiera degli Stati Uniti e possono essere trasportati al posto dei tradizionali razzi pirotecnici negli Stati Uniti.<\/p>\n<p><a href=\"https:\/\/www.dropbox.com\/s\/0ezw0kexbm120vv\/Prop%2065%20-%20Lead%20and%20Lead%20Compounds.pdf?dl=0\">ATTENZIONE: PROP 65<\/a><\/p>\n","protected":false},"featured_media":165557,"template":"","meta":{"_acf_changed":false,"om_disable_all_campaigns":false},"product_brand":[],"product_cat":[2951,2950,2977,3219,2949,2976,2979,2989,2978],"product_tag":[3144,3156,3142,3154,3157,3143,3158,3147,3153,3145,3149,3150,3151,3148,3155,3146,3152],"class_list":{"0":"post-125747","1":"product","2":"type-product","3":"status-publish","4":"has-post-thumbnail","6":"product_cat-accessori-di-sicurezza","7":"product_cat-allaperto","8":"product_cat-entroterra","9":"product_cat-kit-di-sicurezza-marina","10":"product_cat-marina","11":"product_cat-militare","12":"product_cat-off-shore-it","13":"product_cat-prodotti-di-segnalazione","14":"product_cat-vicino-alla-riva","15":"product_tag-bagliore","16":"product_tag-bagliore-rosso","17":"product_tag-bagliori-elettronici","18":"product_tag-bengala-a-led","19":"product_tag-bengala-di-fumo","20":"product_tag-e-flare-it","21":"product_tag-lanciarazzi","22":"product_tag-led-distress-flare-it","23":"product_tag-orion-flare-it","24":"product_tag-razzi","25":"product_tag-razzi-da-barca","26":"product_tag-razzi-di-emergenza","27":"product_tag-razzi-di-segnalazione","28":"product_tag-razzo-della-barca","29":"product_tag-razzo-di-segnalazione-portatile","30":"product_tag-razzo-di-soccorso","31":"product_tag-razzo-marino","33":"first","34":"instock","35":"taxable","36":"shipping-taxable","37":"purchasable","38":"product-type-simple"},"acf":[],"_links":{"self":[{"href":"https:\/\/www.acrartex.com\/it\/wp-json\/wp\/v2\/product\/125747","targetHints":{"allow":["GET"]}}],"collection":[{"href":"https:\/\/www.acrartex.com\/it\/wp-json\/wp\/v2\/product"}],"about":[{"href":"https:\/\/www.acrartex.com\/it\/wp-json\/wp\/v2\/types\/product"}],"wp:featuredmedia":[{"embeddable":true,"href":"https:\/\/www.acrartex.com\/it\/wp-json\/wp\/v2\/media\/165557"}],"wp:attachment":[{"href":"https:\/\/www.acrartex.com\/it\/wp-json\/wp\/v2\/media?parent=125747"}],"wp:term":[{"taxonomy":"product_brand","embeddable":true,"href":"https:\/\/www.acrartex.com\/it\/wp-json\/wp\/v2\/product_brand?post=125747"},{"taxonomy":"product_cat","embeddable":true,"href":"https:\/\/www.acrartex.com\/it\/wp-json\/wp\/v2\/product_cat?post=125747"},{"taxonomy":"product_tag","embeddable":true,"href":"https:\/\/www.acrartex.com\/it\/wp-json\/wp\/v2\/product_tag?post=125747"}],"curies":[{"name":"wp","href":"https:\/\/api.w.org\/{rel}","templated":true}]}}