{"id":125739,"date":"2022-08-11T08:04:39","date_gmt":"2022-08-11T13:04:39","guid":{"rendered":"https:\/\/www.acrartex.com\/products\/globalfix-v5-ais-epirb-con-return-link-service-e-app-mobile\/"},"modified":"2026-03-06T09:04:41","modified_gmt":"2026-03-06T14:04:41","slug":"globalfix-v5-ais-epirb-con-return-link-service-e-app-mobile","status":"publish","type":"product","link":"https:\/\/www.acrartex.com\/it\/products\/globalfix-v5-ais-epirb-con-return-link-service-e-app-mobile\/","title":{"rendered":"GlobalFix\u2122 V5 AIS EPIRB con Return Link Service e App mobile"},"content":{"rendered":"<p class=\"ai-optimize-introduction ai-optimize-33\">Presentazione dell&#8217;EPIRB ( <a href=\"https:\/\/www.acrartex.com\/it\/news\/che-cose-un-radiofaro-di-segnalazione-di-posizione-di-emergenza-o-epirb\/\">Emergency Position Indicating Radio Beacon<\/a> ) pi\u00f9 avanzato disponibile. Il nuovo EPIRB ACR GlobalFix V5 combina la connettivit\u00e0 satellitare a 406 MHz con la funzionalit\u00e0 di Sistema di Identificazione Automatica (AIS). Ci\u00f2 significa che, quando l&#8217;EPIRB \u00e8 attivato, non solo trasmette il segnale di emergenza al sistema di soccorso satellitare globale <a href=\"https:\/\/www.cospas-sarsat.int\/en\/\">Cospas Sarsat<\/a> , ma trasmette anche un messaggio di sicurezza AIS sulle frequenze VHF immediatamente visibile da qualsiasi imbarcazione dotata di AIS nelle vicinanze. Altre fantastiche funzionalit\u00e0 includono la tecnologia Return Link Service (RLS), che fornisce conferma visiva all&#8217;utente della ricezione del messaggio di soccorso, un segnale di homing a 121,5 MHz e luci stroboscopiche visibili e a infrarossi per una facile identificazione del bersaglio di notte o in condizioni di scarsa visibilit\u00e0. Un&#8217;altra nuova funzionalit\u00e0 \u00e8 la Near Field Communication (NFC), che consente agli utenti di monitorare il proprio EPIRB tramite un&#8217;app per smartphone. ACR \u00e8 leader mondiale nella tecnologia per la sicurezza e il soccorso in mare e il nuovo EPIRB GPS GlobalFix V5 con AIS combina la durata e l&#8217;affidabilit\u00e0 per cui \u00e8 noto con una tecnologia avanzata progettata per accelerare i tempi di risposta al soccorso.     <\/p>\n<h3 class=\"ai-optimize-34\"><strong>Salvataggi AIS EPIRB pi\u00f9 rapidi grazie all&#8217;abbinamento di salvataggi globali e locali<\/strong><\/h3>\n<p class=\"ai-optimize-35\">L&#8217;EPIRB ACR GlobalFix V5 ricava con precisione la propria posizione in qualsiasi parte del mondo utilizzando le reti di posizionamento GNSS (GPS, Galileo, Glonass). All&#8217;attivazione, le trasmissioni di soccorso a 406 MHz trasmettono la posizione dell&#8217;EPIRB GPS (GPIRB), con una precisione di 100 metri, alla rete satellitare mondiale di ricerca e soccorso Cospas Sarsat. Gli identificativi dell&#8217;EPIRB e le informazioni sulla posizione vengono trasmessi alle stazioni di terra tramite il sistema satellitare, avviando le operazioni di soccorso. Grazie all&#8217;avanzata tecnologia AIS ora integrata nell&#8217;EPIRB, una volta attivato, viene trasmesso un segnale AIS in modo che le imbarcazioni vicine dotate di transponder AIS vengano immediatamente informate della posizione del radiofaro dell&#8217;imbarcazione. Le imbarcazioni dotate di AIS nel raggio d&#8217;azione VHF del radiofaro visualizzeranno un messaggio di sicurezza sui loro schermi, incluso il codice identificativo MMSI dell&#8217;imbarcazione. Le imbarcazioni nell&#8217;area in cui l&#8217;EPIRB \u00e8 stato attivato possono quindi avviare immediatamente le operazioni di soccorso e recupero senza dover attendere l&#8217;intervento di emergenza dell&#8217;autorit\u00e0 SAR competente. L&#8217;AIS consente inoltre ai soccorritori locali di individuare facilmente la posizione dell&#8217;EPIRB, che viene visualizzata come bersaglio AIS sul display di bordo. Le imbarcazioni nelle vicinanze dotate di AIS a bordo possono navigare direttamente verso l&#8217;EPIRB selezionando il bersaglio AIS.        Questo incredibile progresso tecnologico accelerer\u00e0 i tempi di recupero, salvando sicuramente delle vite.<\/p>\n<h3 class=\"ai-optimize-36\"><strong>Connettivit\u00e0 per smartphone tramite Near Field Communication (NFC)<\/strong><\/h3>\n<p class=\"ai-optimize-37\"><a href=\"https:\/\/www.youtube.com\/watch?v=WqE0ag4yqG4\">La tecnologia NFC (Near Field Communication)<\/a> consente agli utenti di accedere alla diagnostica dell&#8217;EPIRB tramite smartphone. Quando uno smartphone viene posizionato accanto al radiofaro di emergenza GlobalFix V5, l&#8217;app ACR si apre automaticamente, consentendo l&#8217;accesso ai dati del radiofaro. Le informazioni sullo stato del radiofaro nell&#8217;app includono la durata attuale della batteria, il numero di autotest completati, il numero di test GNSS completati e il tempo di attivazione dell&#8217;EPIRB.   Sono inoltre disponibili informazioni dettagliate su ogni autotest e test GNSS eseguito dal dispositivo. I test GNSS mostrano una mappa che indica dove \u00e8 stato eseguito il test precedente, la data e l&#8217;ora del test, il tempo impiegato dall&#8217;EPIRB per ottenere un fix sulle coordinate GNSS, il numero di satelliti utilizzati per ottenere tale fix e la precisione del fix. La connettivit\u00e0 Easy App con NFC consente agli utenti di controllare facilmente lo stato di tutte le funzioni dell&#8217;EPIRB per assicurarne il corretto funzionamento. <\/p>\n<p>&nbsp;<\/p>\n<h3 class=\"ai-optimize-38\"><strong>Return Link Service (RLS)<\/strong><\/h3>\n<p class=\"ai-optimize-39\">Il servizio di collegamento di ritorno (RTS) comunica a chiunque attivi l&#8217;EPIRB che il messaggio di soccorso \u00e8 stato recapitato. Un segnale RLS inviato tramite la rete satellitare Galileo conferma che il messaggio di soccorso, insieme alla posizione precisa del radiofaro e agli identificativi, \u00e8 stato rilevato. Una luce blu lampeggiante ben visibile indica l&#8217;avvenuta ricezione da parte dell&#8217;EPIRB del messaggio di collegamento di ritorno dalla rete satellitare Galileo.   La comodit\u00e0 di sapere che i soccorritori sanno che \u00e8 stato attivato un EPIRB e che ne conoscono la posizione aiuta a ridurre lo stress associato alle situazioni di mayday.<\/p>\n<p class=\"ai-optimize-40\">ACR \u00e8 specializzata in dispositivi elettronici di soccorso e altri prodotti salvavita progettati per i marittimi professionisti e diportisti. Con l&#8217;aggiunta dell&#8217;AIS, l&#8217;innovativo EPIRB ACR GlobalFix V5 offre il percorso di soccorso pi\u00f9 semplice e rapido. Il servizio di collegamento di ritorno offre un gradito senso di sicurezza sapendo che il messaggio di soccorso \u00e8 stato ricevuto e la comunicazione in prossimit\u00e0 (Near Field Communication) fornisce accesso a dati e funzionalit\u00e0 del prodotto mai prima disponibili per nessun utente EPIRB. Il nuovo e avanzato set di funzionalit\u00e0 dell&#8217;EPIRB GlobalFix V5 lo rende perfetto per i marittimi, sia che si tratti di crociere costiere, di lavoro in mare aperto o di traversate oceaniche.   <\/p>\n<p class=\"ai-optimize-41\">Per un sito personale EPIRB, date un&#8217;occhiata al nuovo <a href=\"https:\/\/www.acrartex.com\/it\/products\/resqlink-ais-personal-locator-beacon\/\">ResQLink AIS Personal Locator Beacon<\/a><\/p>\n","protected":false},"excerpt":{"rendered":"<p>Il nuovo radiofaro di ACR GlobalFix V5 AIS segnalazione di posizione di emergenza \u00e8 un EPIRB innovativo con una serie di caratteristiche uniche. L&#8217;aggiunta di un AIS allarme fornisce il percorso pi\u00f9 semplice e rapido per il salvataggio, mentre la funzionalit\u00e0 Return Link Service (RLS) inclusa offre un gradito senso di sicurezza fornendo una conferma diretta al radiofaro che il messaggio di soccorso \u00e8 stato ricevuto. L&#8217;aggiunta di Near Field Communication (NFC) al mix consente la connettivit\u00e0 con lo smartphone e l&#8217;accesso ai dati e all&#8217;interazione con il prodotto che non sono mai stati disponibili prima. Questo set di funzioni avanzate rende il GlobalFix V5 perfetto per i naviganti, sia che si tratti di crociere costiere, che di attivit\u00e0 in mare aperto o di traversate oceaniche.   <\/p>\n<p>&nbsp;<\/p>\n<p><a href=\"https:\/\/www.dropbox.com\/s\/fk04stqsp2hgk5f\/Prop%2065%20-%20DEHP.pdf?dl=0\">ATTENZIONE: PROP 65<\/a><\/p>\n<p>&nbsp;<\/p>\n","protected":false},"featured_media":141434,"template":"","meta":{"_acf_changed":false,"om_disable_all_campaigns":false},"product_brand":[],"product_cat":[2980,2977,3113,2987,2949,2979,2978],"product_tag":[3231,3114,4185,4039,3117,3233,4036,3122,4044,3118,3234,4037,3120,3076,3242],"class_list":{"0":"post-125739","1":"product","2":"type-product","3":"status-publish","4":"has-post-thumbnail","6":"product_cat-commerciale","7":"product_cat-entroterra","8":"product_cat-epirb-it","9":"product_cat-forze-navali","10":"product_cat-marina","11":"product_cat-off-shore-it","12":"product_cat-vicino-alla-riva","13":"product_tag-ais-epirb-it","14":"product_tag-epirb-it","15":"product_tag-epirb-con-ais","16":"product_tag-epirb-con-gps","17":"product_tag-epirbe","18":"product_tag-faro-di-emergenza","19":"product_tag-globalfix-v4-it","20":"product_tag-gpirb-it","21":"product_tag-gpirb-it-2","22":"product_tag-gps-epirb-it","23":"product_tag-prefisso-globale","24":"product_tag-prefisso-globale-epirb","25":"product_tag-radiofaro-di-segnalazione-della-posizione-di-emergenza","26":"product_tag-return-link-service-it","27":"product_tag-rls-epirb-it","28":"pa_activity-la-pesca","29":"pa_boat-size-0-20-it","30":"pa_boat-size-21-40-it","31":"pa_boat-size-40-80-it","32":"pa_boat-size-80-it","33":"pa_boat-type-barca-a-vela","34":"pa_boat-type-motoscafo","35":"pa_boat-type-nave-da-carico","36":"pa_boat-type-noleggio-barche","37":"pa_boat-type-pesca-commerciale","38":"pa_boat-type-rimorchiatore","39":"pa_boat-type-sportcraft-it","40":"pa_boat-type-yacht-it","42":"first","43":"instock","44":"taxable","45":"shipping-taxable","46":"purchasable","47":"product-type-variable","48":"has-default-attributes"},"acf":[],"_links":{"self":[{"href":"https:\/\/www.acrartex.com\/it\/wp-json\/wp\/v2\/product\/125739","targetHints":{"allow":["GET"]}}],"collection":[{"href":"https:\/\/www.acrartex.com\/it\/wp-json\/wp\/v2\/product"}],"about":[{"href":"https:\/\/www.acrartex.com\/it\/wp-json\/wp\/v2\/types\/product"}],"wp:featuredmedia":[{"embeddable":true,"href":"https:\/\/www.acrartex.com\/it\/wp-json\/wp\/v2\/media\/141434"}],"wp:attachment":[{"href":"https:\/\/www.acrartex.com\/it\/wp-json\/wp\/v2\/media?parent=125739"}],"wp:term":[{"taxonomy":"product_brand","embeddable":true,"href":"https:\/\/www.acrartex.com\/it\/wp-json\/wp\/v2\/product_brand?post=125739"},{"taxonomy":"product_cat","embeddable":true,"href":"https:\/\/www.acrartex.com\/it\/wp-json\/wp\/v2\/product_cat?post=125739"},{"taxonomy":"product_tag","embeddable":true,"href":"https:\/\/www.acrartex.com\/it\/wp-json\/wp\/v2\/product_tag?post=125739"}],"curies":[{"name":"wp","href":"https:\/\/api.w.org\/{rel}","templated":true}]}}