{"id":125738,"date":"2021-03-16T08:09:42","date_gmt":"2021-03-16T13:09:42","guid":{"rendered":"https:\/\/www.acrartex.com\/products\/rapidditch-borsa\/"},"modified":"2021-03-16T08:09:42","modified_gmt":"2021-03-16T13:09:42","slug":"rapidditch-borsa","status":"publish","type":"product","link":"https:\/\/www.acrartex.com\/it\/products\/rapidditch-borsa\/","title":{"rendered":"RapidDitch Borsa"},"content":{"rendered":"<p>Il robusto tessuto impermeabile e le cerniere auto-riparanti e resistenti alla corrosione sono in grado di resistere agli elementi pi\u00f9 difficili. Con una maggiore galleggiabilit\u00e0, RapidDitch \u00e8 in grado di far galleggiare fino a 25 libbre di attrezzatura e il nuovo materiale riflettente aiuta a essere individuati dalle forze di ricerca e soccorso. <\/p>\n<p>Rimanete uniti con il nuovo sistema di legatura a tracolla che si sgancia e si trasforma facilmente in due imbracature di sicurezza da 4 piedi da agganciare ai giubbotti di salvataggio per mantenere tutti collegati in acqua. Rimanete a portata di mano con la borsa RapidDitch per assicurarvi che tutta l&#8217;attrezzatura di sicurezza e di segnalazione sia disponibile in qualsiasi momento. <\/p>\n","protected":false},"excerpt":{"rendered":"<p>Qualunque sia la vostra avventura, preparatevi con la RapidDitch Bag. Questa robusta sacca di sopravvivenza \u00e8 dotata di tasche, attacchi e passanti che consentono di organizzare e riporre in un unico pratico posto tutti gli attrezzi di sicurezza essenziali. Se la RapidDitch Bag dovesse finire in acqua, gallegger\u00e0 con un peso massimo di 25 libbre di attrezzatura.  <\/p>\n<p>&nbsp;<\/p>\n<p>Realizzata in materiale impermeabile e riflettente, questa borsa \u00e8 costruita per resistere alle intemperie e facilitare l&#8217;individuazione da parte delle squadre di ricerca e soccorso nei momenti di difficolt\u00e0. Inoltre, l&#8217;innovativa tracolla della borsa si sgancia e si trasforma facilmente in due imbracature di sicurezza di 4 piedi che possono essere agganciate al giubbotto di salvataggio e utilizzate per tenere tutti collegati mentre si \u00e8 in acqua. <\/p>\n<p>&nbsp;<\/p>\n<p style=\"margin-left: 0in; margin-right: 0in;\"><span style=\"font-size: 11pt;\"><span style=\"font-family: Calibri,sans-serif;\"><a style=\"color: blue; text-decoration: underline;\" href=\"https:\/\/www.dropbox.com\/s\/fk04stqsp2hgk5f\/Prop%2065%20-%20DEHP.pdf?dl=0\"><span style=\"color: #000000;\">ATTENZIONE: PROP 65<\/span><\/a><\/span><\/span><\/p>\n","protected":false},"featured_media":137252,"template":"","meta":{"_acf_changed":false,"om_disable_all_campaigns":false},"product_brand":[],"product_cat":[2951,2950,2980,2977,2949,2979,2978],"product_tag":[4190,4181,4187,4188,3225,4183,4189,4184,4180,4186,4182],"class_list":{"0":"post-125738","1":"product","2":"type-product","3":"status-publish","4":"has-post-thumbnail","6":"product_cat-accessori-di-sicurezza","7":"product_cat-allaperto","8":"product_cat-commerciale","9":"product_cat-entroterra","10":"product_cat-marina","11":"product_cat-off-shore-it","12":"product_cat-vicino-alla-riva","13":"product_tag-abbandonare-la-nave","14":"product_tag-borsa","15":"product_tag-borsa-da-lancio","16":"product_tag-borsa-di-emergenza","17":"product_tag-borsa-di-sicurezza-per-la-nautica","18":"product_tag-borsa-di-sopravvivenza","19":"product_tag-borsa-per-labbandono-della-nave","20":"product_tag-fosso-rapido","21":"product_tag-rapidditch-it","22":"product_tag-sacchetto-per-il-trasporto-rapido-dei-rifiuti","23":"product_tag-sopravvivenza","24":"pa_activity-la-pesca","25":"pa_boat-size-0-20-it","26":"pa_boat-size-21-40-it","27":"pa_boat-size-40-80-it","28":"pa_boat-size-80-it","29":"pa_boat-type-barca-a-vela","30":"pa_boat-type-motoscafo","31":"pa_boat-type-noleggio-barche","32":"pa_boat-type-pesca-commerciale","33":"pa_boat-type-rimorchiatore","34":"pa_boat-type-sportcraft-it","35":"pa_boat-type-yacht-it","36":"pa_product-accessori-di-sicurezza","37":"pa_terrain-fiumi-zone-umide-laghi","39":"first","40":"instock","41":"taxable","42":"shipping-taxable","43":"purchasable","44":"product-type-simple"},"acf":[],"_links":{"self":[{"href":"https:\/\/www.acrartex.com\/it\/wp-json\/wp\/v2\/product\/125738","targetHints":{"allow":["GET"]}}],"collection":[{"href":"https:\/\/www.acrartex.com\/it\/wp-json\/wp\/v2\/product"}],"about":[{"href":"https:\/\/www.acrartex.com\/it\/wp-json\/wp\/v2\/types\/product"}],"wp:featuredmedia":[{"embeddable":true,"href":"https:\/\/www.acrartex.com\/it\/wp-json\/wp\/v2\/media\/137252"}],"wp:attachment":[{"href":"https:\/\/www.acrartex.com\/it\/wp-json\/wp\/v2\/media?parent=125738"}],"wp:term":[{"taxonomy":"product_brand","embeddable":true,"href":"https:\/\/www.acrartex.com\/it\/wp-json\/wp\/v2\/product_brand?post=125738"},{"taxonomy":"product_cat","embeddable":true,"href":"https:\/\/www.acrartex.com\/it\/wp-json\/wp\/v2\/product_cat?post=125738"},{"taxonomy":"product_tag","embeddable":true,"href":"https:\/\/www.acrartex.com\/it\/wp-json\/wp\/v2\/product_tag?post=125738"}],"curies":[{"name":"wp","href":"https:\/\/api.w.org\/{rel}","templated":true}]}}