{"id":125733,"date":"2021-09-23T19:59:54","date_gmt":"2021-09-24T00:59:54","guid":{"rendered":"https:\/\/www.acrartex.com\/products\/resqlink-410-rls-personal-locator-beacon\/"},"modified":"2025-05-13T08:21:14","modified_gmt":"2025-05-13T13:21:14","slug":"resqlink-410-rls-personal-locator-beacon","status":"publish","type":"product","link":"https:\/\/www.acrartex.com\/it\/products\/resqlink-410-rls-personal-locator-beacon\/","title":{"rendered":"ResQLink\u2122 410 RLS Personal Locator Beacon"},"content":{"rendered":"<p>Piccolo ma resistente, il ResQLink 410 RLS \u00e8 stato progettato e testato professionalmente per garantire che possa resistere anche agli elementi pi\u00f9 difficili. Questo Personal Locator Beacon galleggiante non richiede alcun abbonamento per essere utilizzato e include la nuova funzione Return Link Service (RLS). I segnalatori con RLS forniscono all&#8217;utente la conferma che il messaggio di emergenza del segnalatore \u00e8 stato ricevuto e che la sua posizione \u00e8 stata rilevata. RLS funziona inviando un segnale di ritorno attraverso la rete satellitare Cospas Sarsat per confermare all&#8217;utente del segnalatore che il messaggio di emergenza \u00e8 stato ricevuto e che la sua posizione \u00e8 stata rilevata. La conferma dell&#8217;utente \u00e8 segnalata da una luce blu lampeggiante.<\/p>\n<p>&nbsp;<\/p>\n<p>Con tre livelli di tecnologia integrata per la segnalazione di soccorso - posizionamento su GPS, potente segnale a 406 MHz e capacit\u00e0 di homing a 121,5 MHz - ResQLink 410 RLS trasmette rapidamente e con precisione la vostra posizione a una rete mondiale di satelliti di ricerca e soccorso. Inoltre, una strobo incorporata e una strobo a infrarossi facilitano i salvataggi notturni o in condizioni di scarsa visibilit\u00e0. Che siate a terra, in mare o in aria, fidatevi della precisione satellitare e della resistenza militare di ResQLink, che mette il soccorso nel palmo delle vostre mani.<\/p>\n<p>&nbsp;<\/p>\n<p>Ovunque vi porti la vostra avventura, che si tratti di un viaggio verso le vette pi\u00f9 alte, i terreni pi\u00f9 inesplorati o gli oceani pi\u00f9 vasti, state certi che ResQLink 410 RLS si attiva sempre con facilit\u00e0. \u00c8 sufficiente dispiegare l&#8217;antenna, premere il pulsante di accensione e il segnalatore vi dar\u00e0 conferma della ricezione del vostro messaggio di soccorso e del rilevamento della vostra posizione, guidando inoltre senza sforzo i soccorritori fino a un raggio di 100 metri o meno dalla vostra posizione.<\/p>\n<p>&nbsp;<\/p>\n<p>Grazie a elementi di design innovativi, le clip multifunzione possono essere utilizzate insieme al segnalatore, fornendo numerose opzioni di indossabilit\u00e0 che rispondono a una variet\u00e0 di applicazioni. La maggiore facilit\u00e0 di indossare il ResQLink 410 RLS sulla propria persona o con la propria attrezzatura ha reso tutte le avventure non solo pi\u00f9 sicure, ma anche pi\u00f9 convenienti.<\/p>\n<p>&nbsp;<\/p>\n<p>Pur mantenendo la stessa affidabilit\u00e0 e robustezza dei suoi predecessori, ResQLink 410 RLS \u00e8 costruito anche per il comfort. Godetevi il comfort di sapere che il vostro messaggio di soccorso \u00e8 stato ricevuto e che la vostra posizione \u00e8 stata rilevata. In qualit\u00e0 di leader nei prodotti salvavita per uso professionale e ricreativo, ACR offre una sicurezza e una tranquillit\u00e0 senza pari con il ResQLink 410 RLS Personal Locator Beacon .<\/p>\n<p>&nbsp;<\/p>\n<p><strong>Caratteristiche e vantaggi:<\/strong><\/p>\n<p>&nbsp;<\/p>\n<ul>\n<li>Nessun abbonamento richiesto<\/li>\n<li>Return Link Service (RLS) Funzionalit\u00e0<\/li>\n<li>GPS | Galileo GNSS<\/li>\n<li>Galleggiamento incorporato<\/li>\n<li>Strobo e Strobo a infrarossi<\/li>\n<li>Copertura globale<\/li>\n<li>Compatibile con MEOSAR<\/li>\n<li>Piccolo e leggero<\/li>\n<li>5 anni di durata della batteria<\/li>\n<li>24+ ore di vita operativa**<\/li>\n<li>Sistema di clip multifunzione incluso<\/li>\n<\/ul>\n<p>&nbsp;<\/p>\n<p>**basato su un rapporto di prova di un laboratorio accreditato<\/p>\n<p>&nbsp;<\/p>\n<p>L&#8217;elenco completo dei Paesi che hanno approvato la vendita e l&#8217;utilizzo di RLS nel loro territorio \u00e8 disponibile a questo link<span lang=\"PT-BR\">: <\/span><a href=\"https:\/\/cospas-sarsat.int\/en\/beacon-ownership\/rls-enabled-beacon-purchase\"><span lang=\"PT-BR\">https:\/\/cospas-sarsat.int\/en\/beacon-ownership\/rls-enabled-beacon-purchase<\/span><\/a><\/p>\n<p class=\"Paragraph1\" align=\"left\"><span lang=\"PT-BR\">\u00c8 possibile che i paesi informino Cospas-Sarsat con un certo ritardo, per cui molti paesi che non figurano nell&#8217;elenco di cui sopra potrebbero consentire anche i beacon abilitati a RLS.<\/span><span lang=\"PT-BR\">. Cospas-Sarsat raccomanda di verificare direttamente con le autorit\u00e0 nazionali\/territoriali le informazioni pi\u00f9 recenti su ci\u00f2 che \u00e8 consentito.<\/span><\/p>\n<p class=\"Paragraph1\" align=\"left\"><i><span lang=\"PT-BR\">* L&#8217;USCG pu\u00f2 essere contattato qui <\/span><\/i><a href=\"https:\/\/www.dco.uscg.mil\/Our-Organization\/Assistant-Commandant-for-Response-Policy-CG-5R\/Office-of-Incident-Management-Preparedness-CG-5RI\/US-Coast-Guard-Office-of-Search-and-Rescue-CG-SAR\/NSARC\/\"><i>https:\/\/www.dco.uscg.mil\/Our-Organization\/Assistant-Commandant-for-Response-Policy-CG-5R\/Office-of-Incident-Management-Preparedness-CG-5RI\/US-Coast-Guard-Office-of-Search-and-Rescue-CG-SAR\/NSARC\/<\/i><\/a><\/p>\n<p class=\"Paragraph1\" align=\"left\"><i><span lang=\"PT-BR\">** Il NOAA pu\u00f2 essere contattato qui <\/span><\/i><a href=\"https:\/\/www.sarsat.noaa.gov\/\"><i>https:\/\/www.sarsat.noaa.gov\/<\/i><\/a><\/p>\n<p><strong>2331: ResQlink 410 RLS Base PLB Kit di sicurezza<\/strong> | Questo kit contiene i seguenti articoli:<\/p>\n<p>ResQLink 410 RLS\u2122 Personal Locator Beacon (programmato per gli USA)<br \/>\nC-Strobe\u2122 H2O Rescue Light<br \/>\nRes-Q\u2122 Whistle<br \/>\nRapidDitch Drybag<br \/>\nSpecchio di segnalazione<\/p>\n","protected":false},"excerpt":{"rendered":"<p>Piccolo ma resistente, il ResQLink 410 RLS \u00e8 stato progettato e testato professionalmente per garantire che possa resistere anche agli elementi pi\u00f9 difficili. Questo Personal Locator Beacon galleggiante non richiede alcun abbonamento per l&#8217;uso e con l&#8217;inclusione della nuova funzione Return Link Service (RLS), questo ACR segnalatore vi offre il comfort di sapere che il vostro messaggio di soccorso \u00e8 stato ricevuto e la vostra posizione rilevata.<\/p>\n<p>&nbsp;<\/p>\n<p><b>Caratteristiche e vantaggi:<\/b><\/p>\n<p>&nbsp;<\/p>\n<ul>\n<li>Nessun abbonamento richiesto<\/li>\n<li>Return Link Service (RLS) Funzionalit\u00e0<\/li>\n<li><a name=\"_Hlk2671037\" data-cke-saved-name=\"_Hlk2671037\"><\/a>GPS | Galileo GNSS<\/li>\n<li>Galleggiamento incorporato<\/li>\n<li>Strobo e Strobo a infrarossi<\/li>\n<li>Copertura globale<\/li>\n<li>Compatibile con MEOSAR<\/li>\n<li>Piccolo e leggero<\/li>\n<li>5 anni di durata della batteria<\/li>\n<li>24+ ore di vita operativa**<\/li>\n<li>Sistema di clip multifunzione incluso<\/li>\n<\/ul>\n<p>&nbsp;<\/p>\n<p>**Sulla base del rapporto di prova di un laboratorio accreditato<\/p>\n<p>&nbsp;<\/p>\n<p><a href=\"https:\/\/www.dropbox.com\/s\/8343nj28z0d7bxa\/Prop%2065%20-%20BPA.pdf?dl=0\" data-cke-saved-href=\"https:\/\/www.dropbox.com\/s\/8343nj28z0d7bxa\/Prop%2065%20-%20BPA.pdf?dl=0\">ATTENZIONE: PROP 65<\/a><\/p>\n","protected":false},"featured_media":142537,"template":"","meta":{"_acf_changed":false,"om_disable_all_campaigns":false},"product_brand":[],"product_cat":[2950,2983,2980,2977,2981,2949,2979,3034,2982,2984,2978],"product_tag":[3042,3044,3043,3045,3056,3040,3036,3041,3038,3076,3072],"class_list":{"0":"post-125733","1":"product","2":"type-product","3":"status-publish","4":"has-post-thumbnail","6":"product_cat-allaperto","7":"product_cat-attrezzatura-da-viaggio","8":"product_cat-commerciale","9":"product_cat-entroterra","10":"product_cat-escursione-arrampicata-campo","11":"product_cat-marina","12":"product_cat-off-shore-it","13":"product_cat-personal-locator-beacon-it","14":"product_cat-sport-dazione-offroad","15":"product_cat-sport-nautici-pesca","16":"product_cat-vicino-alla-riva","17":"product_tag-406-it","18":"product_tag-406-mhz-it","19":"product_tag-acr-it","20":"product_tag-acr-personal-locator-beacon-it","21":"product_tag-cospas-sarsat-it","22":"product_tag-gps-it","23":"product_tag-plb-it","24":"product_tag-radiofaro-di-localizzazione-personale","25":"product_tag-resqlink-it","26":"product_tag-return-link-service-it","27":"product_tag-rls-it","28":"pa_activity-arrampicata","29":"pa_activity-campeggio","30":"pa_activity-escursioni","31":"pa_activity-fuoristrada-4x4","32":"pa_activity-la-bicicletta","33":"pa_activity-la-pesca","34":"pa_activity-motoslitta","35":"pa_activity-sci-snowboard","36":"pa_activity-sci-di-fondo","37":"pa_activity-sport-a-pagaia","38":"pa_aircraft-type-getti-di-luce","39":"pa_aircraft-type-getti-grandi","40":"pa_aircraft-type-jet-di-medie-dimensioni","41":"pa_aircraft-type-jet-passeggeri","42":"pa_aircraft-type-motore-singolo","43":"pa_aircraft-type-multi-motore","44":"pa_aircraft-type-rotocraft-it","45":"pa_aircraft-type-sperimentale","46":"pa_aircraft-type-turboprop-it","47":"pa_boat-size-0-20-it","48":"pa_boat-size-21-40-it","49":"pa_boat-size-40-80-it","50":"pa_boat-size-80-it","51":"pa_boat-type-barca-a-vela","52":"pa_boat-type-motoscafo","53":"pa_boat-type-nave-da-carico","54":"pa_boat-type-noleggio-barche","55":"pa_boat-type-pesca-commerciale","56":"pa_boat-type-rimorchiatore","57":"pa_boat-type-sportcraft-it","58":"pa_boat-type-yacht-it","59":"pa_product-rescue-beacons-it","60":"pa_terrain-collina-e-montagna","61":"pa_terrain-fiumi-zone-umide-laghi","62":"pa_terrain-foresta-e-giungla","63":"pa_terrain-tundra-it","65":"first","66":"instock","67":"taxable","68":"shipping-taxable","69":"purchasable","70":"product-type-variable"},"acf":[],"_links":{"self":[{"href":"https:\/\/www.acrartex.com\/it\/wp-json\/wp\/v2\/product\/125733","targetHints":{"allow":["GET"]}}],"collection":[{"href":"https:\/\/www.acrartex.com\/it\/wp-json\/wp\/v2\/product"}],"about":[{"href":"https:\/\/www.acrartex.com\/it\/wp-json\/wp\/v2\/types\/product"}],"wp:featuredmedia":[{"embeddable":true,"href":"https:\/\/www.acrartex.com\/it\/wp-json\/wp\/v2\/media\/142537"}],"wp:attachment":[{"href":"https:\/\/www.acrartex.com\/it\/wp-json\/wp\/v2\/media?parent=125733"}],"wp:term":[{"taxonomy":"product_brand","embeddable":true,"href":"https:\/\/www.acrartex.com\/it\/wp-json\/wp\/v2\/product_brand?post=125733"},{"taxonomy":"product_cat","embeddable":true,"href":"https:\/\/www.acrartex.com\/it\/wp-json\/wp\/v2\/product_cat?post=125733"},{"taxonomy":"product_tag","embeddable":true,"href":"https:\/\/www.acrartex.com\/it\/wp-json\/wp\/v2\/product_tag?post=125733"}],"curies":[{"name":"wp","href":"https:\/\/api.w.org\/{rel}","templated":true}]}}