{"id":125714,"date":"2023-11-20T13:29:13","date_gmt":"2023-11-20T18:29:13","guid":{"rendered":"https:\/\/www.acrartex.com\/products\/programmatore-fpt-serie-8800-artex-elt\/"},"modified":"2026-03-06T10:11:13","modified_gmt":"2026-03-06T15:11:13","slug":"programmatore-fpt-serie-8800-artex-elt","status":"publish","type":"product","link":"https:\/\/www.acrartex.com\/it\/products\/programmatore-fpt-serie-8800-artex-elt\/","title":{"rendered":"Programmatore FPT Serie 8800 ARTEX ELT"},"content":{"rendered":"<p>Il programmatore FPT serie 8800 ARTEX fornisce uno strumento di ELT supporto robusto e semplice da usare, adatto per applicazioni da banco e sul campo. Se gestite un parco macchine, vendete o fate manutenzione ai trasmettitori di ARTEX localizzazione di emergenza, questo strumento \u00e8 indispensabile. ARTEX introdurr\u00e0 ulteriori configurazioni per programmare tutti i prodotti ELT attuali. Contattate ARTEX per sapere quando verranno aggiunte altre opzioni.   <\/p>\n<p><strong>Nota: il <span data-teams=\"true\">software C406 versione V134B o precedente non \u00e8 supportato.<\/span><\/strong><\/p>\n<p>&nbsp;<\/p>\n<p><strong>Caratteristiche principali:<\/strong><\/p>\n<p>&nbsp;<\/p>\n<ul>\n<li><strong>Basato su tablet Microsoft Surface:<\/strong> Dite addio ad apparecchiature di programmazione ingombranti e obsolete. ARTEX FPT sfrutta la potenza del tablet Microsoft Surface, offrendo un&#8217;interfaccia facile da usare e un&#8217;esperienza familiare e intuitiva. In questo modo \u00e8 possibile portare la programmazione di ELT in viaggio, migliorando l&#8217;accessibilit\u00e0 e la flessibilit\u00e0.  <\/li>\n<\/ul>\n<p>&nbsp;<\/p>\n<ul>\n<li><strong>Retrofit degli ELT esistenti:<\/strong> Siete preoccupati per la riprogrammazione dei protocolli per le nuove forniture o per i retrofit? Non preoccupatevi. Il sistema ARTEX FPT \u00e8 progettato per adattarsi facilmente ai vostri attuali ELT, eliminando la programmazione da parte di terzi. \u00c8 una soluzione economicamente vantaggiosa che snellisce il processo di manutenzione.   <\/li>\n<\/ul>\n<p>&nbsp;<\/p>\n<ul>\n<li><strong>Interfaccia utente intuitiva:<\/strong> Programmate i vostri ELT senza fatica grazie alla nostra interfaccia intuitiva. Non dovrete pi\u00f9 decifrare menu complessi o lottare con pulsanti scomodi. L&#8217;FPT ARTEX rende la programmazione degli ELT un gioco da ragazzi, facendovi risparmiare tempo e riducendo il rischio di errori.  <\/li>\n<\/ul>\n<p>&nbsp;<\/p>\n<ul>\n<li><strong>Prestazioni migliorate:<\/strong> Con ARTEX FPT \u00e8 possibile accedere e modificare le impostazioni critiche con precisione, assicurando il funzionamento ottimale dei vostri ELT. Si tratta di una svolta per mantenere la conformit\u00e0 dei vostri trasmettitori di localizzazione di emergenza. <\/li>\n<\/ul>\n<p>&nbsp;<\/p>\n<ul>\n<li><strong>Gestione completa dei dati:<\/strong> Tenete traccia di tutti i vostri PFU in un unico posto, grazie alle funzionalit\u00e0 di gestione dati complete di ARTEX FPT. Archiviate, recuperate e verificate facilmente i dati e lo storico della programmazione per garantire la conformit\u00e0 e la prontezza. <\/li>\n<\/ul>\n<p>&nbsp;<\/p>\n<ul>\n<li><strong>Tecnologia a prova di futuro:<\/strong> ARTEX \u00e8 un nome affidabile nella tecnologia dell&#8217;aviazione e il programmatore FTP che utilizza i tablet Surface \u00e8 progettato per evolversi con le vostre esigenze. Riceverete aggiornamenti regolari del software per essere sempre al passo con gli standard e le normative del settore. <\/li>\n<\/ul>\n<p>&nbsp;<\/p>\n<ul>\n<li><strong>Programmazione:<\/strong> ARTEX FPT \u00e8 in grado di programmare il protocollo desiderato, la velocit\u00e0 di trasmissione dei dati NAV e le informazioni richieste come indicato da Cospas-Sarsat attraverso il cavo di programmazione applicabile.<\/li>\n<\/ul>\n<p>&nbsp;<\/p>\n<ul>\n<li><strong>Capacit\u00e0 di stampa:<\/strong> ARTEX FPT \u00e8 in grado di stampare un report per la verifica dei clienti.<\/li>\n<\/ul>\n<p>&nbsp;<\/p>\n<p>&nbsp;<\/p>\n<p><strong>Nota:<\/strong> questo programmatore non misura la potenza e non legge la trasmissione di segnali trasmessi dalla radio. La serie FPT 8800 legge la memoria interna e riprogramma il sito ELT solo in base ai protocolli approvati di Cospas-Sarsat. Per effettuare il test annuale della potenza del radiofaro, sono necessarie apparecchiature di prova della potenza 406 di tipo aftermarket, come Viavi 10K e WST BT-200. Contattare le autorit\u00e0 locali per conoscere i requisiti dei test ELT per le ispezioni programmate.   <\/p>\n<p>&nbsp;<\/p>\n<p>Il programmatore della serie ARTEX 8805 sar\u00e0 disponibile nelle seguenti configurazioni:<\/p>\n<table width=\"714\">\n<tbody>\n<tr>\n<td colspan=\"2\" width=\"714\"><strong>Capacit\u00e0 di programmazione del P\/N<\/strong><\/td>\n<\/tr>\n<tr>\n<td width=\"62\">P\/N 8805<\/td>\n<td width=\"652\">Solo tablet e software<\/td>\n<\/tr>\n<tr>\n<td width=\"62\">P\/N 8806<\/td>\n<td width=\"652\">ELT 345, 1000 e ME406<\/td>\n<\/tr>\n<tr>\n<td width=\"62\">P\/N 8807<\/td>\n<td width=\"652\">ELT 345, 1000, ME406, C406-N, C406-N HM, C406-1, C406-1 HM, C406-2, C406-2 HM, B406-4 e G406-4<\/td>\n<\/tr>\n<tr>\n<td width=\"62\">P\/N 8808<\/td>\n<td width=\"652\"><a href=\"https:\/\/www.acrartex.com\/it\/products\/elt-345\/\">ELT 345<\/a>, <a href=\"https:\/\/www.acrartex.com\/it\/products\/elt-1000\/\">1000<\/a>, <a href=\"https:\/\/www.acrartex.com\/it\/products\/me406-elt\/\">ME406<\/a>, <a href=\"https:\/\/www.acrartex.com\/it\/products\/elt-3000\/\">ELT 3000,<\/a> <a href=\"https:\/\/www.acrartex.com\/it\/products\/elt-3000hm\/\">ELT 3000HM<\/a>, <a href=\"https:\/\/www.acrartex.com\/it\/products\/elt-4000\/\">ELT 4000<\/a>, <a href=\"https:\/\/www.acrartex.com\/it\/products\/elt-4000hm\/\">ELT 4000HM<\/a>, <a href=\"https:\/\/www.acrartex.com\/it\/products\/c406-n\/\">C406-N<\/a>, <a href=\"https:\/\/www.acrartex.com\/it\/products\/c406-n-hm\/\">C406-N HM<\/a>, <a href=\"https:\/\/www.acrartex.com\/it\/products\/c406-1\/\">C406-1<\/a>, <a href=\"https:\/\/www.acrartex.com\/it\/products\/c406-1-hm\/\">C406-1 HM<\/a>, <a href=\"https:\/\/www.acrartex.com\/it\/products\/c406-2\/\">C406-2<\/a>, <a href=\"https:\/\/www.acrartex.com\/it\/products\/c406-2-hm\/\">C406-2 HM<\/a>, <a href=\"https:\/\/www.acrartex.com\/it\/products\/b406-4\/\">B406-4<\/a> e <a href=\"https:\/\/www.acrartex.com\/it\/products\/g406-4-elt\/\">G406-4<\/a><\/td>\n<\/tr>\n<tr>\n<td width=\"62\">P\/N 8809<\/td>\n<td width=\"652\"><a href=\"https:\/\/www.acrartex.com\/it\/products\/elt-4000s\/\">ELT 4000S<\/a><\/td>\n<\/tr>\n<\/tbody>\n<\/table>\n<p>&nbsp;<\/p>\n<p>&nbsp;<\/p>\n","protected":false},"excerpt":{"rendered":"<p>Sfruttate la potenza della tecnologia avanzata con il programmatore per ELT ARTEX, una soluzione rivoluzionaria destinata a trasformare il modo in cui gestite e programmate i vostri trasmettitori di localizzazione di emergenza ARTEX. Realizzato sulla base del framework Microsoft Surface, ARTEX FPT (Field Programming Tablet) \u00e8 un dispositivo all&#8217;avanguardia progettato per adattarsi perfettamente agli ELT esistenti sul campo, portando una nuova era di efficienza e affidabilit\u00e0 alle vostre operazioni. <\/p>\n<p><span style=\"font-size: 11pt;\"><span style=\"font-family: Calibri,sans-serif;\"><a style=\"color: blue; text-decoration: underline;\" href=\"https:\/\/www.dropbox.com\/s\/fk04stqsp2hgk5f\/Prop%2065%20-%20DEHP.pdf?dl=0\"><span style=\"color: #000000;\">ATTENZIONE: PROP 65<\/span><\/a><\/span><\/span><\/p>\n<p>&nbsp;<\/p>\n","protected":false},"featured_media":126146,"template":"","meta":{"_acf_changed":false,"om_disable_all_campaigns":false},"product_brand":[],"product_cat":[3251,3247,3248,3249,3250],"product_tag":[4172,3254,4176,3257,4174,3255,3256,3252,3253],"class_list":{"0":"post-125714","1":"product","2":"type-product","3":"status-publish","4":"has-post-thumbnail","6":"product_cat-aerei-commerciali","7":"product_cat-aviazione","8":"product_cat-aviazione-generale","9":"product_cat-jet-daffari","10":"product_cat-rotocraft-it","11":"product_tag-artex-fpt-it","12":"product_tag-artex-programmatore","13":"product_tag-artex-programmatore-di-campo","14":"product_tag-artex-set-di-test-e-programmatori","15":"product_tag-artex-tablet-per-la-programmazione-sul-campo","16":"product_tag-artex-tavoletta","17":"product_tag-artex-tps-it","18":"product_tag-elt-programmatore","19":"product_tag-tps-it","21":"first","22":"instock","23":"taxable","24":"shipping-taxable","25":"purchasable","26":"product-type-variable"},"acf":[],"_links":{"self":[{"href":"https:\/\/www.acrartex.com\/it\/wp-json\/wp\/v2\/product\/125714","targetHints":{"allow":["GET"]}}],"collection":[{"href":"https:\/\/www.acrartex.com\/it\/wp-json\/wp\/v2\/product"}],"about":[{"href":"https:\/\/www.acrartex.com\/it\/wp-json\/wp\/v2\/types\/product"}],"wp:featuredmedia":[{"embeddable":true,"href":"https:\/\/www.acrartex.com\/it\/wp-json\/wp\/v2\/media\/126146"}],"wp:attachment":[{"href":"https:\/\/www.acrartex.com\/it\/wp-json\/wp\/v2\/media?parent=125714"}],"wp:term":[{"taxonomy":"product_brand","embeddable":true,"href":"https:\/\/www.acrartex.com\/it\/wp-json\/wp\/v2\/product_brand?post=125714"},{"taxonomy":"product_cat","embeddable":true,"href":"https:\/\/www.acrartex.com\/it\/wp-json\/wp\/v2\/product_cat?post=125714"},{"taxonomy":"product_tag","embeddable":true,"href":"https:\/\/www.acrartex.com\/it\/wp-json\/wp\/v2\/product_tag?post=125714"}],"curies":[{"name":"wp","href":"https:\/\/api.w.org\/{rel}","templated":true}]}}