{"id":125713,"date":"2021-04-09T11:18:09","date_gmt":"2021-04-09T16:18:09","guid":{"rendered":"https:\/\/www.acrartex.com\/products\/lnk-al15-luce-di-localizzazione-per-laviazione-tso-c85b\/"},"modified":"2021-04-09T11:18:09","modified_gmt":"2021-04-09T16:18:09","slug":"lnk-al15-luce-di-localizzazione-per-laviazione-tso-c85b","status":"publish","type":"product","link":"https:\/\/www.acrartex.com\/it\/products\/lnk-al15-luce-di-localizzazione-per-laviazione-tso-c85b\/","title":{"rendered":"LNK-AL15 Luce di localizzazione per l&#8217;aviazione (TSO-C85b)"},"content":{"rendered":"<p style=\"margin: 0in 0in 0.0001pt;\"><span style=\"font-size: 10pt;\"><span style=\"font-size: 11.0pt;\"><span style=\"background: white;\"><span style=\"color: black;\">La lampada LNK-AL15 \u00e8 disponibile con i tre diversi numeri di parte elencati di seguito, che corrispondono a diverse lunghezze di filo. La possibilit\u00e0 di offrire pi\u00f9 lunghezze di filo offre un maggiore livello di flessibilit\u00e0 per diversi scenari di installazione. Le lunghezze dei fili disponibili per LNK-AL15 sono 9&#8243;, 18&#8243; e 24&#8243;.    <\/span><\/span><\/span><\/span><\/p>\n<p>&nbsp;<\/p>\n<p style=\"margin: 0in 0in 0.0001pt;\"><span style=\"font-size: 10pt;\"><b><span style=\"font-size: 11.0pt;\">ACR Numeri di parte:<\/span><\/b><\/span><\/p>\n<p style=\"margin: 0in 0in 0.0001pt;\"><span style=\"font-size: 10pt;\"><span style=\"font-size: 11.0pt;\">1503023B - Lunghezza filo 9&#8243; (23 cm)<\/span><\/span><\/p>\n<p style=\"margin: 0in 0in 0.0001pt;\"><span style=\"font-size: 10pt;\"><span style=\"font-size: 11.0pt;\">1503046B - Lunghezza filo 18&#8243; (46 cm)<\/span><\/span><\/p>\n<p style=\"margin: 0in 0in 0.0001pt;\"><span style=\"font-size: 10pt;\"><span style=\"font-size: 11.0pt;\">1503061B - Lunghezza filo 24&#8243; (61 cm)<\/span><\/span><\/p>\n<p>&nbsp;<\/p>\n<p style=\"margin: 0in 0in 0.0001pt;\"><span style=\"font-size: 10pt;\"><b><span style=\"font-size: 12.0pt;\">Caratteristiche e vantaggi:<\/span><\/b><\/span><\/p>\n<ul>\n<li style=\"margin-right: 13.5pt; margin: 0in 0in 0.0001pt;\"><span style=\"font-size: 10pt;\"><span style=\"background: white;\"><span style=\"color: black;\"><span style=\"font-size: 11.0pt;\">Luce di localizzazione per l&#8217;aviazione approvata TSO-C85b<\/span><\/span><\/span><\/span><\/li>\n<li style=\"margin-right: 13.5pt; margin: 0in 0in 0.0001pt;\"><span style=\"font-size: 10pt;\"><span style=\"background: white;\"><span style=\"color: black;\"><span style=\"font-size: 11.0pt;\">Lampadina LED ad alta efficienza<\/span><\/span><\/span><\/span><\/li>\n<li style=\"margin-right: 13.5pt; margin: 0in 0in 0.0001pt;\"><span style=\"font-size: 10pt;\"><span style=\"background: white;\"><span style=\"font-size: 11.0pt;\"><span style=\"color: black;\">Integrazione semplice del giubbotto di salvataggio<\/span><\/span><\/span><\/span><\/li>\n<li style=\"margin-right: 13.5pt; margin: 0in 0in 0.0001pt;\"><span style=\"font-size: 10pt;\"><span style=\"background: white;\"><span style=\"color: black;\"><span style=\"font-size: 11.0pt;\">Design ultra piccolo e leggero<\/span><\/span><\/span><\/span><\/li>\n<li style=\"margin-right: 13.5pt; margin: 0in 0in 0.0001pt;\"><span style=\"font-size: 10pt;\"><span style=\"background: white;\"><span style=\"color: black;\"><span style=\"font-size: 11.0pt;\">Attivato in acqua (acqua dolce e salata)<\/span><\/span><\/span><\/span><\/li>\n<li style=\"margin-right: 13.5pt; margin: 0in 0in 0.0001pt;\"><span style=\"font-size: 10pt;\"><span style=\"background: white;\"><span style=\"color: black;\"><span style=\"font-size: 11.0pt;\">Durata indefinita della batteria*<\/span><\/span><\/span><\/span><\/li>\n<\/ul>\n<p><span style=\"font-size: 11.0pt;\"><span style=\"color: black;\">*Supponendo che la luce non entri accidentalmente in contatto con l&#8217;acqua e che sia conservata secondo i requisiti di conservazione indicati.<\/span><\/span><\/p>\n","protected":false},"excerpt":{"rendered":"<p style=\"margin: 0in 0in 0.0001pt;\"><span style=\"font-size: 10pt;\"><span style=\"font-size: 11.0pt;\"><span style=\"background: white;\"><span style=\"color: black;\">LNK-AL15 \u00e8 una lampada a LED per la localizzazione dei sopravvissuti approvata dalla FAA TSO-C85b, che pu\u00f2 essere utilizzata sui giubbotti di salvataggio o sui salvagenti per indicare la posizione dei sopravvissuti in acqua a seguito di un incidente aereo. La combinazione di lampada e lente dell&#8217;LNK-AL15 produce una luce potente che dura almeno 8 ore dopo l&#8217;attivazione con un&#8217;intensit\u00e0 luminosa minima di 1 cd. Per tutta la sua durata operativa, la lampada emette continuamente una luce bianca fissa per indicare chiaramente la posizione di un sopravvissuto e aumentare le probabilit\u00e0 di salvataggio.    <strong>Confezionato in 300 unit\u00e0 per scatola.<\/strong><\/span><\/span><\/span><\/span><\/p>\n<p><a href=\"sales@acrartex.com\">Richiedi un preventivo per un ordine in blocco<\/a><\/p>\n","protected":false},"featured_media":137882,"template":"","meta":{"_acf_changed":false,"om_disable_all_campaigns":false},"product_brand":[],"product_cat":[3251,3247,3248,3249],"product_tag":[4175,4177,4173,4179,3362,4178,4171],"class_list":{"0":"post-125713","1":"product","2":"type-product","3":"status-publish","4":"has-post-thumbnail","6":"product_cat-aerei-commerciali","7":"product_cat-aviazione","8":"product_cat-aviazione-generale","9":"product_cat-jet-daffari","10":"product_tag-luce-di-localizzazione-per-sopravvissuti-allaviazione","11":"product_tag-luce-di-localizzazione-per-sopravvissuti-dellaviazione-alimentata-a-batteria-di-riserva","12":"product_tag-luce-di-localizzazione-survivor","13":"product_tag-luce-di-localizzazione-survivor-a-led-per-laviazione","14":"product_tag-luce-di-soccorso","15":"product_tag-luce-di-soccorso-a-led","16":"product_tag-luce-per-giubbotto-di-salvataggio-dellaviazione-it","17":"pa_aircraft-type-getti-di-luce","18":"pa_aircraft-type-getti-grandi","19":"pa_aircraft-type-jet-di-medie-dimensioni","20":"pa_aircraft-type-jet-passeggeri","21":"pa_aircraft-type-motore-singolo","22":"pa_aircraft-type-multi-motore","23":"pa_aircraft-type-rotocraft-it","24":"pa_aircraft-type-sperimentale","25":"pa_aircraft-type-turboprop-it","26":"pa_aircraft-type-velivoli-di-linea","28":"first","29":"instock","30":"taxable","31":"shipping-taxable","32":"purchasable","33":"product-type-variable"},"acf":[],"_links":{"self":[{"href":"https:\/\/www.acrartex.com\/it\/wp-json\/wp\/v2\/product\/125713","targetHints":{"allow":["GET"]}}],"collection":[{"href":"https:\/\/www.acrartex.com\/it\/wp-json\/wp\/v2\/product"}],"about":[{"href":"https:\/\/www.acrartex.com\/it\/wp-json\/wp\/v2\/types\/product"}],"wp:featuredmedia":[{"embeddable":true,"href":"https:\/\/www.acrartex.com\/it\/wp-json\/wp\/v2\/media\/137882"}],"wp:attachment":[{"href":"https:\/\/www.acrartex.com\/it\/wp-json\/wp\/v2\/media?parent=125713"}],"wp:term":[{"taxonomy":"product_brand","embeddable":true,"href":"https:\/\/www.acrartex.com\/it\/wp-json\/wp\/v2\/product_brand?post=125713"},{"taxonomy":"product_cat","embeddable":true,"href":"https:\/\/www.acrartex.com\/it\/wp-json\/wp\/v2\/product_cat?post=125713"},{"taxonomy":"product_tag","embeddable":true,"href":"https:\/\/www.acrartex.com\/it\/wp-json\/wp\/v2\/product_tag?post=125713"}],"curies":[{"name":"wp","href":"https:\/\/api.w.org\/{rel}","templated":true}]}}