{"id":125529,"date":"2021-03-16T08:07:42","date_gmt":"2021-03-16T13:07:42","guid":{"rendered":"https:\/\/www.acrartex.com\/products\/aqualink-view\/"},"modified":"2021-03-16T08:07:42","modified_gmt":"2021-03-16T13:07:42","slug":"aqualink-view","status":"publish","type":"product","link":"https:\/\/www.acrartex.com\/it\/products\/aqualink-view\/","title":{"rendered":"AquaLink\u2122 View"},"content":{"rendered":"<p><em><strong><a href=\"https:\/\/www.acrartex.com\/it\/products\/resqlink-view-personal-locator-beacon\/\">Questo prodotto \u00e8 stato aggiornato<\/a>.  <\/strong><\/em><\/p>\n<p>Grazie a tre livelli di tecnologia di segnale integrata - il posizionamento su GPS, un potente segnale a 406 MHz e la capacit\u00e0 di homing a 121,5 MHz - l&#8217;AquaLink\u2122 View trasmette in modo rapido e preciso la vostra posizione a una rete mondiale di satelliti di ricerca e soccorso, riducendo i tempi di ricerca e aumentando le possibilit\u00e0 di sopravvivenza. \u00c8 una tecnologia di segnalazione affidabile che ha salvato pi\u00f9 di 50.000 vite dal 1982. <\/p>\n<p>&nbsp;<\/p>\n<p>L&#8217;AquaLink\u2122 View trasmette un esclusivo segnale di soccorso registrato che non solo dice ai soccorritori dove vi trovate, ma anche chi siete. Il dispositivo di bordo GPS \u00e8 in grado di fissare la vostra posizione entro 100 metri e utilizza un potente segnale a 406 MHz per trasmettere la vostra richiesta di soccorso ai satelliti in orbita. Quando vengono attivati i servizi di ricerca e soccorso locali, un segnale di homing separato e una luce stroboscopica a LED integrata guidano i soccorritori verso la vostra esatta posizione. L&#8217;AquaLink\u2122 View \u00e8 dotato di un display digitale che consente di visualizzare tutte le attivit\u00e0 operative del segnalatore. Sullo schermo sono visualizzati GPS LAT\/LON, le istruzioni per l&#8217;uso, i consigli per l&#8217;uso, le raffiche di trasmissione e la carica della batteria. Il display digitale rende anche l&#8217;autotest del segnalatore semplice e facile da capire, guidando visivamente l&#8217;utente attraverso l&#8217;autotest passo dopo passo. Non dovrete pi\u00f9 affidarvi all&#8217;ascolto dei segnali acustici e alla ricerca dei LED. L&#8217;AquaLink\u2122 View \u00e8 abbastanza piccolo da poter essere facilmente trasportato in uno zaino o in una tasca, oppure pu\u00f2 essere indossato in coperta, al timone, in un alloggio o su un giubbotto di salvataggio e galleggia se viene accidentalmente gettato in mare. ACR Esclusivo: La modalit\u00e0 di test di acquisizione incorporata di GPS consente di testare la funzionalit\u00e0 di GPS fino a 60 volte per tutta la durata della batteria. Sfrutta la stessa tecnologia di salvataggio testata sul campo dall&#8217;esercito americano, dalla Guardia Costiera statunitense, dalle forze speciali della NATO e dagli esploratori dell&#8217;Artico.         <\/p>\n<p>&nbsp;<\/p>\n<ul>\n<li>Nessun costo di abbonamento<\/li>\n<li>Galleggianti<\/li>\n<li>LED strobo super luminoso<\/li>\n<li>A bordo 66 canali GPS<\/li>\n<li>Caratteristiche dell&#8217;autotest e del test GPS <\/li>\n<li>Prestazioni tipiche 35 ore<\/li>\n<li>Batteria non Hazmat<\/li>\n<li>Prodotto negli Stati Uniti<\/li>\n<\/ul>\n<p>&nbsp;<\/p>\n<p>Se lo usate&#8230; ve lo sostituiamo, gratuitamente. Basta <a href=\"https:\/\/www.acrartex.com\/stories\/new\">inviare la vostra storia<\/a>, rispedirci il vostro faro usato in modo che possa essere montato sul nostro Wall of Fame e noi vi invieremo un faro nuovo di zecca di valore uguale o superiore. <\/p>\n<p>&nbsp;<\/p>\n<p>Tags: Personal Locator Beacon, PLB, PLB, 406 MHz, SurvivorClub, Galleggiante, Galleggiante, Luce stroboscopica, Faro di soccorso, Senza abbonamento, Display digitale, EPIRB personale, GPS Localizzatore, 2884, PN 2884, PLB 350, PLB350C<\/p>\n","protected":false},"excerpt":{"rendered":"<p><b><i>Questo prodotto \u00e8 stato aggiornato. <a href=\"https:\/\/www.acrartex.com\/products\/resqlink-view\/\">Fare clic qui<\/a> per vedere l&#8217;aggiornamento del prodotto disponibile<\/i><\/b><\/p>\n<p>&nbsp;<\/p>\n<p>Dirigetevi in mare aperto con la sicurezza del palmare AquaLink\u2122 View Personal Locator Beacon (PLB). Il suo display digitale fornisce tutte le informazioni importanti sulle funzioni del segnalatore, tra cui il posizionamento su GPS e le raffiche di trasmissione. Inoltre, grazie al suo design galleggiante, se l&#8217;AquaLink View dovesse accidentalmente cadere in mare, gallegger\u00e0. In caso di emergenza in barca, questo segnalatore personale di emergenza trasmetter\u00e0 rapidamente la vostra posizione alle reti satellitari, riducendo i tempi di ricerca e soccorso.   <\/p>\n<p>&nbsp;<\/p>\n<p style=\"margin-left: 0in; margin-right: 0in;\"><span style=\"font-size: 11pt;\"><span style=\"font-family: Calibri,sans-serif;\"><a style=\"color: blue; text-decoration: underline;\" href=\"https:\/\/www.dropbox.com\/s\/8343nj28z0d7bxa\/Prop%2065%20-%20BPA.pdf?dl=0\"><span style=\"color: #000000;\">ATTENZIONE: PROP 65<\/span><\/a><\/span><\/span><\/p>\n<p>&nbsp;<\/p>\n<p>&nbsp;<\/p>\n<p>&nbsp;<\/p>\n","protected":false},"featured_media":137199,"template":"","meta":{"_acf_changed":false,"om_disable_all_campaigns":false},"product_brand":[],"product_cat":[2950,2949],"product_tag":[3042,3480,3483,3939,3941,3233,3040,3036,3420,3419,4058,3041,4059],"class_list":{"0":"post-125529","1":"product","2":"type-product","3":"status-publish","4":"has-post-thumbnail","6":"product_cat-allaperto","7":"product_cat-marina","8":"product_tag-406-it","9":"product_tag-acqua-it","10":"product_tag-acqua-it-2","11":"product_tag-acqualink","12":"product_tag-collegamento-ad-acqua","13":"product_tag-faro-di-emergenza","14":"product_tag-gps-it","15":"product_tag-plb-it","16":"product_tag-plb-350c-it-2","17":"product_tag-plb-350c-it","18":"product_tag-plb350-it","19":"product_tag-radiofaro-di-localizzazione-personale","20":"product_tag-vista-aqualink","21":"pa_product-eredita","23":"first","24":"outofstock","25":"taxable","26":"shipping-taxable","27":"product-type-simple"},"acf":[],"_links":{"self":[{"href":"https:\/\/www.acrartex.com\/it\/wp-json\/wp\/v2\/product\/125529","targetHints":{"allow":["GET"]}}],"collection":[{"href":"https:\/\/www.acrartex.com\/it\/wp-json\/wp\/v2\/product"}],"about":[{"href":"https:\/\/www.acrartex.com\/it\/wp-json\/wp\/v2\/types\/product"}],"wp:featuredmedia":[{"embeddable":true,"href":"https:\/\/www.acrartex.com\/it\/wp-json\/wp\/v2\/media\/137199"}],"wp:attachment":[{"href":"https:\/\/www.acrartex.com\/it\/wp-json\/wp\/v2\/media?parent=125529"}],"wp:term":[{"taxonomy":"product_brand","embeddable":true,"href":"https:\/\/www.acrartex.com\/it\/wp-json\/wp\/v2\/product_brand?post=125529"},{"taxonomy":"product_cat","embeddable":true,"href":"https:\/\/www.acrartex.com\/it\/wp-json\/wp\/v2\/product_cat?post=125529"},{"taxonomy":"product_tag","embeddable":true,"href":"https:\/\/www.acrartex.com\/it\/wp-json\/wp\/v2\/product_tag?post=125529"}],"curies":[{"name":"wp","href":"https:\/\/api.w.org\/{rel}","templated":true}]}}