{"id":125526,"date":"2021-03-16T08:08:46","date_gmt":"2021-03-16T13:08:46","guid":{"rendered":"https:\/\/www.acrartex.com\/products\/elt-3000hm\/"},"modified":"2021-03-16T08:08:46","modified_gmt":"2021-03-16T13:08:46","slug":"elt-3000hm","status":"publish","type":"product","link":"https:\/\/www.acrartex.com\/it\/products\/elt-3000hm\/","title":{"rendered":"ELT 3000HM"},"content":{"rendered":"<p>Con i dati NAV dell&#8217;aereo perfettamente integrati, la latitudine\/longitudine viene trasmessa automaticamente ogni 50 secondi per 24 ore sulla frequenza di soccorso di 406 MHz. Ci\u00f2 consente ai soccorritori di individuare l&#8217;esatta posizione dell&#8217;aereo entro pochi minuti dall&#8217;attivazione del radiofaro. Il sistema ARTEX ELT 3000 \u00e8 stato progettato per ridurre le dimensioni e il peso del sistema ELT in un pacchetto semplice da installare. Per semplificare l&#8217;installazione, ARTEX ELT 3000 utilizza una singola uscita RF che si collega a un&#8217;antenna tri-band, riducendo l&#8217;installazione a un singolo cavo coassiale.   <\/p>\n<p>&nbsp;<\/p>\n<p>L&#8217;antenna a ingresso singolo e l&#8217;eliminazione di un&#8217;interfaccia NAV esterna riducono notevolmente i costi di installazione. Il sistema ARTEX ELT 3000 \u00e8 compatibile con l&#8217;esclusivo sistema di test satellitare online di conferma ARTEX, 406Test.com. Questo sistema esclusivo fornisce in tempo reale i risultati dei test dei radiofari attraverso gli stessi satelliti utilizzati dalle squadre di ricerca e soccorso, garantendo il corretto funzionamento del sistema ELT. C&#8217;\u00e8 un motivo per cui gli ELT ARTEX sono la scelta del maggior numero di costruttori di aeromobili; essi si affidano a ARTEX per la realizzazione di prodotti di altissima qualit\u00e0, sapendo che vengono utilizzati per salvare vite umane. Come funziona il ARTEX ELT 3000 Il ARTEX ELT 3000 pu\u00f2 essere attivato manualmente (tramite l&#8217;interruttore remoto della cabina di pilotaggio) o automaticamente (il G-Switch rileva un impatto di 2,3G o superiore) e avvisa l&#8217;agenzia di ricerca e soccorso pi\u00f9 vicina di un&#8217;emergenza. Il segnale a 406 MHz, contenente le coordinate del velivolo GPS, viene trasmesso ai satelliti Cospas-Sarsat e rilanciato al Centro di Controllo Missione, dove viene immediatamente indirizzato all&#8217;agenzia di Ricerca e Soccorso pi\u00f9 vicina.     <\/p>\n<p>&nbsp;<\/p>\n<p>Il radiofaro fornisce ai primi soccorritori la posizione esatta entro 100 metri. Infine, i segnali di homing a 121,5\/243 MHz aiutano le forze di ricerca e soccorso a trovare la posizione dell&#8217;emergenza. Facilit\u00e0 di installazione ARTEX ELT 3000 offre un&#8217;opportunit\u00e0 di retrofit semplice e veloce, con opzioni di installazione flessibili, come un interruttore remoto a due o cinque fili che non richiede l&#8217;alimentazione dell&#8217;aereo. Essendo un ELT a uscita singola, il ELT 3000 utilizza la stessa uscita RF e un solo cavo coassiale per trasmettere sia i segnali a 406 MHz che a 121,5\/243 MHz. L&#8217;interfaccia di navigazione integrata riduce la necessit\u00e0 di montare un&#8217;interfaccia esterna secondaria, riducendo notevolmente il costo dell&#8217;installazione. Sono disponibili due vassoi di montaggio. Una consente di ottenere l&#8217;ingombro pi\u00f9 ridotto possibile, mentre l&#8217;altra si adatta alle installazioni ARTEX B e C Series ELT, riducendo ulteriormente i costi di progettazione.      <\/p>\n<p>&nbsp;<\/p>\n<p><u>Caratteristiche del prodotto  <\/u><\/p>\n<ul>\n<li>Il pi\u00f9 piccolo ELT a 406 MHz disponibile e il pi\u00f9 leggero ELT per il trasporto con interfaccia ARINC\/GPS RS232<\/li>\n<li>Automatico Fisso Emergency Locator Transmitter<\/li>\n<li>Segnalatore di soccorso tri-frequenza, segnali di homing digitali a 406 MHz e analogici a 121,5\/243 MHz<\/li>\n<li>Attivazione automatica tramite G-switch interno Antenna tri-band con connettore singolo e cavo per il trasmettitore<\/li>\n<li>Facile manutenzione e installazione<\/li>\n<li>Sono disponibili numerose opzioni di interruttori remoti per il pozzetto<\/li>\n<li>Pu\u00f2 essere collegato al sito GPS tramite l&#8217;interfaccia integrata ARINC429 o RS232.<\/li>\n<li>GPS I dati sono incorporati nella trasmissione digitale, riducendo il raggio di ricerca a 100 metri.<\/li>\n<li>Copertura mondiale Cospas-Sarsat Durata della batteria 6 anni (sostituibile)<\/li>\n<li>Disponibile la versione per elicottero con G-Switch a 5 assi<\/li>\n<li>Compatibile con il sistema di test di conferma satellitare ARTEX 406Test.com<\/li>\n<li>Soddisfa i requisiti FAA ed EASA<\/li>\n<\/ul>\n<p>&nbsp;<\/p>\n<p>ELT Elenco dei pacchetti<\/p>\n<table style=\"border-collapse: collapse; width: 745pt; border: none;\" width=\"994\">\n<colgroup>\n<col style=\"width: 140pt;\" width=\"187\">\n<col style=\"width: 219pt;\" width=\"292\">\n<col style=\"width: 197pt;\" width=\"263\">\n<col style=\"width: 189pt;\" width=\"252\"> <\/colgroup>\n<tbody>\n<tr style=\"height: 20.0pt;\">\n<td class=\"xl66\" style=\"border: none; height: 20.0pt; width: 140pt; text-align: center; vertical-align: middle; padding-top: 1px; padding-right: 1px; padding-left: 1px;\" width=\"187\" height=\"27\"><\/td>\n<td class=\"xl68\" style=\"border: 0.5pt solid gray; background: #3c404a; width: 219pt; text-align: center; vertical-align: middle; padding-top: 1px; padding-right: 1px; padding-left: 1px;\" width=\"292\"><span style=\"font-size: 11pt;\"><span style=\"color: #b0e40a;\"><span style=\"font-weight: bold;\"><span style=\"font-style: normal;\"><span style=\"text-decoration: none;\"><span style=\"font-family: Calibri,sans-serif;\">Antenna<\/span><\/span><\/span><\/span><\/span><\/span><\/td>\n<td class=\"xl68\" style=\"border: 0.5pt solid gray; background: #3c404a; border-left: none; width: 197pt; text-align: center; vertical-align: middle; padding-top: 1px; padding-right: 1px; padding-left: 1px;\" width=\"263\"><span style=\"font-size: 11pt;\"><span style=\"color: #b0e40a;\"><span style=\"font-weight: bold;\"><span style=\"font-style: normal;\"><span style=\"text-decoration: none;\"><span style=\"font-family: Calibri,sans-serif;\">Interruttore remoto e accessori<\/span><\/span><\/span><\/span><\/span><\/span><\/td>\n<td class=\"xl67\" style=\"border: none; background: #3c404a; border-left: none; width: 189pt; text-align: center; vertical-align: middle; border-width: 0.5pt; border-style: solid; border-color: gray windowtext gray gray; padding-top: 1px; padding-right: 1px; padding-left: 1px;\" width=\"252\"><span style=\"font-size: 11pt;\"><span style=\"color: #b0e40a;\"><span style=\"font-weight: bold;\"><span style=\"font-style: normal;\"><span style=\"text-decoration: none;\"><span style=\"font-family: Calibri,sans-serif;\">Manuali\/Approvazioni\/Downloads<\/span><\/span><\/span><\/span><\/span><\/span><\/td>\n<\/tr>\n<tr style=\"height: 20.0pt;\">\n<td class=\"xl70\" style=\"border: 0.5pt solid gray; background: #b0e40a; height: 20.0pt; text-align: center; vertical-align: middle; padding-top: 1px; padding-right: 1px; padding-left: 1px;\" height=\"27\"><span style=\"font-size: 11pt;\"><span style=\"font-weight: 400;\"><span style=\"font-style: normal;\"><span style=\"text-decoration: none;\"><span style=\"font-family: Calibri,sans-serif;\">ELT 3000HM 8231<\/span><\/span><\/span><\/span><\/span><\/td>\n<td class=\"xl69\" style=\"border: none; padding-top: 1px; padding-right: 1px; padding-left: 1px; vertical-align: bottom;\"><span style=\"font-size: 11pt;\"><span style=\"font-weight: 400;\"><span style=\"font-style: normal;\"><span style=\"text-decoration: none;\"><span style=\"font-family: Calibri,sans-serif;\"> <\/span><\/span><\/span><\/span><\/span><\/td>\n<td class=\"xl66\" style=\"border: none; text-align: center; vertical-align: middle; padding-top: 1px; padding-right: 1px; padding-left: 1px;\"><\/td>\n<td class=\"xl66\" style=\"border: none; text-align: center; vertical-align: middle; padding-top: 1px; padding-right: 1px; padding-left: 1px;\"><a href=\"https:\/\/www.dropbox.com\/s\/ba7lq6uzc9ww7t6\/8231b.pdf?dl=1\"><span style=\"font-size: 11pt;\"><span style=\"font-weight: 400;\"><span style=\"font-style: normal;\"><span style=\"text-decoration: none;\"><span style=\"font-family: Calibri,sans-serif;\">Elenco dei pacchetti<\/span><\/span><\/span><\/span><\/span><\/a><\/td>\n<\/tr>\n<tr style=\"height: 20.0pt;\">\n<td class=\"xl70\" style=\"border: 0.5pt solid gray; background: #b0e40a; height: 20.0pt; border-top: none; text-align: center; vertical-align: middle; padding-top: 1px; padding-right: 1px; padding-left: 1px;\" height=\"27\"><span style=\"font-size: 11pt;\"><span style=\"font-weight: 400;\"><span style=\"font-style: normal;\"><span style=\"text-decoration: none;\"><span style=\"font-family: Calibri,sans-serif;\">ELT 3000HM 8232<\/span><\/span><\/span><\/span><\/span><\/td>\n<td class=\"xl66\" style=\"border: none; text-align: center; vertical-align: middle; padding-top: 1px; padding-right: 1px; padding-left: 1px;\"><\/td>\n<td class=\"xl66\" style=\"border: none; text-align: center; vertical-align: middle; padding-top: 1px; padding-right: 1px; padding-left: 1px;\"><\/td>\n<td class=\"xl66\" style=\"border: none; text-align: center; vertical-align: middle; padding-top: 1px; padding-right: 1px; padding-left: 1px;\"><a href=\"https:\/\/www.dropbox.com\/s\/ugsb53vzphp6mvo\/8232b.pdf?dl=1\"><span style=\"font-size: 11pt;\"><span style=\"font-weight: 400;\"><span style=\"font-style: normal;\"><span style=\"text-decoration: none;\"><span style=\"font-family: Calibri,sans-serif;\">Elenco delle confezioni<\/span><\/span><\/span><\/span><\/span><\/a><\/td>\n<\/tr>\n<tr style=\"height: 20.0pt;\">\n<td class=\"xl70\" style=\"border: 0.5pt solid gray; background: #b0e40a; height: 20.0pt; border-top: none; text-align: center; vertical-align: middle; padding-top: 1px; padding-right: 1px; padding-left: 1px;\" height=\"27\"><span style=\"font-size: 11pt;\"><span style=\"font-weight: 400;\"><span style=\"font-style: normal;\"><span style=\"text-decoration: none;\"><span style=\"font-family: Calibri,sans-serif;\">ELT 3000HM 8233<\/span><\/span><\/span><\/span><\/span><\/td>\n<td class=\"xl66\" style=\"border: none; text-align: center; vertical-align: middle; padding-top: 1px; padding-right: 1px; padding-left: 1px;\"><span style=\"font-size: 11pt;\"><span style=\"font-weight: 400;\"><span style=\"font-style: normal;\"><span style=\"text-decoration: none;\"><span style=\"font-family: Calibri,sans-serif;\">110-338 (bianco) e 110-338-01 (nero)<\/span><\/span><\/span><\/span><\/span><\/td>\n<td class=\"xl66\" style=\"border: none; text-align: center; vertical-align: middle; padding-top: 1px; padding-right: 1px; padding-left: 1px;\"><span style=\"font-size: 11pt;\"><span style=\"font-weight: 400;\"><span style=\"font-style: normal;\"><span style=\"text-decoration: none;\"><span style=\"font-family: Calibri,sans-serif;\">8304<\/span><\/span><\/span><\/span><\/span><\/td>\n<td class=\"xl66\" style=\"border: none; text-align: center; vertical-align: middle; padding-top: 1px; padding-right: 1px; padding-left: 1px;\"><a href=\"https:\/\/www.dropbox.com\/s\/1ranamkvy04fr97\/8233b.pdf?dl=1\"><span style=\"font-size: 11pt;\"><span style=\"font-weight: 400;\"><span style=\"font-style: normal;\"><span style=\"text-decoration: none;\"><span style=\"font-family: Calibri,sans-serif;\">Elenco dei pacchetti<\/span><\/span><\/span><\/span><\/span><\/a><\/td>\n<\/tr>\n<\/tbody>\n<\/table>\n<p>&nbsp;<\/p>\n<p>Tag: ARTEX, ARTEX ELT , ARTEX ELT 3000, Emergency Locator Transmitter, ELT 3000, 406 MHz, soccorso aereo, aviazione commerciale ELT, grado di trasporto ELT<\/p>\n","protected":false},"excerpt":{"rendered":"<p>Il nuovissimo ARTEX ELT 3000HM \u00e8 un vero e proprio Emergency Locator Transmitter (ELT) integrato, di tipo transport-grade, destinato al mercato degli aeromobili rotanti. Il fattore di forma compatto \u00e8 abbinato all&#8217;interfaccia NAV integrata (ARINC429 o RS232) che elimina la necessit\u00e0 e la spesa di installare un&#8217;unit\u00e0 di interfaccia NAV separata e consente di ridurre significativamente peso e costi. <\/p>\n<p><span style=\"color: #3366ff;\"><strong>Questo prodotto \u00e8 stato interrotto<\/strong><\/span><\/p>\n<p><a href=\"https:\/\/www.acrartex.com\/survival-products\/406test\"><img decoding=\"async\" style=\"width: 300px; height: 41px;\" src=\"https:\/\/dk2ztu5ooimmu.cloudfront.net\/ckeditor_assets\/pictures\/146\/406Test_with_desc_-_Tag.gif\" alt=\"\"><\/a><\/p>\n","protected":false},"featured_media":137213,"template":"","meta":{"_acf_changed":false,"om_disable_all_campaigns":false},"product_brand":[],"product_cat":[3247,3250],"product_tag":[3042,3278,4047,3279],"class_list":{"0":"post-125526","1":"product","2":"type-product","3":"status-publish","4":"has-post-thumbnail","6":"product_cat-aviazione","7":"product_cat-rotocraft-it","8":"product_tag-406-it","9":"product_tag-elt-it","10":"product_tag-elt-3000-it","11":"product_tag-trasmettitore-di-localizzazione-di-emergenza","12":"pa_aircraft-type-rotocraft-it","13":"pa_product-eredita","15":"first","16":"instock","17":"taxable","18":"shipping-taxable","19":"product-type-simple"},"acf":[],"_links":{"self":[{"href":"https:\/\/www.acrartex.com\/it\/wp-json\/wp\/v2\/product\/125526","targetHints":{"allow":["GET"]}}],"collection":[{"href":"https:\/\/www.acrartex.com\/it\/wp-json\/wp\/v2\/product"}],"about":[{"href":"https:\/\/www.acrartex.com\/it\/wp-json\/wp\/v2\/types\/product"}],"wp:featuredmedia":[{"embeddable":true,"href":"https:\/\/www.acrartex.com\/it\/wp-json\/wp\/v2\/media\/137213"}],"wp:attachment":[{"href":"https:\/\/www.acrartex.com\/it\/wp-json\/wp\/v2\/media?parent=125526"}],"wp:term":[{"taxonomy":"product_brand","embeddable":true,"href":"https:\/\/www.acrartex.com\/it\/wp-json\/wp\/v2\/product_brand?post=125526"},{"taxonomy":"product_cat","embeddable":true,"href":"https:\/\/www.acrartex.com\/it\/wp-json\/wp\/v2\/product_cat?post=125526"},{"taxonomy":"product_tag","embeddable":true,"href":"https:\/\/www.acrartex.com\/it\/wp-json\/wp\/v2\/product_tag?post=125526"}],"curies":[{"name":"wp","href":"https:\/\/api.w.org\/{rel}","templated":true}]}}