{"id":125524,"date":"2021-03-16T08:09:00","date_gmt":"2021-03-16T13:09:00","guid":{"rendered":"https:\/\/www.acrartex.com\/products\/elt-345\/"},"modified":"2025-04-30T08:14:50","modified_gmt":"2025-04-30T13:14:50","slug":"elt-345","status":"publish","type":"product","link":"https:\/\/www.acrartex.com\/it\/products\/elt-345\/","title":{"rendered":"ELT 345"},"content":{"rendered":"<p><span style=\"font-size: 10pt;\">Il ARTEX ELT 345 pu\u00f2 essere attivato manualmente (tramite l&#8217;interruttore remoto della cabina di pilotaggio o l&#8217;interruttore ELT ) o automaticamente (il G-Switch rileva un impatto di 2,3G o superiore) e trasmette un segnale digitale unico sulla frequenza di soccorso di 406 MHz per avvisare l&#8217;agenzia di ricerca e soccorso pi\u00f9 vicina della vostra emergenza. Il segnale a 406 MHz, contenente le coordinate GPS, viene trasmesso ai satelliti Cospas-Sarsat e trasmesso al Centro di Controllo Missione, dove viene immediatamente indirizzato all&#8217;agenzia di ricerca e soccorso pi\u00f9 vicina. La registrazione del radiofaro indica ai primi soccorritori <b><u>chi siete<\/u><\/b> e il radiofaro stesso permette loro di sapere <b><u>dove<\/u><\/b> di 100 metri. Infine, il segnale locale di homing a 121,5 MHz aiuta le agenzie di ricerca e soccorso a identificare la vostra posizione esatta.   <\/span><\/p>\n<p>&nbsp;<\/p>\n<p style=\"margin: 0in 0in 0.0001pt;\"><span style=\"font-size: 10pt;\"><b>Facilit\u00e0 di installazione<\/b><br \/>\n<\/span><\/p>\n<p>&nbsp;<\/p>\n<p style=\"margin: 0in 0in 0.0001pt;\"><span style=\"font-size: 10pt;\">ARTEX ELT 345 offre un&#8217;opportunit\u00e0 di retrofit semplice e veloce con opzioni di installazione flessibili, come il nostro interruttore remoto a due fili, standard o slim, che non richiede l&#8217;alimentazione dell&#8217;aeromobile. ELT Il 345 utilizza la stessa uscita RF con un solo cavo coassiale per trasmettere segnali a 406 MHz e 121,5 MHz attraverso le nostre antenne a frusta da 15 o 23 pollici. L&#8217;interfaccia di navigazione incorporata non richiede l&#8217;alimentazione dell&#8217;aereo per funzionare, riducendo notevolmente il costo dell&#8217;installazione. La staffa di montaggio in acciaio inossidabile ha una configurazione a fori multipli che rende facile e veloce la sostituzione dei vecchi ELT ARTEX o degli ELT ACK, Kannad e AmeriKing.   <\/span><\/p>\n<p>&nbsp;<\/p>\n<p style=\"margin: 0in 0in 0.0001pt;\"><span style=\"font-size: 10pt;\"><b>ELT 345 Kit<\/b><\/span><\/p>\n<p>&nbsp;<\/p>\n<p style=\"margin: 0in 0in 0.0001pt;\"><span style=\"font-size: 10pt;\">Sono ora disponibili tre kit completi che consentono agli utenti di accedere a ELT 345, il pi\u00f9 popolare ELT al mondo. Ogni opzione comprende un interruttore remoto a 2 fili, un cavo coassiale, un&#8217;antenna e un kit di installazione ELT.  La differenza principale tra i kit riguarda l&#8217;offerta di antenne e\/o interruttori. L&#8217;opzione pi\u00f9 economica (codice 8102) \u00e8 dotata di antenna a frusta nera standard e interruttore remoto a 2 fili standard. Gli altri due kit includono un&#8217;opzione di antenna a profilo pi\u00f9 basso con un&#8217;antenna a frusta nera progettata per le installazioni in cui \u00e8 richiesto un fattore di forma pi\u00f9 corto. Infine, mentre i kit 8102 e 8107 includono l&#8217;interruttore remoto standard a 2 fili, il kit 8108 presenta un nuovo interruttore dal profilo sottile. Il nuovo interruttore sottile \u00e8 perfetto per i retrofit di ACK e Ameri-King ELT, in quanto non richiede alcuna modifica al taglio del pannello dell&#8217;interruttore quando si sostituisce un interruttore di tipo tradizionale con cavo telefonico. Come ulteriore vantaggio, l&#8217;interruttore sottile non richiede batterie e funziona con connettivit\u00e0 a 2 fili per un funzionamento affidabile del pannello della cabina di pilotaggio.    <\/span><\/p>\n<p>&nbsp;<\/p>\n<table class=\"Table\" style=\"border-collapse: collapse; border: solid windowtext 1.0pt;\">\n<tbody>\n<tr>\n<td style=\"border: solid windowtext 1.0pt; background: black; width: 99.9pt; padding: 0in 5.4pt 0in 5.4pt;\" width=\"133\">\n<p style=\"margin: 0in 0in 0.0001pt;\"><span style=\"font-size: 10pt;\">ARTEX <span style=\"color: white;\">Numero di parte<\/span><\/span><\/p>\n<\/td>\n<td style=\"border: solid windowtext 1.0pt; background: black; width: 120.4pt; border-left: none; padding: 0in 5.4pt 0in 5.4pt;\" width=\"161\">\n<p style=\"margin: 0in 0in 0.0001pt;\"><span style=\"font-size: 10pt;\"><span style=\"color: white;\">Descrizione del prodotto<\/span><\/span><\/p>\n<\/td>\n<td style=\"border: solid windowtext 1.0pt; background: black; width: 110.15pt; border-left: none; padding: 0in 5.4pt 0in 5.4pt;\" width=\"147\">\n<p style=\"margin: 0in 0in 0.0001pt;\"><span style=\"font-size: 10pt;\"><span style=\"color: white;\">Antenna inclusa<\/span><\/span><\/p>\n<\/td>\n<td style=\"border: solid windowtext 1.0pt; background: black; width: 110.15pt; border-left: none; padding: 0in 5.4pt 0in 5.4pt;\" width=\"147\">\n<p style=\"margin: 0in 0in 0.0001pt;\"><span style=\"font-size: 10pt;\"><span style=\"color: white;\">Interruttore remoto incluso<\/span><\/span><\/p>\n<\/td>\n<\/tr>\n<tr>\n<td style=\"border: solid windowtext 1.0pt; width: 99.9pt; border-top: none; padding: 0in 5.4pt 0in 5.4pt;\" width=\"133\">\n<p style=\"margin: 0in 0in 0.0001pt;\"><span style=\"font-size: 10pt;\">8102<a href=\"https:\/\/www.dropbox.com\/s\/zbhlmu7i6zokav2\/8102D.pdf?dl=1\">(elenco delle confezioni<\/a>)<\/span><\/p>\n<\/td>\n<td style=\"border-bottom: solid windowtext 1.0pt; width: 120.4pt; border-top: none; border-left: none; border-right: solid windowtext 1.0pt; padding: 0in 5.4pt 0in 5.4pt;\" width=\"161\">\n<p style=\"margin: 0in 0in 0.0001pt;\"><span style=\"font-size: 10pt;\">ARTEX ELT 345 Kit standard con kit di installazione GA, antenna a frusta nera e interruttore remoto standard<\/span><\/p>\n<\/td>\n<td style=\"border-bottom: solid windowtext 1.0pt; width: 110.15pt; border-top: none; border-left: none; border-right: solid windowtext 1.0pt; padding: 0in 5.4pt 0in 5.4pt;\" width=\"147\">\n<p style=\"margin: 0in 0in 0.0001pt;\"><span style=\"font-size: 10pt;\">Antenna a frusta nera alta 23,4 pollici<\/span><\/p>\n<\/td>\n<td style=\"border-bottom: solid windowtext 1.0pt; width: 110.15pt; border-top: none; border-left: none; border-right: solid windowtext 1.0pt; padding: 0in 5.4pt 0in 5.4pt;\" width=\"147\">\n<p style=\"margin: 0in 0in 0.0001pt;\"><span style=\"font-size: 10pt;\">ARTEX Interruttore remoto standard a 2 fili<\/span><br \/>\n<span style=\"font-size: 11pt;\"><span style=\"font-family: Calibri,sans-serif;\">(2,00 x 1,30 pollici)<\/span><\/span><\/p>\n<\/td>\n<\/tr>\n<tr>\n<td style=\"border: solid windowtext 1.0pt; width: 99.9pt; border-top: none; padding: 0in 5.4pt 0in 5.4pt;\" width=\"133\">\n<p style=\"margin: 0in 0in 0.0001pt;\"><span style=\"font-size: 10pt;\">8107<a href=\"https:\/\/www.dropbox.com\/s\/1lrv6abtjdezrdd\/8107B.pdf?dl=1\">(elenco delle confezioni<\/a>)<\/span><\/p>\n<\/td>\n<td style=\"border-bottom: solid windowtext 1.0pt; width: 120.4pt; border-top: none; border-left: none; border-right: solid windowtext 1.0pt; padding: 0in 5.4pt 0in 5.4pt;\" width=\"161\">\n<p style=\"margin: 0in 0in 0.0001pt;\"><span style=\"font-size: 10pt;\">ARTEX ELT 345 Kit compatto con kit di installazione GA, antenna a frusta nera compatta e interruttore remoto standard<\/span><\/p>\n<\/td>\n<td style=\"border-bottom: solid windowtext 1.0pt; width: 110.15pt; border-top: none; border-left: none; border-right: solid windowtext 1.0pt; padding: 0in 5.4pt 0in 5.4pt;\" width=\"147\">\n<p style=\"margin: 0in 0in 0.0001pt;\"><span style=\"font-size: 10pt;\">Antenna a frusta nera alta 15 pollici<\/span><\/p>\n<\/td>\n<td style=\"border-bottom: solid windowtext 1.0pt; width: 110.15pt; border-top: none; border-left: none; border-right: solid windowtext 1.0pt; padding: 0in 5.4pt 0in 5.4pt;\" width=\"147\">\n<p style=\"margin: 0in 0in 0.0001pt;\"><span style=\"font-size: 10pt;\">ARTEX Interruttore remoto standard a 2 fili<\/span><\/p>\n<p style=\"margin: 0in 0in 0.0001pt;\"><span style=\"font-size: 10pt;\">(2,00 x 1,30 pollici)<\/span><\/p>\n<\/td>\n<\/tr>\n<tr>\n<td style=\"border: solid windowtext 1.0pt; width: 99.9pt; border-top: none; padding: 0in 5.4pt 0in 5.4pt;\" width=\"133\">\n<p style=\"margin: 0in 0in 0.0001pt;\"><span style=\"font-size: 10pt;\">8108<a href=\"https:\/\/www.dropbox.com\/s\/y3uphs2javap1qk\/8108B.pdf?dl=1\">(elenco delle confezioni<\/a>)<\/span><\/p>\n<\/td>\n<td style=\"border-bottom: solid windowtext 1.0pt; width: 120.4pt; border-top: none; border-left: none; border-right: solid windowtext 1.0pt; padding: 0in 5.4pt 0in 5.4pt;\" width=\"161\">\n<p style=\"margin: 0in 0in 0.0001pt;\"><span style=\"font-size: 10pt;\">ARTEX ELT 345 Kit Slim con kit di installazione GA, antenna a frusta nera compatta e interruttore remoto slim<\/span><\/p>\n<\/td>\n<td style=\"border-bottom: solid windowtext 1.0pt; width: 110.15pt; border-top: none; border-left: none; border-right: solid windowtext 1.0pt; padding: 0in 5.4pt 0in 5.4pt;\" width=\"147\">\n<p style=\"margin: 0in 0in 0.0001pt;\"><span style=\"font-size: 10pt;\">Antenna a frusta nera alta 15 pollici<\/span><\/p>\n<\/td>\n<td style=\"border-bottom: solid windowtext 1.0pt; width: 110.15pt; border-top: none; border-left: none; border-right: solid windowtext 1.0pt; padding: 0in 5.4pt 0in 5.4pt;\" width=\"147\">\n<p style=\"margin: 0in 0in 0.0001pt;\"><span style=\"font-size: 10pt;\">Interruttore remoto a 2 fili Slimline<br \/>\n(per ACK e Ameriking)<\/span><\/p>\n<p style=\"margin: 0in 0in 0.0001pt;\"><span style=\"font-size: 10pt;\">(2,08 x 0,75 pollici)<\/span><\/p>\n<\/td>\n<\/tr>\n<\/tbody>\n<\/table>\n<p>&nbsp;<\/p>\n<p>Siete interessati a un kit di sopravvivenza completo per la sicurezza? Il nuovo<a href=\"https:\/\/www.acrartex.com\/it\/products\/artex-elt-345-kit-pilota\/\"> ARTEX ELT 345\u2122 Pilot Kit<\/a> \u00e8 la combinazione perfetta di prodotti per la sicurezza e la sopravvivenza progettati per mantenere gli aviatori al sicuro in caso di emergenza.  Il kit del pilota offre agli aviatori un unico comodo kit per equipaggiare il loro aereo con il pi\u00f9 recente Emergency Locator Transmitter (ELT) a 406 MHz, insieme all&#8217;attrezzatura personale di sopravvivenza per fornire un sistema ridondante per avvisare le squadre di ricerca e soccorso della loro posizione.<\/p>\n<p>Questo kit contiene i seguenti prodotti essenziali per la sopravvivenza:<\/p>\n<ul>\n<li>ELT 345\u2122 (include antenna, interruttore remoto e hardware per l&#8217;installazione)<\/li>\n<li>ResQLink+\u2122 Personal Locator Beacon<\/li>\n<li>C-Light H\u2082O\u2122 Luce di emergenza per il soccorso<\/li>\n<li>Specchio di segnalazione<\/li>\n<li>WW-3 Res-Q\u2122 Fischietto<\/li>\n<\/ul>\n<p>&nbsp;<\/p>\n<p>C&#8217;\u00e8 un motivo per cui gli ELT ARTEX sono la scelta del maggior numero di costruttori di aeromobili; essi si affidano a ARTEX per la realizzazione di prodotti di altissima qualit\u00e0, sapendo che vengono utilizzati per salvare vite umane.<\/p>\n","protected":false},"excerpt":{"rendered":"<p>Con ELT 345 si pu\u00f2 volare in tutta tranquillit\u00e0. Quando si verifica un&#8217;emergenza, affidatevi allo stesso marchio a cui si affidano i principali costruttori di aerei commerciali per la qualit\u00e0 di prima classe, la tecnologia superiore e l&#8217;eccezionale servizio clienti. Il best seller ARTEX ELT 345 \u00e8 costruito secondo i pi\u00f9 severi standard di gestione della qualit\u00e0 del settore per garantire che ELT funzioni al primo colpo, ogni volta. Il ARTEX ELT 345 trasmette sulle frequenze di 406 MHz e 121,5 MHz e fornisce una precisione di posizionamento grazie all&#8217;interfaccia di navigazione GPS integrata. Il ELT 345 vanta un prezzo basso per un ELT prodotto che offre la stessa qualit\u00e0 e le stesse prestazioni su cui \u00e8 stato costruito il marchio ARTEX.    <\/p>\n<p>&nbsp;<\/p>\n<p><a href=\"https:\/\/www.acrartex.com\/canada-elt-mandate\/\">Fare clic qui per informazioni sul mandato canadese ELT <\/a><\/p>\n","protected":false},"featured_media":137230,"template":"","meta":{"_acf_changed":false,"om_disable_all_campaigns":false},"product_brand":[],"product_cat":[3247,3248],"product_tag":[3284,3282,3043,3307,3278,3782,3233,3040,3279,3283],"class_list":{"0":"post-125524","1":"product","2":"type-product","3":"status-publish","4":"has-post-thumbnail","6":"product_cat-aviazione","7":"product_cat-aviazione-generale","8":"product_tag-1215-elt-aggiornamento","9":"product_tag-406-mhz-elt-it","10":"product_tag-acr-it","11":"product_tag-artex-it","12":"product_tag-elt-it","13":"product_tag-elt-345-it","14":"product_tag-faro-di-emergenza","15":"product_tag-gps-it","16":"product_tag-trasmettitore-di-localizzazione-di-emergenza","17":"product_tag-trasmettitore-di-posizione-di-emergenza","18":"pa_aircraft-type-motore-singolo","19":"pa_aircraft-type-multi-motore","20":"pa_aircraft-type-sperimentale","21":"pa_aircraft-type-turboprop-it","22":"pa_product-elt-soluzioni","24":"first","25":"instock","26":"taxable","27":"shipping-taxable","28":"product-type-simple"},"acf":[],"_links":{"self":[{"href":"https:\/\/www.acrartex.com\/it\/wp-json\/wp\/v2\/product\/125524","targetHints":{"allow":["GET"]}}],"collection":[{"href":"https:\/\/www.acrartex.com\/it\/wp-json\/wp\/v2\/product"}],"about":[{"href":"https:\/\/www.acrartex.com\/it\/wp-json\/wp\/v2\/types\/product"}],"wp:featuredmedia":[{"embeddable":true,"href":"https:\/\/www.acrartex.com\/it\/wp-json\/wp\/v2\/media\/137230"}],"wp:attachment":[{"href":"https:\/\/www.acrartex.com\/it\/wp-json\/wp\/v2\/media?parent=125524"}],"wp:term":[{"taxonomy":"product_brand","embeddable":true,"href":"https:\/\/www.acrartex.com\/it\/wp-json\/wp\/v2\/product_brand?post=125524"},{"taxonomy":"product_cat","embeddable":true,"href":"https:\/\/www.acrartex.com\/it\/wp-json\/wp\/v2\/product_cat?post=125524"},{"taxonomy":"product_tag","embeddable":true,"href":"https:\/\/www.acrartex.com\/it\/wp-json\/wp\/v2\/product_tag?post=125524"}],"curies":[{"name":"wp","href":"https:\/\/api.w.org\/{rel}","templated":true}]}}