{"id":125520,"date":"2021-03-16T08:11:41","date_gmt":"2021-03-16T13:11:41","guid":{"rendered":"https:\/\/www.acrartex.com\/products\/me406-ace-elt\/"},"modified":"2021-03-16T08:11:41","modified_gmt":"2021-03-16T13:11:41","slug":"me406-ace-elt","status":"publish","type":"product","link":"https:\/\/www.acrartex.com\/it\/products\/me406-ace-elt\/","title":{"rendered":"ME406 ACE ELT"},"content":{"rendered":"<p>Installazione semplice<br \/>\nL&#8217;hardware di montaggio della serie ME406 \u00e8 compatibile con tutti i precedenti modelli di prodotti Artex 406 MHz ELT, nonch\u00e9 con le serie ELT-200, ACK, Pointer Model 3000 ELT e Narco ELT. L&#8217;interruttore remoto autonomo \u00e8 alimentato da una batteria al litio della durata di 6 anni, che lo rende indipendente dall&#8217;alimentazione dell&#8217;aereo. <\/p>\n<p>ARTEX Gli ELT sono la scelta degli aerei dell&#8217;aviazione generale, tra cui Cessna, Piper, Cirrus, Beechcraft, Diamond e Quest.<\/p>\n<p>&nbsp;<\/p>\n<p>Aggiornamento economico della tecnologia Artex<br \/>\nIl nuovo interruttore remoto sostituisce il vecchio interruttore ACK sul cruscotto, eliminando la necessit\u00e0 di modifiche. Uno speciale adattatore montato sul ME406 ACE ELT riceve la spina sul lato ELT del cablaggio. Il tempo di installazione \u00e8 ulteriormente ridotto grazie al riutilizzo del cablaggio esistente per collegare l&#8217;interruttore remoto a ELT.  <\/p>\n<ul>\n<li>&#8220;ACE&#8221; - Efficienza assoluta dei costi<\/li>\n<li>Aggiornamento degli ELT ACK e a 2 frequenze alla tecnologia Artex 406 MHz<\/li>\n<li>Sostituisce l&#8217;interruttore remoto ACK in termini di forma, vestibilit\u00e0 e funzione<\/li>\n<li>Riutilizzare il cablaggio esistente dall&#8217;interruttore remoto a ELT<\/li>\n<li>Interruttore remoto indipendente dall&#8217;alimentazione dell&#8217;aereo<\/li>\n<li>Durata della batteria di 6 anni, batteria di ricambio n. 455-0012<\/li>\n<li>Se lo usate&#8230; ve lo sostituiamo, <a href=\"http:\/\/www.survivorclub.com\/\">gratuitamente<\/a>. Basta inviare la vostra storia, rispedirci il vostro faro usato in modo che possa essere montato sul nostro Wall of Fame e noi vi invieremo un faro nuovo di zecca di valore uguale o superiore. <\/li>\n<\/ul>\n<p>Certificazioni<\/p>\n<ul>\n<li>TSO C126<\/li>\n<li>ETSO 2C126<\/li>\n<li>Approvato da Cospas\/Sarsat<\/li>\n<li>Approvato da Transport &amp; Industry Canada<\/li>\n<\/ul>\n<p>Retrofitting<\/p>\n<p>L&#8217;Artex ME406 ELT combinato con il sistema di retrofit dell&#8217;interruttore remoto ACK consente di riutilizzare il cablaggio esistente tra ELT e l&#8217;interruttore remoto del pozzetto.<\/p>\n<p>&nbsp;<\/p>\n<p>ELT Elenco dei pacchetti<\/p>\n<table style=\"border-collapse: collapse; width: 745pt; border: none;\" width=\"994\">\n<colgroup>\n<col style=\"width: 140pt;\" width=\"187\">\n<col style=\"width: 219pt;\" width=\"292\">\n<col style=\"width: 197pt;\" width=\"263\">\n<col style=\"width: 189pt;\" width=\"252\"> <\/colgroup>\n<tbody>\n<tr style=\"height: 20.0pt;\">\n<td class=\"xl66\" style=\"border: none; height: 20.0pt; width: 140pt; text-align: center; vertical-align: middle; padding-top: 1px; padding-right: 1px; padding-left: 1px;\" width=\"187\" height=\"27\"><\/td>\n<td class=\"xl69\" style=\"border: none; border-bottom: 0.5pt solid gray; background: #3c404a; width: 219pt; text-align: center; vertical-align: middle; border-top: none; border-right: 0.5pt solid gray; border-left: none; padding-top: 1px; padding-right: 1px; padding-left: 1px;\" width=\"292\"><span style=\"font-size: 11pt;\"><span style=\"color: #b0e40a;\"><span style=\"font-weight: bold;\"><span style=\"font-style: normal;\"><span style=\"text-decoration: none;\"><span style=\"font-family: Calibri,sans-serif;\">Antenna<\/span><\/span><\/span><\/span><\/span><\/span><\/td>\n<td class=\"xl67\" style=\"border: none; border-bottom: 0.5pt solid gray; background: #3c404a; border-left: none; width: 197pt; text-align: center; vertical-align: middle; border-top: none; border-right: 0.5pt solid gray; padding-top: 1px; padding-right: 1px; padding-left: 1px;\" width=\"263\"><span style=\"font-size: 11pt;\"><span style=\"color: #b0e40a;\"><span style=\"font-weight: bold;\"><span style=\"font-style: normal;\"><span style=\"text-decoration: none;\"><span style=\"font-family: Calibri,sans-serif;\">Interruttore remoto e accessori<\/span><\/span><\/span><\/span><\/span><\/span><\/td>\n<td class=\"xl68\" style=\"border: none; border-bottom: 0.5pt solid gray; background: #3c404a; border-left: none; width: 189pt; text-align: center; vertical-align: middle; border-top: none; border-right: 0.5pt solid windowtext; padding-top: 1px; padding-right: 1px; padding-left: 1px;\" width=\"252\"><span style=\"font-size: 11pt;\"><span style=\"color: #b0e40a;\"><span style=\"font-weight: bold;\"><span style=\"font-style: normal;\"><span style=\"text-decoration: none;\"><span style=\"font-family: Calibri,sans-serif;\">Manuali\/Approvazioni\/Downloads<\/span><\/span><\/span><\/span><\/span><\/span><\/td>\n<\/tr>\n<tr style=\"height: 20.0pt;\">\n<td class=\"xl72\" style=\"border: none; border-bottom: 0.5pt solid gray; background: #b0e40a; height: 20.0pt; text-align: center; vertical-align: middle; border-top: none; border-right: 0.5pt solid gray; border-left: 0.5pt solid gray; padding-top: 1px; padding-right: 1px; padding-left: 1px;\" height=\"27\"><span style=\"font-size: 11pt;\"><span style=\"font-weight: 400;\"><span style=\"font-style: normal;\"><span style=\"text-decoration: none;\"><span style=\"font-family: Calibri,sans-serif;\">ELT ME406 ACE 455-6614<\/span><\/span><\/span><\/span><\/span><\/td>\n<td class=\"xl70\" style=\"border: none; text-align: center; vertical-align: middle; padding-top: 1px; padding-right: 1px; padding-left: 1px;\"><span style=\"font-size: 11pt;\"><span style=\"font-weight: 400;\"><span style=\"font-style: normal;\"><span style=\"text-decoration: none;\"><span style=\"font-family: Calibri,sans-serif;\">110-773<\/span><\/span><\/span><\/span><\/span><\/td>\n<td class=\"xl71\" style=\"border: none; text-align: center; vertical-align: middle; padding-top: 1px; padding-right: 1px; padding-left: 1px;\"><span style=\"font-size: 11pt;\"><span style=\"font-weight: 400;\"><span style=\"font-style: normal;\"><span style=\"text-decoration: none;\"><span style=\"font-family: Calibri,sans-serif;\">455-0023<\/span><\/span><\/span><\/span><\/span><\/td>\n<td class=\"xl66\" style=\"border: none; text-align: center; vertical-align: middle; padding-top: 1px; padding-right: 1px; padding-left: 1px;\"><a href=\"https:\/\/www.dropbox.com\/s\/kbp9y4ygk4pzhpj\/455-6614_packlist.pdf?dl=1\"><span style=\"font-size: 11pt;\"><span style=\"font-weight: 400;\"><span style=\"font-style: normal;\"><span style=\"text-decoration: none;\"><span style=\"font-family: Calibri,sans-serif;\">Elenco dei pacchetti<\/span><\/span><\/span><\/span><\/span><\/a><\/td>\n<\/tr>\n<tr style=\"height: 20.0pt;\">\n<td class=\"xl73\" style=\"border: none; border-bottom: none; background: #b0e40a; height: 20.0pt; text-align: center; vertical-align: middle; border-top: none; border-right: 0.5pt solid gray; border-left: 0.5pt solid gray; padding-top: 1px; padding-right: 1px; padding-left: 1px;\" height=\"27\"><span style=\"font-size: 11pt;\"><span style=\"font-weight: 400;\"><span style=\"font-style: normal;\"><span style=\"text-decoration: none;\"><span style=\"font-family: Calibri,sans-serif;\">ELT ME406 ACE 455-6608<\/span><\/span><\/span><\/span><\/span><\/td>\n<td class=\"xl66\" style=\"border: none; text-align: center; vertical-align: middle; padding-top: 1px; padding-right: 1px; padding-left: 1px;\"><\/td>\n<td class=\"xl66\" style=\"border: none; text-align: center; vertical-align: middle; padding-top: 1px; padding-right: 1px; padding-left: 1px;\"><\/td>\n<td class=\"xl66\" style=\"border: none; text-align: center; vertical-align: middle; padding-top: 1px; padding-right: 1px; padding-left: 1px;\"><a href=\"https:\/\/www.dropbox.com\/s\/7zi1f60khftihqz\/455-6608_packlist.pdf?dl=1\"><span style=\"font-size: 11pt;\"><span style=\"font-weight: 400;\"><span style=\"font-style: normal;\"><span style=\"text-decoration: none;\"><span style=\"font-family: Calibri,sans-serif;\">Elenco delle confezioni<\/span><\/span><\/span><\/span><\/span><\/a><\/td>\n<\/tr>\n<\/tbody>\n<\/table>\n","protected":false},"excerpt":{"rendered":"<p>La tranquillit\u00e0 \u00e8 garantita da un Emergency Locator Transmitter (ELT) al vostro fianco. ME406 ACE \u00e8 un ELT a uscita singola progettato per semplificare l&#8217;installazione. Con il supporto di una batteria della durata di 6 anni, il ME406 ACE \u00e8 un ELT su cui potete contare per avere le spalle coperte in caso di emergenza. Se doveste mai attivare il ELT, il trasmettitore a 406 MHz invia un segnale codificato ogni 50 secondi per avvisare le squadre di ricerca e soccorso della vostra posizione, in modo che possano riportarvi pi\u00f9 facilmente a casa.   <\/p>\n<p>&nbsp;<\/p>\n<p>&nbsp;<\/p>\n<p><img decoding=\"async\" style=\"width: 300px; height: 41px;\" src=\"https:\/\/dk2ztu5ooimmu.cloudfront.net\/ckeditor_assets\/pictures\/146\/406Test_with_desc_-_Tag.gif\" alt=\"\"><\/p>\n","protected":false},"featured_media":137292,"template":"","meta":{"_acf_changed":false,"om_disable_all_campaigns":false},"product_brand":[],"product_cat":[3247,3248],"product_tag":[4032,4033,3278,4034,4019,3564,4031,4030],"class_list":{"0":"post-125520","1":"product","2":"type-product","3":"status-publish","4":"has-post-thumbnail","6":"product_cat-aviazione","7":"product_cat-aviazione-generale","8":"product_tag-asso","9":"product_tag-asso-elt","10":"product_tag-elt-it","11":"product_tag-m406-elt-ace-it","12":"product_tag-me-406-it","13":"product_tag-me-406-elt-it","14":"product_tag-me406-elt-it","15":"product_tag-trasmettitore-eletronico-di-localizzazione","16":"pa_product-eredita","18":"first","19":"outofstock","20":"taxable","21":"shipping-taxable","22":"product-type-simple"},"acf":[],"_links":{"self":[{"href":"https:\/\/www.acrartex.com\/it\/wp-json\/wp\/v2\/product\/125520","targetHints":{"allow":["GET"]}}],"collection":[{"href":"https:\/\/www.acrartex.com\/it\/wp-json\/wp\/v2\/product"}],"about":[{"href":"https:\/\/www.acrartex.com\/it\/wp-json\/wp\/v2\/types\/product"}],"wp:featuredmedia":[{"embeddable":true,"href":"https:\/\/www.acrartex.com\/it\/wp-json\/wp\/v2\/media\/137292"}],"wp:attachment":[{"href":"https:\/\/www.acrartex.com\/it\/wp-json\/wp\/v2\/media?parent=125520"}],"wp:term":[{"taxonomy":"product_brand","embeddable":true,"href":"https:\/\/www.acrartex.com\/it\/wp-json\/wp\/v2\/product_brand?post=125520"},{"taxonomy":"product_cat","embeddable":true,"href":"https:\/\/www.acrartex.com\/it\/wp-json\/wp\/v2\/product_cat?post=125520"},{"taxonomy":"product_tag","embeddable":true,"href":"https:\/\/www.acrartex.com\/it\/wp-json\/wp\/v2\/product_tag?post=125520"}],"curies":[{"name":"wp","href":"https:\/\/api.w.org\/{rel}","templated":true}]}}