{"id":125515,"date":"2021-03-16T08:11:52","date_gmt":"2021-03-16T13:11:52","guid":{"rendered":"https:\/\/www.acrartex.com\/products\/elt-allinterfaccia-nav-boeing\/"},"modified":"2021-03-16T08:11:52","modified_gmt":"2021-03-16T13:11:52","slug":"elt-allinterfaccia-nav-boeing","status":"publish","type":"product","link":"https:\/\/www.acrartex.com\/it\/products\/elt-allinterfaccia-nav-boeing\/","title":{"rendered":"ELT all&#8217;interfaccia Nav Boeing"},"content":{"rendered":"<p>L&#8217;interfaccia Artex &#8220;ELT\/NAV Interface -B&#8221; \u00e8 progettata per collegarsi tra il Flight Management Computer (FMC) della Boeing e l&#8217;interfaccia Artex B406-4 ELT. La sua funzione \u00e8 quella di ricevere aggiornamenti continui sulla posizione dal sistema di navigazione dell&#8217;aereo e di tradurli nel formato corretto per l&#8217;uso da parte del ELT. All&#8217;attivazione, il ELT trasmette la latitudine e la longitudine dell&#8217;aereo al sistema satellitare COSPAS\/SARSAT. La conoscenza delle informazioni sulla posizione consente alle forze di ricerca e soccorso di avviare una missione immediata verso l&#8217;ultima posizione nota del velivolo. L&#8217;interfaccia ELT\/NAV -B \u00e8 stata testata anche per soddisfare i severi requisiti di Boeing per l&#8217;utilizzo nei suoi aerei, oltre a soddisfare i requisiti TSO C126 e JTSO-2C126 come componente del sistema B406-4 ELT. L&#8217;interfaccia ELT\/NAV -B \u00e8 disponibile come kit completo (P\/N 455-6501). Il kit comprende tutto l&#8217;hardware necessario per l&#8217;installazione (viti, rondelle, ecc.), connettori per cavi con pin\/prese e un manuale.      <\/p>\n<p>Se correttamente registrato, l&#8217;uso di questa tecnologia pu\u00f2 fornire le seguenti informazioni alle squadre di ricerca e soccorso: 1) Tipo di aeromobile, 2) Proprietario\/i, 3) Contatto\/i di emergenza, 4) Codice del Paese, 5) ID dell&#8217;aeromobile o numero di serie di ELT, 6) ELT Produttore, 7) Posizione latitudine\/longitudine.       <\/p>\n<p>Un&#8217;altra caratteristica avanzata dell&#8217;interfaccia \u00e8 la possibilit\u00e0 di programmare il ELT in base all'&#8221;indirizzo a 24 bit&#8221; (numero di modalit\u00e0 S) assegnato a un aeromobile. Ci\u00f2 \u00e8 estremamente utile per gli operatori di flotte che possono trovarsi nella necessit\u00e0 di cambiare il ELT negli aerei per motivi di manutenzione, perch\u00e9 elimina la necessit\u00e0 di riprogrammare il ELT ogni volta che viene spostato. <\/p>\n","protected":false},"excerpt":{"rendered":"<p>Quando vi trovate ad affrontare una situazione di emergenza, potete stare tranquilli sapendo che con l&#8217;interfaccia ELT to Nav-B le squadre di ricerca e soccorso saranno a conoscenza della vostra posizione (entro 100 metri). L&#8217;interfaccia ELT to Nav-B \u00e8 progettata per essere collegata tra il Flight Management Computer (FMC) o il ricevitore GPS dell&#8217;aereo e il dispositivo B406-4 (Boeing) ELT. Questo dispositivo riceve aggiornamenti continui della posizione dal sistema di navigazione del velivolo e la traduce per essere utilizzata da ELT. Se si dovesse attivare ELT, la latitudine e la longitudine del velivolo saranno trasmesse a una rete mondiale di satelliti di ricerca e soccorso.   <\/p>\n","protected":false},"featured_media":137299,"template":"","meta":{"_acf_changed":false,"om_disable_all_campaigns":false},"product_brand":[],"product_cat":[3247],"product_tag":[3973,3440,3278,4006,4004,4008,3974],"class_list":{"0":"post-125515","1":"product","2":"type-product","3":"status-publish","4":"has-post-thumbnail","6":"product_cat-aviazione","7":"product_tag-a-nav","8":"product_tag-boeing-it","9":"product_tag-elt-it","10":"product_tag-elt-2-nav-it","11":"product_tag-elttonav-it","12":"product_tag-interfaccia-nav","13":"product_tag-nav-it","15":"first","16":"instock","17":"taxable","18":"shipping-taxable","19":"product-type-simple"},"acf":[],"_links":{"self":[{"href":"https:\/\/www.acrartex.com\/it\/wp-json\/wp\/v2\/product\/125515","targetHints":{"allow":["GET"]}}],"collection":[{"href":"https:\/\/www.acrartex.com\/it\/wp-json\/wp\/v2\/product"}],"about":[{"href":"https:\/\/www.acrartex.com\/it\/wp-json\/wp\/v2\/types\/product"}],"wp:featuredmedia":[{"embeddable":true,"href":"https:\/\/www.acrartex.com\/it\/wp-json\/wp\/v2\/media\/137299"}],"wp:attachment":[{"href":"https:\/\/www.acrartex.com\/it\/wp-json\/wp\/v2\/media?parent=125515"}],"wp:term":[{"taxonomy":"product_brand","embeddable":true,"href":"https:\/\/www.acrartex.com\/it\/wp-json\/wp\/v2\/product_brand?post=125515"},{"taxonomy":"product_cat","embeddable":true,"href":"https:\/\/www.acrartex.com\/it\/wp-json\/wp\/v2\/product_cat?post=125515"},{"taxonomy":"product_tag","embeddable":true,"href":"https:\/\/www.acrartex.com\/it\/wp-json\/wp\/v2\/product_tag?post=125515"}],"curies":[{"name":"wp","href":"https:\/\/api.w.org\/{rel}","templated":true}]}}