{"id":125512,"date":"2021-03-16T08:12:00","date_gmt":"2021-03-16T13:12:00","guid":{"rendered":"https:\/\/www.acrartex.com\/products\/elt-allinterfaccia-nav\/"},"modified":"2021-03-16T08:12:00","modified_gmt":"2021-03-16T13:12:00","slug":"elt-allinterfaccia-nav","status":"publish","type":"product","link":"https:\/\/www.acrartex.com\/it\/products\/elt-allinterfaccia-nav\/","title":{"rendered":"ELT all&#8217;interfaccia Nav"},"content":{"rendered":"<p>La conoscenza della posizione (fino a 1 metro) consente alle forze di ricerca e soccorso di avviare una missione immediata verso l&#8217;ultima posizione nota del velivolo. L&#8217;interfaccia ELT\/NAV soddisfa i requisiti TSO C126 e JTSO-2C126 come componente del sistema ELT a 406 MHz. Se correttamente registrata, l&#8217;uso di questa tecnologia pu\u00f2 fornire le seguenti informazioni alle squadre di ricerca e soccorso: 1) Tipo di aeromobile, 2) Proprietario\/i, 3) Contatti di emergenza, 4) Codice del Paese, 5) ID dell&#8217;aeromobile o numero di serie di ELT, 6) ELT Produttore e 7) Posizione latitudine\/longitudine.         <\/p>\n<p>Una caratteristica avanzata dell&#8217;interfaccia Nav \u00e8 la possibilit\u00e0 di programmare in modo personalizzato il sito ELT in base all'&#8221;indirizzo a 24 bit&#8221; (numero di modalit\u00e0 S) assegnato a un aeromobile. Questo \u00e8 estremamente utile per gli operatori di flotte che cambiano ELT, perch\u00e9 elimina la necessit\u00e0 di riprogrammare un ELT prima di installarlo su un altro velivolo. <\/p>\n<ul>\n<li>Consente al sito ELT di trasmettere la latitudine e la longitudine dell&#8217;aereo.<\/li>\n<li>Collega gli ELT serie C406 e G406 al Flight Management Computer dell&#8217;aereo o al ricevitore GPS.<\/li>\n<li>Programma ELT con l&#8217;indirizzo a 24 bit del velivolo.<\/li>\n<li>Compatibile con sistemi quali: Garmin, UNSD, ARNAV, IIMorrow, Bendix King<\/li>\n<\/ul>\n","protected":false},"excerpt":{"rendered":"<p>Quando vi trovate ad affrontare una situazione di emergenza, sappiate che con l&#8217;interfaccia ELT to Nav le squadre di ricerca e soccorso sapranno la vostra posizione entro 100 metri. L&#8217;interfaccia ELT to Nav \u00e8 progettata per essere collegata al Flight Management Computer (FMC) o al ricevitore GPS dell&#8217;aereo e a qualsiasi ELT della serie 406 MHz. In questo modo \u00e8 possibile trasmettere la propria posizione insieme al segnale di soccorso.  <\/p>\n","protected":false},"featured_media":137303,"template":"","meta":{"_acf_changed":false,"om_disable_all_campaigns":false},"product_brand":[],"product_cat":[3251,3247,3249,3250],"product_tag":[3973,3977,3278,3975,3976,3974,3978],"class_list":{"0":"post-125512","1":"product","2":"type-product","3":"status-publish","4":"has-post-thumbnail","6":"product_cat-aerei-commerciali","7":"product_cat-aviazione","8":"product_cat-jet-daffari","9":"product_cat-rotocraft-it","10":"product_tag-a-nav","11":"product_tag-aereo","12":"product_tag-elt-it","13":"product_tag-elt-allinterfaccia-di-navigazione","14":"product_tag-interfaccia-di-navigazione","15":"product_tag-nav-it","16":"product_tag-volo","17":"pa_aircraft-type-getti-grandi","18":"pa_aircraft-type-jet-passeggeri","19":"pa_aircraft-type-rotocraft-it","20":"pa_aircraft-type-velivoli-di-linea","21":"pa_product-elt-soluzioni","23":"first","24":"instock","25":"taxable","26":"shipping-taxable","27":"product-type-simple"},"acf":[],"_links":{"self":[{"href":"https:\/\/www.acrartex.com\/it\/wp-json\/wp\/v2\/product\/125512","targetHints":{"allow":["GET"]}}],"collection":[{"href":"https:\/\/www.acrartex.com\/it\/wp-json\/wp\/v2\/product"}],"about":[{"href":"https:\/\/www.acrartex.com\/it\/wp-json\/wp\/v2\/types\/product"}],"wp:featuredmedia":[{"embeddable":true,"href":"https:\/\/www.acrartex.com\/it\/wp-json\/wp\/v2\/media\/137303"}],"wp:attachment":[{"href":"https:\/\/www.acrartex.com\/it\/wp-json\/wp\/v2\/media?parent=125512"}],"wp:term":[{"taxonomy":"product_brand","embeddable":true,"href":"https:\/\/www.acrartex.com\/it\/wp-json\/wp\/v2\/product_brand?post=125512"},{"taxonomy":"product_cat","embeddable":true,"href":"https:\/\/www.acrartex.com\/it\/wp-json\/wp\/v2\/product_cat?post=125512"},{"taxonomy":"product_tag","embeddable":true,"href":"https:\/\/www.acrartex.com\/it\/wp-json\/wp\/v2\/product_tag?post=125512"}],"curies":[{"name":"wp","href":"https:\/\/api.w.org\/{rel}","templated":true}]}}