{"id":125508,"date":"2021-03-16T08:12:57","date_gmt":"2021-03-16T13:12:57","guid":{"rendered":"https:\/\/www.acrartex.com\/products\/sea-shelter-4-staffa-cat-i-epirb\/"},"modified":"2025-07-29T15:00:06","modified_gmt":"2025-07-29T20:00:06","slug":"sea-shelter-4-staffa-cat-i-epirb","status":"publish","type":"product","link":"https:\/\/www.acrartex.com\/it\/products\/sea-shelter-4-staffa-cat-i-epirb\/","title":{"rendered":"Sea Shelter\u2122 4 Staffa Cat I EPIRB"},"content":{"rendered":"<ul>\n<li>Meccanismo di sgancio idrostatico innovativo a cambio rapido<\/li>\n<li>Il montaggio unidirezionale elimina la possibilit\u00e0 di installare EPIRB al contrario.<\/li>\n<li>Il magnete di disattivazione integrato impedisce a EPIRB di trasmettere fino al dispiegamento.<\/li>\n<li>Si dispiega su EPIRB quando viene immerso nell&#8217;acqua a una profondit\u00e0 compresa tra 1,5 e 4 m. Si adatta solo agli EPIRB GlobalFix\u2122 V4 (modello RLB-41).<\/li>\n<\/ul>\n","protected":false},"excerpt":{"rendered":"<p>Le condizioni avverse non hanno scampo contro Sea Shelter\u2122 4 Cat I. Questa staffa EPIRB \u00e8 completamente chiusa e garantisce protezione anche durante le avventure pi\u00f9 selvagge. Se la vostra imbarcazione dovesse iniziare a imbarcare acqua, Sea Shelter dispiegher\u00e0 automaticamente il vostro EPIRB e invier\u00e0 un segnale a una rete mondiale di satelliti di ricerca e salvataggio. Questa staffa \u00e8 adatta solo agli EPIRB GlobalFix\u2122 V4, GlobalFix\u2122 V5 e GlobalFix\u2122 V6.  <\/p>\n<p>NOTA: La staffa di ricambio Sea Shelter\u2122 (p\/n 2832) non include l&#8217;unit\u00e0 di rilascio idrostatico (HRU). L&#8217;HRU (p\/n 9490.1) deve essere ordinato separatamente. <\/p>\n","protected":false},"featured_media":137330,"template":"","meta":{"_acf_changed":false,"om_disable_all_campaigns":false},"product_brand":[],"product_cat":[2951,2980,2977,2949,2979,2978],"product_tag":[3043,3307,3958,3957,3956,3114,3331,3333,3334,3928,3335,3332,3959],"class_list":{"0":"post-125508","1":"product","2":"type-product","3":"status-publish","4":"has-post-thumbnail","6":"product_cat-accessori-di-sicurezza","7":"product_cat-commerciale","8":"product_cat-entroterra","9":"product_cat-marina","10":"product_cat-off-shore-it","11":"product_cat-vicino-alla-riva","12":"product_tag-acr-it","13":"product_tag-artex-it","14":"product_tag-cat-1-it","15":"product_tag-cat-i-epirb-staffa","16":"product_tag-categoria-1","17":"product_tag-epirb-it","18":"product_tag-il-sea-shelter","19":"product_tag-mare","20":"product_tag-rifugio-marino","21":"product_tag-rlb-41-it","22":"product_tag-staffa","23":"product_tag-staffa-epirb","24":"product_tag-staffa-per-il-dispiegamento-automatico","25":"pa_boat-size-0-20-it","26":"pa_boat-size-21-40-it","27":"pa_boat-size-40-80-it","28":"pa_boat-size-80-it","29":"pa_boat-type-barca-a-vela","30":"pa_boat-type-motoscafo","31":"pa_boat-type-nave-da-carico","32":"pa_boat-type-noleggio-barche","33":"pa_boat-type-pesca-commerciale","34":"pa_boat-type-rimorchiatore","35":"pa_boat-type-sportcraft-it","36":"pa_boat-type-yacht-it","37":"pa_product-accessori-di-sicurezza","38":"pa_product-rescue-beacons-it","39":"pa_product-rescue-beacons-vhf-sart","41":"first","42":"instock","43":"taxable","44":"shipping-taxable","45":"purchasable","46":"product-type-simple"},"acf":[],"_links":{"self":[{"href":"https:\/\/www.acrartex.com\/it\/wp-json\/wp\/v2\/product\/125508","targetHints":{"allow":["GET"]}}],"collection":[{"href":"https:\/\/www.acrartex.com\/it\/wp-json\/wp\/v2\/product"}],"about":[{"href":"https:\/\/www.acrartex.com\/it\/wp-json\/wp\/v2\/types\/product"}],"wp:featuredmedia":[{"embeddable":true,"href":"https:\/\/www.acrartex.com\/it\/wp-json\/wp\/v2\/media\/137330"}],"wp:attachment":[{"href":"https:\/\/www.acrartex.com\/it\/wp-json\/wp\/v2\/media?parent=125508"}],"wp:term":[{"taxonomy":"product_brand","embeddable":true,"href":"https:\/\/www.acrartex.com\/it\/wp-json\/wp\/v2\/product_brand?post=125508"},{"taxonomy":"product_cat","embeddable":true,"href":"https:\/\/www.acrartex.com\/it\/wp-json\/wp\/v2\/product_cat?post=125508"},{"taxonomy":"product_tag","embeddable":true,"href":"https:\/\/www.acrartex.com\/it\/wp-json\/wp\/v2\/product_tag?post=125508"}],"curies":[{"name":"wp","href":"https:\/\/api.w.org\/{rel}","templated":true}]}}