{"id":125507,"date":"2021-03-16T08:13:46","date_gmt":"2021-03-16T13:13:46","guid":{"rendered":"https:\/\/www.acrartex.com\/products\/aqualink\/"},"modified":"2021-03-16T08:13:46","modified_gmt":"2021-03-16T13:13:46","slug":"aqualink","status":"publish","type":"product","link":"https:\/\/www.acrartex.com\/it\/products\/aqualink\/","title":{"rendered":"AquaLink\u2122"},"content":{"rendered":"<p><em><strong><a href=\"https:\/\/www.acrartex.com\/it\/products\/resqlink-400-personal-locator-beacon\/\">Questo prodotto \u00e8 stato aggiornato.  <\/a> <\/strong><\/em><\/p>\n<p>L&#8217;AquaLink\u2122 trasmette un esclusivo segnale di soccorso registrato che non solo dice ai soccorritori dove vi trovate, ma anche chi siete. Il dispositivo di bordo GPS \u00e8 in grado di fissare la vostra posizione entro 100 metri e utilizza un potente segnale a 406 MHz per trasmettere la vostra richiesta di soccorso ai satelliti in orbita. Quando vengono attivati i servizi di ricerca e soccorso locali, un segnale di homing separato e una luce stroboscopica a LED integrata guidano i soccorritori verso la vostra esatta posizione.  <\/p>\n<p>&nbsp;<\/p>\n<p>L&#8217;AquaLink\u2122 \u00e8 abbastanza piccolo da poter essere facilmente trasportato in uno zaino o in una tasca, oppure pu\u00f2 essere indossato in coperta, al timone, in un alloggio o su un giubbotto di salvataggio e galleggia se viene accidentalmente gettato in mare. L&#8217;esecuzione di un autotest funzionale completo dei circuiti interni, della tensione e dell&#8217;alimentazione della batteria e della trasmissione a 406 MHz di PLB vi d\u00e0 la tranquillit\u00e0 di sapere che il vostro PLB funzioner\u00e0 nel momento in cui ne avrete pi\u00f9 bisogno. <\/p>\n<p>&nbsp;<\/p>\n<p>ACR Esclusivo: La modalit\u00e0 di test di acquisizione incorporata GPS consente di testare la funzionalit\u00e0 di GPS fino a 12 volte nel corso della vita della batteria. Sfruttate la stessa tecnologia di salvataggio testata sul campo dall&#8217;esercito americano, dalla Guardia Costiera, dalle forze speciali della NATO e dagli esploratori dell&#8217;Artico. <\/p>\n<p>&nbsp;<\/p>\n<ul>\n<li>Nessun costo di abbonamento<\/li>\n<li>Galleggianti<\/li>\n<li>LED stroboscopico super luminoso<\/li>\n<li>A bordo 66 canali GPS<\/li>\n<li>Caratteristiche dell&#8217;autotest e del test GPS <\/li>\n<li>Prestazioni tipiche 35 ore<\/li>\n<li>Batteria non Hazmat<\/li>\n<li>Prodotto negli Stati Uniti<\/li>\n<\/ul>\n<p>&nbsp;<\/p>\n<p>Se lo usate, ve lo sostituiamo gratuitamente. \u00c8 sufficiente inviare la vostra storia di sopravvivenza, rispedirci il segnalatore usato e noi vi invieremo l&#8217;ultima versione del vostro dispositivo salvavita. <\/p>\n","protected":false},"excerpt":{"rendered":"<p><em><strong>Questo prodotto \u00e8 stato aggiornato. <a href=\"https:\/\/www.acrartex.com\/products\/resqlink-400\/\">Fare clic qui<\/a> per l&#8217;aggiornamento disponibile<\/strong><\/em><\/p>\n<p>#PrepLikeAPro con AquaLink\u2122 PLB. Questo segnalatore di soccorso \u00e8 abbastanza piccolo da poter essere tenuto in tasca, ma sufficientemente potente da trasmettere con precisione la vostra posizione a una rete di satelliti di ricerca e soccorso, in caso di emergenza in barca. Questo segnalatore d&#8217;emergenza personale elimina la &#8220;ricerca&#8221; dalla &#8220;ricerca e salvataggio&#8221;.  <\/p>\n<p>&nbsp;<\/p>\n<p style=\"margin-left: 0in; margin-right: 0in;\"><span style=\"font-size: 11pt;\"><span style=\"font-family: Calibri,sans-serif;\"><a style=\"color: blue; text-decoration: underline;\" href=\"https:\/\/www.dropbox.com\/s\/8343nj28z0d7bxa\/Prop%2065%20-%20BPA.pdf?dl=0\"><span style=\"color: #000000;\">ATTENZIONE: PROP 65<\/span><\/a><\/span><\/span><\/p>\n<p style=\"margin-left: 0in; margin-right: 0in;\">\n","protected":false},"featured_media":137352,"template":"","meta":{"_acf_changed":false,"om_disable_all_campaigns":false},"product_brand":[],"product_cat":[2950,2949],"product_tag":[3042,3480,3483,3939,3941,3040,3435,3036,3377,3379,3942,3041],"class_list":{"0":"post-125507","1":"product","2":"type-product","3":"status-publish","4":"has-post-thumbnail","6":"product_cat-allaperto","7":"product_cat-marina","8":"product_tag-406-it","9":"product_tag-acqua-it","10":"product_tag-acqua-it-2","11":"product_tag-acqualink","12":"product_tag-collegamento-ad-acqua","13":"product_tag-gps-it","14":"product_tag-localizzatore-di-emergenza","15":"product_tag-plb-it","16":"product_tag-plb-350-it","17":"product_tag-plb-350b-it","18":"product_tag-plb350b-it","19":"product_tag-radiofaro-di-localizzazione-personale","20":"pa_product-eredita","22":"first","23":"outofstock","24":"taxable","25":"shipping-taxable","26":"product-type-simple"},"acf":[],"_links":{"self":[{"href":"https:\/\/www.acrartex.com\/it\/wp-json\/wp\/v2\/product\/125507","targetHints":{"allow":["GET"]}}],"collection":[{"href":"https:\/\/www.acrartex.com\/it\/wp-json\/wp\/v2\/product"}],"about":[{"href":"https:\/\/www.acrartex.com\/it\/wp-json\/wp\/v2\/types\/product"}],"wp:featuredmedia":[{"embeddable":true,"href":"https:\/\/www.acrartex.com\/it\/wp-json\/wp\/v2\/media\/137352"}],"wp:attachment":[{"href":"https:\/\/www.acrartex.com\/it\/wp-json\/wp\/v2\/media?parent=125507"}],"wp:term":[{"taxonomy":"product_brand","embeddable":true,"href":"https:\/\/www.acrartex.com\/it\/wp-json\/wp\/v2\/product_brand?post=125507"},{"taxonomy":"product_cat","embeddable":true,"href":"https:\/\/www.acrartex.com\/it\/wp-json\/wp\/v2\/product_cat?post=125507"},{"taxonomy":"product_tag","embeddable":true,"href":"https:\/\/www.acrartex.com\/it\/wp-json\/wp\/v2\/product_tag?post=125507"}],"curies":[{"name":"wp","href":"https:\/\/api.w.org\/{rel}","templated":true}]}}