{"id":125506,"date":"2021-03-16T08:13:07","date_gmt":"2021-03-16T13:13:07","guid":{"rendered":"https:\/\/www.acrartex.com\/products\/sea-shelter-3-cat-i-epirb-staffa\/"},"modified":"2025-07-29T15:02:22","modified_gmt":"2025-07-29T20:02:22","slug":"sea-shelter-3-cat-i-epirb-staffa","status":"publish","type":"product","link":"https:\/\/www.acrartex.com\/it\/products\/sea-shelter-3-cat-i-epirb-staffa\/","title":{"rendered":"Sea Shelter\u2122 3 Cat I EPIRB Staffa"},"content":{"rendered":"<ul>\n<li>Meccanismo di sgancio idrostatico innovativo a cambio rapido<\/li>\n<li>Il montaggio unidirezionale elimina la possibilit\u00e0 di installare EPIRB al contrario.<\/li>\n<li>Il magnete di disattivazione integrato impedisce a EPIRB di trasmettere fino al dispiegamento.<\/li>\n<li>Si dispiega su EPIRB quando viene immerso in acqua a una profondit\u00e0 compresa tra 4,9 e 13,1 piedi (1,5 e 4 m).<\/li>\n<\/ul>\n","protected":false},"excerpt":{"rendered":"<p>Le condizioni avverse non hanno scampo contro Sea Shelter\u2122 3 Cat I. Questa staffa EPIRB \u00e8 completamente chiusa e garantisce protezione anche durante le avventure pi\u00f9 selvagge. Se la vostra imbarcazione inizia a imbarcare acqua, il Sea Shelter dispiegher\u00e0 automaticamente il vostro EPIRB e invier\u00e0 un segnale a una rete mondiale di satelliti di ricerca e salvataggio. <\/p>\n<p>&nbsp;<\/p>\n<p>Questa staffa EPIRB funziona con i seguenti prodotti:<\/p>\n<ul>\n<li>GlobalFix\u2122 iPRO (RLB-36)<\/li>\n<li>GlobalFix\u2122 PRO (RLB-37)<\/li>\n<li>SATELLITE 3 406\u2122 (RLB-38)<\/li>\n<\/ul>\n<p>NOTA: La staffa di ricambio Sea Shelter\u2122 3 (p\/n 9501) non include l&#8217;unit\u00e0 di rilascio idrostatico (HRU). L&#8217;HRU (p\/n 9490.1) deve essere ordinata separatamente. <\/p>\n<p>&nbsp;<\/p>\n<p>&nbsp;<\/p>\n","protected":false},"featured_media":141776,"template":"","meta":{"_acf_changed":false,"om_disable_all_campaigns":false},"product_brand":[],"product_cat":[2980,2977,2949,2979,2978],"product_tag":[3948,3947,3943,3938,3954,3955,3056,3946,3949,3950,3944,3166,3945,3940,3953,3951,3952],"class_list":{"0":"post-125506","1":"product","2":"type-product","3":"status-publish","4":"has-post-thumbnail","6":"product_cat-commerciale","7":"product_cat-entroterra","8":"product_cat-marina","9":"product_cat-off-shore-it","10":"product_cat-vicino-alla-riva","11":"product_tag-acr-cat-1-it","12":"product_tag-acr-cat-i-it","13":"product_tag-acr-staffa","14":"product_tag-cat-i-it","15":"product_tag-categoria-1-epirb","16":"product_tag-categoria-1-epirbi","17":"product_tag-cospas-sarsat-it","18":"product_tag-epirb-cat-1-it","19":"product_tag-rilascio-automatico-epirb","20":"product_tag-rilascio-idrostatico-epirb","21":"product_tag-secco-epirb","22":"product_tag-sicurezza-in-barca","23":"product_tag-sicurezza-nella-navigazione-a-vela","24":"product_tag-staffa-406-mhz","25":"product_tag-staffa-di-categoria-i","26":"product_tag-staffa-di-sgancio-idrostatico","27":"product_tag-supporto-di-categoria-1","28":"pa_boat-size-0-20-it","29":"pa_boat-size-21-40-it","30":"pa_boat-size-40-80-it","31":"pa_boat-size-80-it","32":"pa_boat-type-barca-a-vela","33":"pa_boat-type-motoscafo","34":"pa_boat-type-nave-da-carico","35":"pa_boat-type-noleggio-barche","36":"pa_boat-type-pesca-commerciale","37":"pa_boat-type-rimorchiatore","38":"pa_boat-type-sportcraft-it","39":"pa_boat-type-yacht-it","40":"pa_product-accessori-di-sicurezza","41":"pa_product-rescue-beacons-it","42":"pa_product-rescue-beacons-vhf-sart","44":"first","45":"outofstock","46":"taxable","47":"shipping-taxable","48":"purchasable","49":"product-type-simple"},"acf":[],"_links":{"self":[{"href":"https:\/\/www.acrartex.com\/it\/wp-json\/wp\/v2\/product\/125506","targetHints":{"allow":["GET"]}}],"collection":[{"href":"https:\/\/www.acrartex.com\/it\/wp-json\/wp\/v2\/product"}],"about":[{"href":"https:\/\/www.acrartex.com\/it\/wp-json\/wp\/v2\/types\/product"}],"wp:featuredmedia":[{"embeddable":true,"href":"https:\/\/www.acrartex.com\/it\/wp-json\/wp\/v2\/media\/141776"}],"wp:attachment":[{"href":"https:\/\/www.acrartex.com\/it\/wp-json\/wp\/v2\/media?parent=125506"}],"wp:term":[{"taxonomy":"product_brand","embeddable":true,"href":"https:\/\/www.acrartex.com\/it\/wp-json\/wp\/v2\/product_brand?post=125506"},{"taxonomy":"product_cat","embeddable":true,"href":"https:\/\/www.acrartex.com\/it\/wp-json\/wp\/v2\/product_cat?post=125506"},{"taxonomy":"product_tag","embeddable":true,"href":"https:\/\/www.acrartex.com\/it\/wp-json\/wp\/v2\/product_tag?post=125506"}],"curies":[{"name":"wp","href":"https:\/\/api.w.org\/{rel}","templated":true}]}}