{"id":125494,"date":"2021-03-16T08:15:01","date_gmt":"2021-03-16T13:15:01","guid":{"rendered":"https:\/\/www.acrartex.com\/products\/rcl-faro-di-ricerca-300a\/"},"modified":"2026-03-06T09:50:26","modified_gmt":"2026-03-06T14:50:26","slug":"rcl-faro-di-ricerca-300a","status":"publish","type":"product","link":"https:\/\/www.acrartex.com\/it\/products\/rcl-faro-di-ricerca-300a\/","title":{"rendered":"Proiettore RCL-300A"},"content":{"rendered":"<p>\u00c8 dotato di guarnizioni e finiture adatte all&#8217;ambiente marino e tutte le funzioni possono essere gestite tramite il Point Pad\u2122 e il Master Controller in dotazione (\u00e8 possibile installare fino a tre telecomandi).<\/p>\n<ul>\n<li>Il meccanismo di elevazione interno consente il controllo dell&#8217;inclinazione del fascio luminoso del riflettore; protegge il meccanismo di elevazione dalle intemperie<\/li>\n<li>Include telecomando Point Pad\u2122 a portata di mano; \u00e8 possibile installare sul sistema fino a tre unit\u00e0 remote Point Pad\u2122; opzioni di montaggio in superficie\/a filo incluse<\/li>\n<li>Robusto alloggiamento in alluminio di grado marino, sigillato e con tripla primerizzazione<\/li>\n<li>La funzione XRCiZ\u2122 ruota e sposta il gruppo luci ogni 30 giorni dall&#8217;attivazione per mantenere tutte le superfici dei cuscinetti libere dalla corrosione e tutti i contatti elettrici funzionanti<\/li>\n<li>Costruzione resistente all&#8217;acqua salata con rondelle in nylon e fenolico, viti in acciaio inossidabile alluminato con lubrificante isolante<\/li>\n<li>Cablaggio incluso<\/li>\n<li>* Due lampade HID a ioduri metallici da 35 W forniscono oltre 500.000 CD ciascuna e 1 milione di CD effettivi se combinate.<\/li>\n<\/ul>\n<p>Tag: proiettori, proiettore, proiettore RCL, RCL 300, proiettore per barche, proiettore marino, proiettori marini, proiettore acr, 1933, P\/N 1933<\/p>\n","protected":false},"excerpt":{"rendered":"<p>Due lampade HID a ioduri metallici da 35 watt creano un proiettore a fascio stretto, perfetto per grandi yacht sportivi e megayacht, cos\u00ec come per grandi imbarcazioni da pesca sportiva e commerciali. Il proiettore RCL-300A \u00e8 progettato per migliorare la sicurezza in mare durante le operazioni notturne. \u00c8 anche semplice da usare grazie a un joystick di livello commerciale con grado di protezione IP 69K e illuminazione integrata.  <\/p>\n<p><a href=\"https:\/\/www.dropbox.com\/s\/8343nj28z0d7bxa\/Prop%2065%20-%20BPA.pdf?dl=0\">ATTENZIONE: PROP 65<\/a><\/p>\n","protected":false},"featured_media":137401,"template":"","meta":{"_acf_changed":false,"om_disable_all_campaigns":false},"product_brand":[],"product_cat":[3063,2949],"product_tag":[3123,3793,3892,3890,3065,3121,3077,3900,3068,3073,3792,3901,3119],"class_list":{"0":"post-125494","1":"product","2":"type-product","3":"status-publish","4":"has-post-thumbnail","6":"product_cat-luci-di-ricerca","7":"product_cat-marina","8":"product_tag-azienda-di-riflettori","9":"product_tag-fari","10":"product_tag-fari-acr","11":"product_tag-fari-allo-xeno","12":"product_tag-fari-in-vendita","13":"product_tag-fari-marini","14":"product_tag-faro-acr","15":"product_tag-faro-allo-xeno","16":"product_tag-faro-da-barca","17":"product_tag-faro-marino","18":"product_tag-rcl-it","19":"product_tag-rcl-300a-it","20":"product_tag-riflettore","21":"pa_product-luci-di-ricerca","23":"first","24":"instock","25":"taxable","26":"shipping-taxable","27":"purchasable","28":"product-type-simple"},"acf":[],"_links":{"self":[{"href":"https:\/\/www.acrartex.com\/it\/wp-json\/wp\/v2\/product\/125494","targetHints":{"allow":["GET"]}}],"collection":[{"href":"https:\/\/www.acrartex.com\/it\/wp-json\/wp\/v2\/product"}],"about":[{"href":"https:\/\/www.acrartex.com\/it\/wp-json\/wp\/v2\/types\/product"}],"wp:featuredmedia":[{"embeddable":true,"href":"https:\/\/www.acrartex.com\/it\/wp-json\/wp\/v2\/media\/137401"}],"wp:attachment":[{"href":"https:\/\/www.acrartex.com\/it\/wp-json\/wp\/v2\/media?parent=125494"}],"wp:term":[{"taxonomy":"product_brand","embeddable":true,"href":"https:\/\/www.acrartex.com\/it\/wp-json\/wp\/v2\/product_brand?post=125494"},{"taxonomy":"product_cat","embeddable":true,"href":"https:\/\/www.acrartex.com\/it\/wp-json\/wp\/v2\/product_cat?post=125494"},{"taxonomy":"product_tag","embeddable":true,"href":"https:\/\/www.acrartex.com\/it\/wp-json\/wp\/v2\/product_tag?post=125494"}],"curies":[{"name":"wp","href":"https:\/\/api.w.org\/{rel}","templated":true}]}}