{"id":125490,"date":"2021-03-16T08:15:33","date_gmt":"2021-03-16T13:15:33","guid":{"rendered":"https:\/\/www.acrartex.com\/products\/rcl-75-faro-di-ricerca\/"},"modified":"2021-03-16T08:15:33","modified_gmt":"2021-03-16T13:15:33","slug":"rcl-75-faro-di-ricerca","status":"publish","type":"product","link":"https:\/\/www.acrartex.com\/it\/products\/rcl-75-faro-di-ricerca\/","title":{"rendered":"RCL-75 Faro di ricerca"},"content":{"rendered":"<p><strong><span style=\"color: #e74c3c;\"><a href=\"https:\/\/www.acrartex.com\/it\/products\/rcl-faro-di-ricerca-a-95-led\/\">Il sito RCL-75 \u00e8 stato dismesso.<\/a>  L&#8217;assistenza in garanzia \u00e8 ancora accessibile.<\/span><\/strong><\/p>\n<p>L&#8217;elettronica \u00e8 collocata nella testa del faro, resistente all&#8217;acqua, anzich\u00e9 nella base, per una maggiore protezione. L&#8217;innovativo sistema &#8220;direct drive&#8221; elimina i movimenti incontrollati della luce in condizioni di marea. <\/p>\n<p>Applicazione: Imbarcazioni da diporto, yacht sportivi, pesci sportivi e imbarcazioni commerciali.<\/p>\n<ul>\n<li>Il design a doppia lampada garantisce ridondanza e affidabilit\u00e0: funziona quando serve<\/li>\n<li>Luminose e potenti lampadine alogene da 55 watt con apertura del fascio di luce di 3\u00b0 h x 5\u00b0 w<\/li>\n<li>Controllo a joystick in stile Point Pad\u2122 facile da installare<\/li>\n<li>Un faro robusto, ricco di funzioni e caratteristiche, facile da installare<\/li>\n<li>Cablaggio a 7 fili, lunghezza 17 piedi<\/li>\n<li>L&#8217;elettronica \u00e8 collocata nella testa della lampada resistente all&#8217;acqua, al posto della tradizionale base della lampada, per proteggersi dall&#8217;accumulo d&#8217;acqua.<\/li>\n<li>Il design oculare a 45\u00b0 di inclinazione verso il basso offre una maggiore visibilit\u00e0 durante l&#8217;attracco<\/li>\n<li>Passo di 18\u00b0 verso l&#8217;alto per illuminare le torri dei ponti levatoi, ecc.<\/li>\n<li>Le lampade possono essere facilmente sostituite rimuovendo il coperchio superiore per accedere al gruppo ottico posteriore.<\/li>\n<li>Il filtro essiccato asciuga l&#8217;aria e protegge il riflettore e il gruppo ottico.<\/li>\n<li>L&#8217;innovativo sistema di &#8220;azionamento diretto&#8221; elimina il movimento incontrollato della luce in condizioni di marea.<\/li>\n<li>Denti ad ingranaggi e motori elettrici per impieghi gravosi<\/li>\n<li>Aggiungere un adattatore e un altro Point Pad\u2122 per il funzionamento remoto di una seconda stazione<\/li>\n<\/ul>\n<p>Tags: proiettori, proiettore, RCL Searchlight, RCL 75, proiettore per barca, proiettore marino, proiettori marini, ACR searchlight, 1946, P\/N 1946<\/p>\n","protected":false},"excerpt":{"rendered":"<p><strong><span style=\"color: #e74c3c;\"><a href=\"https:\/\/www.acrartex.com\/products\/rcl-95-wireless-led-searchlight\/\">Il sito RCL-75 \u00e8 stato dismesso.<\/a>  L&#8217;assistenza in garanzia \u00e8 ancora accessibile.<\/span><\/strong><\/p>\n<p>Il faro di ricerca RCL-75 \u00e8 stato realizzato appositamente per imbarcazioni da diporto, yacht sportivi, pescatori sportivi e imbarcazioni commerciali. Il design a due lampade di questo faro di ricerca garantisce ridondanza e affidabilit\u00e0, per cui potete fidarvi che funzioner\u00e0 quando ne avrete pi\u00f9 bisogno. Inoltre, l&#8217;innovativo sistema di trasmissione diretta elimina i movimenti incontrollati della luce in condizioni di mareggiata, per cui se doveste imbattervi in un tempo imprevisto, potete essere certi che la vostra luce continuer\u00e0 a brillare come necessario.  <\/p>\n<p>&nbsp;<\/p>\n<p style=\"margin-left: 0in; margin-right: 0in;\"><span style=\"font-size: 11pt;\"><span style=\"font-family: Calibri,sans-serif;\"><a style=\"color: blue; text-decoration: underline;\" href=\"https:\/\/www.dropbox.com\/s\/fk04stqsp2hgk5f\/Prop%2065%20-%20DEHP.pdf?dl=0\"><span style=\"color: #000000;\">ATTENZIONE: PROP 65<\/span><\/a><\/span><\/span><\/p>\n<p style=\"margin-left: 0in; margin-right: 0in;\">\n","protected":false},"featured_media":137427,"template":"","meta":{"_acf_changed":false,"om_disable_all_campaigns":false},"product_brand":[],"product_cat":[2977,2949,2978],"product_tag":[3880,3121,3077,3068,3073,3792,3878,3873,3876],"class_list":{"0":"post-125490","1":"product","2":"type-product","3":"status-publish","4":"has-post-thumbnail","6":"product_cat-entroterra","7":"product_cat-marina","8":"product_cat-vicino-alla-riva","9":"product_tag-1946-it","10":"product_tag-fari-marini","11":"product_tag-faro-acr","12":"product_tag-faro-da-barca","13":"product_tag-faro-marino","14":"product_tag-rcl-it","15":"product_tag-rcl-75-it-2","16":"product_tag-rcl-75-it","17":"product_tag-rcl75-it","18":"pa_product-eredita","20":"first","21":"outofstock","22":"taxable","23":"shipping-taxable","24":"product-type-simple"},"acf":[],"_links":{"self":[{"href":"https:\/\/www.acrartex.com\/it\/wp-json\/wp\/v2\/product\/125490","targetHints":{"allow":["GET"]}}],"collection":[{"href":"https:\/\/www.acrartex.com\/it\/wp-json\/wp\/v2\/product"}],"about":[{"href":"https:\/\/www.acrartex.com\/it\/wp-json\/wp\/v2\/types\/product"}],"wp:featuredmedia":[{"embeddable":true,"href":"https:\/\/www.acrartex.com\/it\/wp-json\/wp\/v2\/media\/137427"}],"wp:attachment":[{"href":"https:\/\/www.acrartex.com\/it\/wp-json\/wp\/v2\/media?parent=125490"}],"wp:term":[{"taxonomy":"product_brand","embeddable":true,"href":"https:\/\/www.acrartex.com\/it\/wp-json\/wp\/v2\/product_brand?post=125490"},{"taxonomy":"product_cat","embeddable":true,"href":"https:\/\/www.acrartex.com\/it\/wp-json\/wp\/v2\/product_cat?post=125490"},{"taxonomy":"product_tag","embeddable":true,"href":"https:\/\/www.acrartex.com\/it\/wp-json\/wp\/v2\/product_tag?post=125490"}],"curies":[{"name":"wp","href":"https:\/\/api.w.org\/{rel}","templated":true}]}}