{"id":125489,"date":"2021-03-16T08:15:52","date_gmt":"2021-03-16T13:15:52","guid":{"rendered":"https:\/\/www.acrartex.com\/products\/ms-2000-m2-luce-stroboscopica-di-segnalazione\/"},"modified":"2021-03-16T08:15:52","modified_gmt":"2021-03-16T13:15:52","slug":"ms-2000-m2-luce-stroboscopica-di-segnalazione","status":"publish","type":"product","link":"https:\/\/www.acrartex.com\/it\/products\/ms-2000-m2-luce-stroboscopica-di-segnalazione\/","title":{"rendered":"MS-2000 (M2) Luce stroboscopica di segnalazione"},"content":{"rendered":"<p>Come i nostri apprezzati e affidabili SDU-5E e MS-2000(M), l&#8217;MS-2000(M2) \u00e8 progettato per soddisfare o superare le specifiche militari, tra cui MIL-L-38217D e CID A-A-59176, e dispone di molte funzioni salvavita migliorate per soddisfare le molteplici capacit\u00e0 di missione.<\/p>\n<ul>\n<li>Soddisfa i requisiti pi\u00f9 aggiornati delle forze armate e si adatta praticamente a qualsiasi applicazione<\/li>\n<li>Un nuovo fermo in acciaio intrecciato mantiene il coperchio della batteria attaccato<\/li>\n<li>Il rivestimento conformale in silicone dei componenti elettronici protegge dall&#8217;umidit\u00e0<\/li>\n<li>Il filtro blu direzionale avvisa le forze amiche e distingue il fuoco stroboscopico da quello di terra.<\/li>\n<li>Funziona con 2 batterie alcaline AA standard (utilizzare batterie al litio per ambienti estremamente freddi o per la conservazione a lungo termine)<\/li>\n<li>Filtro a infrarossi (IR) per la visione con occhiali per la visione notturna (NVG) con rivestimento in feltro per evitare la dispersione di luce eccessiva.<\/li>\n<li>Tecnologia LED all&#8217;avanguardia<\/li>\n<li>Gli indicatori di polarit\u00e0 in rilievo consentono di posizionare correttamente le batterie, anche se<\/li>\n<li>La nuova funzione di vibrazione avvisa l&#8217;utente dell&#8217;attivazione e del cambio di modalit\u00e0 in modo nascosto quando si utilizza lo schermo IR in condizioni di scarsa visibilit\u00e0 o al buio<\/li>\n<li>Supera lo standard SOLAS<\/li>\n<\/ul>\n","protected":false},"excerpt":{"rendered":"<p>Quando si tratta di salvare vite umane, non si pu\u00f2 fare a meno di scegliere il meglio. Dall&#8217;introduzione dell&#8217;MS-2000 originale, questa luce stroboscopica \u00e8 diventata la principale luce di ricerca e soccorso (C-SAR) delle forze militari d&#8217;\u00e9lite di tutto il mondo. Come i nostri affidabili SDU-5E e MS-2000(M), anche l&#8217;MS-2000(M2) \u00e8 progettato per soddisfare e spesso superare le specifiche militari. Preparatevi all&#8217;imprevedibile: - Tecnologia LED all&#8217;avanguardia - La funzione di vibrazione vi avvisa dell&#8217;attivazione - Funziona con 2 batterie alcaline AA standard - Supera gli standard SOLAS - Fissaggio in acciaio intrecciato - Il filtro blu direzionale avvisa le forze amiche   <\/p>\n","protected":false},"featured_media":137433,"template":"","meta":{"_acf_changed":false,"om_disable_all_campaigns":false},"product_brand":[],"product_cat":[2988,2987,2976,2986,2985],"product_tag":[3870,3871,3867,3868,3865,3866,3858,3857,3852,3853,3851,3854,3845,3856,3850,3855,3869],"class_list":{"0":"post-125489","1":"product","2":"type-product","3":"status-publish","4":"has-post-thumbnail","6":"product_cat-forze-di-terra-speciali","7":"product_cat-forze-navali","8":"product_cat-militare","9":"product_cat-pattuglia-aerea","10":"product_cat-polizia-comune","11":"product_tag-3990-it","12":"product_tag-3990-2-it","13":"product_tag-acr-ms-2000-it","14":"product_tag-acr-ms-2000m-it","15":"product_tag-acr-ms2000-it","16":"product_tag-acr-ms2000m-it","17":"product_tag-luce-di-emergenza-militare","18":"product_tag-luce-di-soccorso-militare","19":"product_tag-ms-2000-it","20":"product_tag-ms-2000-m-it","21":"product_tag-ms-2000m-it","22":"product_tag-ms-2000r-it","23":"product_tag-ms2000-it","24":"product_tag-ms2000-luce","25":"product_tag-ms2000m-it","26":"product_tag-ms2000r-it","27":"product_tag-numero-di-parte-3990-2","29":"first","30":"instock","31":"taxable","32":"shipping-taxable","33":"product-type-simple"},"acf":[],"_links":{"self":[{"href":"https:\/\/www.acrartex.com\/it\/wp-json\/wp\/v2\/product\/125489","targetHints":{"allow":["GET"]}}],"collection":[{"href":"https:\/\/www.acrartex.com\/it\/wp-json\/wp\/v2\/product"}],"about":[{"href":"https:\/\/www.acrartex.com\/it\/wp-json\/wp\/v2\/types\/product"}],"wp:featuredmedia":[{"embeddable":true,"href":"https:\/\/www.acrartex.com\/it\/wp-json\/wp\/v2\/media\/137433"}],"wp:attachment":[{"href":"https:\/\/www.acrartex.com\/it\/wp-json\/wp\/v2\/media?parent=125489"}],"wp:term":[{"taxonomy":"product_brand","embeddable":true,"href":"https:\/\/www.acrartex.com\/it\/wp-json\/wp\/v2\/product_brand?post=125489"},{"taxonomy":"product_cat","embeddable":true,"href":"https:\/\/www.acrartex.com\/it\/wp-json\/wp\/v2\/product_cat?post=125489"},{"taxonomy":"product_tag","embeddable":true,"href":"https:\/\/www.acrartex.com\/it\/wp-json\/wp\/v2\/product_tag?post=125489"}],"curies":[{"name":"wp","href":"https:\/\/api.w.org\/{rel}","templated":true}]}}