{"id":125488,"date":"2021-03-16T08:16:09","date_gmt":"2021-03-16T13:16:09","guid":{"rendered":"https:\/\/www.acrartex.com\/products\/ms-2000m2-doublefly\/"},"modified":"2021-03-16T08:16:09","modified_gmt":"2021-03-16T13:16:09","slug":"ms-2000m2-doublefly","status":"publish","type":"product","link":"https:\/\/www.acrartex.com\/it\/products\/ms-2000m2-doublefly\/","title":{"rendered":"MS-2000(M2) Doublefly"},"content":{"rendered":"<p>Come i nostri apprezzati e affidabili SDU-5E e MS-2000(M), l&#8217;MS-2000(M2) \u00e8 progettato per soddisfare o superare le specifiche militari, tra cui MIL-L-38217D e CID A-A-59176, e dispone di molte funzioni salvavita migliorate per soddisfare le molteplici capacit\u00e0 di missione.<\/p>\n<ul>\n<li>La nuova funzione di vibrazione avvisa l&#8217;utente dell&#8217;attivazione e del cambio di modalit\u00e0 in modo nascosto quando si utilizza lo schermo a infrarossi.<\/li>\n<li>3 modalit\u00e0 di attivazione tra cui scegliere: strobo, SOS, o accensione progressiva<\/li>\n<li>Soddisfa i requisiti pi\u00f9 aggiornati delle forze armate e si adatta praticamente a qualsiasi applicazione<\/li>\n<li>Un nuovo fermo in acciaio intrecciato mantiene il coperchio della batteria attaccato<\/li>\n<li>Il rivestimento conformale in silicone dei componenti elettronici protegge dall&#8217;umidit\u00e0<\/li>\n<li>Il filtro blu direzionale avvisa le forze amiche e distingue il fuoco stroboscopico da quello di terra.<\/li>\n<li>Fino a 56 ore di funzionamento con 2 batterie alcaline AA standard (utilizzare batterie al litio per ambienti estremamente freddi o per la conservazione a lungo termine)<\/li>\n<li>Filtro a infrarossi (IR) per la visione con occhiali per la visione notturna (NVG) con rivestimento in feltro per evitare la dispersione di luce eccessiva.<\/li>\n<li>Tecnologia LED all&#8217;avanguardia<\/li>\n<li>Gli indicatori di polarit\u00e0 in rilievo consentono di posizionare correttamente le batterie<\/li>\n<li>Supera lo standard SOLAS<\/li>\n<\/ul>\n","protected":false},"excerpt":{"rendered":"<p>Vi presentiamo la nuova versione M2: una luce stroboscopica pi\u00f9 luminosa e pi\u00f9 facile da usare rispetto al suo predecessore. Quando si tratta di salvare vite umane, non si pu\u00f2 rinunciare al meglio. L&#8217;MS-2000(M2) Doublefly \u00e8 progettato per soddisfare e spesso superare le specifiche militari ed \u00e8 costruito per essere utilizzato in diverse missioni.  <\/p>\n","protected":false},"featured_media":137439,"template":"","meta":{"_acf_changed":false,"om_disable_all_campaigns":false},"product_brand":[],"product_cat":[2988,2987,2976,2986,2985],"product_tag":[3863,3864,3858,3860,3857,3852,3853,3851,3854,3861,3862,3845,3856,3850,3855,3236,3859],"class_list":{"0":"post-125488","1":"product","2":"type-product","3":"status-publish","4":"has-post-thumbnail","6":"product_cat-forze-di-terra-speciali","7":"product_cat-forze-navali","8":"product_cat-militare","9":"product_cat-pattuglia-aerea","10":"product_cat-polizia-comune","11":"product_tag-3994-it","12":"product_tag-3994-2-it","13":"product_tag-luce-di-emergenza-militare","14":"product_tag-luce-di-ingombro-fissa","15":"product_tag-luce-di-soccorso-militare","16":"product_tag-ms-2000-it","17":"product_tag-ms-2000-m-it","18":"product_tag-ms-2000m-it","19":"product_tag-ms-2000r-it","20":"product_tag-ms-2000m-it-2","21":"product_tag-ms-2000m2-it","22":"product_tag-ms2000-it","23":"product_tag-ms2000-luce","24":"product_tag-ms2000m-it","25":"product_tag-ms2000r-it","26":"product_tag-sos-it","27":"product_tag-strobo-per-uso-militare","29":"first","30":"instock","31":"taxable","32":"shipping-taxable","33":"product-type-simple"},"acf":[],"_links":{"self":[{"href":"https:\/\/www.acrartex.com\/it\/wp-json\/wp\/v2\/product\/125488","targetHints":{"allow":["GET"]}}],"collection":[{"href":"https:\/\/www.acrartex.com\/it\/wp-json\/wp\/v2\/product"}],"about":[{"href":"https:\/\/www.acrartex.com\/it\/wp-json\/wp\/v2\/types\/product"}],"wp:featuredmedia":[{"embeddable":true,"href":"https:\/\/www.acrartex.com\/it\/wp-json\/wp\/v2\/media\/137439"}],"wp:attachment":[{"href":"https:\/\/www.acrartex.com\/it\/wp-json\/wp\/v2\/media?parent=125488"}],"wp:term":[{"taxonomy":"product_brand","embeddable":true,"href":"https:\/\/www.acrartex.com\/it\/wp-json\/wp\/v2\/product_brand?post=125488"},{"taxonomy":"product_cat","embeddable":true,"href":"https:\/\/www.acrartex.com\/it\/wp-json\/wp\/v2\/product_cat?post=125488"},{"taxonomy":"product_tag","embeddable":true,"href":"https:\/\/www.acrartex.com\/it\/wp-json\/wp\/v2\/product_tag?post=125488"}],"curies":[{"name":"wp","href":"https:\/\/api.w.org\/{rel}","templated":true}]}}